{"id":8,"date":"2017-01-04T16:27:04","date_gmt":"2017-01-04T15:27:04","guid":{"rendered":"http:\/\/festivalclunydanse.com\/?page_id=8"},"modified":"2026-03-04T15:32:08","modified_gmt":"2026-03-04T14:32:08","slug":"partenaires","status":"publish","type":"page","link":"https:\/\/festivalclunydanse.com\/?page_id=8","title":{"rendered":"Partenaires"},"content":{"rendered":"<p><span style=\"color: #000000;\">Le <strong>Festival Cluny Danse<\/strong> est organis\u00e9 par la <strong>c<\/strong><strong>ompagnie Le Grand Jet\u00e9 !<\/strong> en collaboration avec la ville de Cluny.<\/span><\/p>\n<h1>\u00a0<img decoding=\"async\" class=\"alignnone wp-image-1476 \" src=\"https:\/\/festivalclunydanse.com\/wp-content\/uploads\/2022\/03\/9Og1CQ6A-300x148.png\" alt=\"\" width=\"173\" height=\"85\" srcset=\"https:\/\/festivalclunydanse.com\/wp-content\/uploads\/2022\/03\/9Og1CQ6A-300x148.png 300w, https:\/\/festivalclunydanse.com\/wp-content\/uploads\/2022\/03\/9Og1CQ6A-1024x504.png 1024w, https:\/\/festivalclunydanse.com\/wp-content\/uploads\/2022\/03\/9Og1CQ6A-768x378.png 768w, https:\/\/festivalclunydanse.com\/wp-content\/uploads\/2022\/03\/9Og1CQ6A-1536x755.png 1536w, https:\/\/festivalclunydanse.com\/wp-content\/uploads\/2022\/03\/9Og1CQ6A-2048x1007.png 2048w\" sizes=\"(max-width: 173px) 100vw, 173px\" \/><img decoding=\"async\" class=\"alignnone  wp-image-1475\" src=\"https:\/\/festivalclunydanse.com\/wp-content\/uploads\/2022\/03\/Nta3q0aE-191x300.png\" alt=\"\" width=\"74\" height=\"116\" srcset=\"https:\/\/festivalclunydanse.com\/wp-content\/uploads\/2022\/03\/Nta3q0aE-191x300.png 191w, https:\/\/festivalclunydanse.com\/wp-content\/uploads\/2022\/03\/Nta3q0aE.png 543w\" sizes=\"(max-width: 74px) 100vw, 74px\" \/><\/h1>\n<h1>Partenaires institutionnels<\/h1>\n<h1><img decoding=\"async\" class=\"alignnone wp-image-1821 \" src=\"https:\/\/festivalclunydanse.com\/wp-content\/uploads\/2022\/12\/PREF_region_Bourgogne_Franche_Comte_CMJN-1024x885.jpg\" alt=\"\" width=\"111\" height=\"96\" \/><img decoding=\"async\" class=\"alignnone  wp-image-1479\" src=\"https:\/\/festivalclunydanse.com\/wp-content\/uploads\/2022\/03\/RegBFC-Logo-Cartouche-edition-CMJN-298x300.jpg\" alt=\"\" width=\"112\" height=\"113\" srcset=\"https:\/\/festivalclunydanse.com\/wp-content\/uploads\/2022\/03\/RegBFC-Logo-Cartouche-edition-CMJN-298x300.jpg 298w, https:\/\/festivalclunydanse.com\/wp-content\/uploads\/2022\/03\/RegBFC-Logo-Cartouche-edition-CMJN-1018x1024.jpg 1018w, https:\/\/festivalclunydanse.com\/wp-content\/uploads\/2022\/03\/RegBFC-Logo-Cartouche-edition-CMJN-150x150.jpg 150w, https:\/\/festivalclunydanse.com\/wp-content\/uploads\/2022\/03\/RegBFC-Logo-Cartouche-edition-CMJN-768x773.jpg 768w, https:\/\/festivalclunydanse.com\/wp-content\/uploads\/2022\/03\/RegBFC-Logo-Cartouche-edition-CMJN-1527x1536.jpg 1527w, https:\/\/festivalclunydanse.com\/wp-content\/uploads\/2022\/03\/RegBFC-Logo-Cartouche-edition-CMJN-2035x2048.jpg 2035w, https:\/\/festivalclunydanse.com\/wp-content\/uploads\/2022\/03\/RegBFC-Logo-Cartouche-edition-CMJN-230x230.jpg 230w, https:\/\/festivalclunydanse.com\/wp-content\/uploads\/2022\/03\/RegBFC-Logo-Cartouche-edition-CMJN-365x365.jpg 365w\" sizes=\"(max-width: 112px) 100vw, 112px\" \/><img decoding=\"async\" class=\"alignnone wp-image-1819 \" src=\"https:\/\/festivalclunydanse.com\/wp-content\/uploads\/2022\/12\/Logo-officiel-1-cd-71-1024x300.png\" alt=\"\" width=\"198\" height=\"58\" srcset=\"https:\/\/festivalclunydanse.com\/wp-content\/uploads\/2022\/12\/Logo-officiel-1-cd-71-1024x300.png 1024w, https:\/\/festivalclunydanse.com\/wp-content\/uploads\/2022\/12\/Logo-officiel-1-cd-71-300x88.png 300w, https:\/\/festivalclunydanse.com\/wp-content\/uploads\/2022\/12\/Logo-officiel-1-cd-71-768x225.png 768w, https:\/\/festivalclunydanse.com\/wp-content\/uploads\/2022\/12\/Logo-officiel-1-cd-71-1536x450.png 1536w, https:\/\/festivalclunydanse.com\/wp-content\/uploads\/2022\/12\/Logo-officiel-1-cd-71-2048x599.png 2048w\" sizes=\"(max-width: 198px) 100vw, 198px\" \/><img decoding=\"async\" class=\"alignnone  wp-image-151\" src=\"https:\/\/festivalclunydanse.com\/wp-content\/uploads\/2017\/01\/logo12.jpg\" alt=\"\" width=\"197\" height=\"67\" \/><img decoding=\"async\" class=\"alignnone  wp-image-3310\" src=\"https:\/\/festivalclunydanse.com\/wp-content\/uploads\/2026\/01\/Logo-IFJ-general-250.png\" alt=\"\" width=\"178\" height=\"72\" \/> <img decoding=\"async\" class=\"alignnone  wp-image-3311\" src=\"https:\/\/festivalclunydanse.com\/wp-content\/uploads\/2026\/01\/MSA.png\" alt=\"\" width=\"95\" height=\"95\" \/><\/h1>\n<h1>Partenaires culturels<\/h1>\n<p><img decoding=\"async\" class=\"alignnone  wp-image-1488\" src=\"https:\/\/festivalclunydanse.com\/wp-content\/uploads\/2022\/03\/73RWX3Rw-300x195.png\" alt=\"\" width=\"114\" height=\"74\" srcset=\"https:\/\/festivalclunydanse.com\/wp-content\/uploads\/2022\/03\/73RWX3Rw-300x195.png 300w, https:\/\/festivalclunydanse.com\/wp-content\/uploads\/2022\/03\/73RWX3Rw-768x500.png 768w, https:\/\/festivalclunydanse.com\/wp-content\/uploads\/2022\/03\/73RWX3Rw.png 780w\" sizes=\"(max-width: 114px) 100vw, 114px\" \/><img decoding=\"async\" class=\"alignnone  wp-image-2332\" src=\"https:\/\/festivalclunydanse.com\/wp-content\/uploads\/2023\/04\/Logos-abbaye--1024x1024.jpg\" alt=\"\" width=\"76\" height=\"76\" srcset=\"https:\/\/festivalclunydanse.com\/wp-content\/uploads\/2023\/04\/Logos-abbaye--1024x1024.jpg 1024w, https:\/\/festivalclunydanse.com\/wp-content\/uploads\/2023\/04\/Logos-abbaye--300x300.jpg 300w, https:\/\/festivalclunydanse.com\/wp-content\/uploads\/2023\/04\/Logos-abbaye--150x150.jpg 150w, https:\/\/festivalclunydanse.com\/wp-content\/uploads\/2023\/04\/Logos-abbaye--768x768.jpg 768w, https:\/\/festivalclunydanse.com\/wp-content\/uploads\/2023\/04\/Logos-abbaye--230x230.jpg 230w, https:\/\/festivalclunydanse.com\/wp-content\/uploads\/2023\/04\/Logos-abbaye--365x365.jpg 365w, https:\/\/festivalclunydanse.com\/wp-content\/uploads\/2023\/04\/Logos-abbaye-.jpg 1038w\" sizes=\"(max-width: 76px) 100vw, 76px\" \/> <img decoding=\"async\" class=\"alignnone  wp-image-2331\" src=\"https:\/\/festivalclunydanse.com\/wp-content\/uploads\/2023\/04\/logo_2lignes_Blanc_oct2012.jpg\" alt=\"\" width=\"270\" height=\"72\" srcset=\"https:\/\/festivalclunydanse.com\/wp-content\/uploads\/2023\/04\/logo_2lignes_Blanc_oct2012.jpg 886w, https:\/\/festivalclunydanse.com\/wp-content\/uploads\/2023\/04\/logo_2lignes_Blanc_oct2012-300x80.jpg 300w, https:\/\/festivalclunydanse.com\/wp-content\/uploads\/2023\/04\/logo_2lignes_Blanc_oct2012-768x205.jpg 768w\" sizes=\"(max-width: 270px) 100vw, 270px\" \/> <img decoding=\"async\" class=\"alignnone wp-image-3046 \" src=\"https:\/\/festivalclunydanse.com\/wp-content\/uploads\/2025\/03\/TDD-e1741085047168.jpg\" alt=\"\" width=\"99\" height=\"101\" \/><img decoding=\"async\" class=\"alignnone  wp-image-3306\" src=\"https:\/\/festivalclunydanse.com\/wp-content\/uploads\/2026\/01\/Logo-Galpon-150x150.jpg\" alt=\"\" width=\"108\" height=\"108\" srcset=\"https:\/\/festivalclunydanse.com\/wp-content\/uploads\/2026\/01\/Logo-Galpon-150x150.jpg 150w, https:\/\/festivalclunydanse.com\/wp-content\/uploads\/2026\/01\/Logo-Galpon-300x300.jpg 300w, https:\/\/festivalclunydanse.com\/wp-content\/uploads\/2026\/01\/Logo-Galpon-1024x1024.jpg 1024w, https:\/\/festivalclunydanse.com\/wp-content\/uploads\/2026\/01\/Logo-Galpon-768x768.jpg 768w, https:\/\/festivalclunydanse.com\/wp-content\/uploads\/2026\/01\/Logo-Galpon-230x230.jpg 230w, https:\/\/festivalclunydanse.com\/wp-content\/uploads\/2026\/01\/Logo-Galpon-365x365.jpg 365w, https:\/\/festivalclunydanse.com\/wp-content\/uploads\/2026\/01\/Logo-Galpon.jpg 1181w\" sizes=\"(max-width: 108px) 100vw, 108px\" \/><img decoding=\"async\" class=\"alignnone  wp-image-3312\" src=\"https:\/\/festivalclunydanse.com\/wp-content\/uploads\/2026\/01\/ONDA.png\" alt=\"\" width=\"210\" height=\"105\" srcset=\"https:\/\/festivalclunydanse.com\/wp-content\/uploads\/2026\/01\/ONDA.png 1200w, https:\/\/festivalclunydanse.com\/wp-content\/uploads\/2026\/01\/ONDA-300x150.png 300w, https:\/\/festivalclunydanse.com\/wp-content\/uploads\/2026\/01\/ONDA-1024x512.png 1024w, https:\/\/festivalclunydanse.com\/wp-content\/uploads\/2026\/01\/ONDA-768x384.png 768w\" sizes=\"(max-width: 210px) 100vw, 210px\" \/><\/p>\n<h1>Partenaires locaux<\/h1>\n<p><img decoding=\"async\" class=\"alignnone wp-image-2327 \" src=\"https:\/\/festivalclunydanse.com\/wp-content\/uploads\/2023\/03\/Logo-Cluny-Sud-Bourgogne-967x1024.jpg\" alt=\"\" width=\"57\" height=\"60\" srcset=\"https:\/\/festivalclunydanse.com\/wp-content\/uploads\/2023\/03\/Logo-Cluny-Sud-Bourgogne-967x1024.jpg 967w, https:\/\/festivalclunydanse.com\/wp-content\/uploads\/2023\/03\/Logo-Cluny-Sud-Bourgogne-283x300.jpg 283w, https:\/\/festivalclunydanse.com\/wp-content\/uploads\/2023\/03\/Logo-Cluny-Sud-Bourgogne-768x813.jpg 768w, https:\/\/festivalclunydanse.com\/wp-content\/uploads\/2023\/03\/Logo-Cluny-Sud-Bourgogne.jpg 1004w\" sizes=\"(max-width: 57px) 100vw, 57px\" \/><img decoding=\"async\" class=\"alignnone  wp-image-2195\" src=\"https:\/\/festivalclunydanse.com\/wp-content\/uploads\/2023\/02\/Cluny-sejours-png.png\" alt=\"\" width=\"171\" height=\"68\" \/><img decoding=\"async\" class=\"alignnone  wp-image-1506\" src=\"https:\/\/festivalclunydanse.com\/wp-content\/uploads\/2022\/03\/fEI5f-dM-300x94.png\" alt=\"\" width=\"208\" height=\"65\" srcset=\"https:\/\/festivalclunydanse.com\/wp-content\/uploads\/2022\/03\/fEI5f-dM-300x94.png 300w, https:\/\/festivalclunydanse.com\/wp-content\/uploads\/2022\/03\/fEI5f-dM.png 401w\" sizes=\"(max-width: 208px) 100vw, 208px\" \/> \u00a0<img decoding=\"async\" class=\"alignnone wp-image-2194 \" src=\"https:\/\/festivalclunydanse.com\/wp-content\/uploads\/2023\/02\/Netto-png.png\" alt=\"\" width=\"127\" height=\"62\" srcset=\"https:\/\/festivalclunydanse.com\/wp-content\/uploads\/2023\/02\/Netto-png.png 321w, https:\/\/festivalclunydanse.com\/wp-content\/uploads\/2023\/02\/Netto-png-300x147.png 300w\" sizes=\"(max-width: 127px) 100vw, 127px\" \/> \u00a0<img decoding=\"async\" class=\"alignnone  wp-image-145\" src=\"https:\/\/festivalclunydanse.com\/wp-content\/uploads\/2017\/01\/Logo6.jpg\" alt=\"\" width=\"99\" height=\"53\" \/> \u00a0<img decoding=\"async\" class=\"alignnone  wp-image-3307\" src=\"https:\/\/festivalclunydanse.com\/wp-content\/uploads\/2026\/01\/MinoterieForest_RVB.jpg\" alt=\"\" width=\"97\" height=\"78\" srcset=\"https:\/\/festivalclunydanse.com\/wp-content\/uploads\/2026\/01\/MinoterieForest_RVB.jpg 2187w, https:\/\/festivalclunydanse.com\/wp-content\/uploads\/2026\/01\/MinoterieForest_RVB-300x242.jpg 300w, https:\/\/festivalclunydanse.com\/wp-content\/uploads\/2026\/01\/MinoterieForest_RVB-1024x826.jpg 1024w, https:\/\/festivalclunydanse.com\/wp-content\/uploads\/2026\/01\/MinoterieForest_RVB-768x620.jpg 768w, https:\/\/festivalclunydanse.com\/wp-content\/uploads\/2026\/01\/MinoterieForest_RVB-1536x1240.jpg 1536w, https:\/\/festivalclunydanse.com\/wp-content\/uploads\/2026\/01\/MinoterieForest_RVB-2048x1653.jpg 2048w\" sizes=\"(max-width: 97px) 100vw, 97px\" \/> <img decoding=\"async\" class=\"alignnone  wp-image-3308\" src=\"https:\/\/festivalclunydanse.com\/wp-content\/uploads\/2026\/01\/LOGO-ALKOR-SASU.png\" alt=\"\" width=\"83\" height=\"78\" srcset=\"https:\/\/festivalclunydanse.com\/wp-content\/uploads\/2026\/01\/LOGO-ALKOR-SASU.png 2317w, https:\/\/festivalclunydanse.com\/wp-content\/uploads\/2026\/01\/LOGO-ALKOR-SASU-300x282.png 300w, https:\/\/festivalclunydanse.com\/wp-content\/uploads\/2026\/01\/LOGO-ALKOR-SASU-1024x963.png 1024w, https:\/\/festivalclunydanse.com\/wp-content\/uploads\/2026\/01\/LOGO-ALKOR-SASU-768x722.png 768w, https:\/\/festivalclunydanse.com\/wp-content\/uploads\/2026\/01\/LOGO-ALKOR-SASU-1536x1445.png 1536w, https:\/\/festivalclunydanse.com\/wp-content\/uploads\/2026\/01\/LOGO-ALKOR-SASU-2048x1926.png 2048w\" sizes=\"(max-width: 83px) 100vw, 83px\" \/><img decoding=\"async\" class=\"alignnone  wp-image-3309\" src=\"https:\/\/festivalclunydanse.com\/wp-content\/uploads\/2026\/01\/une_ecosol-PhotoRoom.png-PhotoRoom.png\" alt=\"\" width=\"109\" height=\"69\" srcset=\"https:\/\/festivalclunydanse.com\/wp-content\/uploads\/2026\/01\/une_ecosol-PhotoRoom.png-PhotoRoom.png 550w, https:\/\/festivalclunydanse.com\/wp-content\/uploads\/2026\/01\/une_ecosol-PhotoRoom.png-PhotoRoom-300x191.png 300w\" sizes=\"(max-width: 109px) 100vw, 109px\" \/><img decoding=\"async\" class=\"alignnone  wp-image-1495\" src=\"https:\/\/festivalclunydanse.com\/wp-content\/uploads\/2022\/03\/L5qMeqCo-292x300.jpg\" alt=\"\" width=\"73\" height=\"75\" srcset=\"https:\/\/festivalclunydanse.com\/wp-content\/uploads\/2022\/03\/L5qMeqCo-292x300.jpg 292w, https:\/\/festivalclunydanse.com\/wp-content\/uploads\/2022\/03\/L5qMeqCo.jpg 315w\" sizes=\"(max-width: 73px) 100vw, 73px\" \/><\/p>\n<h1>Fondations\u00a0<\/h1>\n<p><img decoding=\"async\" class=\"alignnone  wp-image-3038\" src=\"https:\/\/festivalclunydanse.com\/wp-content\/uploads\/2025\/02\/EFFE-LABEL-RGB-2024-2025-150x150.jpg\" alt=\"\" width=\"86\" height=\"86\" srcset=\"https:\/\/festivalclunydanse.com\/wp-content\/uploads\/2025\/02\/EFFE-LABEL-RGB-2024-2025-150x150.jpg 150w, https:\/\/festivalclunydanse.com\/wp-content\/uploads\/2025\/02\/EFFE-LABEL-RGB-2024-2025-230x230.jpg 230w, https:\/\/festivalclunydanse.com\/wp-content\/uploads\/2025\/02\/EFFE-LABEL-RGB-2024-2025-365x365.jpg 365w\" sizes=\"(max-width: 86px) 100vw, 86px\" \/><img decoding=\"async\" class=\"alignnone  wp-image-3313\" src=\"https:\/\/festivalclunydanse.com\/wp-content\/uploads\/2026\/01\/Banque-populaire-scaled.png\" alt=\"\" width=\"50\" height=\"89\" \/><\/p>\n<p><span style=\"color: #000000;\">Un grand merci \u00e0 l&rsquo;ensemble de ces acteurs qui rendent le festival Cluny Danse possible ! \u00a0<\/span><\/p>\n","protected":false},"excerpt":{"rendered":"<p>Le Festival Cluny Danse est organis\u00e9 par la compagnie Le Grand Jet\u00e9 ! en collaboration avec la ville de Cluny. \u00a0 Partenaires institutionnels Partenaires culturels Partenaires locaux \u00a0 \u00a0 \u00a0 Fondations\u00a0 Un grand merci \u00e0 l&rsquo;ensemble de ces acteurs qui<\/p>\n","protected":false},"author":1,"featured_media":0,"parent":0,"menu_order":0,"comment_status":"closed","ping_status":"closed","template":"","meta":{"_exactmetrics_skip_tracking":false,"_exactmetrics_sitenote_active":false,"_exactmetrics_sitenote_note":"","_exactmetrics_sitenote_category":0,"footnotes":""},"class_list":["post-8","page","type-page","status-publish","hentry"],"yoast_head":"<!-- This site is optimized with the Yoast SEO plugin v27.4 - https:\/\/yoast.com\/product\/yoast-seo-wordpress\/ -->\n<title>Partenaires publics et priv\u00e9s - Festival Cluny Danse<\/title>\n<meta name=\"description\" content=\"Ville de Cluny, m\u00e9c\u00e8nes, fondations, partenaires institutionnels, culturels, priv\u00e9s, presse : Fondation SNCF, France 3 Bourgogne...\" \/>\n<meta name=\"robots\" content=\"index, follow, max-snippet:-1, max-image-preview:large, max-video-preview:-1\" \/>\n<link rel=\"canonical\" href=\"https:\/\/festivalclunydanse.com\/?page_id=8\" \/>\n<meta property=\"og:locale\" content=\"fr_FR\" \/>\n<meta property=\"og:type\" content=\"article\" \/>\n<meta property=\"og:title\" content=\"Partenaires publics et priv\u00e9s - Festival Cluny Danse\" \/>\n<meta property=\"og:description\" content=\"Ville de Cluny, m\u00e9c\u00e8nes, fondations, partenaires institutionnels, culturels, priv\u00e9s, presse : Fondation SNCF, France 3 Bourgogne...\" \/>\n<meta property=\"og:url\" content=\"https:\/\/festivalclunydanse.com\/?page_id=8\" \/>\n<meta property=\"og:site_name\" content=\"Festival Cluny Danse\" \/>\n<meta property=\"article:publisher\" content=\"http:\/\/facebook.com\/legrandjete.celle\" \/>\n<meta property=\"article:modified_time\" content=\"2026-03-04T14:32:08+00:00\" \/>\n<meta property=\"og:image\" content=\"https:\/\/festivalclunydanse.com\/wp-content\/uploads\/2022\/03\/9Og1CQ6A.png\" \/>\n\t<meta property=\"og:image:width\" content=\"2576\" \/>\n\t<meta property=\"og:image:height\" content=\"1267\" \/>\n\t<meta property=\"og:image:type\" content=\"image\/png\" \/>\n<meta name=\"twitter:card\" content=\"summary_large_image\" \/>\n<meta name=\"twitter:label1\" content=\"Dur\u00e9e de lecture est.\" \/>\n\t<meta name=\"twitter:data1\" content=\"6 minutes\" \/>\n<script type=\"application\/ld+json\" class=\"yoast-schema-graph\">{\"@context\":\"https:\\\/\\\/schema.org\",\"@graph\":[{\"@type\":\"WebPage\",\"@id\":\"https:\\\/\\\/festivalclunydanse.com\\\/?page_id=8\",\"url\":\"https:\\\/\\\/festivalclunydanse.com\\\/?page_id=8\",\"name\":\"Partenaires publics et priv\u00e9s - Festival Cluny Danse\",\"isPartOf\":{\"@id\":\"https:\\\/\\\/festivalclunydanse.com\\\/#website\"},\"primaryImageOfPage\":{\"@id\":\"https:\\\/\\\/festivalclunydanse.com\\\/?page_id=8#primaryimage\"},\"image\":{\"@id\":\"https:\\\/\\\/festivalclunydanse.com\\\/?page_id=8#primaryimage\"},\"thumbnailUrl\":\"https:\\\/\\\/festivalclunydanse.com\\\/wp-content\\\/uploads\\\/2022\\\/03\\\/9Og1CQ6A-300x148.png\",\"datePublished\":\"2017-01-04T15:27:04+00:00\",\"dateModified\":\"2026-03-04T14:32:08+00:00\",\"description\":\"Ville de Cluny, m\u00e9c\u00e8nes, fondations, partenaires institutionnels, culturels, priv\u00e9s, presse : Fondation SNCF, France 3 Bourgogne...\",\"breadcrumb\":{\"@id\":\"https:\\\/\\\/festivalclunydanse.com\\\/?page_id=8#breadcrumb\"},\"inLanguage\":\"fr-BE\",\"potentialAction\":[{\"@type\":\"ReadAction\",\"target\":[\"https:\\\/\\\/festivalclunydanse.com\\\/?page_id=8\"]}]},{\"@type\":\"ImageObject\",\"inLanguage\":\"fr-BE\",\"@id\":\"https:\\\/\\\/festivalclunydanse.com\\\/?page_id=8#primaryimage\",\"url\":\"https:\\\/\\\/festivalclunydanse.com\\\/wp-content\\\/uploads\\\/2022\\\/03\\\/9Og1CQ6A.png\",\"contentUrl\":\"https:\\\/\\\/festivalclunydanse.com\\\/wp-content\\\/uploads\\\/2022\\\/03\\\/9Og1CQ6A.png\",\"width\":2576,\"height\":1267},{\"@type\":\"BreadcrumbList\",\"@id\":\"https:\\\/\\\/festivalclunydanse.com\\\/?page_id=8#breadcrumb\",\"itemListElement\":[{\"@type\":\"ListItem\",\"position\":1,\"name\":\"Home\",\"item\":\"https:\\\/\\\/festivalclunydanse.com\\\/\"},{\"@type\":\"ListItem\",\"position\":2,\"name\":\"Partenaires\"}]},{\"@type\":\"WebSite\",\"@id\":\"https:\\\/\\\/festivalclunydanse.com\\\/#website\",\"url\":\"https:\\\/\\\/festivalclunydanse.com\\\/\",\"name\":\"Festival Cluny Danse\",\"description\":\"Organisateur : Compagnie Le grand jet\u00e9 ! \",\"potentialAction\":[{\"@type\":\"SearchAction\",\"target\":{\"@type\":\"EntryPoint\",\"urlTemplate\":\"https:\\\/\\\/festivalclunydanse.com\\\/?s={search_term_string}\"},\"query-input\":{\"@type\":\"PropertyValueSpecification\",\"valueRequired\":true,\"valueName\":\"search_term_string\"}}],\"inLanguage\":\"fr-BE\"}]}<\/script>\n<!-- \/ Yoast SEO plugin. -->","yoast_head_json":{"title":"Partenaires publics et priv\u00e9s - Festival Cluny Danse","description":"Ville de Cluny, m\u00e9c\u00e8nes, fondations, partenaires institutionnels, culturels, priv\u00e9s, presse : Fondation SNCF, France 3 Bourgogne...","robots":{"index":"index","follow":"follow","max-snippet":"max-snippet:-1","max-image-preview":"max-image-preview:large","max-video-preview":"max-video-preview:-1"},"canonical":"https:\/\/festivalclunydanse.com\/?page_id=8","og_locale":"fr_FR","og_type":"article","og_title":"Partenaires publics et priv\u00e9s - Festival Cluny Danse","og_description":"Ville de Cluny, m\u00e9c\u00e8nes, fondations, partenaires institutionnels, culturels, priv\u00e9s, presse : Fondation SNCF, France 3 Bourgogne...","og_url":"https:\/\/festivalclunydanse.com\/?page_id=8","og_site_name":"Festival Cluny Danse","article_publisher":"http:\/\/facebook.com\/legrandjete.celle","article_modified_time":"2026-03-04T14:32:08+00:00","og_image":[{"width":2576,"height":1267,"url":"https:\/\/festivalclunydanse.com\/wp-content\/uploads\/2022\/03\/9Og1CQ6A.png","type":"image\/png"}],"twitter_card":"summary_large_image","twitter_misc":{"Dur\u00e9e de lecture est.":"6 minutes"},"schema":{"@context":"https:\/\/schema.org","@graph":[{"@type":"WebPage","@id":"https:\/\/festivalclunydanse.com\/?page_id=8","url":"https:\/\/festivalclunydanse.com\/?page_id=8","name":"Partenaires publics et priv\u00e9s - Festival Cluny Danse","isPartOf":{"@id":"https:\/\/festivalclunydanse.com\/#website"},"primaryImageOfPage":{"@id":"https:\/\/festivalclunydanse.com\/?page_id=8#primaryimage"},"image":{"@id":"https:\/\/festivalclunydanse.com\/?page_id=8#primaryimage"},"thumbnailUrl":"https:\/\/festivalclunydanse.com\/wp-content\/uploads\/2022\/03\/9Og1CQ6A-300x148.png","datePublished":"2017-01-04T15:27:04+00:00","dateModified":"2026-03-04T14:32:08+00:00","description":"Ville de Cluny, m\u00e9c\u00e8nes, fondations, partenaires institutionnels, culturels, priv\u00e9s, presse : Fondation SNCF, France 3 Bourgogne...","breadcrumb":{"@id":"https:\/\/festivalclunydanse.com\/?page_id=8#breadcrumb"},"inLanguage":"fr-BE","potentialAction":[{"@type":"ReadAction","target":["https:\/\/festivalclunydanse.com\/?page_id=8"]}]},{"@type":"ImageObject","inLanguage":"fr-BE","@id":"https:\/\/festivalclunydanse.com\/?page_id=8#primaryimage","url":"https:\/\/festivalclunydanse.com\/wp-content\/uploads\/2022\/03\/9Og1CQ6A.png","contentUrl":"https:\/\/festivalclunydanse.com\/wp-content\/uploads\/2022\/03\/9Og1CQ6A.png","width":2576,"height":1267},{"@type":"BreadcrumbList","@id":"https:\/\/festivalclunydanse.com\/?page_id=8#breadcrumb","itemListElement":[{"@type":"ListItem","position":1,"name":"Home","item":"https:\/\/festivalclunydanse.com\/"},{"@type":"ListItem","position":2,"name":"Partenaires"}]},{"@type":"WebSite","@id":"https:\/\/festivalclunydanse.com\/#website","url":"https:\/\/festivalclunydanse.com\/","name":"Festival Cluny Danse","description":"Organisateur : Compagnie Le grand jet\u00e9 ! ","potentialAction":[{"@type":"SearchAction","target":{"@type":"EntryPoint","urlTemplate":"https:\/\/festivalclunydanse.com\/?s={search_term_string}"},"query-input":{"@type":"PropertyValueSpecification","valueRequired":true,"valueName":"search_term_string"}}],"inLanguage":"fr-BE"}]}},"_links":{"self":[{"href":"https:\/\/festivalclunydanse.com\/index.php?rest_route=\/wp\/v2\/pages\/8","targetHints":{"allow":["GET"]}}],"collection":[{"href":"https:\/\/festivalclunydanse.com\/index.php?rest_route=\/wp\/v2\/pages"}],"about":[{"href":"https:\/\/festivalclunydanse.com\/index.php?rest_route=\/wp\/v2\/types\/page"}],"author":[{"embeddable":true,"href":"https:\/\/festivalclunydanse.com\/index.php?rest_route=\/wp\/v2\/users\/1"}],"replies":[{"embeddable":true,"href":"https:\/\/festivalclunydanse.com\/index.php?rest_route=%2Fwp%2Fv2%2Fcomments&post=8"}],"version-history":[{"count":125,"href":"https:\/\/festivalclunydanse.com\/index.php?rest_route=\/wp\/v2\/pages\/8\/revisions"}],"predecessor-version":[{"id":3721,"href":"https:\/\/festivalclunydanse.com\/index.php?rest_route=\/wp\/v2\/pages\/8\/revisions\/3721"}],"wp:attachment":[{"href":"https:\/\/festivalclunydanse.com\/index.php?rest_route=%2Fwp%2Fv2%2Fmedia&parent=8"}],"curies":[{"name":"wp","href":"https:\/\/api.w.org\/{rel}","templated":true}]}}