{"id":759,"date":"2020-02-14T17:58:13","date_gmt":"2020-02-14T16:58:13","guid":{"rendered":"http:\/\/festivalclunydanse.com\/?page_id=759"},"modified":"2022-11-25T10:14:38","modified_gmt":"2022-11-25T09:14:38","slug":"edition-2019","status":"publish","type":"page","link":"https:\/\/festivalclunydanse.com\/?page_id=759","title":{"rendered":"\u00c9dition 2019"},"content":{"rendered":"<h2><strong>Programmation &#8211; 8\u00e8me \u00e9dition Cluny Danse<\/strong><\/h2>\n<p>CIE TRAFIC DE STYLES | CIE DU CONTREVENT | CIE (LA) HORDE| CIE HURYCAN |CIE PORTE SUD |CIE DONNA VOLCAN | CIE IRENE K | CIE ULTIMA VEZ | CCN DE CAEN NORMANDIE | CIE BILBOBASSO | COLLECTIF ZOU | VIADANSE &#8211; CCN BOURGOGNE FRANCHE COMTE A BELFORT<\/p>\n<h2><\/h2>\n<h2><a href=\"https:\/\/festivalclunydanse.com\/wp-content\/uploads\/2022\/11\/BILAN-CLUNY-DANSE-EDITION-2019.pdf\"><strong>Bilan de l\u2019\u00e9dition 2019 | Cliquez ici !<\/strong><\/a><\/h2>\n<h2><strong>On en parle dans la presse<\/strong><\/h2>\n<h2>Cluny Danse fait le buzz sur Fusion FM !<\/h2>\n<audio class=\"wp-audio-shortcode\" id=\"audio-759-1\" preload=\"none\" style=\"width: 100%;\" controls=\"controls\"><source type=\"audio\/mpeg\" src=\"http:\/\/festivalclunydanse.com\/wp-content\/uploads\/2018\/06\/5ad9cd240eeb06.34332172.mp3?_=1\" \/><a href=\"http:\/\/festivalclunydanse.com\/wp-content\/uploads\/2018\/06\/5ad9cd240eeb06.34332172.mp3\">http:\/\/festivalclunydanse.com\/wp-content\/uploads\/2018\/06\/5ad9cd240eeb06.34332172.mp3<\/a><\/audio>\n<h2>Flashmob 2019<\/h2>\n<p><iframe title=\"Flashmob 2019 \/ Festival Cluny Danse 8\u00e8me \u00e9dition\" width=\"720\" height=\"405\" src=\"https:\/\/www.youtube.com\/embed\/M9fXxQ_0Czc?feature=oembed\" frameborder=\"0\" allow=\"accelerometer; autoplay; clipboard-write; encrypted-media; gyroscope; picture-in-picture\" allowfullscreen><\/iframe><\/p>\n","protected":false},"excerpt":{"rendered":"<p>Programmation &#8211; 8\u00e8me \u00e9dition Cluny Danse CIE TRAFIC DE STYLES | CIE DU CONTREVENT | CIE (LA) HORDE| CIE HURYCAN |CIE PORTE SUD |CIE DONNA VOLCAN | CIE IRENE K | CIE ULTIMA VEZ | CCN DE CAEN NORMANDIE |<\/p>\n","protected":false},"author":1,"featured_media":0,"parent":0,"menu_order":0,"comment_status":"closed","ping_status":"closed","template":"","meta":{"_exactmetrics_skip_tracking":false,"_exactmetrics_sitenote_active":false,"_exactmetrics_sitenote_note":"","_exactmetrics_sitenote_category":0,"footnotes":""},"class_list":["post-759","page","type-page","status-publish","hentry"],"yoast_head":"<!-- This site is optimized with the Yoast SEO plugin v27.5 - https:\/\/yoast.com\/product\/yoast-seo-wordpress\/ -->\n<title>\u00c9dition 2019 - Festival Cluny Danse<\/title>\n<meta name=\"robots\" content=\"index, follow, max-snippet:-1, max-image-preview:large, max-video-preview:-1\" \/>\n<link rel=\"canonical\" href=\"https:\/\/festivalclunydanse.com\/?page_id=759\" \/>\n<meta property=\"og:locale\" content=\"fr_FR\" \/>\n<meta property=\"og:type\" content=\"article\" \/>\n<meta property=\"og:title\" content=\"\u00c9dition 2019 - Festival Cluny Danse\" \/>\n<meta property=\"og:description\" content=\"Programmation &#8211; 8\u00e8me \u00e9dition Cluny Danse CIE TRAFIC DE STYLES | CIE DU CONTREVENT | CIE (LA) HORDE| CIE HURYCAN |CIE PORTE SUD |CIE DONNA VOLCAN | CIE IRENE K | CIE ULTIMA VEZ | CCN DE CAEN NORMANDIE |\" \/>\n<meta property=\"og:url\" content=\"https:\/\/festivalclunydanse.com\/?page_id=759\" \/>\n<meta property=\"og:site_name\" content=\"Festival Cluny Danse\" \/>\n<meta property=\"article:publisher\" content=\"http:\/\/facebook.com\/legrandjete.celle\" \/>\n<meta property=\"article:modified_time\" content=\"2022-11-25T09:14:38+00:00\" \/>\n<meta name=\"twitter:card\" content=\"summary_large_image\" \/>\n<meta name=\"twitter:label1\" content=\"Dur\u00e9e de lecture est.\" \/>\n\t<meta name=\"twitter:data1\" content=\"1 minute\" \/>\n<script type=\"application\/ld+json\" class=\"yoast-schema-graph\">{\"@context\":\"https:\\\/\\\/schema.org\",\"@graph\":[{\"@type\":\"WebPage\",\"@id\":\"https:\\\/\\\/festivalclunydanse.com\\\/?page_id=759\",\"url\":\"https:\\\/\\\/festivalclunydanse.com\\\/?page_id=759\",\"name\":\"\u00c9dition 2019 - Festival Cluny Danse\",\"isPartOf\":{\"@id\":\"https:\\\/\\\/festivalclunydanse.com\\\/#website\"},\"datePublished\":\"2020-02-14T16:58:13+00:00\",\"dateModified\":\"2022-11-25T09:14:38+00:00\",\"breadcrumb\":{\"@id\":\"https:\\\/\\\/festivalclunydanse.com\\\/?page_id=759#breadcrumb\"},\"inLanguage\":\"fr-BE\",\"potentialAction\":[{\"@type\":\"ReadAction\",\"target\":[\"https:\\\/\\\/festivalclunydanse.com\\\/?page_id=759\"]}]},{\"@type\":\"BreadcrumbList\",\"@id\":\"https:\\\/\\\/festivalclunydanse.com\\\/?page_id=759#breadcrumb\",\"itemListElement\":[{\"@type\":\"ListItem\",\"position\":1,\"name\":\"Home\",\"item\":\"https:\\\/\\\/festivalclunydanse.com\\\/\"},{\"@type\":\"ListItem\",\"position\":2,\"name\":\"\u00c9dition 2019\"}]},{\"@type\":\"WebSite\",\"@id\":\"https:\\\/\\\/festivalclunydanse.com\\\/#website\",\"url\":\"https:\\\/\\\/festivalclunydanse.com\\\/\",\"name\":\"Festival Cluny Danse\",\"description\":\"Organisateur : Compagnie Le grand jet\u00e9 ! \",\"potentialAction\":[{\"@type\":\"SearchAction\",\"target\":{\"@type\":\"EntryPoint\",\"urlTemplate\":\"https:\\\/\\\/festivalclunydanse.com\\\/?s={search_term_string}\"},\"query-input\":{\"@type\":\"PropertyValueSpecification\",\"valueRequired\":true,\"valueName\":\"search_term_string\"}}],\"inLanguage\":\"fr-BE\"}]}<\/script>\n<!-- \/ Yoast SEO plugin. -->","yoast_head_json":{"title":"\u00c9dition 2019 - Festival Cluny Danse","robots":{"index":"index","follow":"follow","max-snippet":"max-snippet:-1","max-image-preview":"max-image-preview:large","max-video-preview":"max-video-preview:-1"},"canonical":"https:\/\/festivalclunydanse.com\/?page_id=759","og_locale":"fr_FR","og_type":"article","og_title":"\u00c9dition 2019 - Festival Cluny Danse","og_description":"Programmation &#8211; 8\u00e8me \u00e9dition Cluny Danse CIE TRAFIC DE STYLES | CIE DU CONTREVENT | CIE (LA) HORDE| CIE HURYCAN |CIE PORTE SUD |CIE DONNA VOLCAN | CIE IRENE K | CIE ULTIMA VEZ | CCN DE CAEN NORMANDIE |","og_url":"https:\/\/festivalclunydanse.com\/?page_id=759","og_site_name":"Festival Cluny Danse","article_publisher":"http:\/\/facebook.com\/legrandjete.celle","article_modified_time":"2022-11-25T09:14:38+00:00","twitter_card":"summary_large_image","twitter_misc":{"Dur\u00e9e de lecture est.":"1 minute"},"schema":{"@context":"https:\/\/schema.org","@graph":[{"@type":"WebPage","@id":"https:\/\/festivalclunydanse.com\/?page_id=759","url":"https:\/\/festivalclunydanse.com\/?page_id=759","name":"\u00c9dition 2019 - Festival Cluny Danse","isPartOf":{"@id":"https:\/\/festivalclunydanse.com\/#website"},"datePublished":"2020-02-14T16:58:13+00:00","dateModified":"2022-11-25T09:14:38+00:00","breadcrumb":{"@id":"https:\/\/festivalclunydanse.com\/?page_id=759#breadcrumb"},"inLanguage":"fr-BE","potentialAction":[{"@type":"ReadAction","target":["https:\/\/festivalclunydanse.com\/?page_id=759"]}]},{"@type":"BreadcrumbList","@id":"https:\/\/festivalclunydanse.com\/?page_id=759#breadcrumb","itemListElement":[{"@type":"ListItem","position":1,"name":"Home","item":"https:\/\/festivalclunydanse.com\/"},{"@type":"ListItem","position":2,"name":"\u00c9dition 2019"}]},{"@type":"WebSite","@id":"https:\/\/festivalclunydanse.com\/#website","url":"https:\/\/festivalclunydanse.com\/","name":"Festival Cluny Danse","description":"Organisateur : Compagnie Le grand jet\u00e9 ! ","potentialAction":[{"@type":"SearchAction","target":{"@type":"EntryPoint","urlTemplate":"https:\/\/festivalclunydanse.com\/?s={search_term_string}"},"query-input":{"@type":"PropertyValueSpecification","valueRequired":true,"valueName":"search_term_string"}}],"inLanguage":"fr-BE"}]}},"_links":{"self":[{"href":"https:\/\/festivalclunydanse.com\/index.php?rest_route=\/wp\/v2\/pages\/759","targetHints":{"allow":["GET"]}}],"collection":[{"href":"https:\/\/festivalclunydanse.com\/index.php?rest_route=\/wp\/v2\/pages"}],"about":[{"href":"https:\/\/festivalclunydanse.com\/index.php?rest_route=\/wp\/v2\/types\/page"}],"author":[{"embeddable":true,"href":"https:\/\/festivalclunydanse.com\/index.php?rest_route=\/wp\/v2\/users\/1"}],"replies":[{"embeddable":true,"href":"https:\/\/festivalclunydanse.com\/index.php?rest_route=%2Fwp%2Fv2%2Fcomments&post=759"}],"version-history":[{"count":14,"href":"https:\/\/festivalclunydanse.com\/index.php?rest_route=\/wp\/v2\/pages\/759\/revisions"}],"predecessor-version":[{"id":1738,"href":"https:\/\/festivalclunydanse.com\/index.php?rest_route=\/wp\/v2\/pages\/759\/revisions\/1738"}],"wp:attachment":[{"href":"https:\/\/festivalclunydanse.com\/index.php?rest_route=%2Fwp%2Fv2%2Fmedia&parent=759"}],"curies":[{"name":"wp","href":"https:\/\/api.w.org\/{rel}","templated":true}]}}