{"id":400,"date":"2017-05-31T09:13:47","date_gmt":"2017-05-31T07:13:47","guid":{"rendered":"http:\/\/festivalclunydanse.com\/?page_id=400"},"modified":"2026-03-18T11:00:58","modified_gmt":"2026-03-18T10:00:58","slug":"editions-precedentes","status":"publish","type":"page","link":"https:\/\/festivalclunydanse.com\/?page_id=400","title":{"rendered":"Archives"},"content":{"rendered":"\n<p><\/p>\n\n\n<h1>\u00c9dition 2025 | <a href=\"https:\/\/festivalclunydanse.com\/?page_id=3319\">Cliquez ici !<\/a><\/h1>\n<h1>\u00c9dition 2024 | <a href=\"https:\/\/festivalclunydanse.com\/?page_id=3053\">Cliquez ici !<\/a><\/h1>\n<h1>\u00c9dition 2023 | <a href=\"https:\/\/festivalclunydanse.com\/?page_id=2374\">Cliquez ici !<\/a><\/h1>\n<h1>\u00c9dition 2022 | <a href=\"https:\/\/festivalclunydanse.com\/?page_id=1663\">Cliquez ici !<\/a><\/h1>\n<h1>\u00c9dition 2021 | <a href=\"https:\/\/festivalclunydanse.com\/?page_id=1524\">Cliquez ici !<\/a><\/h1>\n<h1>\u00c9dition 2019 | <a href=\"https:\/\/festivalclunydanse.com\/?page_id=759\">Cliquez ici !<\/a><\/h1>\n<h1>\u00c9dition 2018 | <a href=\"https:\/\/festivalclunydanse.com\/?page_id=570\">Cliquez ici !<\/a><\/h1>\n<h1>\u00c9dition 2017 | <a href=\"https:\/\/festivalclunydanse.com\/?page_id=312\">Cliquez ici !<\/a><\/h1>\n<h1>\u00c9dition 2016 | <a href=\"https:\/\/festivalclunydanse.com\/?page_id=426\">Cliquez ici !<\/a><\/h1>","protected":false},"excerpt":{"rendered":"<p>\u00c9dition 2025 | Cliquez ici ! \u00c9dition 2024 | Cliquez ici ! \u00c9dition 2023 | Cliquez ici ! \u00c9dition 2022 | Cliquez ici ! \u00c9dition 2021 | Cliquez ici ! \u00c9dition 2019 | Cliquez ici ! \u00c9dition 2018 | Cliquez<\/p>\n","protected":false},"author":1,"featured_media":0,"parent":0,"menu_order":0,"comment_status":"closed","ping_status":"closed","template":"","meta":{"_exactmetrics_skip_tracking":false,"_exactmetrics_sitenote_active":false,"_exactmetrics_sitenote_note":"","_exactmetrics_sitenote_category":0,"footnotes":""},"class_list":["post-400","page","type-page","status-publish","hentry"],"yoast_head":"<!-- This site is optimized with the Yoast SEO plugin v27.5 - https:\/\/yoast.com\/product\/yoast-seo-wordpress\/ -->\n<title>Archives - Festival Cluny Danse<\/title>\n<meta name=\"robots\" content=\"index, follow, max-snippet:-1, max-image-preview:large, max-video-preview:-1\" \/>\n<link rel=\"canonical\" href=\"https:\/\/festivalclunydanse.com\/?page_id=400\" \/>\n<meta property=\"og:locale\" content=\"fr_FR\" \/>\n<meta property=\"og:type\" content=\"article\" \/>\n<meta property=\"og:title\" content=\"Archives - Festival Cluny Danse\" \/>\n<meta property=\"og:description\" content=\"\u00c9dition 2025 | Cliquez ici ! \u00c9dition 2024 | Cliquez ici ! \u00c9dition 2023 | Cliquez ici ! \u00c9dition 2022 | Cliquez ici ! \u00c9dition 2021 | Cliquez ici ! \u00c9dition 2019 | Cliquez ici ! \u00c9dition 2018 | Cliquez\" \/>\n<meta property=\"og:url\" content=\"https:\/\/festivalclunydanse.com\/?page_id=400\" \/>\n<meta property=\"og:site_name\" content=\"Festival Cluny Danse\" \/>\n<meta property=\"article:publisher\" content=\"http:\/\/facebook.com\/legrandjete.celle\" \/>\n<meta property=\"article:modified_time\" content=\"2026-03-18T10:00:58+00:00\" \/>\n<meta name=\"twitter:card\" content=\"summary_large_image\" \/>\n<meta name=\"twitter:label1\" content=\"Dur\u00e9e de lecture est.\" \/>\n\t<meta name=\"twitter:data1\" content=\"1 minute\" \/>\n<script type=\"application\/ld+json\" class=\"yoast-schema-graph\">{\"@context\":\"https:\\\/\\\/schema.org\",\"@graph\":[{\"@type\":\"WebPage\",\"@id\":\"https:\\\/\\\/festivalclunydanse.com\\\/?page_id=400\",\"url\":\"https:\\\/\\\/festivalclunydanse.com\\\/?page_id=400\",\"name\":\"Archives - Festival Cluny Danse\",\"isPartOf\":{\"@id\":\"https:\\\/\\\/festivalclunydanse.com\\\/#website\"},\"datePublished\":\"2017-05-31T07:13:47+00:00\",\"dateModified\":\"2026-03-18T10:00:58+00:00\",\"breadcrumb\":{\"@id\":\"https:\\\/\\\/festivalclunydanse.com\\\/?page_id=400#breadcrumb\"},\"inLanguage\":\"fr-BE\",\"potentialAction\":[{\"@type\":\"ReadAction\",\"target\":[\"https:\\\/\\\/festivalclunydanse.com\\\/?page_id=400\"]}]},{\"@type\":\"BreadcrumbList\",\"@id\":\"https:\\\/\\\/festivalclunydanse.com\\\/?page_id=400#breadcrumb\",\"itemListElement\":[{\"@type\":\"ListItem\",\"position\":1,\"name\":\"Home\",\"item\":\"https:\\\/\\\/festivalclunydanse.com\\\/\"},{\"@type\":\"ListItem\",\"position\":2,\"name\":\"Archives\"}]},{\"@type\":\"WebSite\",\"@id\":\"https:\\\/\\\/festivalclunydanse.com\\\/#website\",\"url\":\"https:\\\/\\\/festivalclunydanse.com\\\/\",\"name\":\"Festival Cluny Danse\",\"description\":\"Organisateur : Compagnie Le grand jet\u00e9 ! \",\"potentialAction\":[{\"@type\":\"SearchAction\",\"target\":{\"@type\":\"EntryPoint\",\"urlTemplate\":\"https:\\\/\\\/festivalclunydanse.com\\\/?s={search_term_string}\"},\"query-input\":{\"@type\":\"PropertyValueSpecification\",\"valueRequired\":true,\"valueName\":\"search_term_string\"}}],\"inLanguage\":\"fr-BE\"}]}<\/script>\n<!-- \/ Yoast SEO plugin. -->","yoast_head_json":{"title":"Archives - Festival Cluny Danse","robots":{"index":"index","follow":"follow","max-snippet":"max-snippet:-1","max-image-preview":"max-image-preview:large","max-video-preview":"max-video-preview:-1"},"canonical":"https:\/\/festivalclunydanse.com\/?page_id=400","og_locale":"fr_FR","og_type":"article","og_title":"Archives - Festival Cluny Danse","og_description":"\u00c9dition 2025 | Cliquez ici ! \u00c9dition 2024 | Cliquez ici ! \u00c9dition 2023 | Cliquez ici ! \u00c9dition 2022 | Cliquez ici ! \u00c9dition 2021 | Cliquez ici ! \u00c9dition 2019 | Cliquez ici ! \u00c9dition 2018 | Cliquez","og_url":"https:\/\/festivalclunydanse.com\/?page_id=400","og_site_name":"Festival Cluny Danse","article_publisher":"http:\/\/facebook.com\/legrandjete.celle","article_modified_time":"2026-03-18T10:00:58+00:00","twitter_card":"summary_large_image","twitter_misc":{"Dur\u00e9e de lecture est.":"1 minute"},"schema":{"@context":"https:\/\/schema.org","@graph":[{"@type":"WebPage","@id":"https:\/\/festivalclunydanse.com\/?page_id=400","url":"https:\/\/festivalclunydanse.com\/?page_id=400","name":"Archives - Festival Cluny Danse","isPartOf":{"@id":"https:\/\/festivalclunydanse.com\/#website"},"datePublished":"2017-05-31T07:13:47+00:00","dateModified":"2026-03-18T10:00:58+00:00","breadcrumb":{"@id":"https:\/\/festivalclunydanse.com\/?page_id=400#breadcrumb"},"inLanguage":"fr-BE","potentialAction":[{"@type":"ReadAction","target":["https:\/\/festivalclunydanse.com\/?page_id=400"]}]},{"@type":"BreadcrumbList","@id":"https:\/\/festivalclunydanse.com\/?page_id=400#breadcrumb","itemListElement":[{"@type":"ListItem","position":1,"name":"Home","item":"https:\/\/festivalclunydanse.com\/"},{"@type":"ListItem","position":2,"name":"Archives"}]},{"@type":"WebSite","@id":"https:\/\/festivalclunydanse.com\/#website","url":"https:\/\/festivalclunydanse.com\/","name":"Festival Cluny Danse","description":"Organisateur : Compagnie Le grand jet\u00e9 ! ","potentialAction":[{"@type":"SearchAction","target":{"@type":"EntryPoint","urlTemplate":"https:\/\/festivalclunydanse.com\/?s={search_term_string}"},"query-input":{"@type":"PropertyValueSpecification","valueRequired":true,"valueName":"search_term_string"}}],"inLanguage":"fr-BE"}]}},"_links":{"self":[{"href":"https:\/\/festivalclunydanse.com\/index.php?rest_route=\/wp\/v2\/pages\/400","targetHints":{"allow":["GET"]}}],"collection":[{"href":"https:\/\/festivalclunydanse.com\/index.php?rest_route=\/wp\/v2\/pages"}],"about":[{"href":"https:\/\/festivalclunydanse.com\/index.php?rest_route=\/wp\/v2\/types\/page"}],"author":[{"embeddable":true,"href":"https:\/\/festivalclunydanse.com\/index.php?rest_route=\/wp\/v2\/users\/1"}],"replies":[{"embeddable":true,"href":"https:\/\/festivalclunydanse.com\/index.php?rest_route=%2Fwp%2Fv2%2Fcomments&post=400"}],"version-history":[{"count":25,"href":"https:\/\/festivalclunydanse.com\/index.php?rest_route=\/wp\/v2\/pages\/400\/revisions"}],"predecessor-version":[{"id":3877,"href":"https:\/\/festivalclunydanse.com\/index.php?rest_route=\/wp\/v2\/pages\/400\/revisions\/3877"}],"wp:attachment":[{"href":"https:\/\/festivalclunydanse.com\/index.php?rest_route=%2Fwp%2Fv2%2Fmedia&parent=400"}],"curies":[{"name":"wp","href":"https:\/\/api.w.org\/{rel}","templated":true}]}}