{"id":3924,"date":"2026-04-14T15:49:19","date_gmt":"2026-04-14T13:49:19","guid":{"rendered":"https:\/\/festivalclunydanse.com\/?page_id=3924"},"modified":"2026-04-14T15:54:28","modified_gmt":"2026-04-14T13:54:28","slug":"programmation-2026-replis","status":"publish","type":"page","link":"https:\/\/festivalclunydanse.com\/?page_id=3924","title":{"rendered":"Programmation 2026 &#8211; lieux de replis"},"content":{"rendered":"<h5><span style=\"color: #000000;\">En cas d&rsquo;intemp\u00e9ries, tous les spectacles sont maintenus, vous trouverez les informations n\u00e9cessaire ainsi que les adresses des lieux de replis sur cette page\u00a0<\/span><\/h5>\n<h5><span style=\"color: #000000;\"><strong>JEUDI 14 MAI<\/strong> <strong>2026<\/strong><\/span><\/h5>\n<p><span style=\"color: #000000;\"><strong>Stage initiation Bollywood<\/strong>, Studio de l&rsquo;H\u00f4tel-Dieu, 16H-17H30<\/span><br \/><span style=\"color: #000000;\"><strong>Projection film <\/strong><em><strong>Imago<\/strong>,\u00a0<\/em>Salle Victor Duruy (place du march\u00e9), 17H30<\/span><br \/><span style=\"color: #000000;\"><strong><em>Novices<\/em>, Cie Kif&rsquo;Dance<\/strong>, Abbaye de Cluny, 18H<\/span><br \/><span style=\"color: #000000;\"><strong>Plateaux amateurs<\/strong>, Abbaye de Cluny, 19H<\/span><br \/><span style=\"color: #000000;\"><strong><em>El Botini\u00e8re<\/em>, Cie Al Badil<\/strong>, Abbaye de Cluny, 19H30<\/span><br \/><span style=\"color: #000000;\"><strong>Concert L&rsquo;Art C\u00e8ne et Atef Younsi<\/strong>, Ecuries St-Hugues, 20H30\u00a0<\/span><\/p>\n<h5><strong><span style=\"color: #000000;\">VENDRED<strong>I<\/strong> 15 MAI 2026<\/span><\/strong><\/h5>\n<p><span style=\"color: #000000;\"><strong>Ateliers Langue des signes fran\u00e7aise<\/strong>, 9, rue des Tanneries, 10H30 &amp; 13H30\u00a0<\/span><br \/><span style=\"color: #000000;\"><strong>Conf\u00e9rence \u00ab\u00a0Moi Christine, fille de parents d&rsquo;enfant sourd\u00a0\u00bb<\/strong>, Librairie Le Jardin Secret (18 rue Lamartine), 15H30<\/span><br \/><span style=\"color: #000000;\"><strong>Plateaux amateurs<\/strong>, Th\u00e9\u00e2tre de Cluny, 18H30<\/span><br \/><span style=\"color: #000000;\"><strong><em>Eddy<\/em>, Cie Point Bart<\/strong>, Th\u00e9\u00e2tre de Cluny, 19H <\/span><br \/><span style=\"color: #000000;\"><strong>Projection film <\/strong><em><strong>Imago<\/strong>,\u00a0<\/em><\/span><span style=\"color: #000000;\">Salle Victor Duruy, 19H30\u00a0<br \/><strong>Oh mother, Oh brother, A Fichu Turning<\/strong>, Th\u00e9\u00e2tre de Cluny, 20h<\/span>\u00a0<br \/><span style=\"color: #000000;\"><strong>Plateaux amateurs<\/strong>, Th\u00e9\u00e2tre de Cluny, 20H30<\/span><br \/><span style=\"color: #000000;\"><strong><em>Potomitan<\/em>, Cie Skanda<\/strong>, Th\u00e9\u00e2tre de Cluny, 21H<\/span><br \/><span style=\"color: #000000;\"><strong>DJ set<\/strong>, BDL, Ecuries St-Hugues, 22H<\/span> \u00a0<\/p>\n<h5><span style=\"color: #000000;\"><strong>SAMEDI 16 MAI 2026<\/strong><\/span><\/h5>\n<p><span style=\"color: #000000;\"><strong>M\u00e9gabarre<\/strong>, Ecuries St-Hugues, 10H30<\/span><br \/><span style=\"color: #000000;\"><strong>R\u00e9p\u00e9tition flashmob<\/strong> (en pr\u00e9sence du chor\u00e9graphe), Ecuries St-Hugues, 11H30<\/span><br \/><span style=\"color: #000000;\"><strong>Flashmob<\/strong>, Ecuries St-Hugues, 12H15<\/span><br \/><span style=\"color: #000000;\"><strong>Masterclass Hip-hop<\/strong>, Studio H\u00f4tel-Dieu, 14H<\/span><br \/><span style=\"color: #000000;\"><strong>Plateaux amateurs<\/strong>, Th\u00e9\u00e2tre de Cluny, 14H<\/span><br \/><span style=\"color: #000000;\"><strong><em>Haba Foou Haba Taht<\/em>, Yalla Dance Studio<\/strong>, Ecuries St-Hugues, 14H30<\/span><br \/><span style=\"color: #000000;\"><strong><em>Jusqu&rsquo;\u00e0 ce que la peur nous quitte<\/em>, Cie Nahlo<\/strong>, Ecuries St-Hugues, 15H15<\/span><br \/><span style=\"color: #000000;\"><strong>Plateaux amateurs<\/strong>, Ecuries St-Hugues, 16H16<\/span><br \/><span style=\"color: #000000;\"><strong><em>Solo<\/em>, Ramz Siam<\/strong>, Ecuries St-Hugues, 16H30<\/span><br \/><span style=\"color: #000000;\"><strong><em>Novo<\/em>, Jeune Ballet D\u00e9soblique<\/strong>, Th\u00e9\u00e2tre de Cluny, 17H<\/span><br \/><span style=\"color: #000000;\"><strong><em>Impact Live<\/em>, Cie Sospeso<\/strong>, Th\u00e9\u00e2tre de Cluny, 18H<\/span><br \/><span style=\"color: #000000;\"><strong><em>Mosa\u00efk<\/em>, Cie Kaf\u00efg-Mourad Merzouki<\/strong>, Th\u00e9\u00e2tre de Cluny, 19H30<\/span><br \/><span style=\"color: #000000;\"><strong>Plateaux amateurs<\/strong>, Th\u00e9\u00e2tre de Cluny, 20H35<\/span><br \/><span style=\"color: #000000;\"><strong><em>Je badine avec l&rsquo;amour<\/em>, Sylvain Ri\u00e9jou<\/strong>, Th\u00e9\u00e2tre de Cluny, 21H<\/span><br \/><span style=\"color: #000000;\"><strong>DJ set<\/strong>, TATICARDIE, Ecuries St-Hugues, 22H<\/span><\/p>\n<h5><span style=\"color: #000000;\"><strong>DIMANCHE 17 MAI 2026<\/strong><\/span><\/h5>\n<p><span style=\"color: #000000;\"><strong>Stage adultes-enfants<\/strong>, 9 rue des Tanneries, 10H<\/span><br \/><span style=\"color: #000000;\"><strong>Masterclass contemporaine<\/strong>, Studio H\u00f4tel-Dieu, 10H<\/span><br \/><span style=\"color: #000000;\"><strong>Masterclass classique<\/strong>, Studio H\u00f4tel-Dieu, 11H30<\/span><br \/><span style=\"color: #000000;\"><strong>Plateaux amateurs<\/strong>, Salle des griottons, 13H30<\/span><br \/><span style=\"color: #000000;\"><strong><em>Hot-dog<\/em>, Galactik Ensemble<\/strong>, Salle des griottons, 15H15<\/span><br \/><span style=\"color: #000000;\"><strong><em>Re&rsquo;sept<\/em>, Espace de rue<\/strong>, Salle des griottons, 16H<\/span><br \/><span style=\"color: #000000;\"><strong>Plateaux amateurs<\/strong>, Salle des griottons, 16H15<\/span><br \/><span style=\"color: #000000;\"><strong><em>Le Crew<\/em>, Cie R\u00eavolution<\/strong>, Salle des griottons, 16H45<\/span><\/p>\n<h5><strong><span style=\"color: #000000;\">L&rsquo; ENTR\u00c9E AU TH\u00c9\u00c2TRE ET AUX \u00c9CURIES ST-HUGUES<\/span><\/strong><\/h5>\n<p><em><span style=\"color: #000000;\">Informations \u00e0 venir\u00a0<\/span><\/em><\/p>\n<h5><strong><span style=\"color: #000000;\">ADRESSES :<\/span><\/strong>\u00a0<\/h5>\n<p><strong><span style=\"color: #000000;\"><a href=\"https:\/\/www.google.com\/maps\/place\/Abbaye+de+Cluny\/@46.4347268,4.6583007,69m\/data=!3m1!1e3!4m6!3m5!1s0x47f30ab8d9dcad9f:0x2e882145f46113c9!8m2!3d46.4348054!4d4.6585012!16zL20vMDdibnlu?entry=ttu&amp;g_ep=EgoyMDI2MDQwNy4wIKXMDSoASAFQAw%3D%3D\">Abbaye de Cluny<\/a>,<\/span><\/strong><span style=\"color: #000000;\"> place de l&rsquo;Abbaye<\/span><strong><br \/><span style=\"color: #000000;\"><a style=\"color: #000000;\" href=\"https:\/\/www.google.com\/maps\/place\/Les+Arts\/@46.4305179,4.6572464,556m\/data=!3m2!1e3!5s0x47f30ab8e9020e51:0xdbdf065765595c2a!4m6!3m5!1s0x47f30ab8ddbd2e95:0xc12527f31c760823!8m2!3d46.4346221!4d4.657689!16s%2Fg%2F11bbykflsj?entry=ttu&amp;g_ep=EgoyMDI2MDQwNy4wIKXMDSoASAFQAw%3D%3D\">Th\u00e9\u00e2tre \u00ab\u00a0Les Arts\u00a0\u00bb<\/a><\/span><\/strong><span style=\"color: #000000;\">, place du march\u00e9\u00a0<\/span><br \/><span style=\"color: #000000;\"><a href=\"https:\/\/www.google.com\/maps\/place\/Espace+des+Griottons\/@46.4304302,4.6655484,556m\/data=!3m2!1e3!4b1!4m6!3m5!1s0x47f30acf8c3b4c27:0x64a1c4bde2625003!8m2!3d46.4304302!4d4.6681287!16s%2Fg%2F11f4ljgyrs?entry=ttu&amp;g_ep=EgoyMDI2MDQwNy4wIKXMDSoASAFQAw%3D%3D\"><strong>Espace des Griottons<\/strong><\/a>, rue des griottons\u00a0<\/span><br \/><span style=\"color: #000000;\"><a href=\"https:\/\/www.google.com\/maps\/place\/Ecuries+Saint-Hugues\/@46.4346221,4.655194,556m\/data=!3m3!1e3!4b1!5s0x47f30ab8e9020e51:0xdbdf065765595c2a!4m6!3m5!1s0x47f30ab8e940e7e1:0x78be9aaa385eccda!8m2!3d46.4346221!4d4.6577743!16s%2Fg%2F11f40nyq_6?entry=ttu&amp;g_ep=EgoyMDI2MDQwNy4wIKXMDSoASAFQAw%3D%3D\"><strong>Ecuries St-Hugues<\/strong><\/a>, place de l&rsquo;Abbaye\u00a0<br \/><a href=\"https:\/\/www.google.com\/maps\/place\/H\u00f4tel-Dieu+de+Cluny\/@46.4346221,4.655194,556m\/data=!3m1!1e3!4m6!3m5!1s0x47f30b7d0b34f753:0x166c66564fb86ffb!8m2!3d46.4305179!4d4.6598267!16s%2Fg%2F11qnbm337j?entry=ttu&amp;g_ep=EgoyMDI2MDQwNy4wIKXMDSoASAFQAw%3D%3D\"><strong>H\u00f4tel-Dieu<\/strong><\/a>, 13 Place du Docteur Charles Pleindoux<\/span><\/p>\n\n\n<p><\/p>\n","protected":false},"excerpt":{"rendered":"<p>En cas d&rsquo;intemp\u00e9ries, tous les spectacles sont maintenus, vous trouverez les informations n\u00e9cessaire ainsi que les adresses des lieux de replis sur cette page\u00a0 JEUDI 14 MAI 2026 Stage initiation Bollywood, Studio de l&rsquo;H\u00f4tel-Dieu, 16H-17H30Projection film Imago,\u00a0Salle Victor Duruy (place<\/p>\n","protected":false},"author":1,"featured_media":0,"parent":0,"menu_order":0,"comment_status":"closed","ping_status":"closed","template":"","meta":{"_exactmetrics_skip_tracking":false,"_exactmetrics_sitenote_active":false,"_exactmetrics_sitenote_note":"","_exactmetrics_sitenote_category":0,"footnotes":""},"class_list":["post-3924","page","type-page","status-publish","hentry"],"yoast_head":"<!-- This site is optimized with the Yoast SEO plugin v27.4 - https:\/\/yoast.com\/product\/yoast-seo-wordpress\/ -->\n<title>Programmation 2026 - lieux de replis - Festival Cluny Danse<\/title>\n<meta name=\"robots\" content=\"index, follow, max-snippet:-1, max-image-preview:large, max-video-preview:-1\" \/>\n<link rel=\"canonical\" href=\"https:\/\/festivalclunydanse.com\/?page_id=3924\" \/>\n<meta property=\"og:locale\" content=\"fr_FR\" \/>\n<meta property=\"og:type\" content=\"article\" \/>\n<meta property=\"og:title\" content=\"Programmation 2026 - lieux de replis - Festival Cluny Danse\" \/>\n<meta property=\"og:description\" content=\"En cas d&rsquo;intemp\u00e9ries, tous les spectacles sont maintenus, vous trouverez les informations n\u00e9cessaire ainsi que les adresses des lieux de replis sur cette page\u00a0 JEUDI 14 MAI 2026 Stage initiation Bollywood, Studio de l&rsquo;H\u00f4tel-Dieu, 16H-17H30Projection film Imago,\u00a0Salle Victor Duruy (place\" \/>\n<meta property=\"og:url\" content=\"https:\/\/festivalclunydanse.com\/?page_id=3924\" \/>\n<meta property=\"og:site_name\" content=\"Festival Cluny Danse\" \/>\n<meta property=\"article:publisher\" content=\"http:\/\/facebook.com\/legrandjete.celle\" \/>\n<meta property=\"article:modified_time\" content=\"2026-04-14T13:54:28+00:00\" \/>\n<meta name=\"twitter:card\" content=\"summary_large_image\" \/>\n<meta name=\"twitter:label1\" content=\"Dur\u00e9e de lecture est.\" \/>\n\t<meta name=\"twitter:data1\" content=\"2 minutes\" \/>\n<script type=\"application\/ld+json\" class=\"yoast-schema-graph\">{\"@context\":\"https:\\\/\\\/schema.org\",\"@graph\":[{\"@type\":\"WebPage\",\"@id\":\"https:\\\/\\\/festivalclunydanse.com\\\/?page_id=3924\",\"url\":\"https:\\\/\\\/festivalclunydanse.com\\\/?page_id=3924\",\"name\":\"Programmation 2026 - lieux de replis - Festival Cluny Danse\",\"isPartOf\":{\"@id\":\"https:\\\/\\\/festivalclunydanse.com\\\/#website\"},\"datePublished\":\"2026-04-14T13:49:19+00:00\",\"dateModified\":\"2026-04-14T13:54:28+00:00\",\"breadcrumb\":{\"@id\":\"https:\\\/\\\/festivalclunydanse.com\\\/?page_id=3924#breadcrumb\"},\"inLanguage\":\"fr-BE\",\"potentialAction\":[{\"@type\":\"ReadAction\",\"target\":[\"https:\\\/\\\/festivalclunydanse.com\\\/?page_id=3924\"]}]},{\"@type\":\"BreadcrumbList\",\"@id\":\"https:\\\/\\\/festivalclunydanse.com\\\/?page_id=3924#breadcrumb\",\"itemListElement\":[{\"@type\":\"ListItem\",\"position\":1,\"name\":\"Home\",\"item\":\"https:\\\/\\\/festivalclunydanse.com\\\/\"},{\"@type\":\"ListItem\",\"position\":2,\"name\":\"Programmation 2026 &#8211; lieux de replis\"}]},{\"@type\":\"WebSite\",\"@id\":\"https:\\\/\\\/festivalclunydanse.com\\\/#website\",\"url\":\"https:\\\/\\\/festivalclunydanse.com\\\/\",\"name\":\"Festival Cluny Danse\",\"description\":\"Organisateur : Compagnie Le grand jet\u00e9 ! \",\"potentialAction\":[{\"@type\":\"SearchAction\",\"target\":{\"@type\":\"EntryPoint\",\"urlTemplate\":\"https:\\\/\\\/festivalclunydanse.com\\\/?s={search_term_string}\"},\"query-input\":{\"@type\":\"PropertyValueSpecification\",\"valueRequired\":true,\"valueName\":\"search_term_string\"}}],\"inLanguage\":\"fr-BE\"}]}<\/script>\n<!-- \/ Yoast SEO plugin. -->","yoast_head_json":{"title":"Programmation 2026 - lieux de replis - Festival Cluny Danse","robots":{"index":"index","follow":"follow","max-snippet":"max-snippet:-1","max-image-preview":"max-image-preview:large","max-video-preview":"max-video-preview:-1"},"canonical":"https:\/\/festivalclunydanse.com\/?page_id=3924","og_locale":"fr_FR","og_type":"article","og_title":"Programmation 2026 - lieux de replis - Festival Cluny Danse","og_description":"En cas d&rsquo;intemp\u00e9ries, tous les spectacles sont maintenus, vous trouverez les informations n\u00e9cessaire ainsi que les adresses des lieux de replis sur cette page\u00a0 JEUDI 14 MAI 2026 Stage initiation Bollywood, Studio de l&rsquo;H\u00f4tel-Dieu, 16H-17H30Projection film Imago,\u00a0Salle Victor Duruy (place","og_url":"https:\/\/festivalclunydanse.com\/?page_id=3924","og_site_name":"Festival Cluny Danse","article_publisher":"http:\/\/facebook.com\/legrandjete.celle","article_modified_time":"2026-04-14T13:54:28+00:00","twitter_card":"summary_large_image","twitter_misc":{"Dur\u00e9e de lecture est.":"2 minutes"},"schema":{"@context":"https:\/\/schema.org","@graph":[{"@type":"WebPage","@id":"https:\/\/festivalclunydanse.com\/?page_id=3924","url":"https:\/\/festivalclunydanse.com\/?page_id=3924","name":"Programmation 2026 - lieux de replis - Festival Cluny Danse","isPartOf":{"@id":"https:\/\/festivalclunydanse.com\/#website"},"datePublished":"2026-04-14T13:49:19+00:00","dateModified":"2026-04-14T13:54:28+00:00","breadcrumb":{"@id":"https:\/\/festivalclunydanse.com\/?page_id=3924#breadcrumb"},"inLanguage":"fr-BE","potentialAction":[{"@type":"ReadAction","target":["https:\/\/festivalclunydanse.com\/?page_id=3924"]}]},{"@type":"BreadcrumbList","@id":"https:\/\/festivalclunydanse.com\/?page_id=3924#breadcrumb","itemListElement":[{"@type":"ListItem","position":1,"name":"Home","item":"https:\/\/festivalclunydanse.com\/"},{"@type":"ListItem","position":2,"name":"Programmation 2026 &#8211; lieux de replis"}]},{"@type":"WebSite","@id":"https:\/\/festivalclunydanse.com\/#website","url":"https:\/\/festivalclunydanse.com\/","name":"Festival Cluny Danse","description":"Organisateur : Compagnie Le grand jet\u00e9 ! ","potentialAction":[{"@type":"SearchAction","target":{"@type":"EntryPoint","urlTemplate":"https:\/\/festivalclunydanse.com\/?s={search_term_string}"},"query-input":{"@type":"PropertyValueSpecification","valueRequired":true,"valueName":"search_term_string"}}],"inLanguage":"fr-BE"}]}},"_links":{"self":[{"href":"https:\/\/festivalclunydanse.com\/index.php?rest_route=\/wp\/v2\/pages\/3924","targetHints":{"allow":["GET"]}}],"collection":[{"href":"https:\/\/festivalclunydanse.com\/index.php?rest_route=\/wp\/v2\/pages"}],"about":[{"href":"https:\/\/festivalclunydanse.com\/index.php?rest_route=\/wp\/v2\/types\/page"}],"author":[{"embeddable":true,"href":"https:\/\/festivalclunydanse.com\/index.php?rest_route=\/wp\/v2\/users\/1"}],"replies":[{"embeddable":true,"href":"https:\/\/festivalclunydanse.com\/index.php?rest_route=%2Fwp%2Fv2%2Fcomments&post=3924"}],"version-history":[{"count":5,"href":"https:\/\/festivalclunydanse.com\/index.php?rest_route=\/wp\/v2\/pages\/3924\/revisions"}],"predecessor-version":[{"id":3940,"href":"https:\/\/festivalclunydanse.com\/index.php?rest_route=\/wp\/v2\/pages\/3924\/revisions\/3940"}],"wp:attachment":[{"href":"https:\/\/festivalclunydanse.com\/index.php?rest_route=%2Fwp%2Fv2%2Fmedia&parent=3924"}],"curies":[{"name":"wp","href":"https:\/\/api.w.org\/{rel}","templated":true}]}}