{"id":3668,"date":"2026-03-16T15:47:58","date_gmt":"2026-03-16T14:47:58","guid":{"rendered":"https:\/\/festivalclunydanse.com\/?page_id=3668"},"modified":"2026-03-24T14:09:02","modified_gmt":"2026-03-24T13:09:02","slug":"projet-inclusif","status":"publish","type":"page","link":"https:\/\/festivalclunydanse.com\/?page_id=3668","title":{"rendered":"Projet inclusif"},"content":{"rendered":"<h4><span style=\"color: #000000;\"><span style=\"caret-color: #000000;\"><b>PROGRAMME\u00a0<\/b><\/span><\/span><\/h4>\n<div>\n<p><span style=\"color: #000000;\"><strong>Ap\u00e9ro-signe &#8211; Jeudi 30 avril 2026<\/strong><\/span><br \/>\n<span style=\"color: #000000;\"><strong>Lieu<\/strong> : Librairie Le Jardin Secret<\/span><br \/>\n<span style=\"color: #000000;\"><strong>Horaire<\/strong> : 18h30<\/span><br \/>\n<span style=\"color: #000000;\"><strong>Dur\u00e9e<\/strong> : 1h00<\/span><br \/>\n<span style=\"color: #000000;\">Gratuit\u00a0<\/span><\/p>\n<p><span style=\"color: #000000; font-family: Helvetica;\">Le festival Cluny Danse et l&rsquo;association Sourds Avenir organisent un Ap\u00e9ro-signe en langue des signes fran\u00e7aise pour pr\u00e9senter les ateliers de la journ\u00e9e du vendredi 15 mai 2026.<br \/>\n<\/span><span style=\"color: #000000; font-family: Helvetica;\">Pour toutes personnes sourdes, entendantes signantes et\/ou souhaitant d\u00e9couvrir la LSF.<br \/>\n<\/span><span style=\"color: #000000; font-family: Helvetica;\">Gratuit \/ \u00e0 la librairie Le Jardin Secret de Cluny \/ Venez nombreux et nombreuses ! <strong><span style=\"color: #000000;\">Pour vous inscrire, cliquez <span style=\"text-decoration: underline;\"><a href=\"https:\/\/my.weezevent.com\/cafe-signes-2?_gl=1*q4n3a6*_gcl_au*MTY3OTYxNDQ4Mi4xNzcwOTA1MTU5LjI2ODIxOTU4Ny4xNzczNzYzMDExLjE3NzM3NjMwMTI.*_ga*OTU0MjE4MTQ1LjE3NzA5MDUxNTk.*_ga_39H9VBFX7G*czE3NzM3NjA4MzQkbzE1JGcxJHQxNzczNzY1MzYzJGo5JGwwJGg1NjQ2NTc2NA..\"><em>ici<\/em><\/a><\/span>\u00a0<\/span><\/strong><\/span><\/p>\n<div><\/div>\n<div><\/div>\n<div><strong><span style=\"color: #000000;\">Projection du film <em>Imag<span>o <\/span><\/em><\/span><\/strong><span style=\"color: #000000;\"><em>&#8211;<\/em> <strong>salle Victor Duruy,\u00a0 Place du March\u00e9<\/strong><\/span><\/div>\n<\/div>\n<p><span style=\"color: #000000;\">J<\/span><span style=\"color: #000000;\">eudi 14 mai : 17h30 (<strong>inscription <a href=\"https:\/\/my.weezevent.com\/film-imago?_gl=1*1miifzi*_gcl_au*MTY3OTYxNDQ4Mi4xNzcwOTA1MTU5LjI2ODIxOTU4Ny4xNzczNzYzMDExLjE3NzM3NjMwMTI.*_ga*OTU0MjE4MTQ1LjE3NzA5MDUxNTk.*_ga_39H9VBFX7G*czE3NzM3NjA4MzQkbzE1JGcxJHQxNzczNzY1NTY0JGo1JGwwJGg1NjQ2NTc2NA..\"><em><span style=\"text-decoration: underline;\">ici<\/span><\/em><\/a><\/strong>)<br \/>\nVendredi 15 mai : 19h30 (<strong>inscription <a href=\"https:\/\/my.weezevent.com\/film-imago-1?_gl=1*u3jxj2*_gcl_au*MTY3OTYxNDQ4Mi4xNzcwOTA1MTU5LjI2ODIxOTU4Ny4xNzczNzYzMDExLjE3NzM3NjMwMTI.*_ga*OTU0MjE4MTQ1LjE3NzA5MDUxNTk.*_ga_39H9VBFX7G*czE3NzM3NjA4MzQkbzE1JGcxJHQxNzczNzY1NTkxJGo1NSRsMCRoNTY0NjU3NjQ.\"><em><span style=\"text-decoration: underline;\">ici<\/span><\/em><\/a><\/strong>)<\/span><span style=\"color: #000000;\"><br \/>\nDur\u00e9e : 17 minutes<\/span><\/p>\n<p><span style=\"color: #000000;\">Le film propose une travers\u00e9e sensible, entre ombre et lumi\u00e8re, entre m\u00e9moire et transformation, o\u00f9 chacun\u00b7e peut reconna\u00eetre quelque chose de sa propre mue int\u00e9rieure.<\/span><\/p>\n<p><span style=\"color: #000000;\">Compagnie SubsT\u00c0NCe<\/span><br \/>\n<span style=\"color: #000000;\">Imago\u00a0<\/span><br \/>\n<span style=\"color: #000000;\">Cr\u00e9ation film de danse &#8211; 2025<\/span><br \/>\n<span style=\"color: #000000;\">Chor\u00e9graphie : Juliette Besson et Ren\u00e0ta Kapriny\u00e0k<span lang=\"EN-US\">\u2028<\/span><\/span><br \/>\n<span style=\"color: #000000;\">Composition \/ R\u00e9alisation \/ Montage : Micka\u00ebl Pillisio<span lang=\"EN-US\">\u2028<\/span><\/span><br \/>\n<span style=\"color: #000000;\">Mixage son : Fran\u00e7ois Payrastre<span lang=\"EN-US\"><br \/>\n<\/span>Les danseur\u00b7euse\u00b7s participant\u00b7e\u00b7s :<span lang=\"EN-US\">\u2028\u2028<\/span>* Paul PONCET<span lang=\"EN-US\">\u2028<\/span>* Lorelei GREUSARD<span lang=\"EN-US\">\u2028<\/span>* Tony BIANCHETTI<span lang=\"EN-US\">\u2028<\/span>* Lina GUEHO<span lang=\"EN-US\">\u2028<\/span>* Sevde-Ceylin POLAT<span lang=\"EN-US\">\u2028<\/span>* Hilal G\u00dcZEL<span lang=\"EN-US\">\u2028<\/span>* Leslie BERNARD<span lang=\"EN-US\">\u2028<\/span>* Norane ADEM<span lang=\"EN-US\">\u2028<\/span>* Cristina SAILLARD<\/span><br \/>\n<span style=\"color: #000000;\">Accompagnateur\u00b7ice\u00b7s \/ danseur\u00b7euse\u00b7s :<span lang=\"EN-US\">\u2028\u2028<\/span>* Fran\u00e7ois ROCH<span lang=\"EN-US\">\u2028<\/span>* Nadia CARRE<span lang=\"EN-US\">\u2028<\/span>* Julie MATEUS<span lang=\"EN-US\">\u2028<\/span>* Fran\u00e7oise BATAILLARD<span lang=\"EN-US\">\u2028\u2028<\/span>Financeur\u00b7euse : DIEM APF<span lang=\"EN-US\"><br \/>\n<\/span>Lieu d&rsquo;accueil : Ferme L\u00e9onie &#8211; APF France handicap<\/span><\/p>\n<p><span style=\"color: #000000;\"><strong>Ateliers d&rsquo;initiation \u00e0 la langue des signes fran\u00e7aise &#8211; Vendredi 15 mai 2026 <\/strong><\/span><br \/>\n<span style=\"color: #000000;\"><strong>Lieu<\/strong> : Parc Abbatial<\/span><br \/>\n<span style=\"color: #000000;\"><strong>Horaire<\/strong> : 10h30 (<strong>inscription <a href=\"https:\/\/my.weezevent.com\/ateliers-lsf-1?_gl=1*10lkuk6*_gcl_au*MTY3OTYxNDQ4Mi4xNzcwOTA1MTU5LjI2ODIxOTU4Ny4xNzczNzYzMDExLjE3NzM3NjMwMTI.*_ga*OTU0MjE4MTQ1LjE3NzA5MDUxNTk.*_ga_39H9VBFX7G*czE3NzM3NjA4MzQkbzE1JGcxJHQxNzczNzY1NjQxJGo1JGwwJGg1NjQ2NTc2NA..\"><em><span style=\"text-decoration: underline;\">ici<\/span><\/em><\/a><\/strong>) et 13h30 (<strong>inscription <a href=\"https:\/\/my.weezevent.com\/atelier-lsf-1?_gl=1*qjk9rx*_gcl_au*MTY3OTYxNDQ4Mi4xNzcwOTA1MTU5LjI2ODIxOTU4Ny4xNzczNzYzMDExLjE3NzM3NjMwMTI.*_ga*OTU0MjE4MTQ1LjE3NzA5MDUxNTk.*_ga_39H9VBFX7G*czE3NzM3NjA4MzQkbzE1JGcxJHQxNzczNzY1Nzk5JGo1NiRsMCRoNTY0NjU3NjQ.\"><em><span style=\"text-decoration: underline;\">ici<\/span><\/em><\/a><\/strong>)\u00a0<\/span><br \/>\n<span style=\"color: #000000;\"><strong>Dur\u00e9e<\/strong> : 1h30<br \/>\nGratuit<\/span><\/p>\n<p><span style=\"color: #000000;\">Maxime Herdoin, animateur et enseignant culturel, vous propose un atelier d&rsquo;initiation \u00e0 l&rsquo;Histoire et aux bases de la Langue des Signes Fran\u00e7aise. Venez apprendre la Langue des Signes dans cet atelier ludique et enrichissant.<br \/>\n<\/span><span style=\"color: #000000;\">Destin\u00e9 aux personnes ne connaissant pas la Langue des Signes et souhaitant s&rsquo;ouvrir \u00e0 une part essentielle de la Culture Sourde.<\/span><\/p>\n<div><span style=\"color: #000000;\"><span style=\"color: #000000;\">Adultes (et jeunes \u00e0 partir de 12 ans)<br \/>\n<\/span><\/span><\/div>\n<p><span style=\"color: #000000;\"><strong>Conf\u00e9rence de Christine Thomas &#8211; Vendredi 15 mai 2026<\/strong><\/span><br \/>\n<span style=\"color: #000000;\"><strong>Lieu<\/strong> : Librairie Le Jardin Secret<\/span><br \/>\n<span style=\"color: #000000;\"><strong>Horaire<\/strong> : 15h30<\/span><br \/>\n<span style=\"color: #000000;\"><strong>Dur\u00e9e<\/strong> : 1h00<\/span><br \/>\n<span style=\"color: #000000;\">Gratuit\u00a0<\/span><\/p>\n<p><span style=\"color: #000000;\">Christine Thomas (association Sourds Avenir) autrice du livre \u00a0\u00bb Moi, Christine, fille de parents d&rsquo;enfant sourd\u00a0\u00bb t\u00e9moigne de l&rsquo;importance de la Langue des Signes Fran\u00e7aise (LSF) comme langue maternelle pour tous les enfants n\u00e9s sourds, des difficult\u00e9s rencontr\u00e9es, de la chance d&rsquo;avoir d\u00e9couvert la LSF, de l&rsquo;histoire et la culture sourde. Et d&rsquo;\u00eatre libre maintenant.<\/span><\/p>\n<div><span style=\"color: #000000;\"><strong>Pour vous inscrire, cliquez <a href=\"https:\/\/my.weezevent.com\/conference-avec-christine-thomas-association-sourds-avenir?_gl=1*1bxqj9g*_gcl_au*MTY3OTYxNDQ4Mi4xNzcwOTA1MTU5LjI2ODIxOTU4Ny4xNzczNzYzMDExLjE3NzM3NjMwMTI.*_ga*OTU0MjE4MTQ1LjE3NzA5MDUxNTk.*_ga_39H9VBFX7G*czE3NzM3NjA4MzQkbzE1JGcxJHQxNzczNzY1ODM1JGoyMCRsMCRoNTY0NjU3NjQ.\"><span style=\"text-decoration: underline;\"><em>ici<\/em><\/span><\/a><\/strong>\u00a0<\/span><\/div>\n<div><\/div>\n<div><span style=\"color: #000000;\">Pour acc\u00e9der au dossier de pr\u00e9sentation du projet de danse inclusive, cliquez <em><a style=\"color: #000000;\" href=\"https:\/\/www.dropbox.com\/scl\/fi\/t31l32m9nay7a3puku4nc\/Dossier-danse-inclusive-2026.pdf?rlkey=ft8qoc4vbi9ddrnij6apx3sp8&amp;st=glum92ad&amp;dl=0\"><span style=\"text-decoration: underline;\">ici<\/span><\/a><\/em> \u00a0<\/span><\/div>\n<div><\/div>\n<div><\/div>\n<div><\/div>\n<div><\/div>\n<div><\/div>\n<div><\/div>\n<div><\/div>\n","protected":false},"excerpt":{"rendered":"<p>PROGRAMME\u00a0 Ap\u00e9ro-signe &#8211; Jeudi 30 avril 2026 Lieu : Librairie Le Jardin Secret Horaire : 18h30 Dur\u00e9e : 1h00 Gratuit\u00a0 Le festival Cluny Danse et l&rsquo;association Sourds Avenir organisent un Ap\u00e9ro-signe en langue des signes fran\u00e7aise pour pr\u00e9senter les ateliers<\/p>\n","protected":false},"author":1,"featured_media":0,"parent":0,"menu_order":0,"comment_status":"closed","ping_status":"closed","template":"","meta":{"_exactmetrics_skip_tracking":false,"_exactmetrics_sitenote_active":false,"_exactmetrics_sitenote_note":"","_exactmetrics_sitenote_category":0,"footnotes":""},"class_list":["post-3668","page","type-page","status-publish","hentry"],"yoast_head":"<!-- This site is optimized with the Yoast SEO plugin v27.3 - https:\/\/yoast.com\/product\/yoast-seo-wordpress\/ -->\n<title>Projet inclusif - Festival Cluny Danse<\/title>\n<meta name=\"robots\" content=\"index, follow, max-snippet:-1, max-image-preview:large, max-video-preview:-1\" \/>\n<link rel=\"canonical\" href=\"https:\/\/festivalclunydanse.com\/?page_id=3668\" \/>\n<meta property=\"og:locale\" content=\"fr_FR\" \/>\n<meta property=\"og:type\" content=\"article\" \/>\n<meta property=\"og:title\" content=\"Projet inclusif - Festival Cluny Danse\" \/>\n<meta property=\"og:description\" content=\"PROGRAMME\u00a0 Ap\u00e9ro-signe &#8211; Jeudi 30 avril 2026 Lieu : Librairie Le Jardin Secret Horaire : 18h30 Dur\u00e9e : 1h00 Gratuit\u00a0 Le festival Cluny Danse et l&rsquo;association Sourds Avenir organisent un Ap\u00e9ro-signe en langue des signes fran\u00e7aise pour pr\u00e9senter les ateliers\" \/>\n<meta property=\"og:url\" content=\"https:\/\/festivalclunydanse.com\/?page_id=3668\" \/>\n<meta property=\"og:site_name\" content=\"Festival Cluny Danse\" \/>\n<meta property=\"article:publisher\" content=\"http:\/\/facebook.com\/legrandjete.celle\" \/>\n<meta property=\"article:modified_time\" content=\"2026-03-24T13:09:02+00:00\" \/>\n<meta name=\"twitter:card\" content=\"summary_large_image\" \/>\n<meta name=\"twitter:label1\" content=\"Dur\u00e9e de lecture est.\" \/>\n\t<meta name=\"twitter:data1\" content=\"2 minutes\" \/>\n<script type=\"application\/ld+json\" class=\"yoast-schema-graph\">{\"@context\":\"https:\\\/\\\/schema.org\",\"@graph\":[{\"@type\":\"WebPage\",\"@id\":\"https:\\\/\\\/festivalclunydanse.com\\\/?page_id=3668\",\"url\":\"https:\\\/\\\/festivalclunydanse.com\\\/?page_id=3668\",\"name\":\"Projet inclusif - Festival Cluny Danse\",\"isPartOf\":{\"@id\":\"https:\\\/\\\/festivalclunydanse.com\\\/#website\"},\"datePublished\":\"2026-03-16T14:47:58+00:00\",\"dateModified\":\"2026-03-24T13:09:02+00:00\",\"breadcrumb\":{\"@id\":\"https:\\\/\\\/festivalclunydanse.com\\\/?page_id=3668#breadcrumb\"},\"inLanguage\":\"fr-BE\",\"potentialAction\":[{\"@type\":\"ReadAction\",\"target\":[\"https:\\\/\\\/festivalclunydanse.com\\\/?page_id=3668\"]}]},{\"@type\":\"BreadcrumbList\",\"@id\":\"https:\\\/\\\/festivalclunydanse.com\\\/?page_id=3668#breadcrumb\",\"itemListElement\":[{\"@type\":\"ListItem\",\"position\":1,\"name\":\"Home\",\"item\":\"https:\\\/\\\/festivalclunydanse.com\\\/\"},{\"@type\":\"ListItem\",\"position\":2,\"name\":\"Projet inclusif\"}]},{\"@type\":\"WebSite\",\"@id\":\"https:\\\/\\\/festivalclunydanse.com\\\/#website\",\"url\":\"https:\\\/\\\/festivalclunydanse.com\\\/\",\"name\":\"Festival Cluny Danse\",\"description\":\"Organisateur : Compagnie Le grand jet\u00e9 ! \",\"potentialAction\":[{\"@type\":\"SearchAction\",\"target\":{\"@type\":\"EntryPoint\",\"urlTemplate\":\"https:\\\/\\\/festivalclunydanse.com\\\/?s={search_term_string}\"},\"query-input\":{\"@type\":\"PropertyValueSpecification\",\"valueRequired\":true,\"valueName\":\"search_term_string\"}}],\"inLanguage\":\"fr-BE\"}]}<\/script>\n<!-- \/ Yoast SEO plugin. -->","yoast_head_json":{"title":"Projet inclusif - Festival Cluny Danse","robots":{"index":"index","follow":"follow","max-snippet":"max-snippet:-1","max-image-preview":"max-image-preview:large","max-video-preview":"max-video-preview:-1"},"canonical":"https:\/\/festivalclunydanse.com\/?page_id=3668","og_locale":"fr_FR","og_type":"article","og_title":"Projet inclusif - Festival Cluny Danse","og_description":"PROGRAMME\u00a0 Ap\u00e9ro-signe &#8211; Jeudi 30 avril 2026 Lieu : Librairie Le Jardin Secret Horaire : 18h30 Dur\u00e9e : 1h00 Gratuit\u00a0 Le festival Cluny Danse et l&rsquo;association Sourds Avenir organisent un Ap\u00e9ro-signe en langue des signes fran\u00e7aise pour pr\u00e9senter les ateliers","og_url":"https:\/\/festivalclunydanse.com\/?page_id=3668","og_site_name":"Festival Cluny Danse","article_publisher":"http:\/\/facebook.com\/legrandjete.celle","article_modified_time":"2026-03-24T13:09:02+00:00","twitter_card":"summary_large_image","twitter_misc":{"Dur\u00e9e de lecture est.":"2 minutes"},"schema":{"@context":"https:\/\/schema.org","@graph":[{"@type":"WebPage","@id":"https:\/\/festivalclunydanse.com\/?page_id=3668","url":"https:\/\/festivalclunydanse.com\/?page_id=3668","name":"Projet inclusif - Festival Cluny Danse","isPartOf":{"@id":"https:\/\/festivalclunydanse.com\/#website"},"datePublished":"2026-03-16T14:47:58+00:00","dateModified":"2026-03-24T13:09:02+00:00","breadcrumb":{"@id":"https:\/\/festivalclunydanse.com\/?page_id=3668#breadcrumb"},"inLanguage":"fr-BE","potentialAction":[{"@type":"ReadAction","target":["https:\/\/festivalclunydanse.com\/?page_id=3668"]}]},{"@type":"BreadcrumbList","@id":"https:\/\/festivalclunydanse.com\/?page_id=3668#breadcrumb","itemListElement":[{"@type":"ListItem","position":1,"name":"Home","item":"https:\/\/festivalclunydanse.com\/"},{"@type":"ListItem","position":2,"name":"Projet inclusif"}]},{"@type":"WebSite","@id":"https:\/\/festivalclunydanse.com\/#website","url":"https:\/\/festivalclunydanse.com\/","name":"Festival Cluny Danse","description":"Organisateur : Compagnie Le grand jet\u00e9 ! ","potentialAction":[{"@type":"SearchAction","target":{"@type":"EntryPoint","urlTemplate":"https:\/\/festivalclunydanse.com\/?s={search_term_string}"},"query-input":{"@type":"PropertyValueSpecification","valueRequired":true,"valueName":"search_term_string"}}],"inLanguage":"fr-BE"}]}},"_links":{"self":[{"href":"https:\/\/festivalclunydanse.com\/index.php?rest_route=\/wp\/v2\/pages\/3668","targetHints":{"allow":["GET"]}}],"collection":[{"href":"https:\/\/festivalclunydanse.com\/index.php?rest_route=\/wp\/v2\/pages"}],"about":[{"href":"https:\/\/festivalclunydanse.com\/index.php?rest_route=\/wp\/v2\/types\/page"}],"author":[{"embeddable":true,"href":"https:\/\/festivalclunydanse.com\/index.php?rest_route=\/wp\/v2\/users\/1"}],"replies":[{"embeddable":true,"href":"https:\/\/festivalclunydanse.com\/index.php?rest_route=%2Fwp%2Fv2%2Fcomments&post=3668"}],"version-history":[{"count":13,"href":"https:\/\/festivalclunydanse.com\/index.php?rest_route=\/wp\/v2\/pages\/3668\/revisions"}],"predecessor-version":[{"id":3901,"href":"https:\/\/festivalclunydanse.com\/index.php?rest_route=\/wp\/v2\/pages\/3668\/revisions\/3901"}],"wp:attachment":[{"href":"https:\/\/festivalclunydanse.com\/index.php?rest_route=%2Fwp%2Fv2%2Fmedia&parent=3668"}],"curies":[{"name":"wp","href":"https:\/\/api.w.org\/{rel}","templated":true}]}}