{"id":3611,"date":"2026-03-16T14:26:17","date_gmt":"2026-03-16T13:26:17","guid":{"rendered":"https:\/\/festivalclunydanse.com\/?page_id=3611"},"modified":"2026-03-16T16:05:50","modified_gmt":"2026-03-16T15:05:50","slug":"haba-foou-haba-taht-yalla-dance-studio-le-grand-jete","status":"publish","type":"page","link":"https:\/\/festivalclunydanse.com\/?page_id=3611","title":{"rendered":"Haba Foou Haba Taht\u00a0&#8211; Yalla Dance Studio &amp; Le grand jet\u00e9 !"},"content":{"rendered":"\n<figure class=\"wp-block-image size-large is-resized\"><img decoding=\"async\" width=\"1024\" height=\"575\" src=\"https:\/\/festivalclunydanse.com\/wp-content\/uploads\/2026\/03\/IMG_2686-1024x575.jpg\" alt=\"\" class=\"wp-image-3612\" style=\"aspect-ratio:1.7814825841024113;width:844px;height:auto\" srcset=\"https:\/\/festivalclunydanse.com\/wp-content\/uploads\/2026\/03\/IMG_2686-1024x575.jpg 1024w, https:\/\/festivalclunydanse.com\/wp-content\/uploads\/2026\/03\/IMG_2686-300x168.jpg 300w, https:\/\/festivalclunydanse.com\/wp-content\/uploads\/2026\/03\/IMG_2686-768x431.jpg 768w, https:\/\/festivalclunydanse.com\/wp-content\/uploads\/2026\/03\/IMG_2686-1536x862.jpg 1536w, https:\/\/festivalclunydanse.com\/wp-content\/uploads\/2026\/03\/IMG_2686-2048x1150.jpg 2048w\" sizes=\"(max-width: 1024px) 100vw, 1024px\" \/><\/figure>\n\n\n<p><span style=\"color: #000000;\"><span class=\"a_GcMg font-feature-liga-off font-feature-clig-off font-feature-calt-off text-decoration-none text-strikethrough-none\">Entre transmission et \u00e9changes, regards crois\u00e9s et \u00e9lans partag\u00e9s, <\/span><em><span class=\"a_GcMg font-feature-liga-off font-feature-clig-off font-feature-calt-off text-decoration-none text-strikethrough-none\">Haba Foou Haba Taht<\/span><\/em><span class=\"a_GcMg font-feature-liga-off font-feature-clig-off font-feature-calt-off text-decoration-none text-strikethrough-none\"> r\u00e9unit quatre interpr\u00e8tes \u00e9gyptiens dans un m\u00eame souffle. <\/span><span class=\"a_GcMg font-feature-liga-off font-feature-clig-off font-feature-calt-off text-decoration-none text-strikethrough-none\">Ils portent leurs histoires dans leurs corps. Ils dansent leurs peurs : celles d&rsquo;un avenir incertain, la br\u00fblure des absences, la joie profonde des retrouvailles. Ils dansent le manque, le besoin visc\u00e9ral de l&rsquo;autre, cette n\u00e9cessit\u00e9 d&rsquo;\u00eatre soutenu, port\u00e9, travers\u00e9. Et parfois, ils se laissent emporter par la folie d&rsquo;un mouvement commun, plus grand qu&rsquo;eux, plus vaste que leurs solitudes. <\/span><span class=\"a_GcMg font-feature-liga-off font-feature-clig-off font-feature-calt-off text-decoration-none text-strikethrough-none\">\u00c0 travers leurs exp\u00e9riences de vie &#8211; de danseurs, d&rsquo;hommes et de femmes, ils cherchent ce qui les relie. L\u00e0 o\u00f9 l&rsquo;humanit\u00e9 se r\u00e9v\u00e8le dans la fragilit\u00e9, dans l&rsquo;\u00e9coute, dans la confiance offerte. Leurs corps se fr\u00f4lent, se repoussent, se retiennent. Ils tombent et se rel\u00e8vent ensemble. Car au fond, que serions-nous sans l&rsquo;autre ?<\/span><\/span><\/p>\n<p><span style=\"color: #000000;\"><strong>Samedi 16 mai 2026<\/strong><\/span><br \/><span style=\"color: #000000;\"><strong>Heure de jeu<\/strong> : 14h30<\/span><br \/><span style=\"color: #000000;\"><strong>Lieu<\/strong> : Parc abbatial<\/span><br \/><span style=\"color: #000000;\"><strong>Dur\u00e9e<\/strong> : 30 minutes\u00a0<\/span><br \/><span style=\"color: #000000;\">Gratuit &#8211; Tout public\u00a0<\/span><\/p>\n<p><span style=\"color: #000000;\"><strong>Production<\/strong> : Yalla Dance Studio et Cie Le Grand Jet\u00e9 ! (coop\u00e9ration artistique franco-\u00e9gyptienne)<br \/><\/span><span style=\"color: #000000;\"><strong>Chor\u00e9graphie<\/strong> : Fr\u00e9d\u00e9ric Cell\u00e9\u00a0<br \/><\/span><span style=\"color: #000000;\"><strong>Co-productions et partenaires<\/strong> : <span class=\"a_GcMg font-feature-liga-off font-feature-clig-off font-feature-calt-off text-decoration-none text-strikethrough-none\">Yalla Studio \u00ab Ezzat Ezzat Danse Studio \u00bb <\/span><span class=\"a_GcMg font-feature-liga-off font-feature-clig-off font-feature-calt-off text-decoration-none text-strikethrough-none\">Dans le cadre du \u00ab CDN Contemporary Dance Night \u00bb organis\u00e9 par Yalla Studio. <\/span><span class=\"a_GcMg font-feature-liga-off font-feature-clig-off font-feature-calt-off text-decoration-none text-strikethrough-none\">R\u00e9gion Bourgogne-Franche-Comt\u00e9 et l&rsquo;<\/span><span class=\"a_GcMg font-feature-liga-off font-feature-clig-off font-feature-calt-off text-decoration-none text-strikethrough-none\">Institut Fran\u00e7ais d\u2019\u00c9gypte.\u00a0<\/span><\/span><\/p>\n\n\n<div class=\"wp-block-group is-layout-grid wp-container-core-group-is-layout-9649a0d9 wp-block-group-is-layout-grid\">\n<figure class=\"wp-block-image size-large\"><img decoding=\"async\" width=\"1024\" height=\"818\" src=\"https:\/\/festivalclunydanse.com\/wp-content\/uploads\/2026\/03\/logo-bourgogne-franche-comte-1024x818.png\" alt=\"\" class=\"wp-image-3711\"\/><\/figure>\n\n\n\n<figure class=\"wp-block-image size-full\"><img decoding=\"async\" width=\"474\" height=\"247\" src=\"https:\/\/festivalclunydanse.com\/wp-content\/uploads\/2026\/03\/OIP.5U82TNjEAmkt0JO33UjrdQHaD3.jpeg\" alt=\"\" class=\"wp-image-3712\" srcset=\"https:\/\/festivalclunydanse.com\/wp-content\/uploads\/2026\/03\/OIP.5U82TNjEAmkt0JO33UjrdQHaD3.jpeg 474w, https:\/\/festivalclunydanse.com\/wp-content\/uploads\/2026\/03\/OIP.5U82TNjEAmkt0JO33UjrdQHaD3-300x156.jpeg 300w\" sizes=\"(max-width: 474px) 100vw, 474px\" \/><\/figure>\n<\/div>\n\n\n\n<p><\/p>\n","protected":false},"excerpt":{"rendered":"<p>Entre transmission et \u00e9changes, regards crois\u00e9s et \u00e9lans partag\u00e9s, Haba Foou Haba Taht r\u00e9unit quatre interpr\u00e8tes \u00e9gyptiens dans un m\u00eame souffle. Ils portent leurs histoires dans leurs corps. Ils dansent leurs peurs : celles d&rsquo;un avenir incertain, la br\u00fblure des<\/p>\n","protected":false},"author":1,"featured_media":0,"parent":0,"menu_order":0,"comment_status":"closed","ping_status":"closed","template":"","meta":{"_exactmetrics_skip_tracking":false,"_exactmetrics_sitenote_active":false,"_exactmetrics_sitenote_note":"","_exactmetrics_sitenote_category":0,"footnotes":""},"class_list":["post-3611","page","type-page","status-publish","hentry"],"yoast_head":"<!-- This site is optimized with the Yoast SEO plugin v27.3 - https:\/\/yoast.com\/product\/yoast-seo-wordpress\/ -->\n<title>Haba Foou Haba Taht\u00a0- Yalla Dance Studio &amp; Le grand jet\u00e9 ! - Festival Cluny Danse<\/title>\n<meta name=\"robots\" content=\"index, follow, max-snippet:-1, max-image-preview:large, max-video-preview:-1\" \/>\n<link rel=\"canonical\" href=\"https:\/\/festivalclunydanse.com\/?page_id=3611\" \/>\n<meta property=\"og:locale\" content=\"fr_FR\" \/>\n<meta property=\"og:type\" content=\"article\" \/>\n<meta property=\"og:title\" content=\"Haba Foou Haba Taht\u00a0- Yalla Dance Studio &amp; Le grand jet\u00e9 ! - Festival Cluny Danse\" \/>\n<meta property=\"og:description\" content=\"Entre transmission et \u00e9changes, regards crois\u00e9s et \u00e9lans partag\u00e9s, Haba Foou Haba Taht r\u00e9unit quatre interpr\u00e8tes \u00e9gyptiens dans un m\u00eame souffle. Ils portent leurs histoires dans leurs corps. Ils dansent leurs peurs : celles d&rsquo;un avenir incertain, la br\u00fblure des\" \/>\n<meta property=\"og:url\" content=\"https:\/\/festivalclunydanse.com\/?page_id=3611\" \/>\n<meta property=\"og:site_name\" content=\"Festival Cluny Danse\" \/>\n<meta property=\"article:publisher\" content=\"http:\/\/facebook.com\/legrandjete.celle\" \/>\n<meta property=\"article:modified_time\" content=\"2026-03-16T15:05:50+00:00\" \/>\n<meta property=\"og:image\" content=\"https:\/\/festivalclunydanse.com\/wp-content\/uploads\/2026\/03\/IMG_2686-scaled.jpg\" \/>\n\t<meta property=\"og:image:width\" content=\"2560\" \/>\n\t<meta property=\"og:image:height\" content=\"1437\" \/>\n\t<meta property=\"og:image:type\" content=\"image\/jpeg\" \/>\n<meta name=\"twitter:card\" content=\"summary_large_image\" \/>\n<meta name=\"twitter:label1\" content=\"Dur\u00e9e de lecture est.\" \/>\n\t<meta name=\"twitter:data1\" content=\"2 minutes\" \/>\n<script type=\"application\/ld+json\" class=\"yoast-schema-graph\">{\"@context\":\"https:\\\/\\\/schema.org\",\"@graph\":[{\"@type\":\"WebPage\",\"@id\":\"https:\\\/\\\/festivalclunydanse.com\\\/?page_id=3611\",\"url\":\"https:\\\/\\\/festivalclunydanse.com\\\/?page_id=3611\",\"name\":\"Haba Foou Haba Taht\u00a0- Yalla Dance Studio &amp; Le grand jet\u00e9 ! - Festival Cluny Danse\",\"isPartOf\":{\"@id\":\"https:\\\/\\\/festivalclunydanse.com\\\/#website\"},\"primaryImageOfPage\":{\"@id\":\"https:\\\/\\\/festivalclunydanse.com\\\/?page_id=3611#primaryimage\"},\"image\":{\"@id\":\"https:\\\/\\\/festivalclunydanse.com\\\/?page_id=3611#primaryimage\"},\"thumbnailUrl\":\"https:\\\/\\\/festivalclunydanse.com\\\/wp-content\\\/uploads\\\/2026\\\/03\\\/IMG_2686-1024x575.jpg\",\"datePublished\":\"2026-03-16T13:26:17+00:00\",\"dateModified\":\"2026-03-16T15:05:50+00:00\",\"breadcrumb\":{\"@id\":\"https:\\\/\\\/festivalclunydanse.com\\\/?page_id=3611#breadcrumb\"},\"inLanguage\":\"fr-BE\",\"potentialAction\":[{\"@type\":\"ReadAction\",\"target\":[\"https:\\\/\\\/festivalclunydanse.com\\\/?page_id=3611\"]}]},{\"@type\":\"ImageObject\",\"inLanguage\":\"fr-BE\",\"@id\":\"https:\\\/\\\/festivalclunydanse.com\\\/?page_id=3611#primaryimage\",\"url\":\"https:\\\/\\\/festivalclunydanse.com\\\/wp-content\\\/uploads\\\/2026\\\/03\\\/IMG_2686-scaled.jpg\",\"contentUrl\":\"https:\\\/\\\/festivalclunydanse.com\\\/wp-content\\\/uploads\\\/2026\\\/03\\\/IMG_2686-scaled.jpg\",\"width\":2560,\"height\":1437},{\"@type\":\"BreadcrumbList\",\"@id\":\"https:\\\/\\\/festivalclunydanse.com\\\/?page_id=3611#breadcrumb\",\"itemListElement\":[{\"@type\":\"ListItem\",\"position\":1,\"name\":\"Home\",\"item\":\"https:\\\/\\\/festivalclunydanse.com\\\/\"},{\"@type\":\"ListItem\",\"position\":2,\"name\":\"Haba Foou Haba Taht\u00a0&#8211; Yalla Dance Studio &amp; Le grand jet\u00e9 !\"}]},{\"@type\":\"WebSite\",\"@id\":\"https:\\\/\\\/festivalclunydanse.com\\\/#website\",\"url\":\"https:\\\/\\\/festivalclunydanse.com\\\/\",\"name\":\"Festival Cluny Danse\",\"description\":\"Organisateur : Compagnie Le grand jet\u00e9 ! \",\"potentialAction\":[{\"@type\":\"SearchAction\",\"target\":{\"@type\":\"EntryPoint\",\"urlTemplate\":\"https:\\\/\\\/festivalclunydanse.com\\\/?s={search_term_string}\"},\"query-input\":{\"@type\":\"PropertyValueSpecification\",\"valueRequired\":true,\"valueName\":\"search_term_string\"}}],\"inLanguage\":\"fr-BE\"}]}<\/script>\n<!-- \/ Yoast SEO plugin. -->","yoast_head_json":{"title":"Haba Foou Haba Taht\u00a0- Yalla Dance Studio &amp; Le grand jet\u00e9 ! - Festival Cluny Danse","robots":{"index":"index","follow":"follow","max-snippet":"max-snippet:-1","max-image-preview":"max-image-preview:large","max-video-preview":"max-video-preview:-1"},"canonical":"https:\/\/festivalclunydanse.com\/?page_id=3611","og_locale":"fr_FR","og_type":"article","og_title":"Haba Foou Haba Taht\u00a0- Yalla Dance Studio &amp; Le grand jet\u00e9 ! - Festival Cluny Danse","og_description":"Entre transmission et \u00e9changes, regards crois\u00e9s et \u00e9lans partag\u00e9s, Haba Foou Haba Taht r\u00e9unit quatre interpr\u00e8tes \u00e9gyptiens dans un m\u00eame souffle. Ils portent leurs histoires dans leurs corps. Ils dansent leurs peurs : celles d&rsquo;un avenir incertain, la br\u00fblure des","og_url":"https:\/\/festivalclunydanse.com\/?page_id=3611","og_site_name":"Festival Cluny Danse","article_publisher":"http:\/\/facebook.com\/legrandjete.celle","article_modified_time":"2026-03-16T15:05:50+00:00","og_image":[{"width":2560,"height":1437,"url":"https:\/\/festivalclunydanse.com\/wp-content\/uploads\/2026\/03\/IMG_2686-scaled.jpg","type":"image\/jpeg"}],"twitter_card":"summary_large_image","twitter_misc":{"Dur\u00e9e de lecture est.":"2 minutes"},"schema":{"@context":"https:\/\/schema.org","@graph":[{"@type":"WebPage","@id":"https:\/\/festivalclunydanse.com\/?page_id=3611","url":"https:\/\/festivalclunydanse.com\/?page_id=3611","name":"Haba Foou Haba Taht\u00a0- Yalla Dance Studio &amp; Le grand jet\u00e9 ! - Festival Cluny Danse","isPartOf":{"@id":"https:\/\/festivalclunydanse.com\/#website"},"primaryImageOfPage":{"@id":"https:\/\/festivalclunydanse.com\/?page_id=3611#primaryimage"},"image":{"@id":"https:\/\/festivalclunydanse.com\/?page_id=3611#primaryimage"},"thumbnailUrl":"https:\/\/festivalclunydanse.com\/wp-content\/uploads\/2026\/03\/IMG_2686-1024x575.jpg","datePublished":"2026-03-16T13:26:17+00:00","dateModified":"2026-03-16T15:05:50+00:00","breadcrumb":{"@id":"https:\/\/festivalclunydanse.com\/?page_id=3611#breadcrumb"},"inLanguage":"fr-BE","potentialAction":[{"@type":"ReadAction","target":["https:\/\/festivalclunydanse.com\/?page_id=3611"]}]},{"@type":"ImageObject","inLanguage":"fr-BE","@id":"https:\/\/festivalclunydanse.com\/?page_id=3611#primaryimage","url":"https:\/\/festivalclunydanse.com\/wp-content\/uploads\/2026\/03\/IMG_2686-scaled.jpg","contentUrl":"https:\/\/festivalclunydanse.com\/wp-content\/uploads\/2026\/03\/IMG_2686-scaled.jpg","width":2560,"height":1437},{"@type":"BreadcrumbList","@id":"https:\/\/festivalclunydanse.com\/?page_id=3611#breadcrumb","itemListElement":[{"@type":"ListItem","position":1,"name":"Home","item":"https:\/\/festivalclunydanse.com\/"},{"@type":"ListItem","position":2,"name":"Haba Foou Haba Taht\u00a0&#8211; Yalla Dance Studio &amp; Le grand jet\u00e9 !"}]},{"@type":"WebSite","@id":"https:\/\/festivalclunydanse.com\/#website","url":"https:\/\/festivalclunydanse.com\/","name":"Festival Cluny Danse","description":"Organisateur : Compagnie Le grand jet\u00e9 ! ","potentialAction":[{"@type":"SearchAction","target":{"@type":"EntryPoint","urlTemplate":"https:\/\/festivalclunydanse.com\/?s={search_term_string}"},"query-input":{"@type":"PropertyValueSpecification","valueRequired":true,"valueName":"search_term_string"}}],"inLanguage":"fr-BE"}]}},"_links":{"self":[{"href":"https:\/\/festivalclunydanse.com\/index.php?rest_route=\/wp\/v2\/pages\/3611","targetHints":{"allow":["GET"]}}],"collection":[{"href":"https:\/\/festivalclunydanse.com\/index.php?rest_route=\/wp\/v2\/pages"}],"about":[{"href":"https:\/\/festivalclunydanse.com\/index.php?rest_route=\/wp\/v2\/types\/page"}],"author":[{"embeddable":true,"href":"https:\/\/festivalclunydanse.com\/index.php?rest_route=\/wp\/v2\/users\/1"}],"replies":[{"embeddable":true,"href":"https:\/\/festivalclunydanse.com\/index.php?rest_route=%2Fwp%2Fv2%2Fcomments&post=3611"}],"version-history":[{"count":7,"href":"https:\/\/festivalclunydanse.com\/index.php?rest_route=\/wp\/v2\/pages\/3611\/revisions"}],"predecessor-version":[{"id":3806,"href":"https:\/\/festivalclunydanse.com\/index.php?rest_route=\/wp\/v2\/pages\/3611\/revisions\/3806"}],"wp:attachment":[{"href":"https:\/\/festivalclunydanse.com\/index.php?rest_route=%2Fwp%2Fv2%2Fmedia&parent=3611"}],"curies":[{"name":"wp","href":"https:\/\/api.w.org\/{rel}","templated":true}]}}