{"id":3589,"date":"2026-03-13T10:21:23","date_gmt":"2026-03-13T09:21:23","guid":{"rendered":"https:\/\/festivalclunydanse.com\/?page_id=3589"},"modified":"2026-03-13T10:21:24","modified_gmt":"2026-03-13T09:21:24","slug":"concert-lart-cene-atef-younsi","status":"publish","type":"page","link":"https:\/\/festivalclunydanse.com\/?page_id=3589","title":{"rendered":"Concert &#8211; L&rsquo;art C\u00e8ne &amp; Atef Younsi"},"content":{"rendered":"\n<div class=\"wp-block-columns is-layout-flex wp-container-core-columns-is-layout-9d6595d7 wp-block-columns-is-layout-flex\">\n<div class=\"wp-block-column is-layout-flow wp-block-column-is-layout-flow\">\n<div class=\"wp-block-columns is-layout-flex wp-container-core-columns-is-layout-9d6595d7 wp-block-columns-is-layout-flex\">\n<div class=\"wp-block-column is-layout-flow wp-block-column-is-layout-flow\">\n<div class=\"wp-block-columns is-layout-flex wp-container-core-columns-is-layout-9d6595d7 wp-block-columns-is-layout-flex\">\n<div class=\"wp-block-column is-layout-flow wp-block-column-is-layout-flow\">\n<figure class=\"wp-block-image size-large\"><img decoding=\"async\" width=\"1024\" height=\"683\" src=\"https:\/\/festivalclunydanse.com\/wp-content\/uploads\/2026\/03\/JARRING-FEST2025_@codevingthuit-1487-2-1024x683.jpg\" alt=\"\" class=\"wp-image-3682\" srcset=\"https:\/\/festivalclunydanse.com\/wp-content\/uploads\/2026\/03\/JARRING-FEST2025_@codevingthuit-1487-2-1024x683.jpg 1024w, https:\/\/festivalclunydanse.com\/wp-content\/uploads\/2026\/03\/JARRING-FEST2025_@codevingthuit-1487-2-300x200.jpg 300w, https:\/\/festivalclunydanse.com\/wp-content\/uploads\/2026\/03\/JARRING-FEST2025_@codevingthuit-1487-2-768x512.jpg 768w, https:\/\/festivalclunydanse.com\/wp-content\/uploads\/2026\/03\/JARRING-FEST2025_@codevingthuit-1487-2-1536x1024.jpg 1536w, https:\/\/festivalclunydanse.com\/wp-content\/uploads\/2026\/03\/JARRING-FEST2025_@codevingthuit-1487-2.jpg 2048w\" sizes=\"(max-width: 1024px) 100vw, 1024px\" \/><\/figure>\n<\/div>\n\n\n\n<div class=\"wp-block-column is-layout-flow wp-block-column-is-layout-flow\">\n<figure class=\"wp-block-embed is-type-video is-provider-youtube wp-block-embed-youtube wp-embed-aspect-16-9 wp-has-aspect-ratio\"><div class=\"wp-block-embed__wrapper\">\n<iframe title=\"L&#039;Art C\u00e8ne - Feta feat. Atef Younsi\" width=\"720\" height=\"405\" src=\"https:\/\/www.youtube.com\/embed\/Ms2FXzPyzTQ?start=4&#038;feature=oembed\" frameborder=\"0\" allow=\"accelerometer; autoplay; clipboard-write; encrypted-media; gyroscope; picture-in-picture; web-share\" referrerpolicy=\"strict-origin-when-cross-origin\" allowfullscreen><\/iframe>\n<\/div><\/figure>\n<\/div>\n<\/div>\n<\/div>\n<\/div>\n<\/div>\n<\/div>\n\n\n<p><span style=\"font-weight: 400; color: #000000;\">Sur sc\u00e8ne, L\u2019Art C\u00e8ne transforme son laboratoire en un terrain de jeu vivant o\u00f9 les cultures musicales se croisent et se r\u00e9inventent. Entre machines \u00e9lectroniques, textures brutes et \u00e9clats de m\u00e9lodies orientales, il fa\u00e7onne un voyage sensoriel o\u00f9 la tradition rencontre l\u2019innovation.<\/span><\/p>\n<p><span style=\"font-weight: 400; color: #000000;\">\u00c0 ses c\u00f4t\u00e9s, Atef Younsi, joueur de oud au jeu sensible et expressif, apporte les nuances profondes d\u2019un instrument mill\u00e9naire. Ensemble, ils cr\u00e9ent un dialogue organique entre rythmes \u00e9lectroniques et sonorit\u00e9s traditionnelles arabes, o\u00f9 l\u2019improvisation et la spontan\u00e9it\u00e9 donnent vie \u00e0 des paysages sonores en perp\u00e9tuel mouvement.<\/span><\/p>\n<p><span style=\"font-weight: 400; color: #000000;\">Leur performance est une invitation \u00e0 franchir les fronti\u00e8res, \u00e0 se laisser emporter par la tension, la po\u00e9sie et l\u2019\u00e9nergie brute du live, dans un espace o\u00f9 chaque instant est une exp\u00e9rience unique, suspendue entre pass\u00e9 et futur.<\/span><\/p>\n<p><span style=\"color: #000000;\"><strong>Jeudi 14 mai 2026<\/strong><\/span><br \/><span style=\"color: #000000;\"><strong>Heure de jeu<\/strong> : 20h30<\/span><br \/><span style=\"color: #000000;\"><strong>Lieu<\/strong> : Narthex\u00a0<\/span><br \/><span style=\"color: #000000;\"><strong>Dur\u00e9e<\/strong> : 1 heure\u00a0<\/span><br \/><span style=\"color: #000000;\">Gratuit &#8211; Tout public\u00a0<\/span><\/p>","protected":false},"excerpt":{"rendered":"<p>Sur sc\u00e8ne, L\u2019Art C\u00e8ne transforme son laboratoire en un terrain de jeu vivant o\u00f9 les cultures musicales se croisent et se r\u00e9inventent. Entre machines \u00e9lectroniques, textures brutes et \u00e9clats de m\u00e9lodies orientales, il fa\u00e7onne un voyage sensoriel o\u00f9 la tradition<\/p>\n","protected":false},"author":1,"featured_media":0,"parent":0,"menu_order":0,"comment_status":"closed","ping_status":"closed","template":"","meta":{"_exactmetrics_skip_tracking":false,"_exactmetrics_sitenote_active":false,"_exactmetrics_sitenote_note":"","_exactmetrics_sitenote_category":0,"footnotes":""},"class_list":["post-3589","page","type-page","status-publish","hentry"],"yoast_head":"<!-- This site is optimized with the Yoast SEO plugin v27.3 - https:\/\/yoast.com\/product\/yoast-seo-wordpress\/ -->\n<title>Concert - L&#039;art C\u00e8ne &amp; Atef Younsi - Festival Cluny Danse<\/title>\n<meta name=\"robots\" content=\"index, follow, max-snippet:-1, max-image-preview:large, max-video-preview:-1\" \/>\n<link rel=\"canonical\" href=\"https:\/\/festivalclunydanse.com\/?page_id=3589\" \/>\n<meta property=\"og:locale\" content=\"fr_FR\" \/>\n<meta property=\"og:type\" content=\"article\" \/>\n<meta property=\"og:title\" content=\"Concert - L&#039;art C\u00e8ne &amp; Atef Younsi - Festival Cluny Danse\" \/>\n<meta property=\"og:description\" content=\"Sur sc\u00e8ne, L\u2019Art C\u00e8ne transforme son laboratoire en un terrain de jeu vivant o\u00f9 les cultures musicales se croisent et se r\u00e9inventent. Entre machines \u00e9lectroniques, textures brutes et \u00e9clats de m\u00e9lodies orientales, il fa\u00e7onne un voyage sensoriel o\u00f9 la tradition\" \/>\n<meta property=\"og:url\" content=\"https:\/\/festivalclunydanse.com\/?page_id=3589\" \/>\n<meta property=\"og:site_name\" content=\"Festival Cluny Danse\" \/>\n<meta property=\"article:publisher\" content=\"http:\/\/facebook.com\/legrandjete.celle\" \/>\n<meta property=\"article:modified_time\" content=\"2026-03-13T09:21:24+00:00\" \/>\n<meta property=\"og:image\" content=\"https:\/\/festivalclunydanse.com\/wp-content\/uploads\/2026\/03\/JARRING-FEST2025_@codevingthuit-1487-2-1024x683.jpg\" \/>\n\t<meta property=\"og:image:width\" content=\"1024\" \/>\n\t<meta property=\"og:image:height\" content=\"683\" \/>\n\t<meta property=\"og:image:type\" content=\"image\/jpeg\" \/>\n<meta name=\"twitter:card\" content=\"summary_large_image\" \/>\n<meta name=\"twitter:label1\" content=\"Dur\u00e9e de lecture est.\" \/>\n\t<meta name=\"twitter:data1\" content=\"1 minute\" \/>\n<script type=\"application\/ld+json\" class=\"yoast-schema-graph\">{\"@context\":\"https:\\\/\\\/schema.org\",\"@graph\":[{\"@type\":\"WebPage\",\"@id\":\"https:\\\/\\\/festivalclunydanse.com\\\/?page_id=3589\",\"url\":\"https:\\\/\\\/festivalclunydanse.com\\\/?page_id=3589\",\"name\":\"Concert - L'art C\u00e8ne &amp; Atef Younsi - Festival Cluny Danse\",\"isPartOf\":{\"@id\":\"https:\\\/\\\/festivalclunydanse.com\\\/#website\"},\"primaryImageOfPage\":{\"@id\":\"https:\\\/\\\/festivalclunydanse.com\\\/?page_id=3589#primaryimage\"},\"image\":{\"@id\":\"https:\\\/\\\/festivalclunydanse.com\\\/?page_id=3589#primaryimage\"},\"thumbnailUrl\":\"https:\\\/\\\/festivalclunydanse.com\\\/wp-content\\\/uploads\\\/2026\\\/03\\\/JARRING-FEST2025_@codevingthuit-1487-2-1024x683.jpg\",\"datePublished\":\"2026-03-13T09:21:23+00:00\",\"dateModified\":\"2026-03-13T09:21:24+00:00\",\"breadcrumb\":{\"@id\":\"https:\\\/\\\/festivalclunydanse.com\\\/?page_id=3589#breadcrumb\"},\"inLanguage\":\"fr-BE\",\"potentialAction\":[{\"@type\":\"ReadAction\",\"target\":[\"https:\\\/\\\/festivalclunydanse.com\\\/?page_id=3589\"]}]},{\"@type\":\"ImageObject\",\"inLanguage\":\"fr-BE\",\"@id\":\"https:\\\/\\\/festivalclunydanse.com\\\/?page_id=3589#primaryimage\",\"url\":\"https:\\\/\\\/festivalclunydanse.com\\\/wp-content\\\/uploads\\\/2026\\\/03\\\/JARRING-FEST2025_@codevingthuit-1487-2.jpg\",\"contentUrl\":\"https:\\\/\\\/festivalclunydanse.com\\\/wp-content\\\/uploads\\\/2026\\\/03\\\/JARRING-FEST2025_@codevingthuit-1487-2.jpg\",\"width\":2048,\"height\":1365},{\"@type\":\"BreadcrumbList\",\"@id\":\"https:\\\/\\\/festivalclunydanse.com\\\/?page_id=3589#breadcrumb\",\"itemListElement\":[{\"@type\":\"ListItem\",\"position\":1,\"name\":\"Home\",\"item\":\"https:\\\/\\\/festivalclunydanse.com\\\/\"},{\"@type\":\"ListItem\",\"position\":2,\"name\":\"Concert &#8211; L&rsquo;art C\u00e8ne &amp; Atef Younsi\"}]},{\"@type\":\"WebSite\",\"@id\":\"https:\\\/\\\/festivalclunydanse.com\\\/#website\",\"url\":\"https:\\\/\\\/festivalclunydanse.com\\\/\",\"name\":\"Festival Cluny Danse\",\"description\":\"Organisateur : Compagnie Le grand jet\u00e9 ! \",\"potentialAction\":[{\"@type\":\"SearchAction\",\"target\":{\"@type\":\"EntryPoint\",\"urlTemplate\":\"https:\\\/\\\/festivalclunydanse.com\\\/?s={search_term_string}\"},\"query-input\":{\"@type\":\"PropertyValueSpecification\",\"valueRequired\":true,\"valueName\":\"search_term_string\"}}],\"inLanguage\":\"fr-BE\"}]}<\/script>\n<!-- \/ Yoast SEO plugin. -->","yoast_head_json":{"title":"Concert - L'art C\u00e8ne &amp; Atef Younsi - Festival Cluny Danse","robots":{"index":"index","follow":"follow","max-snippet":"max-snippet:-1","max-image-preview":"max-image-preview:large","max-video-preview":"max-video-preview:-1"},"canonical":"https:\/\/festivalclunydanse.com\/?page_id=3589","og_locale":"fr_FR","og_type":"article","og_title":"Concert - L'art C\u00e8ne &amp; Atef Younsi - Festival Cluny Danse","og_description":"Sur sc\u00e8ne, L\u2019Art C\u00e8ne transforme son laboratoire en un terrain de jeu vivant o\u00f9 les cultures musicales se croisent et se r\u00e9inventent. Entre machines \u00e9lectroniques, textures brutes et \u00e9clats de m\u00e9lodies orientales, il fa\u00e7onne un voyage sensoriel o\u00f9 la tradition","og_url":"https:\/\/festivalclunydanse.com\/?page_id=3589","og_site_name":"Festival Cluny Danse","article_publisher":"http:\/\/facebook.com\/legrandjete.celle","article_modified_time":"2026-03-13T09:21:24+00:00","og_image":[{"width":1024,"height":683,"url":"https:\/\/festivalclunydanse.com\/wp-content\/uploads\/2026\/03\/JARRING-FEST2025_@codevingthuit-1487-2-1024x683.jpg","type":"image\/jpeg"}],"twitter_card":"summary_large_image","twitter_misc":{"Dur\u00e9e de lecture est.":"1 minute"},"schema":{"@context":"https:\/\/schema.org","@graph":[{"@type":"WebPage","@id":"https:\/\/festivalclunydanse.com\/?page_id=3589","url":"https:\/\/festivalclunydanse.com\/?page_id=3589","name":"Concert - L'art C\u00e8ne &amp; Atef Younsi - Festival Cluny Danse","isPartOf":{"@id":"https:\/\/festivalclunydanse.com\/#website"},"primaryImageOfPage":{"@id":"https:\/\/festivalclunydanse.com\/?page_id=3589#primaryimage"},"image":{"@id":"https:\/\/festivalclunydanse.com\/?page_id=3589#primaryimage"},"thumbnailUrl":"https:\/\/festivalclunydanse.com\/wp-content\/uploads\/2026\/03\/JARRING-FEST2025_@codevingthuit-1487-2-1024x683.jpg","datePublished":"2026-03-13T09:21:23+00:00","dateModified":"2026-03-13T09:21:24+00:00","breadcrumb":{"@id":"https:\/\/festivalclunydanse.com\/?page_id=3589#breadcrumb"},"inLanguage":"fr-BE","potentialAction":[{"@type":"ReadAction","target":["https:\/\/festivalclunydanse.com\/?page_id=3589"]}]},{"@type":"ImageObject","inLanguage":"fr-BE","@id":"https:\/\/festivalclunydanse.com\/?page_id=3589#primaryimage","url":"https:\/\/festivalclunydanse.com\/wp-content\/uploads\/2026\/03\/JARRING-FEST2025_@codevingthuit-1487-2.jpg","contentUrl":"https:\/\/festivalclunydanse.com\/wp-content\/uploads\/2026\/03\/JARRING-FEST2025_@codevingthuit-1487-2.jpg","width":2048,"height":1365},{"@type":"BreadcrumbList","@id":"https:\/\/festivalclunydanse.com\/?page_id=3589#breadcrumb","itemListElement":[{"@type":"ListItem","position":1,"name":"Home","item":"https:\/\/festivalclunydanse.com\/"},{"@type":"ListItem","position":2,"name":"Concert &#8211; L&rsquo;art C\u00e8ne &amp; Atef Younsi"}]},{"@type":"WebSite","@id":"https:\/\/festivalclunydanse.com\/#website","url":"https:\/\/festivalclunydanse.com\/","name":"Festival Cluny Danse","description":"Organisateur : Compagnie Le grand jet\u00e9 ! ","potentialAction":[{"@type":"SearchAction","target":{"@type":"EntryPoint","urlTemplate":"https:\/\/festivalclunydanse.com\/?s={search_term_string}"},"query-input":{"@type":"PropertyValueSpecification","valueRequired":true,"valueName":"search_term_string"}}],"inLanguage":"fr-BE"}]}},"_links":{"self":[{"href":"https:\/\/festivalclunydanse.com\/index.php?rest_route=\/wp\/v2\/pages\/3589","targetHints":{"allow":["GET"]}}],"collection":[{"href":"https:\/\/festivalclunydanse.com\/index.php?rest_route=\/wp\/v2\/pages"}],"about":[{"href":"https:\/\/festivalclunydanse.com\/index.php?rest_route=\/wp\/v2\/types\/page"}],"author":[{"embeddable":true,"href":"https:\/\/festivalclunydanse.com\/index.php?rest_route=\/wp\/v2\/users\/1"}],"replies":[{"embeddable":true,"href":"https:\/\/festivalclunydanse.com\/index.php?rest_route=%2Fwp%2Fv2%2Fcomments&post=3589"}],"version-history":[{"count":8,"href":"https:\/\/festivalclunydanse.com\/index.php?rest_route=\/wp\/v2\/pages\/3589\/revisions"}],"predecessor-version":[{"id":3797,"href":"https:\/\/festivalclunydanse.com\/index.php?rest_route=\/wp\/v2\/pages\/3589\/revisions\/3797"}],"wp:attachment":[{"href":"https:\/\/festivalclunydanse.com\/index.php?rest_route=%2Fwp%2Fv2%2Fmedia&parent=3589"}],"curies":[{"name":"wp","href":"https:\/\/api.w.org\/{rel}","templated":true}]}}