{"id":3575,"date":"2026-03-16T15:49:29","date_gmt":"2026-03-16T14:49:29","guid":{"rendered":"https:\/\/festivalclunydanse.com\/?page_id=3575"},"modified":"2026-03-24T15:57:01","modified_gmt":"2026-03-24T14:57:01","slug":"groove-parties","status":"publish","type":"page","link":"https:\/\/festivalclunydanse.com\/?page_id=3575","title":{"rendered":"DJ Set"},"content":{"rendered":"<h4><span style=\"color: #000000;\"><strong>Vendredi 15 mai 2026 &#8211; BdL<\/strong><\/span>\u00a0<\/h4>\n\n\n<div class=\"wp-block-columns is-layout-flex wp-container-core-columns-is-layout-9d6595d7 wp-block-columns-is-layout-flex\">\n<div class=\"wp-block-column is-layout-flow wp-block-column-is-layout-flow\">\n<div class=\"wp-block-columns is-layout-flex wp-container-core-columns-is-layout-9d6595d7 wp-block-columns-is-layout-flex\">\n<div class=\"wp-block-column is-layout-flow wp-block-column-is-layout-flow\">\n<figure class=\"wp-block-image size-large is-resized\"><img decoding=\"async\" width=\"934\" height=\"1024\" src=\"https:\/\/festivalclunydanse.com\/wp-content\/uploads\/2026\/02\/Copie-de-BdL14-1-934x1024.jpg\" alt=\"\" class=\"wp-image-3579\" style=\"aspect-ratio:0.9121204640829425;width:395px;height:auto\" srcset=\"https:\/\/festivalclunydanse.com\/wp-content\/uploads\/2026\/02\/Copie-de-BdL14-1-934x1024.jpg 934w, https:\/\/festivalclunydanse.com\/wp-content\/uploads\/2026\/02\/Copie-de-BdL14-1-274x300.jpg 274w, https:\/\/festivalclunydanse.com\/wp-content\/uploads\/2026\/02\/Copie-de-BdL14-1-768x842.jpg 768w, https:\/\/festivalclunydanse.com\/wp-content\/uploads\/2026\/02\/Copie-de-BdL14-1-1401x1536.jpg 1401w, https:\/\/festivalclunydanse.com\/wp-content\/uploads\/2026\/02\/Copie-de-BdL14-1-1868x2048.jpg 1868w\" sizes=\"(max-width: 934px) 100vw, 934px\" \/><\/figure>\n<\/div>\n\n\n\n<div class=\"wp-block-column is-layout-flow wp-block-column-is-layout-flow\">\n<figure class=\"wp-block-embed is-type-rich is-provider-soundcloud wp-block-embed-soundcloud wp-embed-aspect-4-3 wp-has-aspect-ratio\"><div class=\"wp-block-embed__wrapper\">\n<iframe title=\"BdL\" width=\"720\" height=\"450\" scrolling=\"no\" frameborder=\"no\" src=\"https:\/\/w.soundcloud.com\/player\/?visual=true&#038;url=https%3A%2F%2Fapi.soundcloud.com%2Fusers%2F374230049&#038;show_artwork=true&#038;maxheight=1000&#038;maxwidth=720\"><\/iframe>\n<\/div><\/figure>\n<\/div>\n<\/div>\n<\/div>\n<\/div>\n\n\n<p><span style=\"color: #000000;\">St\u00e9phanoise d\u2019origine, <strong>BdL<\/strong> s\u2019est impr\u00e9gn\u00e9e des vibrations urbaines de capitales culturelles telles que New-york, Dublin, et Paris pendant plusieurs ann\u00e9es. Ces voyages lui ont permis de s\u2019immerger dans un multitude de mouvements musicaux (House, Techno, Trance, hip hop, afrobeats, ..) qui colorent aujourd\u2019hui ses sets incisifs allant de la House \u00e9lectris\u00e9e \u00e0 la Driving Techno. Elle jongle avec les beats, d\u00e9tourne les st\u00e9r\u00e9otypes en concoctant dans son chaudron sonore un univers sonore audacieux et hypnotique. Refusant les codes qui, selon elle, statufie la recherche sonore des djs, elle milite pour l\u2019\u00e9clectisme de ses influences et pour la visibilit\u00e9 de la diversit\u00e9 derri\u00e8re les platines. Fondatrice de Giddy Up, structure agissant pour l\u2019\u00e9galit\u00e9 des genres dans la musique, sa conception du djing est engag\u00e9e et festive. Son objectif est de m\u00e9tamorphoser le dancefloor en un espace de libert\u00e9 qui balaye les diff\u00e9rences en faisant primer la communion par la r\u00e9sonance rythmique des corps et des esprits.<\/span><\/p>\n<p class=\"p1\"><span style=\"color: #000000;\">Un seul objectif : Faire vibrer la culture de la f\u00eate bienveillante!<\/span><\/p>\n<p><span style=\"color: #000000;\"><strong>Vendredi 15 mai 2026<\/strong>\u00a0<\/span><br \/><span style=\"color: #000000;\"><strong>Heure de jeu<\/strong> : 22h<\/span><br \/><span style=\"color: #000000;\"><strong>Lieu<\/strong> : Parc Abbatial\u00a0<\/span><br \/><span style=\"color: #000000;\"><strong>Dur\u00e9e<\/strong> : 2 heures\u00a0<\/span><br \/><span style=\"color: #000000;\">Tout public\u00a0<\/span><br \/><span style=\"color: #000000;\">Soir\u00e9e gratuite \u00a0<\/span><\/p>\n<h4><span style=\"color: #000000;\"><strong>Samedi 16 mai 2026 &#8211; TATICARDIE<\/strong><\/span>\u00a0<\/h4>\n\n\n<div class=\"wp-block-columns is-layout-flex wp-container-core-columns-is-layout-9d6595d7 wp-block-columns-is-layout-flex\">\n<div class=\"wp-block-column is-layout-flow wp-block-column-is-layout-flow\">\n<figure class=\"wp-block-image size-large\"><img decoding=\"async\" width=\"1024\" height=\"768\" src=\"https:\/\/festivalclunydanse.com\/wp-content\/uploads\/2026\/02\/credits_-Pierre-Acobas-3-1024x768.jpg\" alt=\"\" class=\"wp-image-3584\" srcset=\"https:\/\/festivalclunydanse.com\/wp-content\/uploads\/2026\/02\/credits_-Pierre-Acobas-3-1024x768.jpg 1024w, https:\/\/festivalclunydanse.com\/wp-content\/uploads\/2026\/02\/credits_-Pierre-Acobas-3-300x225.jpg 300w, https:\/\/festivalclunydanse.com\/wp-content\/uploads\/2026\/02\/credits_-Pierre-Acobas-3-768x576.jpg 768w, https:\/\/festivalclunydanse.com\/wp-content\/uploads\/2026\/02\/credits_-Pierre-Acobas-3-1536x1152.jpg 1536w, https:\/\/festivalclunydanse.com\/wp-content\/uploads\/2026\/02\/credits_-Pierre-Acobas-3-2048x1536.jpg 2048w\" sizes=\"(max-width: 1024px) 100vw, 1024px\" \/><\/figure>\n<\/div>\n\n\n\n<div class=\"wp-block-column is-layout-flow wp-block-column-is-layout-flow\">\n<figure class=\"wp-block-image size-large\"><img decoding=\"async\" width=\"1024\" height=\"768\" src=\"https:\/\/festivalclunydanse.com\/wp-content\/uploads\/2026\/02\/credits_-Pierre-Acobas-copie-2-1024x768.jpg\" alt=\"\" class=\"wp-image-3586\" srcset=\"https:\/\/festivalclunydanse.com\/wp-content\/uploads\/2026\/02\/credits_-Pierre-Acobas-copie-2-1024x768.jpg 1024w, https:\/\/festivalclunydanse.com\/wp-content\/uploads\/2026\/02\/credits_-Pierre-Acobas-copie-2-300x225.jpg 300w, https:\/\/festivalclunydanse.com\/wp-content\/uploads\/2026\/02\/credits_-Pierre-Acobas-copie-2-768x576.jpg 768w, https:\/\/festivalclunydanse.com\/wp-content\/uploads\/2026\/02\/credits_-Pierre-Acobas-copie-2-1536x1152.jpg 1536w, https:\/\/festivalclunydanse.com\/wp-content\/uploads\/2026\/02\/credits_-Pierre-Acobas-copie-2-2048x1536.jpg 2048w\" sizes=\"(max-width: 1024px) 100vw, 1024px\" \/><\/figure>\n<\/div>\n<\/div>\n\n\n<div>\n<p class=\"v1MsoNormal\"><span style=\"color: #000000;\"><strong>Taticardie<\/strong> est une plasticienne qui aime explorer les mati\u00e8res sonores et s&rsquo;amuse \u00e0 les bricoler. Elle s\u00e9lectionne pour son set des sonorit\u00e9s vari\u00e9es, du hip hop acidul\u00e9 aux breaks agit\u00e9s en passant pas des ondes \u00e9lectroniques enchant\u00e9es qu&rsquo;elle agence joyeusement dans le but de mettre les corps en mouvements et les cerveaux hors du temps. Elle adore jouer avec la st\u00e9r\u00e9o, les espaces sonores et mets en avant des artistes minoris\u00e9.es.<\/span><\/p>\n<\/div>\n<p><span style=\"color: #000000;\"><strong>Samedi 16 mai 2026<\/strong><\/span><br \/><span style=\"color: #000000;\"><strong>Heure de jeu<\/strong> : 22h<\/span><br \/><span style=\"color: #000000;\"><strong>Lieu<\/strong> : Parc Abbatial<\/span><br \/><span style=\"color: #000000;\"><strong>Dur\u00e9e<\/strong> : 2 heures<\/span><br \/><span style=\"color: #000000;\">Tout public\u00a0<\/span><br \/><span style=\"color: #000000;\">Soir\u00e9e gratuite\u00a0<\/span><\/p>\n\n\n<p><\/p>\n","protected":false},"excerpt":{"rendered":"<p>Vendredi 15 mai 2026 &#8211; BdL\u00a0 St\u00e9phanoise d\u2019origine, BdL s\u2019est impr\u00e9gn\u00e9e des vibrations urbaines de capitales culturelles telles que New-york, Dublin, et Paris pendant plusieurs ann\u00e9es. Ces voyages lui ont permis de s\u2019immerger dans un multitude de mouvements musicaux (House,<\/p>\n","protected":false},"author":1,"featured_media":0,"parent":0,"menu_order":0,"comment_status":"closed","ping_status":"closed","template":"","meta":{"_exactmetrics_skip_tracking":false,"_exactmetrics_sitenote_active":false,"_exactmetrics_sitenote_note":"","_exactmetrics_sitenote_category":0,"footnotes":""},"class_list":["post-3575","page","type-page","status-publish","hentry"],"yoast_head":"<!-- This site is optimized with the Yoast SEO plugin v27.3 - https:\/\/yoast.com\/product\/yoast-seo-wordpress\/ -->\n<title>DJ Set - Festival Cluny Danse<\/title>\n<meta name=\"robots\" content=\"index, follow, max-snippet:-1, max-image-preview:large, max-video-preview:-1\" \/>\n<link rel=\"canonical\" href=\"https:\/\/festivalclunydanse.com\/?page_id=3575\" \/>\n<meta property=\"og:locale\" content=\"fr_FR\" \/>\n<meta property=\"og:type\" content=\"article\" \/>\n<meta property=\"og:title\" content=\"DJ Set - Festival Cluny Danse\" \/>\n<meta property=\"og:description\" content=\"Vendredi 15 mai 2026 &#8211; BdL\u00a0 St\u00e9phanoise d\u2019origine, BdL s\u2019est impr\u00e9gn\u00e9e des vibrations urbaines de capitales culturelles telles que New-york, Dublin, et Paris pendant plusieurs ann\u00e9es. Ces voyages lui ont permis de s\u2019immerger dans un multitude de mouvements musicaux (House,\" \/>\n<meta property=\"og:url\" content=\"https:\/\/festivalclunydanse.com\/?page_id=3575\" \/>\n<meta property=\"og:site_name\" content=\"Festival Cluny Danse\" \/>\n<meta property=\"article:publisher\" content=\"http:\/\/facebook.com\/legrandjete.celle\" \/>\n<meta property=\"article:modified_time\" content=\"2026-03-24T14:57:01+00:00\" \/>\n<meta property=\"og:image\" content=\"https:\/\/festivalclunydanse.com\/wp-content\/uploads\/2026\/02\/Copie-de-BdL14-1-scaled.jpg\" \/>\n\t<meta property=\"og:image:width\" content=\"2335\" \/>\n\t<meta property=\"og:image:height\" content=\"2560\" \/>\n\t<meta property=\"og:image:type\" content=\"image\/jpeg\" \/>\n<meta name=\"twitter:card\" content=\"summary_large_image\" \/>\n<meta name=\"twitter:label1\" content=\"Dur\u00e9e de lecture est.\" \/>\n\t<meta name=\"twitter:data1\" content=\"3 minutes\" \/>\n<script type=\"application\/ld+json\" class=\"yoast-schema-graph\">{\"@context\":\"https:\\\/\\\/schema.org\",\"@graph\":[{\"@type\":\"WebPage\",\"@id\":\"https:\\\/\\\/festivalclunydanse.com\\\/?page_id=3575\",\"url\":\"https:\\\/\\\/festivalclunydanse.com\\\/?page_id=3575\",\"name\":\"DJ Set - Festival Cluny Danse\",\"isPartOf\":{\"@id\":\"https:\\\/\\\/festivalclunydanse.com\\\/#website\"},\"primaryImageOfPage\":{\"@id\":\"https:\\\/\\\/festivalclunydanse.com\\\/?page_id=3575#primaryimage\"},\"image\":{\"@id\":\"https:\\\/\\\/festivalclunydanse.com\\\/?page_id=3575#primaryimage\"},\"thumbnailUrl\":\"https:\\\/\\\/festivalclunydanse.com\\\/wp-content\\\/uploads\\\/2026\\\/02\\\/Copie-de-BdL14-1-934x1024.jpg\",\"datePublished\":\"2026-03-16T14:49:29+00:00\",\"dateModified\":\"2026-03-24T14:57:01+00:00\",\"breadcrumb\":{\"@id\":\"https:\\\/\\\/festivalclunydanse.com\\\/?page_id=3575#breadcrumb\"},\"inLanguage\":\"fr-BE\",\"potentialAction\":[{\"@type\":\"ReadAction\",\"target\":[\"https:\\\/\\\/festivalclunydanse.com\\\/?page_id=3575\"]}]},{\"@type\":\"ImageObject\",\"inLanguage\":\"fr-BE\",\"@id\":\"https:\\\/\\\/festivalclunydanse.com\\\/?page_id=3575#primaryimage\",\"url\":\"https:\\\/\\\/festivalclunydanse.com\\\/wp-content\\\/uploads\\\/2026\\\/02\\\/Copie-de-BdL14-1-scaled.jpg\",\"contentUrl\":\"https:\\\/\\\/festivalclunydanse.com\\\/wp-content\\\/uploads\\\/2026\\\/02\\\/Copie-de-BdL14-1-scaled.jpg\",\"width\":2335,\"height\":2560},{\"@type\":\"BreadcrumbList\",\"@id\":\"https:\\\/\\\/festivalclunydanse.com\\\/?page_id=3575#breadcrumb\",\"itemListElement\":[{\"@type\":\"ListItem\",\"position\":1,\"name\":\"Home\",\"item\":\"https:\\\/\\\/festivalclunydanse.com\\\/\"},{\"@type\":\"ListItem\",\"position\":2,\"name\":\"DJ Set\"}]},{\"@type\":\"WebSite\",\"@id\":\"https:\\\/\\\/festivalclunydanse.com\\\/#website\",\"url\":\"https:\\\/\\\/festivalclunydanse.com\\\/\",\"name\":\"Festival Cluny Danse\",\"description\":\"Organisateur : Compagnie Le grand jet\u00e9 ! \",\"potentialAction\":[{\"@type\":\"SearchAction\",\"target\":{\"@type\":\"EntryPoint\",\"urlTemplate\":\"https:\\\/\\\/festivalclunydanse.com\\\/?s={search_term_string}\"},\"query-input\":{\"@type\":\"PropertyValueSpecification\",\"valueRequired\":true,\"valueName\":\"search_term_string\"}}],\"inLanguage\":\"fr-BE\"}]}<\/script>\n<!-- \/ Yoast SEO plugin. -->","yoast_head_json":{"title":"DJ Set - Festival Cluny Danse","robots":{"index":"index","follow":"follow","max-snippet":"max-snippet:-1","max-image-preview":"max-image-preview:large","max-video-preview":"max-video-preview:-1"},"canonical":"https:\/\/festivalclunydanse.com\/?page_id=3575","og_locale":"fr_FR","og_type":"article","og_title":"DJ Set - Festival Cluny Danse","og_description":"Vendredi 15 mai 2026 &#8211; BdL\u00a0 St\u00e9phanoise d\u2019origine, BdL s\u2019est impr\u00e9gn\u00e9e des vibrations urbaines de capitales culturelles telles que New-york, Dublin, et Paris pendant plusieurs ann\u00e9es. Ces voyages lui ont permis de s\u2019immerger dans un multitude de mouvements musicaux (House,","og_url":"https:\/\/festivalclunydanse.com\/?page_id=3575","og_site_name":"Festival Cluny Danse","article_publisher":"http:\/\/facebook.com\/legrandjete.celle","article_modified_time":"2026-03-24T14:57:01+00:00","og_image":[{"width":2335,"height":2560,"url":"https:\/\/festivalclunydanse.com\/wp-content\/uploads\/2026\/02\/Copie-de-BdL14-1-scaled.jpg","type":"image\/jpeg"}],"twitter_card":"summary_large_image","twitter_misc":{"Dur\u00e9e de lecture est.":"3 minutes"},"schema":{"@context":"https:\/\/schema.org","@graph":[{"@type":"WebPage","@id":"https:\/\/festivalclunydanse.com\/?page_id=3575","url":"https:\/\/festivalclunydanse.com\/?page_id=3575","name":"DJ Set - Festival Cluny Danse","isPartOf":{"@id":"https:\/\/festivalclunydanse.com\/#website"},"primaryImageOfPage":{"@id":"https:\/\/festivalclunydanse.com\/?page_id=3575#primaryimage"},"image":{"@id":"https:\/\/festivalclunydanse.com\/?page_id=3575#primaryimage"},"thumbnailUrl":"https:\/\/festivalclunydanse.com\/wp-content\/uploads\/2026\/02\/Copie-de-BdL14-1-934x1024.jpg","datePublished":"2026-03-16T14:49:29+00:00","dateModified":"2026-03-24T14:57:01+00:00","breadcrumb":{"@id":"https:\/\/festivalclunydanse.com\/?page_id=3575#breadcrumb"},"inLanguage":"fr-BE","potentialAction":[{"@type":"ReadAction","target":["https:\/\/festivalclunydanse.com\/?page_id=3575"]}]},{"@type":"ImageObject","inLanguage":"fr-BE","@id":"https:\/\/festivalclunydanse.com\/?page_id=3575#primaryimage","url":"https:\/\/festivalclunydanse.com\/wp-content\/uploads\/2026\/02\/Copie-de-BdL14-1-scaled.jpg","contentUrl":"https:\/\/festivalclunydanse.com\/wp-content\/uploads\/2026\/02\/Copie-de-BdL14-1-scaled.jpg","width":2335,"height":2560},{"@type":"BreadcrumbList","@id":"https:\/\/festivalclunydanse.com\/?page_id=3575#breadcrumb","itemListElement":[{"@type":"ListItem","position":1,"name":"Home","item":"https:\/\/festivalclunydanse.com\/"},{"@type":"ListItem","position":2,"name":"DJ Set"}]},{"@type":"WebSite","@id":"https:\/\/festivalclunydanse.com\/#website","url":"https:\/\/festivalclunydanse.com\/","name":"Festival Cluny Danse","description":"Organisateur : Compagnie Le grand jet\u00e9 ! ","potentialAction":[{"@type":"SearchAction","target":{"@type":"EntryPoint","urlTemplate":"https:\/\/festivalclunydanse.com\/?s={search_term_string}"},"query-input":{"@type":"PropertyValueSpecification","valueRequired":true,"valueName":"search_term_string"}}],"inLanguage":"fr-BE"}]}},"_links":{"self":[{"href":"https:\/\/festivalclunydanse.com\/index.php?rest_route=\/wp\/v2\/pages\/3575","targetHints":{"allow":["GET"]}}],"collection":[{"href":"https:\/\/festivalclunydanse.com\/index.php?rest_route=\/wp\/v2\/pages"}],"about":[{"href":"https:\/\/festivalclunydanse.com\/index.php?rest_route=\/wp\/v2\/types\/page"}],"author":[{"embeddable":true,"href":"https:\/\/festivalclunydanse.com\/index.php?rest_route=\/wp\/v2\/users\/1"}],"replies":[{"embeddable":true,"href":"https:\/\/festivalclunydanse.com\/index.php?rest_route=%2Fwp%2Fv2%2Fcomments&post=3575"}],"version-history":[{"count":8,"href":"https:\/\/festivalclunydanse.com\/index.php?rest_route=\/wp\/v2\/pages\/3575\/revisions"}],"predecessor-version":[{"id":3904,"href":"https:\/\/festivalclunydanse.com\/index.php?rest_route=\/wp\/v2\/pages\/3575\/revisions\/3904"}],"wp:attachment":[{"href":"https:\/\/festivalclunydanse.com\/index.php?rest_route=%2Fwp%2Fv2%2Fmedia&parent=3575"}],"curies":[{"name":"wp","href":"https:\/\/api.w.org\/{rel}","templated":true}]}}