{"id":3572,"date":"2026-03-16T14:56:20","date_gmt":"2026-03-16T13:56:20","guid":{"rendered":"https:\/\/festivalclunydanse.com\/?page_id=3572"},"modified":"2026-03-16T16:13:34","modified_gmt":"2026-03-16T15:13:34","slug":"le-crew-cie-revolution","status":"publish","type":"page","link":"https:\/\/festivalclunydanse.com\/?page_id=3572","title":{"rendered":"Le Crew &#8211; Cie R\u00eavolution"},"content":{"rendered":"\n<div class=\"wp-block-columns is-layout-flex wp-container-core-columns-is-layout-9d6595d7 wp-block-columns-is-layout-flex\">\n<div class=\"wp-block-column is-layout-flow wp-block-column-is-layout-flow\" style=\"flex-basis:70px\"><\/div>\n\n\n\n<div class=\"wp-block-column is-layout-flow wp-block-column-is-layout-flow\">\n<figure class=\"wp-block-video\"><video height=\"720\" style=\"aspect-ratio: 1278 \/ 720;\" width=\"1278\" controls src=\"https:\/\/festivalclunydanse.com\/wp-content\/uploads\/2026\/02\/Teaser-2025.mov\"><\/video><\/figure>\n<\/div>\n\n\n\n<div class=\"wp-block-column is-layout-flow wp-block-column-is-layout-flow\" style=\"flex-basis:70px\"><\/div>\n<\/div>\n\n\n<p><span style=\"color: #000000;\"><strong>Dimanche 17 mai 2026<\/strong>\u00a0<\/span><br \/><span style=\"color: #000000;\"><strong>Heure de jeu<\/strong> : 16h45<\/span><br \/><span style=\"color: #000000;\"><strong>Lieu<\/strong> : Parc Abbatial<\/span><br \/><span style=\"color: #000000;\"><strong>Dur\u00e9e<\/strong> : 45 minutes\u00a0<\/span><br \/><span style=\"color: #000000;\">Tout public\u00a0<\/span><\/p>\n<p><span style=\"color: #000000;\">Le Crew est une suite du GIC \u2013 Groupe d\u2019intervention chor\u00e9graphique \u2013 ou plut\u00f4t une continuit\u00e9 de cette forme tout terrain qui a grandi et s\u2019est construite au contact des publics et des environnements. Le Crew est avant tout un retour \u00e0 la rue, cette matrice de la danse Hip-Hop, un retour aux sources presque vital pour le chor\u00e9graphe de retrouver ce rapport direct, ce face \u00e0 face sans concession face aux populations. C\u2019est une sorte d\u2019\u00e9vidence de poursuivre cette recherche en espace public dans la lanc\u00e9e et l\u2019\u00e9nergie du GIC.<span class=\"Apple-converted-space\">\u00a0<\/span><\/span><\/p>\n<p><span style=\"color: #000000;\">Apr\u00e8s plus de cent cinquante repr\u00e9sentations dans des endroits des plus insolites aux plus traditionnels, se sont d\u00e9gag\u00e9es des v\u00e9rit\u00e9s, un savoir-faire, des \u00e9vidences. Pendant ces ann\u00e9es d\u2019exp\u00e9rimentation du GIC, un collectif de danseurs s\u2019est mis en place autour de cette forme tout terrain. Il s\u2019est cr\u00e9\u00e9 une alchimie, une coh\u00e9sion, une famille pr\u00eate \u00e0 battre le bitume, \u00e0 apprivoiser les espaces pour imposer sa signature.\u00a0<\/span><\/p>\n<p class=\"p1\"><span style=\"color: #000000;\"><strong>Id\u00e9e originale et chor\u00e9graphie<\/strong> : Anthony Eg\u00e9a<br \/><\/span><span style=\"color: #000000;\"><strong>Production<\/strong> : Cie R\u00eavolution<br \/><\/span><span style=\"color: #000000;\"><strong>Co-production et soutiens : <\/strong><span class=\"a_GcMg font-feature-liga-off font-feature-clig-off font-feature-calt-off text-decoration-none text-strikethrough-none\">Sur le Pont \u2013 CNAREP &amp; Les Fabriques R\u00e9unies (Lacaze aux Sottises, Musicalarue) Ville de Mussidan Espace Br\u00e9montier &#8211; Ar\u00e8s DRAC Nouvelle-Aquitaine Sc\u00e8ne Nationale Carr\u00e9-Colonnes.<\/span><\/span><\/p>\n<p><span style=\"color: #000000;\"><span class=\"a_GcMg font-feature-liga-off font-feature-clig-off font-feature-calt-off text-decoration-none text-strikethrough-none\">\u00ab\u00a0Le Crew\u00a0\u00bb b\u00e9n\u00e9ficie de l&rsquo;Aide \u00e0 la diffusion de l&rsquo;OARA, Office Artistique de la R\u00e9gion nouvelle Aquitaine. La Cie R\u00eavolution est conventionn\u00e9e par le Minist\u00e8re de la Culture, elle b\u00e9n\u00e9ficie du soutien de la Drac Nouvelle-Aquitaine, le Conseil R\u00e9gional Nouvelle-Aquitaine et le D\u00e9partement de la Gironde et Ville de Bordeaux.<\/span>\u00a0<\/span><\/p>\n<p><span style=\"color: #000000;\">C\u2019est en 1991 que sont pos\u00e9s les jalons de la <a href=\"https:\/\/cie-revolution.com\">Compagnie R\u00eavolution<\/a> Dance, initialement imagin\u00e9e sous la forme d\u2019un collectif de jeunes artistes. En animant cet espace de rencontres et de partage o\u00f9 les influences de chacun se croisent et se nourrissent mutuellement. A partir de 2001, le collectif devient une compagnie, portant dor\u00e9navant la seule signature d\u2019Anthony Eg\u00e9a. Enthousiaste et d\u00e9vou\u00e9e, son \u00e9quipe p\u00e9dagogique assurera, \u00e0 travers sa formation, de solides bases sur le plan local, puis r\u00e9gional et enfin national.<\/span><\/p>\n\n\n<p><\/p>\n","protected":false},"excerpt":{"rendered":"<p>Dimanche 17 mai 2026\u00a0Heure de jeu : 16h45Lieu : Parc AbbatialDur\u00e9e : 45 minutes\u00a0Tout public\u00a0 Le Crew est une suite du GIC \u2013 Groupe d\u2019intervention chor\u00e9graphique \u2013 ou plut\u00f4t une continuit\u00e9 de cette forme tout terrain qui a grandi et<\/p>\n","protected":false},"author":1,"featured_media":0,"parent":0,"menu_order":0,"comment_status":"closed","ping_status":"closed","template":"","meta":{"_exactmetrics_skip_tracking":false,"_exactmetrics_sitenote_active":false,"_exactmetrics_sitenote_note":"","_exactmetrics_sitenote_category":0,"footnotes":""},"class_list":["post-3572","page","type-page","status-publish","hentry"],"yoast_head":"<!-- This site is optimized with the Yoast SEO plugin v27.3 - https:\/\/yoast.com\/product\/yoast-seo-wordpress\/ -->\n<title>Le Crew - Cie R\u00eavolution - Festival Cluny Danse<\/title>\n<meta name=\"robots\" content=\"index, follow, max-snippet:-1, max-image-preview:large, max-video-preview:-1\" \/>\n<link rel=\"canonical\" href=\"https:\/\/festivalclunydanse.com\/?page_id=3572\" \/>\n<meta property=\"og:locale\" content=\"fr_FR\" \/>\n<meta property=\"og:type\" content=\"article\" \/>\n<meta property=\"og:title\" content=\"Le Crew - Cie R\u00eavolution - Festival Cluny Danse\" \/>\n<meta property=\"og:description\" content=\"Dimanche 17 mai 2026\u00a0Heure de jeu : 16h45Lieu : Parc AbbatialDur\u00e9e : 45 minutes\u00a0Tout public\u00a0 Le Crew est une suite du GIC \u2013 Groupe d\u2019intervention chor\u00e9graphique \u2013 ou plut\u00f4t une continuit\u00e9 de cette forme tout terrain qui a grandi et\" \/>\n<meta property=\"og:url\" content=\"https:\/\/festivalclunydanse.com\/?page_id=3572\" \/>\n<meta property=\"og:site_name\" content=\"Festival Cluny Danse\" \/>\n<meta property=\"article:publisher\" content=\"http:\/\/facebook.com\/legrandjete.celle\" \/>\n<meta property=\"article:modified_time\" content=\"2026-03-16T15:13:34+00:00\" \/>\n<meta name=\"twitter:card\" content=\"summary_large_image\" \/>\n<meta name=\"twitter:label1\" content=\"Dur\u00e9e de lecture est.\" \/>\n\t<meta name=\"twitter:data1\" content=\"2 minutes\" \/>\n<script type=\"application\/ld+json\" class=\"yoast-schema-graph\">{\"@context\":\"https:\\\/\\\/schema.org\",\"@graph\":[{\"@type\":\"WebPage\",\"@id\":\"https:\\\/\\\/festivalclunydanse.com\\\/?page_id=3572\",\"url\":\"https:\\\/\\\/festivalclunydanse.com\\\/?page_id=3572\",\"name\":\"Le Crew - Cie R\u00eavolution - Festival Cluny Danse\",\"isPartOf\":{\"@id\":\"https:\\\/\\\/festivalclunydanse.com\\\/#website\"},\"datePublished\":\"2026-03-16T13:56:20+00:00\",\"dateModified\":\"2026-03-16T15:13:34+00:00\",\"breadcrumb\":{\"@id\":\"https:\\\/\\\/festivalclunydanse.com\\\/?page_id=3572#breadcrumb\"},\"inLanguage\":\"fr-BE\",\"potentialAction\":[{\"@type\":\"ReadAction\",\"target\":[\"https:\\\/\\\/festivalclunydanse.com\\\/?page_id=3572\"]}]},{\"@type\":\"BreadcrumbList\",\"@id\":\"https:\\\/\\\/festivalclunydanse.com\\\/?page_id=3572#breadcrumb\",\"itemListElement\":[{\"@type\":\"ListItem\",\"position\":1,\"name\":\"Home\",\"item\":\"https:\\\/\\\/festivalclunydanse.com\\\/\"},{\"@type\":\"ListItem\",\"position\":2,\"name\":\"Le Crew &#8211; Cie R\u00eavolution\"}]},{\"@type\":\"WebSite\",\"@id\":\"https:\\\/\\\/festivalclunydanse.com\\\/#website\",\"url\":\"https:\\\/\\\/festivalclunydanse.com\\\/\",\"name\":\"Festival Cluny Danse\",\"description\":\"Organisateur : Compagnie Le grand jet\u00e9 ! \",\"potentialAction\":[{\"@type\":\"SearchAction\",\"target\":{\"@type\":\"EntryPoint\",\"urlTemplate\":\"https:\\\/\\\/festivalclunydanse.com\\\/?s={search_term_string}\"},\"query-input\":{\"@type\":\"PropertyValueSpecification\",\"valueRequired\":true,\"valueName\":\"search_term_string\"}}],\"inLanguage\":\"fr-BE\"}]}<\/script>\n<!-- \/ Yoast SEO plugin. -->","yoast_head_json":{"title":"Le Crew - Cie R\u00eavolution - Festival Cluny Danse","robots":{"index":"index","follow":"follow","max-snippet":"max-snippet:-1","max-image-preview":"max-image-preview:large","max-video-preview":"max-video-preview:-1"},"canonical":"https:\/\/festivalclunydanse.com\/?page_id=3572","og_locale":"fr_FR","og_type":"article","og_title":"Le Crew - Cie R\u00eavolution - Festival Cluny Danse","og_description":"Dimanche 17 mai 2026\u00a0Heure de jeu : 16h45Lieu : Parc AbbatialDur\u00e9e : 45 minutes\u00a0Tout public\u00a0 Le Crew est une suite du GIC \u2013 Groupe d\u2019intervention chor\u00e9graphique \u2013 ou plut\u00f4t une continuit\u00e9 de cette forme tout terrain qui a grandi et","og_url":"https:\/\/festivalclunydanse.com\/?page_id=3572","og_site_name":"Festival Cluny Danse","article_publisher":"http:\/\/facebook.com\/legrandjete.celle","article_modified_time":"2026-03-16T15:13:34+00:00","twitter_card":"summary_large_image","twitter_misc":{"Dur\u00e9e de lecture est.":"2 minutes"},"schema":{"@context":"https:\/\/schema.org","@graph":[{"@type":"WebPage","@id":"https:\/\/festivalclunydanse.com\/?page_id=3572","url":"https:\/\/festivalclunydanse.com\/?page_id=3572","name":"Le Crew - Cie R\u00eavolution - Festival Cluny Danse","isPartOf":{"@id":"https:\/\/festivalclunydanse.com\/#website"},"datePublished":"2026-03-16T13:56:20+00:00","dateModified":"2026-03-16T15:13:34+00:00","breadcrumb":{"@id":"https:\/\/festivalclunydanse.com\/?page_id=3572#breadcrumb"},"inLanguage":"fr-BE","potentialAction":[{"@type":"ReadAction","target":["https:\/\/festivalclunydanse.com\/?page_id=3572"]}]},{"@type":"BreadcrumbList","@id":"https:\/\/festivalclunydanse.com\/?page_id=3572#breadcrumb","itemListElement":[{"@type":"ListItem","position":1,"name":"Home","item":"https:\/\/festivalclunydanse.com\/"},{"@type":"ListItem","position":2,"name":"Le Crew &#8211; Cie R\u00eavolution"}]},{"@type":"WebSite","@id":"https:\/\/festivalclunydanse.com\/#website","url":"https:\/\/festivalclunydanse.com\/","name":"Festival Cluny Danse","description":"Organisateur : Compagnie Le grand jet\u00e9 ! ","potentialAction":[{"@type":"SearchAction","target":{"@type":"EntryPoint","urlTemplate":"https:\/\/festivalclunydanse.com\/?s={search_term_string}"},"query-input":{"@type":"PropertyValueSpecification","valueRequired":true,"valueName":"search_term_string"}}],"inLanguage":"fr-BE"}]}},"_links":{"self":[{"href":"https:\/\/festivalclunydanse.com\/index.php?rest_route=\/wp\/v2\/pages\/3572","targetHints":{"allow":["GET"]}}],"collection":[{"href":"https:\/\/festivalclunydanse.com\/index.php?rest_route=\/wp\/v2\/pages"}],"about":[{"href":"https:\/\/festivalclunydanse.com\/index.php?rest_route=\/wp\/v2\/types\/page"}],"author":[{"embeddable":true,"href":"https:\/\/festivalclunydanse.com\/index.php?rest_route=\/wp\/v2\/users\/1"}],"replies":[{"embeddable":true,"href":"https:\/\/festivalclunydanse.com\/index.php?rest_route=%2Fwp%2Fv2%2Fcomments&post=3572"}],"version-history":[{"count":8,"href":"https:\/\/festivalclunydanse.com\/index.php?rest_route=\/wp\/v2\/pages\/3572\/revisions"}],"predecessor-version":[{"id":3809,"href":"https:\/\/festivalclunydanse.com\/index.php?rest_route=\/wp\/v2\/pages\/3572\/revisions\/3809"}],"wp:attachment":[{"href":"https:\/\/festivalclunydanse.com\/index.php?rest_route=%2Fwp%2Fv2%2Fmedia&parent=3572"}],"curies":[{"name":"wp","href":"https:\/\/api.w.org\/{rel}","templated":true}]}}