{"id":3569,"date":"2026-03-16T14:59:05","date_gmt":"2026-03-16T13:59:05","guid":{"rendered":"https:\/\/festivalclunydanse.com\/?page_id=3569"},"modified":"2026-03-16T16:12:57","modified_gmt":"2026-03-16T15:12:57","slug":"hot-dog-galactik-ensemble","status":"publish","type":"page","link":"https:\/\/festivalclunydanse.com\/?page_id=3569","title":{"rendered":"Hot-dog &#8211; Galactik Ensemble"},"content":{"rendered":"\n<div class=\"wp-block-columns is-layout-flex wp-container-core-columns-is-layout-9d6595d7 wp-block-columns-is-layout-flex\">\n<div class=\"wp-block-column is-layout-flow wp-block-column-is-layout-flow\" style=\"flex-basis:70px\"><\/div>\n\n\n\n<div class=\"wp-block-column is-layout-flow wp-block-column-is-layout-flow\">\n<figure class=\"wp-block-video\"><video height=\"360\" style=\"aspect-ratio: 640 \/ 360;\" width=\"640\" controls src=\"https:\/\/festivalclunydanse.com\/wp-content\/uploads\/2026\/02\/Hot-dog-Galactik-Ensemble-Teaser-2024.mp4\"><\/video><\/figure>\n<\/div>\n\n\n\n<div class=\"wp-block-column is-layout-flow wp-block-column-is-layout-flow\" style=\"flex-basis:70px\"><\/div>\n<\/div>\n\n\n<p><span style=\"color: #000000;\"><strong>Dimanche 17 mai 2026<\/strong><\/span><br \/><span style=\"color: #000000;\"><strong>Heure de jeu<\/strong> : 15h15<\/span><br \/><span style=\"color: #000000;\"><strong>Lieu<\/strong> : Parc Abbatial<\/span><br \/><span style=\"color: #000000;\"><strong>Dur\u00e9e<\/strong> : 30 minutes\u00a0<\/span><br \/><span style=\"color: #000000;\">Tout public\u00a0<\/span><\/p>\n<p class=\"p1\"><span style=\"color: #000000;\">Hot-dog est une fresque acrobatique, burlesque et musicale, autour de la lutte, dans ses diverses acceptations et imageries. Pens\u00e9 comme une succession de paysages mouvants, Hot dog est aussi une collection de gestes, d\u2019\u00e9tats de corps, de situations th\u00e9\u00e2trales qui s\u2019esquissent autour des luttes de toutes les \u00e9poques. Peu \u00e0 peu naissent des bribes de portraits oniriques d\u2019hommes qui se (d\u00e9)battent pour avancer, press\u00e9s toujours plus par le temps qui court\/leur court apr\u00e8s.<\/span><\/p>\n<p class=\"p1\"><span style=\"color: #000000;\">Glissant d\u2019une \u00e9pop\u00e9e chevaleresque vers une bagarre de village, d\u2019un pas-de-deux baroque, \u00e0 un combat de catch mexicain, en s\u2019appuyant sur des dualit\u00e9s caricaturales (chevalier &#8211; sauvage, catcheur &#8211; banquier, CRS &#8211; activiste&#8230;) et de r\u00e9flexions proches de la pataphysique, Hot-dog se nourrit autant des conflits microbiens que de l\u2019\u00e9tat du monde actuel. C\u2019est aussi une tentative de m\u00e9taphore de l\u2019homme-saucisse, pris en \u00e9tau entre la pluralit\u00e9 des luttes de notre monde moderne, et dont l\u2019organisation soci\u00e9tale inadapt\u00e9e ne fait finalement qu\u2019une bouch\u00e9e.\u00a0<\/span><\/p>\n<p class=\"p1\"><span style=\"color: #000000;\"><strong>Production et diffusion<\/strong> : L\u00e9a Couqueberg\u00a0<\/span><br \/><span style=\"color: #000000;\"><span class=\"s1\"><strong>Production<\/strong> :<\/span> Galactik Ensemble<\/span><br \/><span style=\"color: #000000;\"><strong>De et avec<\/strong> : Mathieu Bleton, Jonas Julliand, Karim Messaoudi.<\/span><br \/><span style=\"color: #000000;\"><strong>R\u00e9gie g\u00e9n\u00e9rale et accessoires<\/strong> : Charles Rousseau<\/span><br \/><span style=\"color: #000000;\"><strong>Collaboration artistique<\/strong> : Marie Fonte<\/span><br \/><span style=\"color: #000000;\"><strong>Avec le soutien de : \u00a0<\/strong>L\u2019Essieu du Batut \u2013 Murols, Equinoxe \u2013 sc\u00e8ne nationale de Ch\u00e2teauroux et Bonlieu \u2013 sc\u00e8ne nationale d\u2019Annecy. <span class=\"s1\">Avec l\u2019aide<\/span> \u00e0 la r\u00e9sidence du d\u00e9partement de l\u2019Aveyron.\u00a0<\/span><\/p>\n<p><span class=\"color_36 wixui-rich-text__text\" style=\"color: #000000;\"><span class=\"wixui-rich-text__text\">Le <a href=\"https:\/\/www.galactikensemble.com\">Galactik Ensemble<\/a> est une structure qui tente d&rsquo;\u00e9tablir un fonctionnement coll\u00e9gial, tant concernant les choix artistiques que les choix inh\u00e9rents au fonctionnement de compagnie. <\/span><\/span><span style=\"color: #000000;\"><span class=\"wixui-rich-text__text\">D\u2019une familiarit\u00e9 artistique est n\u00e9e une complicit\u00e9 dans le travail entre Mathieu Bleton, Mosi Espinoza, Jonas Julliand, Karim Messaoudi et Cyril Pernot, il y a de cela dix ans. Leur pratique commune du cirque et plus particuli\u00e8rement de l\u2019acrobatie leur a permis de se rencontrer au sein \u00a0 de l\u2019ENACR (Ecole Nationale des Arts du Cirque de Rosny-sous Bois). Depuis ce temps ils ont enrichi <\/span><span class=\"wixui-rich-text__text\">leurs parcours de diff\u00e9rentes exp\u00e9riences, d\u2019interpr\u00e8tes ou d\u2019auteurs.<\/span><\/span><\/p>\n<p class=\"p2\"><span style=\"color: #000000;\"><span class=\"s1\">Le Galactik Ensemble<\/span> est une compagnie conventionn\u00e9e par la Direction r\u00e9gionale des affaires culturelles d\u2019\u00cele-de-France.<\/span><\/p>\n<p class=\"p1\">\u00a0<\/p>","protected":false},"excerpt":{"rendered":"<p>Dimanche 17 mai 2026Heure de jeu : 15h15Lieu : Parc AbbatialDur\u00e9e : 30 minutes\u00a0Tout public\u00a0 Hot-dog est une fresque acrobatique, burlesque et musicale, autour de la lutte, dans ses diverses acceptations et imageries. Pens\u00e9 comme une succession de paysages mouvants,<\/p>\n","protected":false},"author":1,"featured_media":0,"parent":0,"menu_order":0,"comment_status":"closed","ping_status":"closed","template":"","meta":{"_exactmetrics_skip_tracking":false,"_exactmetrics_sitenote_active":false,"_exactmetrics_sitenote_note":"","_exactmetrics_sitenote_category":0,"footnotes":""},"class_list":["post-3569","page","type-page","status-publish","hentry"],"yoast_head":"<!-- This site is optimized with the Yoast SEO plugin v27.3 - https:\/\/yoast.com\/product\/yoast-seo-wordpress\/ -->\n<title>Hot-dog - Galactik Ensemble - Festival Cluny Danse<\/title>\n<meta name=\"robots\" content=\"index, follow, max-snippet:-1, max-image-preview:large, max-video-preview:-1\" \/>\n<link rel=\"canonical\" href=\"https:\/\/festivalclunydanse.com\/?page_id=3569\" \/>\n<meta property=\"og:locale\" content=\"fr_FR\" \/>\n<meta property=\"og:type\" content=\"article\" \/>\n<meta property=\"og:title\" content=\"Hot-dog - Galactik Ensemble - Festival Cluny Danse\" \/>\n<meta property=\"og:description\" content=\"Dimanche 17 mai 2026Heure de jeu : 15h15Lieu : Parc AbbatialDur\u00e9e : 30 minutes\u00a0Tout public\u00a0 Hot-dog est une fresque acrobatique, burlesque et musicale, autour de la lutte, dans ses diverses acceptations et imageries. Pens\u00e9 comme une succession de paysages mouvants,\" \/>\n<meta property=\"og:url\" content=\"https:\/\/festivalclunydanse.com\/?page_id=3569\" \/>\n<meta property=\"og:site_name\" content=\"Festival Cluny Danse\" \/>\n<meta property=\"article:publisher\" content=\"http:\/\/facebook.com\/legrandjete.celle\" \/>\n<meta property=\"article:modified_time\" content=\"2026-03-16T15:12:57+00:00\" \/>\n<meta name=\"twitter:card\" content=\"summary_large_image\" \/>\n<meta name=\"twitter:label1\" content=\"Dur\u00e9e de lecture est.\" \/>\n\t<meta name=\"twitter:data1\" content=\"2 minutes\" \/>\n<script type=\"application\/ld+json\" class=\"yoast-schema-graph\">{\"@context\":\"https:\\\/\\\/schema.org\",\"@graph\":[{\"@type\":\"WebPage\",\"@id\":\"https:\\\/\\\/festivalclunydanse.com\\\/?page_id=3569\",\"url\":\"https:\\\/\\\/festivalclunydanse.com\\\/?page_id=3569\",\"name\":\"Hot-dog - Galactik Ensemble - Festival Cluny Danse\",\"isPartOf\":{\"@id\":\"https:\\\/\\\/festivalclunydanse.com\\\/#website\"},\"datePublished\":\"2026-03-16T13:59:05+00:00\",\"dateModified\":\"2026-03-16T15:12:57+00:00\",\"breadcrumb\":{\"@id\":\"https:\\\/\\\/festivalclunydanse.com\\\/?page_id=3569#breadcrumb\"},\"inLanguage\":\"fr-BE\",\"potentialAction\":[{\"@type\":\"ReadAction\",\"target\":[\"https:\\\/\\\/festivalclunydanse.com\\\/?page_id=3569\"]}]},{\"@type\":\"BreadcrumbList\",\"@id\":\"https:\\\/\\\/festivalclunydanse.com\\\/?page_id=3569#breadcrumb\",\"itemListElement\":[{\"@type\":\"ListItem\",\"position\":1,\"name\":\"Home\",\"item\":\"https:\\\/\\\/festivalclunydanse.com\\\/\"},{\"@type\":\"ListItem\",\"position\":2,\"name\":\"Hot-dog &#8211; Galactik Ensemble\"}]},{\"@type\":\"WebSite\",\"@id\":\"https:\\\/\\\/festivalclunydanse.com\\\/#website\",\"url\":\"https:\\\/\\\/festivalclunydanse.com\\\/\",\"name\":\"Festival Cluny Danse\",\"description\":\"Organisateur : Compagnie Le grand jet\u00e9 ! \",\"potentialAction\":[{\"@type\":\"SearchAction\",\"target\":{\"@type\":\"EntryPoint\",\"urlTemplate\":\"https:\\\/\\\/festivalclunydanse.com\\\/?s={search_term_string}\"},\"query-input\":{\"@type\":\"PropertyValueSpecification\",\"valueRequired\":true,\"valueName\":\"search_term_string\"}}],\"inLanguage\":\"fr-BE\"}]}<\/script>\n<!-- \/ Yoast SEO plugin. -->","yoast_head_json":{"title":"Hot-dog - Galactik Ensemble - Festival Cluny Danse","robots":{"index":"index","follow":"follow","max-snippet":"max-snippet:-1","max-image-preview":"max-image-preview:large","max-video-preview":"max-video-preview:-1"},"canonical":"https:\/\/festivalclunydanse.com\/?page_id=3569","og_locale":"fr_FR","og_type":"article","og_title":"Hot-dog - Galactik Ensemble - Festival Cluny Danse","og_description":"Dimanche 17 mai 2026Heure de jeu : 15h15Lieu : Parc AbbatialDur\u00e9e : 30 minutes\u00a0Tout public\u00a0 Hot-dog est une fresque acrobatique, burlesque et musicale, autour de la lutte, dans ses diverses acceptations et imageries. Pens\u00e9 comme une succession de paysages mouvants,","og_url":"https:\/\/festivalclunydanse.com\/?page_id=3569","og_site_name":"Festival Cluny Danse","article_publisher":"http:\/\/facebook.com\/legrandjete.celle","article_modified_time":"2026-03-16T15:12:57+00:00","twitter_card":"summary_large_image","twitter_misc":{"Dur\u00e9e de lecture est.":"2 minutes"},"schema":{"@context":"https:\/\/schema.org","@graph":[{"@type":"WebPage","@id":"https:\/\/festivalclunydanse.com\/?page_id=3569","url":"https:\/\/festivalclunydanse.com\/?page_id=3569","name":"Hot-dog - Galactik Ensemble - Festival Cluny Danse","isPartOf":{"@id":"https:\/\/festivalclunydanse.com\/#website"},"datePublished":"2026-03-16T13:59:05+00:00","dateModified":"2026-03-16T15:12:57+00:00","breadcrumb":{"@id":"https:\/\/festivalclunydanse.com\/?page_id=3569#breadcrumb"},"inLanguage":"fr-BE","potentialAction":[{"@type":"ReadAction","target":["https:\/\/festivalclunydanse.com\/?page_id=3569"]}]},{"@type":"BreadcrumbList","@id":"https:\/\/festivalclunydanse.com\/?page_id=3569#breadcrumb","itemListElement":[{"@type":"ListItem","position":1,"name":"Home","item":"https:\/\/festivalclunydanse.com\/"},{"@type":"ListItem","position":2,"name":"Hot-dog &#8211; Galactik Ensemble"}]},{"@type":"WebSite","@id":"https:\/\/festivalclunydanse.com\/#website","url":"https:\/\/festivalclunydanse.com\/","name":"Festival Cluny Danse","description":"Organisateur : Compagnie Le grand jet\u00e9 ! ","potentialAction":[{"@type":"SearchAction","target":{"@type":"EntryPoint","urlTemplate":"https:\/\/festivalclunydanse.com\/?s={search_term_string}"},"query-input":{"@type":"PropertyValueSpecification","valueRequired":true,"valueName":"search_term_string"}}],"inLanguage":"fr-BE"}]}},"_links":{"self":[{"href":"https:\/\/festivalclunydanse.com\/index.php?rest_route=\/wp\/v2\/pages\/3569","targetHints":{"allow":["GET"]}}],"collection":[{"href":"https:\/\/festivalclunydanse.com\/index.php?rest_route=\/wp\/v2\/pages"}],"about":[{"href":"https:\/\/festivalclunydanse.com\/index.php?rest_route=\/wp\/v2\/types\/page"}],"author":[{"embeddable":true,"href":"https:\/\/festivalclunydanse.com\/index.php?rest_route=\/wp\/v2\/users\/1"}],"replies":[{"embeddable":true,"href":"https:\/\/festivalclunydanse.com\/index.php?rest_route=%2Fwp%2Fv2%2Fcomments&post=3569"}],"version-history":[{"count":6,"href":"https:\/\/festivalclunydanse.com\/index.php?rest_route=\/wp\/v2\/pages\/3569\/revisions"}],"predecessor-version":[{"id":3810,"href":"https:\/\/festivalclunydanse.com\/index.php?rest_route=\/wp\/v2\/pages\/3569\/revisions\/3810"}],"wp:attachment":[{"href":"https:\/\/festivalclunydanse.com\/index.php?rest_route=%2Fwp%2Fv2%2Fmedia&parent=3569"}],"curies":[{"name":"wp","href":"https:\/\/api.w.org\/{rel}","templated":true}]}}