{"id":3559,"date":"2026-03-16T15:04:58","date_gmt":"2026-03-16T14:04:58","guid":{"rendered":"https:\/\/festivalclunydanse.com\/?page_id=3559"},"modified":"2026-03-16T16:10:35","modified_gmt":"2026-03-16T15:10:35","slug":"impact-live-cie-sospeso","status":"publish","type":"page","link":"https:\/\/festivalclunydanse.com\/?page_id=3559","title":{"rendered":"Impact Live &#8211; Cie Sospeso"},"content":{"rendered":"\n<div class=\"wp-block-columns is-layout-flex wp-container-core-columns-is-layout-9d6595d7 wp-block-columns-is-layout-flex\">\n<div class=\"wp-block-column is-layout-flow wp-block-column-is-layout-flow\" style=\"flex-basis:70px\"><\/div>\n\n\n\n<div class=\"wp-block-column is-layout-flow wp-block-column-is-layout-flow\">\n<figure class=\"wp-block-video\"><video height=\"2160\" style=\"aspect-ratio: 3840 \/ 2160;\" width=\"3840\" controls src=\"https:\/\/festivalclunydanse.com\/wp-content\/uploads\/2026\/02\/freecompress-TEASER_IMPACT_V5-1.mp4\"><\/video><\/figure>\n<\/div>\n\n\n\n<div class=\"wp-block-column is-layout-flow wp-block-column-is-layout-flow\" style=\"flex-basis:70px\"><\/div>\n<\/div>\n\n\n<p><span style=\"color: #000000;\"><strong>Samedi 16 mai 2026<\/strong><\/span><br \/><span style=\"color: #000000;\"><strong>Heure de jeu<\/strong> : 18h00<\/span><br \/><span style=\"color: #000000;\"><strong>Lieu<\/strong> : Parc Abbatial<\/span><br \/><span style=\"color: #000000;\"><strong>Dur\u00e9e<\/strong> : 50 minutes\u00a0<\/span><br \/><span style=\"color: #000000;\">Tout public\u00a0<\/span><\/p>\n<p><span style=\"color: #000000;\"><strong>IMPACT LIVE<\/strong> est une pi\u00e8ce chor\u00e9graphique et musicale pour trois danseurs (contemporaine et krump) et deux musiciens live (violon et batterie). C&rsquo;est une \u0153uvre o\u00f9 la danse et la musique se construisent mutuellement, dans un dialogue de vibrations, d&rsquo;\u00e9nergie brute et de reconstruction collective.<\/span><br \/><span style=\"color: #000000;\">En tant que danseuse et violoncelliste, Marion Parrinello est passionn\u00e9e par le rythme et le son. Elle explore chaque note, chaque battement, et cherche \u00e0 ressentir la mani\u00e8re dont le son r\u00e9sonne, traverse et percute le corps.<\/span><\/p>\n<p><span style=\"color: #000000;\">En collaborant avec des improvisateurs de talent de la sc\u00e8ne musicale jazz, Marion Parrinello a \u00e0 coeur de cr\u00e9er un spectacle o\u00f9 la danse et la musique se r\u00e9pondent, s&rsquo;entrelacent et transportent le public dans un tourbillon de sensations.<\/span><\/p>\n<div>\n<p class=\"v1MsoNormal\"><span style=\"color: #000000;\"><strong>Chor\u00e9graphie<\/strong> (en collaboration avec les danseurs) : Marion Parrinello<\/span><br \/><span style=\"color: #000000;\"><strong>Avec<\/strong> : Margaux Lissandre, Hugo Marie, Marion Parrinello (danseurs), Th\u00e9o Ceccaldi (violon) et Vincent Tortiller (batterie)<\/span><br \/><span style=\"color: #000000;\"><strong>Production<\/strong> : Guillaume Fernel<\/span><br \/><span style=\"color: #000000;\"><strong>Diffusion<\/strong> : Alice Magdel\u00e9nat <\/span><br \/><span style=\"color: #000000;\"><strong>Musique originale<\/strong> : Th\u00e9o Ceccaldi et Vincent Tortiller<\/span><br \/><span style=\"color: #000000;\"><strong>Ing\u00e9nieur du son<\/strong> : Mathieu Pion<\/span><br \/><span style=\"color: #000000;\"><strong>Mix musique<\/strong> : Valentin Couineau<\/span><br \/><span style=\"color: #000000;\"><strong>Regard ext\u00e9rieur<\/strong> : Fr\u00e9d\u00e9ric Cell\u00e9, Eva Assayas<\/span><br \/><span style=\"color: #000000;\"><strong>Accompagnement chor\u00e9graphique<\/strong> : Alban Richard<br \/><\/span><span style=\"color: #000000;\"><strong>Soutiens et r\u00e9sidences<\/strong> : Le 104 \u00e0 Paris, Le Fabrique de la Danse \u00e0 Pantin, Centre National de la Danse \u00e0 Pantin, Friche artistique de Nathalie Pernette \u00e0 Besan\u00e7on, Th\u00e9\u00e2tre de Boussy Saint Antoine, Conservatoire de Noisy Le Sec, Abbaye de Corbigny, CDCN L\u2019\u00e9changeur \u00e0 Ch\u00e2teau Thierry.<\/span><\/p>\n<p>La <a href=\"https:\/\/www.compagniesospeso.fr\">compagnie Sospeso<\/a> d\u00e9veloppe des spectacles autour du sensible et de l\u2019expression \u00ab Sospeso \u00bb en italien signifiant \u00ab suspendu \u00bb. La d\u00e9marche de la compagnie est d\u2019aller au del\u00e0, de d\u00e9passer les limites qui existent, d\u2019agiter les consciences : toute entreprise fond\u00e9e sur la curiosit\u00e9 permet d\u2019investir des champs d\u2019activit\u00e9 sensiblement \u00e9loign\u00e9s. Comme un pont suspendu entre les arts, que ce soit la parole, le langage du corps, l\u2019\u00e9criture, le rapport des uns et des autres\u2026 Les moyens de communication sont nombreux et permettent les rencontres entre tous et toutes. La cr\u00e9ation chor\u00e9graphique est toujours motiv\u00e9e par une rencontre avec des musiciens, des compositeurs, des instruments. Un lien qui se tisse, s\u2019\u00e9tire, une corde suspendue entre la musique et la danse.<\/p>\n<\/div>\n\n\n<p><\/p>\n","protected":false},"excerpt":{"rendered":"<p>Samedi 16 mai 2026Heure de jeu : 18h00Lieu : Parc AbbatialDur\u00e9e : 50 minutes\u00a0Tout public\u00a0 IMPACT LIVE est une pi\u00e8ce chor\u00e9graphique et musicale pour trois danseurs (contemporaine et krump) et deux musiciens live (violon et batterie). C&rsquo;est une \u0153uvre o\u00f9<\/p>\n","protected":false},"author":1,"featured_media":0,"parent":0,"menu_order":0,"comment_status":"closed","ping_status":"closed","template":"","meta":{"_exactmetrics_skip_tracking":false,"_exactmetrics_sitenote_active":false,"_exactmetrics_sitenote_note":"","_exactmetrics_sitenote_category":0,"footnotes":""},"class_list":["post-3559","page","type-page","status-publish","hentry"],"yoast_head":"<!-- This site is optimized with the Yoast SEO plugin v27.3 - https:\/\/yoast.com\/product\/yoast-seo-wordpress\/ -->\n<title>Impact Live - Cie Sospeso - Festival Cluny Danse<\/title>\n<meta name=\"robots\" content=\"index, follow, max-snippet:-1, max-image-preview:large, max-video-preview:-1\" \/>\n<link rel=\"canonical\" href=\"https:\/\/festivalclunydanse.com\/?page_id=3559\" \/>\n<meta property=\"og:locale\" content=\"fr_FR\" \/>\n<meta property=\"og:type\" content=\"article\" \/>\n<meta property=\"og:title\" content=\"Impact Live - Cie Sospeso - Festival Cluny Danse\" \/>\n<meta property=\"og:description\" content=\"Samedi 16 mai 2026Heure de jeu : 18h00Lieu : Parc AbbatialDur\u00e9e : 50 minutes\u00a0Tout public\u00a0 IMPACT LIVE est une pi\u00e8ce chor\u00e9graphique et musicale pour trois danseurs (contemporaine et krump) et deux musiciens live (violon et batterie). C&rsquo;est une \u0153uvre o\u00f9\" \/>\n<meta property=\"og:url\" content=\"https:\/\/festivalclunydanse.com\/?page_id=3559\" \/>\n<meta property=\"og:site_name\" content=\"Festival Cluny Danse\" \/>\n<meta property=\"article:publisher\" content=\"http:\/\/facebook.com\/legrandjete.celle\" \/>\n<meta property=\"article:modified_time\" content=\"2026-03-16T15:10:35+00:00\" \/>\n<meta name=\"twitter:card\" content=\"summary_large_image\" \/>\n<meta name=\"twitter:label1\" content=\"Dur\u00e9e de lecture est.\" \/>\n\t<meta name=\"twitter:data1\" content=\"2 minutes\" \/>\n<script type=\"application\/ld+json\" class=\"yoast-schema-graph\">{\"@context\":\"https:\\\/\\\/schema.org\",\"@graph\":[{\"@type\":\"WebPage\",\"@id\":\"https:\\\/\\\/festivalclunydanse.com\\\/?page_id=3559\",\"url\":\"https:\\\/\\\/festivalclunydanse.com\\\/?page_id=3559\",\"name\":\"Impact Live - Cie Sospeso - Festival Cluny Danse\",\"isPartOf\":{\"@id\":\"https:\\\/\\\/festivalclunydanse.com\\\/#website\"},\"datePublished\":\"2026-03-16T14:04:58+00:00\",\"dateModified\":\"2026-03-16T15:10:35+00:00\",\"breadcrumb\":{\"@id\":\"https:\\\/\\\/festivalclunydanse.com\\\/?page_id=3559#breadcrumb\"},\"inLanguage\":\"fr-BE\",\"potentialAction\":[{\"@type\":\"ReadAction\",\"target\":[\"https:\\\/\\\/festivalclunydanse.com\\\/?page_id=3559\"]}]},{\"@type\":\"BreadcrumbList\",\"@id\":\"https:\\\/\\\/festivalclunydanse.com\\\/?page_id=3559#breadcrumb\",\"itemListElement\":[{\"@type\":\"ListItem\",\"position\":1,\"name\":\"Home\",\"item\":\"https:\\\/\\\/festivalclunydanse.com\\\/\"},{\"@type\":\"ListItem\",\"position\":2,\"name\":\"Impact Live &#8211; Cie Sospeso\"}]},{\"@type\":\"WebSite\",\"@id\":\"https:\\\/\\\/festivalclunydanse.com\\\/#website\",\"url\":\"https:\\\/\\\/festivalclunydanse.com\\\/\",\"name\":\"Festival Cluny Danse\",\"description\":\"Organisateur : Compagnie Le grand jet\u00e9 ! \",\"potentialAction\":[{\"@type\":\"SearchAction\",\"target\":{\"@type\":\"EntryPoint\",\"urlTemplate\":\"https:\\\/\\\/festivalclunydanse.com\\\/?s={search_term_string}\"},\"query-input\":{\"@type\":\"PropertyValueSpecification\",\"valueRequired\":true,\"valueName\":\"search_term_string\"}}],\"inLanguage\":\"fr-BE\"}]}<\/script>\n<!-- \/ Yoast SEO plugin. -->","yoast_head_json":{"title":"Impact Live - Cie Sospeso - Festival Cluny Danse","robots":{"index":"index","follow":"follow","max-snippet":"max-snippet:-1","max-image-preview":"max-image-preview:large","max-video-preview":"max-video-preview:-1"},"canonical":"https:\/\/festivalclunydanse.com\/?page_id=3559","og_locale":"fr_FR","og_type":"article","og_title":"Impact Live - Cie Sospeso - Festival Cluny Danse","og_description":"Samedi 16 mai 2026Heure de jeu : 18h00Lieu : Parc AbbatialDur\u00e9e : 50 minutes\u00a0Tout public\u00a0 IMPACT LIVE est une pi\u00e8ce chor\u00e9graphique et musicale pour trois danseurs (contemporaine et krump) et deux musiciens live (violon et batterie). C&rsquo;est une \u0153uvre o\u00f9","og_url":"https:\/\/festivalclunydanse.com\/?page_id=3559","og_site_name":"Festival Cluny Danse","article_publisher":"http:\/\/facebook.com\/legrandjete.celle","article_modified_time":"2026-03-16T15:10:35+00:00","twitter_card":"summary_large_image","twitter_misc":{"Dur\u00e9e de lecture est.":"2 minutes"},"schema":{"@context":"https:\/\/schema.org","@graph":[{"@type":"WebPage","@id":"https:\/\/festivalclunydanse.com\/?page_id=3559","url":"https:\/\/festivalclunydanse.com\/?page_id=3559","name":"Impact Live - Cie Sospeso - Festival Cluny Danse","isPartOf":{"@id":"https:\/\/festivalclunydanse.com\/#website"},"datePublished":"2026-03-16T14:04:58+00:00","dateModified":"2026-03-16T15:10:35+00:00","breadcrumb":{"@id":"https:\/\/festivalclunydanse.com\/?page_id=3559#breadcrumb"},"inLanguage":"fr-BE","potentialAction":[{"@type":"ReadAction","target":["https:\/\/festivalclunydanse.com\/?page_id=3559"]}]},{"@type":"BreadcrumbList","@id":"https:\/\/festivalclunydanse.com\/?page_id=3559#breadcrumb","itemListElement":[{"@type":"ListItem","position":1,"name":"Home","item":"https:\/\/festivalclunydanse.com\/"},{"@type":"ListItem","position":2,"name":"Impact Live &#8211; Cie Sospeso"}]},{"@type":"WebSite","@id":"https:\/\/festivalclunydanse.com\/#website","url":"https:\/\/festivalclunydanse.com\/","name":"Festival Cluny Danse","description":"Organisateur : Compagnie Le grand jet\u00e9 ! ","potentialAction":[{"@type":"SearchAction","target":{"@type":"EntryPoint","urlTemplate":"https:\/\/festivalclunydanse.com\/?s={search_term_string}"},"query-input":{"@type":"PropertyValueSpecification","valueRequired":true,"valueName":"search_term_string"}}],"inLanguage":"fr-BE"}]}},"_links":{"self":[{"href":"https:\/\/festivalclunydanse.com\/index.php?rest_route=\/wp\/v2\/pages\/3559","targetHints":{"allow":["GET"]}}],"collection":[{"href":"https:\/\/festivalclunydanse.com\/index.php?rest_route=\/wp\/v2\/pages"}],"about":[{"href":"https:\/\/festivalclunydanse.com\/index.php?rest_route=\/wp\/v2\/types\/page"}],"author":[{"embeddable":true,"href":"https:\/\/festivalclunydanse.com\/index.php?rest_route=\/wp\/v2\/users\/1"}],"replies":[{"embeddable":true,"href":"https:\/\/festivalclunydanse.com\/index.php?rest_route=%2Fwp%2Fv2%2Fcomments&post=3559"}],"version-history":[{"count":7,"href":"https:\/\/festivalclunydanse.com\/index.php?rest_route=\/wp\/v2\/pages\/3559\/revisions"}],"predecessor-version":[{"id":3702,"href":"https:\/\/festivalclunydanse.com\/index.php?rest_route=\/wp\/v2\/pages\/3559\/revisions\/3702"}],"wp:attachment":[{"href":"https:\/\/festivalclunydanse.com\/index.php?rest_route=%2Fwp%2Fv2%2Fmedia&parent=3559"}],"curies":[{"name":"wp","href":"https:\/\/api.w.org\/{rel}","templated":true}]}}