{"id":3554,"date":"2026-03-16T14:34:10","date_gmt":"2026-03-16T13:34:10","guid":{"rendered":"https:\/\/festivalclunydanse.com\/?page_id=3554"},"modified":"2026-03-25T14:12:49","modified_gmt":"2026-03-25T13:12:49","slug":"solo-ramz-siam","status":"publish","type":"page","link":"https:\/\/festivalclunydanse.com\/?page_id=3554","title":{"rendered":"Solo &#8211; Ramz Siam"},"content":{"rendered":"\n<div class=\"wp-block-columns is-layout-flex wp-container-core-columns-is-layout-9d6595d7 wp-block-columns-is-layout-flex\">\n<div class=\"wp-block-column is-layout-flow wp-block-column-is-layout-flow\" style=\"flex-basis:70px\"><\/div>\n\n\n\n<div class=\"wp-block-column is-layout-flow wp-block-column-is-layout-flow\">\n<figure class=\"wp-block-video\"><video height=\"1080\" style=\"aspect-ratio: 1920 \/ 1080;\" width=\"1920\" controls src=\"https:\/\/festivalclunydanse.com\/wp-content\/uploads\/2026\/02\/solo_ramz.mp4\"><\/video><\/figure>\n<\/div>\n\n\n\n<div class=\"wp-block-column is-layout-flow wp-block-column-is-layout-flow\" style=\"flex-basis:70px\"><\/div>\n<\/div>\n\n\n<p><span style=\"color: #000000;\"><strong>Samedi 16 mai 2026<\/strong><\/span><br \/><span style=\"color: #000000;\"><strong>Heure de jeu<\/strong> : 16h30<\/span><br \/><span style=\"color: #000000;\"><strong>Lieu<\/strong> : Th\u00e9\u00e2tre de Verdure\u00a0<\/span><br \/><span style=\"color: #000000;\"><strong>Dur\u00e9e<\/strong> : 30 minutes\u00a0<\/span><br \/><span style=\"color: #000000;\">Tout public\u00a0<\/span><\/p>\n<p><span style=\"color: #000000;\"><span style=\"caret-color: #000000;\">Ramz Siam propose un spectacle qui incarne un cycle continu de r\u00e9sistance et de refus, r\u00e9v\u00e9lant leurs empreintes physiques et psychologiques sur le corps. Solo s&rsquo;inspire des \u00e9v\u00e8nements politiques qui se sont d\u00e9roul\u00e9s en Palestine en mai 202, marqu\u00e9s par l&rsquo;escalade de la violence syst\u00e9matique et les affrontements g\u00e9n\u00e9ralis\u00e9s avec les forces d&rsquo;occupations.\u00a0<\/span><\/span><\/p>\n<p><span style=\"color: #000000;\"><strong>Chor\u00e9graphie et interpr\u00e9tation<\/strong>\u00a0: Ramz Siam\u00a0<br \/><\/span><span style=\"color: #000000;\"><b>Co-productions et partenaires : <\/b>Office National de Diffusion Artistique ; Institut Fran\u00e7ais de J\u00e9rusalem<\/span><\/p>\n<p><span style=\"color: #000000;\">Ramz Siam est une danseuse, chor\u00e9graphe et enseignante palestinienne n\u00e9e et \u00e9lev\u00e9e \u00e0 J\u00e9rusalem. Elle commence son parcours artistique en prenant des cours de danse classique \u00e0 partir de ses 7 ans. Au fil des ann\u00e9es, elle rejoint diff\u00e9rentes \u00e9coles de danse locales et se produit avec des compagnies internationales. Elle poursuit ses \u00e9tudes \u00e0 l&rsquo;Acad\u00e9mie Nationale de Rome et approfondie ses connaissances chor\u00e9graphiques. Ce cursus lui offre l&rsquo;opportunit\u00e9 d&rsquo;assister \u00e0 un certain nombre de production de spectacles et de d\u00e9velopper sa propre cr\u00e9ativit\u00e9.\u00a0<\/span><\/p>\n<p><span style=\"color: #000000;\">Ramz Siam animera un stage de danse le samedi 9 et dimanche 10 mai, au Studio de l&rsquo;H\u00f4tel-Dieu de 14H \u00e0 16H.\u00a0<\/span><br \/><span style=\"color: #000000;\">Niveau de danse : d\u00e9butant-interm\u00e9diaire \u00a0<\/span><br \/><span style=\"color: #000000;\">Ramz Siam ne parle pas fran\u00e7ais mais gr\u00e2ce au langage de la danse, le stage n&rsquo;est pas r\u00e9serv\u00e9 aux anglophones.<\/span>\u00a0<br \/><strong><span style=\"color: #000000;\">Nombres de place limit\u00e9es \/ inscription obligatoire et payante (10\u20ac) <a href=\"https:\/\/my.weezevent.com\/atelier-de-danse-4?_gl=1*p6jxt9*_gcl_au*MTY3OTYxNDQ4Mi4xNzcwOTA1MTU5LjE4NjI3ODI4MDkuMTc3NDM1NzUxOS4xNzc0MzU3NTE4*_ga*OTU0MjE4MTQ1LjE3NzA5MDUxNTk.*_ga_39H9VBFX7G*czE3NzQ0NDQwOTAkbzI1JGcxJHQxNzc0NDQ0MjIxJGo1MCRsMCRoMTU0NDY3NTIxMw..\"><span style=\"text-decoration: underline;\"><em>\u00e0 compl\u00e9ter ici<\/em><\/span><\/a>\u00a0<\/span><\/strong><\/p>\n\n\n<div class=\"wp-block-group is-layout-grid wp-container-core-group-is-layout-9649a0d9 wp-block-group-is-layout-grid\">\n<figure class=\"wp-block-image size-large\"><img decoding=\"async\" width=\"1024\" height=\"512\" src=\"https:\/\/festivalclunydanse.com\/wp-content\/uploads\/2026\/03\/ONDA_logo-1024x512.png\" alt=\"\" class=\"wp-image-3707\" srcset=\"https:\/\/festivalclunydanse.com\/wp-content\/uploads\/2026\/03\/ONDA_logo-1024x512.png 1024w, https:\/\/festivalclunydanse.com\/wp-content\/uploads\/2026\/03\/ONDA_logo-300x150.png 300w, https:\/\/festivalclunydanse.com\/wp-content\/uploads\/2026\/03\/ONDA_logo-768x384.png 768w, https:\/\/festivalclunydanse.com\/wp-content\/uploads\/2026\/03\/ONDA_logo.png 1200w\" sizes=\"(max-width: 1024px) 100vw, 1024px\" \/><\/figure>\n\n\n\n<figure class=\"wp-block-image size-full\"><img decoding=\"async\" width=\"250\" height=\"101\" src=\"https:\/\/festivalclunydanse.com\/wp-content\/uploads\/2026\/03\/Logo-IFJ-general-250.png\" alt=\"\" class=\"wp-image-3708\"\/><\/figure>\n<\/div>\n\n\n\n<p><\/p>\n","protected":false},"excerpt":{"rendered":"<p>Samedi 16 mai 2026Heure de jeu : 16h30Lieu : Th\u00e9\u00e2tre de Verdure\u00a0Dur\u00e9e : 30 minutes\u00a0Tout public\u00a0 Ramz Siam propose un spectacle qui incarne un cycle continu de r\u00e9sistance et de refus, r\u00e9v\u00e9lant leurs empreintes physiques et psychologiques sur le corps.<\/p>\n","protected":false},"author":1,"featured_media":0,"parent":0,"menu_order":0,"comment_status":"closed","ping_status":"closed","template":"","meta":{"_exactmetrics_skip_tracking":false,"_exactmetrics_sitenote_active":false,"_exactmetrics_sitenote_note":"","_exactmetrics_sitenote_category":0,"footnotes":""},"class_list":["post-3554","page","type-page","status-publish","hentry"],"yoast_head":"<!-- This site is optimized with the Yoast SEO plugin v27.3 - https:\/\/yoast.com\/product\/yoast-seo-wordpress\/ -->\n<title>Solo - Ramz Siam - Festival Cluny Danse<\/title>\n<meta name=\"robots\" content=\"index, follow, max-snippet:-1, max-image-preview:large, max-video-preview:-1\" \/>\n<link rel=\"canonical\" href=\"https:\/\/festivalclunydanse.com\/?page_id=3554\" \/>\n<meta property=\"og:locale\" content=\"fr_FR\" \/>\n<meta property=\"og:type\" content=\"article\" \/>\n<meta property=\"og:title\" content=\"Solo - Ramz Siam - Festival Cluny Danse\" \/>\n<meta property=\"og:description\" content=\"Samedi 16 mai 2026Heure de jeu : 16h30Lieu : Th\u00e9\u00e2tre de Verdure\u00a0Dur\u00e9e : 30 minutes\u00a0Tout public\u00a0 Ramz Siam propose un spectacle qui incarne un cycle continu de r\u00e9sistance et de refus, r\u00e9v\u00e9lant leurs empreintes physiques et psychologiques sur le corps.\" \/>\n<meta property=\"og:url\" content=\"https:\/\/festivalclunydanse.com\/?page_id=3554\" \/>\n<meta property=\"og:site_name\" content=\"Festival Cluny Danse\" \/>\n<meta property=\"article:publisher\" content=\"http:\/\/facebook.com\/legrandjete.celle\" \/>\n<meta property=\"article:modified_time\" content=\"2026-03-25T13:12:49+00:00\" \/>\n<meta property=\"og:image\" content=\"https:\/\/festivalclunydanse.com\/wp-content\/uploads\/2026\/03\/ONDA_logo.png\" \/>\n\t<meta property=\"og:image:width\" content=\"1200\" \/>\n\t<meta property=\"og:image:height\" content=\"600\" \/>\n\t<meta property=\"og:image:type\" content=\"image\/png\" \/>\n<meta name=\"twitter:card\" content=\"summary_large_image\" \/>\n<meta name=\"twitter:label1\" content=\"Dur\u00e9e de lecture est.\" \/>\n\t<meta name=\"twitter:data1\" content=\"2 minutes\" \/>\n<script type=\"application\/ld+json\" class=\"yoast-schema-graph\">{\"@context\":\"https:\\\/\\\/schema.org\",\"@graph\":[{\"@type\":\"WebPage\",\"@id\":\"https:\\\/\\\/festivalclunydanse.com\\\/?page_id=3554\",\"url\":\"https:\\\/\\\/festivalclunydanse.com\\\/?page_id=3554\",\"name\":\"Solo - Ramz Siam - Festival Cluny Danse\",\"isPartOf\":{\"@id\":\"https:\\\/\\\/festivalclunydanse.com\\\/#website\"},\"primaryImageOfPage\":{\"@id\":\"https:\\\/\\\/festivalclunydanse.com\\\/?page_id=3554#primaryimage\"},\"image\":{\"@id\":\"https:\\\/\\\/festivalclunydanse.com\\\/?page_id=3554#primaryimage\"},\"thumbnailUrl\":\"https:\\\/\\\/festivalclunydanse.com\\\/wp-content\\\/uploads\\\/2026\\\/03\\\/ONDA_logo-1024x512.png\",\"datePublished\":\"2026-03-16T13:34:10+00:00\",\"dateModified\":\"2026-03-25T13:12:49+00:00\",\"breadcrumb\":{\"@id\":\"https:\\\/\\\/festivalclunydanse.com\\\/?page_id=3554#breadcrumb\"},\"inLanguage\":\"fr-BE\",\"potentialAction\":[{\"@type\":\"ReadAction\",\"target\":[\"https:\\\/\\\/festivalclunydanse.com\\\/?page_id=3554\"]}]},{\"@type\":\"ImageObject\",\"inLanguage\":\"fr-BE\",\"@id\":\"https:\\\/\\\/festivalclunydanse.com\\\/?page_id=3554#primaryimage\",\"url\":\"https:\\\/\\\/festivalclunydanse.com\\\/wp-content\\\/uploads\\\/2026\\\/03\\\/ONDA_logo.png\",\"contentUrl\":\"https:\\\/\\\/festivalclunydanse.com\\\/wp-content\\\/uploads\\\/2026\\\/03\\\/ONDA_logo.png\",\"width\":1200,\"height\":600},{\"@type\":\"BreadcrumbList\",\"@id\":\"https:\\\/\\\/festivalclunydanse.com\\\/?page_id=3554#breadcrumb\",\"itemListElement\":[{\"@type\":\"ListItem\",\"position\":1,\"name\":\"Home\",\"item\":\"https:\\\/\\\/festivalclunydanse.com\\\/\"},{\"@type\":\"ListItem\",\"position\":2,\"name\":\"Solo &#8211; Ramz Siam\"}]},{\"@type\":\"WebSite\",\"@id\":\"https:\\\/\\\/festivalclunydanse.com\\\/#website\",\"url\":\"https:\\\/\\\/festivalclunydanse.com\\\/\",\"name\":\"Festival Cluny Danse\",\"description\":\"Organisateur : Compagnie Le grand jet\u00e9 ! \",\"potentialAction\":[{\"@type\":\"SearchAction\",\"target\":{\"@type\":\"EntryPoint\",\"urlTemplate\":\"https:\\\/\\\/festivalclunydanse.com\\\/?s={search_term_string}\"},\"query-input\":{\"@type\":\"PropertyValueSpecification\",\"valueRequired\":true,\"valueName\":\"search_term_string\"}}],\"inLanguage\":\"fr-BE\"}]}<\/script>\n<!-- \/ Yoast SEO plugin. -->","yoast_head_json":{"title":"Solo - Ramz Siam - Festival Cluny Danse","robots":{"index":"index","follow":"follow","max-snippet":"max-snippet:-1","max-image-preview":"max-image-preview:large","max-video-preview":"max-video-preview:-1"},"canonical":"https:\/\/festivalclunydanse.com\/?page_id=3554","og_locale":"fr_FR","og_type":"article","og_title":"Solo - Ramz Siam - Festival Cluny Danse","og_description":"Samedi 16 mai 2026Heure de jeu : 16h30Lieu : Th\u00e9\u00e2tre de Verdure\u00a0Dur\u00e9e : 30 minutes\u00a0Tout public\u00a0 Ramz Siam propose un spectacle qui incarne un cycle continu de r\u00e9sistance et de refus, r\u00e9v\u00e9lant leurs empreintes physiques et psychologiques sur le corps.","og_url":"https:\/\/festivalclunydanse.com\/?page_id=3554","og_site_name":"Festival Cluny Danse","article_publisher":"http:\/\/facebook.com\/legrandjete.celle","article_modified_time":"2026-03-25T13:12:49+00:00","og_image":[{"width":1200,"height":600,"url":"https:\/\/festivalclunydanse.com\/wp-content\/uploads\/2026\/03\/ONDA_logo.png","type":"image\/png"}],"twitter_card":"summary_large_image","twitter_misc":{"Dur\u00e9e de lecture est.":"2 minutes"},"schema":{"@context":"https:\/\/schema.org","@graph":[{"@type":"WebPage","@id":"https:\/\/festivalclunydanse.com\/?page_id=3554","url":"https:\/\/festivalclunydanse.com\/?page_id=3554","name":"Solo - Ramz Siam - Festival Cluny Danse","isPartOf":{"@id":"https:\/\/festivalclunydanse.com\/#website"},"primaryImageOfPage":{"@id":"https:\/\/festivalclunydanse.com\/?page_id=3554#primaryimage"},"image":{"@id":"https:\/\/festivalclunydanse.com\/?page_id=3554#primaryimage"},"thumbnailUrl":"https:\/\/festivalclunydanse.com\/wp-content\/uploads\/2026\/03\/ONDA_logo-1024x512.png","datePublished":"2026-03-16T13:34:10+00:00","dateModified":"2026-03-25T13:12:49+00:00","breadcrumb":{"@id":"https:\/\/festivalclunydanse.com\/?page_id=3554#breadcrumb"},"inLanguage":"fr-BE","potentialAction":[{"@type":"ReadAction","target":["https:\/\/festivalclunydanse.com\/?page_id=3554"]}]},{"@type":"ImageObject","inLanguage":"fr-BE","@id":"https:\/\/festivalclunydanse.com\/?page_id=3554#primaryimage","url":"https:\/\/festivalclunydanse.com\/wp-content\/uploads\/2026\/03\/ONDA_logo.png","contentUrl":"https:\/\/festivalclunydanse.com\/wp-content\/uploads\/2026\/03\/ONDA_logo.png","width":1200,"height":600},{"@type":"BreadcrumbList","@id":"https:\/\/festivalclunydanse.com\/?page_id=3554#breadcrumb","itemListElement":[{"@type":"ListItem","position":1,"name":"Home","item":"https:\/\/festivalclunydanse.com\/"},{"@type":"ListItem","position":2,"name":"Solo &#8211; Ramz Siam"}]},{"@type":"WebSite","@id":"https:\/\/festivalclunydanse.com\/#website","url":"https:\/\/festivalclunydanse.com\/","name":"Festival Cluny Danse","description":"Organisateur : Compagnie Le grand jet\u00e9 ! ","potentialAction":[{"@type":"SearchAction","target":{"@type":"EntryPoint","urlTemplate":"https:\/\/festivalclunydanse.com\/?s={search_term_string}"},"query-input":{"@type":"PropertyValueSpecification","valueRequired":true,"valueName":"search_term_string"}}],"inLanguage":"fr-BE"}]}},"_links":{"self":[{"href":"https:\/\/festivalclunydanse.com\/index.php?rest_route=\/wp\/v2\/pages\/3554","targetHints":{"allow":["GET"]}}],"collection":[{"href":"https:\/\/festivalclunydanse.com\/index.php?rest_route=\/wp\/v2\/pages"}],"about":[{"href":"https:\/\/festivalclunydanse.com\/index.php?rest_route=\/wp\/v2\/types\/page"}],"author":[{"embeddable":true,"href":"https:\/\/festivalclunydanse.com\/index.php?rest_route=\/wp\/v2\/users\/1"}],"replies":[{"embeddable":true,"href":"https:\/\/festivalclunydanse.com\/index.php?rest_route=%2Fwp%2Fv2%2Fcomments&post=3554"}],"version-history":[{"count":13,"href":"https:\/\/festivalclunydanse.com\/index.php?rest_route=\/wp\/v2\/pages\/3554\/revisions"}],"predecessor-version":[{"id":3917,"href":"https:\/\/festivalclunydanse.com\/index.php?rest_route=\/wp\/v2\/pages\/3554\/revisions\/3917"}],"wp:attachment":[{"href":"https:\/\/festivalclunydanse.com\/index.php?rest_route=%2Fwp%2Fv2%2Fmedia&parent=3554"}],"curies":[{"name":"wp","href":"https:\/\/api.w.org\/{rel}","templated":true}]}}