{"id":3551,"date":"2026-03-16T15:10:23","date_gmt":"2026-03-16T14:10:23","guid":{"rendered":"https:\/\/festivalclunydanse.com\/?page_id=3551"},"modified":"2026-03-16T16:07:03","modified_gmt":"2026-03-16T15:07:03","slug":"jusqua-ce-que-la-peur-nous-quitte-cie-nahlo","status":"publish","type":"page","link":"https:\/\/festivalclunydanse.com\/?page_id=3551","title":{"rendered":"Jusqu&rsquo;\u00e0 ce que la peur nous quitte &#8211; Cie Nahlo"},"content":{"rendered":"\n<div class=\"wp-block-columns is-layout-flex wp-container-core-columns-is-layout-9d6595d7 wp-block-columns-is-layout-flex\">\n<div class=\"wp-block-column is-layout-flow wp-block-column-is-layout-flow\" style=\"flex-basis:70px\"><\/div>\n\n\n\n<div class=\"wp-block-column is-layout-flow wp-block-column-is-layout-flow\">\n<figure class=\"wp-block-video\"><video height=\"1080\" style=\"aspect-ratio: 1920 \/ 1080;\" width=\"1920\" controls src=\"https:\/\/festivalclunydanse.com\/wp-content\/uploads\/2026\/02\/Jusqua-ce-que-la-peur-nous-quitte-teaser.mp4\"><\/video><\/figure>\n<\/div>\n\n\n\n<div class=\"wp-block-column is-layout-flow wp-block-column-is-layout-flow\" style=\"flex-basis:70px\"><\/div>\n<\/div>\n\n\n<p><strong><span style=\"color: #000000;\">Samedi 16 mai 2026<\/span><\/strong><br \/><span style=\"color: #000000;\"><strong>Heure de jeu<\/strong> : 15h15<\/span><br \/><span style=\"color: #000000;\"><strong>Lieu<\/strong> : Parc Abbatial<\/span><br \/><span style=\"color: #000000;\"><strong>Dur\u00e9e<\/strong> : 40 minutes\u00a0<\/span><br \/><span style=\"color: #000000;\">Tout public\u00a0<\/span><\/p>\n<p><span style=\"color: #000000;\"><i>Jusqu\u2019\u00e0 ce que la peur nous quitte<\/i> s\u2019ouvre comme une f\u00eate : un rituel collectif o\u00f9 la musique \u00e9lectronique live de M\u00c9ZINC entra\u00eene les corps dans une persistance joyeuse et fragile. Dans la transe, la f\u00eate se fissure ; l\u2019\u00e9puisement et la chute apparaissent, laissant place \u00e0 l\u2019\u00e9coute et au soutien mutuel. La danse devient alors un acte de r\u00e9sistance : un espace \u00e9ph\u00e9m\u00e8re o\u00f9 l\u2019intime et le politique se rejoignent pour transformer la peur en \u00e9nergie partag\u00e9e.<\/span><\/p>\n<p><span style=\"color: #000000;\"><b>Chor\u00e9graphie<\/b> : Lohan Jacquet<\/span><br \/><span style=\"color: #000000;\"><b>Composition et interpr\u00e9tation live<\/b> : M\u00c9ZINC \/ Quentin Audemard<\/span><br \/><span style=\"color: #000000;\"><b>Danseuses<\/b> : Clara Brunet, Domitille Demaret<\/span><br \/><span style=\"color: #000000;\"><b>Plasticienne, sc\u00e9nographe et po\u00e9tesse<\/b> : Camille Dedenise<br \/><\/span><span style=\"color: #000000;\"><b>Production : <\/b>Compagnie Nahlo<br \/><strong>Co-accueil<\/strong> : Tour de danse &#8211; Dispositif port\u00e9 par le Dancing de Dijon et Viadanse de Belfort\u00a0<br \/><\/span><span style=\"color: #000000;\"><b>Coproductions et partenariats<\/b> :<\/span><br \/><span style=\"color: #000000;\">R\u00e9gion Bourgogne\u2013Franche-Comt\u00e9<\/span><br \/><span style=\"color: #000000;\">D\u00e9partement de Sa\u00f4ne-et-Loire<\/span><br \/><span style=\"color: #000000;\">Dispositif R\u00e9cif \u2013 Karukera Ballet (Guadeloupe)<\/span><br \/><span style=\"color: #000000;\">Ville de M\u00e2con<\/span><br \/><span style=\"color: #000000;\">Atheneum \u2013 Centre culturel de l\u2019Universit\u00e9 de Dijon<\/span><br \/><span style=\"color: #000000;\">Fonds Horizon \u2013 SEPR<\/span><br \/><span style=\"color: #000000;\">ARTDAM \u2013 Agence culturelle technique de Bourgogne<\/span><\/p>\n<p><span style=\"color: #000000;\">La <a href=\"https:\/\/compagnienahlo.com\">compagnie Nahlo<\/a> tient en son coeur le m\u00e9dium \u00e9ph\u00e9m\u00e8re par essence qu\u2019est la danse. Lors du festival Danse \u00e0 Milly en 2019, la rencontre entre les fondateurs de la compagnie de danse et le chor\u00e9graphe Lohan Jacquet marqua la naissance de l\u2019association. Une collaboration qui prend sens dans un objectif commun : rassembler et f\u00e9d\u00e9rer, aupr\u00e8s d\u2019un large public, autour de th\u00e8mes actuels questionnant chacun \u00e0 travers le prisme abstrait et physique de la danse.<\/span><\/p>\n\n\n<div class=\"wp-block-group is-layout-grid wp-container-core-group-is-layout-9649a0d9 wp-block-group-is-layout-grid\">\n<figure class=\"wp-block-image size-large\"><img decoding=\"async\" width=\"1024\" height=\"1024\" src=\"https:\/\/festivalclunydanse.com\/wp-content\/uploads\/2026\/03\/TDD-1024x1024.png\" alt=\"\" class=\"wp-image-3654\" srcset=\"https:\/\/festivalclunydanse.com\/wp-content\/uploads\/2026\/03\/TDD-1024x1024.png 1024w, https:\/\/festivalclunydanse.com\/wp-content\/uploads\/2026\/03\/TDD-300x300.png 300w, https:\/\/festivalclunydanse.com\/wp-content\/uploads\/2026\/03\/TDD-150x150.png 150w, https:\/\/festivalclunydanse.com\/wp-content\/uploads\/2026\/03\/TDD-768x768.png 768w, https:\/\/festivalclunydanse.com\/wp-content\/uploads\/2026\/03\/TDD-230x230.png 230w, https:\/\/festivalclunydanse.com\/wp-content\/uploads\/2026\/03\/TDD-365x365.png 365w, https:\/\/festivalclunydanse.com\/wp-content\/uploads\/2026\/03\/TDD.png 1080w\" sizes=\"(max-width: 1024px) 100vw, 1024px\" \/><\/figure>\n<\/div>\n\n\n\n<p><\/p>\n","protected":false},"excerpt":{"rendered":"<p>Samedi 16 mai 2026Heure de jeu : 15h15Lieu : Parc AbbatialDur\u00e9e : 40 minutes\u00a0Tout public\u00a0 Jusqu\u2019\u00e0 ce que la peur nous quitte s\u2019ouvre comme une f\u00eate : un rituel collectif o\u00f9 la musique \u00e9lectronique live de M\u00c9ZINC entra\u00eene les corps<\/p>\n","protected":false},"author":1,"featured_media":0,"parent":0,"menu_order":0,"comment_status":"closed","ping_status":"closed","template":"","meta":{"_exactmetrics_skip_tracking":false,"_exactmetrics_sitenote_active":false,"_exactmetrics_sitenote_note":"","_exactmetrics_sitenote_category":0,"footnotes":""},"class_list":["post-3551","page","type-page","status-publish","hentry"],"yoast_head":"<!-- This site is optimized with the Yoast SEO plugin v27.3 - https:\/\/yoast.com\/product\/yoast-seo-wordpress\/ -->\n<title>Jusqu&#039;\u00e0 ce que la peur nous quitte - Cie Nahlo - Festival Cluny Danse<\/title>\n<meta name=\"robots\" content=\"index, follow, max-snippet:-1, max-image-preview:large, max-video-preview:-1\" \/>\n<link rel=\"canonical\" href=\"https:\/\/festivalclunydanse.com\/?page_id=3551\" \/>\n<meta property=\"og:locale\" content=\"fr_FR\" \/>\n<meta property=\"og:type\" content=\"article\" \/>\n<meta property=\"og:title\" content=\"Jusqu&#039;\u00e0 ce que la peur nous quitte - Cie Nahlo - Festival Cluny Danse\" \/>\n<meta property=\"og:description\" content=\"Samedi 16 mai 2026Heure de jeu : 15h15Lieu : Parc AbbatialDur\u00e9e : 40 minutes\u00a0Tout public\u00a0 Jusqu\u2019\u00e0 ce que la peur nous quitte s\u2019ouvre comme une f\u00eate : un rituel collectif o\u00f9 la musique \u00e9lectronique live de M\u00c9ZINC entra\u00eene les corps\" \/>\n<meta property=\"og:url\" content=\"https:\/\/festivalclunydanse.com\/?page_id=3551\" \/>\n<meta property=\"og:site_name\" content=\"Festival Cluny Danse\" \/>\n<meta property=\"article:publisher\" content=\"http:\/\/facebook.com\/legrandjete.celle\" \/>\n<meta property=\"article:modified_time\" content=\"2026-03-16T15:07:03+00:00\" \/>\n<meta property=\"og:image\" content=\"https:\/\/festivalclunydanse.com\/wp-content\/uploads\/2026\/03\/TDD.png\" \/>\n\t<meta property=\"og:image:width\" content=\"1080\" \/>\n\t<meta property=\"og:image:height\" content=\"1080\" \/>\n\t<meta property=\"og:image:type\" content=\"image\/png\" \/>\n<meta name=\"twitter:card\" content=\"summary_large_image\" \/>\n<meta name=\"twitter:label1\" content=\"Dur\u00e9e de lecture est.\" \/>\n\t<meta name=\"twitter:data1\" content=\"2 minutes\" \/>\n<script type=\"application\/ld+json\" class=\"yoast-schema-graph\">{\"@context\":\"https:\\\/\\\/schema.org\",\"@graph\":[{\"@type\":\"WebPage\",\"@id\":\"https:\\\/\\\/festivalclunydanse.com\\\/?page_id=3551\",\"url\":\"https:\\\/\\\/festivalclunydanse.com\\\/?page_id=3551\",\"name\":\"Jusqu'\u00e0 ce que la peur nous quitte - Cie Nahlo - Festival Cluny Danse\",\"isPartOf\":{\"@id\":\"https:\\\/\\\/festivalclunydanse.com\\\/#website\"},\"primaryImageOfPage\":{\"@id\":\"https:\\\/\\\/festivalclunydanse.com\\\/?page_id=3551#primaryimage\"},\"image\":{\"@id\":\"https:\\\/\\\/festivalclunydanse.com\\\/?page_id=3551#primaryimage\"},\"thumbnailUrl\":\"https:\\\/\\\/festivalclunydanse.com\\\/wp-content\\\/uploads\\\/2026\\\/03\\\/TDD-1024x1024.png\",\"datePublished\":\"2026-03-16T14:10:23+00:00\",\"dateModified\":\"2026-03-16T15:07:03+00:00\",\"breadcrumb\":{\"@id\":\"https:\\\/\\\/festivalclunydanse.com\\\/?page_id=3551#breadcrumb\"},\"inLanguage\":\"fr-BE\",\"potentialAction\":[{\"@type\":\"ReadAction\",\"target\":[\"https:\\\/\\\/festivalclunydanse.com\\\/?page_id=3551\"]}]},{\"@type\":\"ImageObject\",\"inLanguage\":\"fr-BE\",\"@id\":\"https:\\\/\\\/festivalclunydanse.com\\\/?page_id=3551#primaryimage\",\"url\":\"https:\\\/\\\/festivalclunydanse.com\\\/wp-content\\\/uploads\\\/2026\\\/03\\\/TDD.png\",\"contentUrl\":\"https:\\\/\\\/festivalclunydanse.com\\\/wp-content\\\/uploads\\\/2026\\\/03\\\/TDD.png\",\"width\":1080,\"height\":1080},{\"@type\":\"BreadcrumbList\",\"@id\":\"https:\\\/\\\/festivalclunydanse.com\\\/?page_id=3551#breadcrumb\",\"itemListElement\":[{\"@type\":\"ListItem\",\"position\":1,\"name\":\"Home\",\"item\":\"https:\\\/\\\/festivalclunydanse.com\\\/\"},{\"@type\":\"ListItem\",\"position\":2,\"name\":\"Jusqu&rsquo;\u00e0 ce que la peur nous quitte &#8211; Cie Nahlo\"}]},{\"@type\":\"WebSite\",\"@id\":\"https:\\\/\\\/festivalclunydanse.com\\\/#website\",\"url\":\"https:\\\/\\\/festivalclunydanse.com\\\/\",\"name\":\"Festival Cluny Danse\",\"description\":\"Organisateur : Compagnie Le grand jet\u00e9 ! \",\"potentialAction\":[{\"@type\":\"SearchAction\",\"target\":{\"@type\":\"EntryPoint\",\"urlTemplate\":\"https:\\\/\\\/festivalclunydanse.com\\\/?s={search_term_string}\"},\"query-input\":{\"@type\":\"PropertyValueSpecification\",\"valueRequired\":true,\"valueName\":\"search_term_string\"}}],\"inLanguage\":\"fr-BE\"}]}<\/script>\n<!-- \/ Yoast SEO plugin. -->","yoast_head_json":{"title":"Jusqu'\u00e0 ce que la peur nous quitte - Cie Nahlo - Festival Cluny Danse","robots":{"index":"index","follow":"follow","max-snippet":"max-snippet:-1","max-image-preview":"max-image-preview:large","max-video-preview":"max-video-preview:-1"},"canonical":"https:\/\/festivalclunydanse.com\/?page_id=3551","og_locale":"fr_FR","og_type":"article","og_title":"Jusqu'\u00e0 ce que la peur nous quitte - Cie Nahlo - Festival Cluny Danse","og_description":"Samedi 16 mai 2026Heure de jeu : 15h15Lieu : Parc AbbatialDur\u00e9e : 40 minutes\u00a0Tout public\u00a0 Jusqu\u2019\u00e0 ce que la peur nous quitte s\u2019ouvre comme une f\u00eate : un rituel collectif o\u00f9 la musique \u00e9lectronique live de M\u00c9ZINC entra\u00eene les corps","og_url":"https:\/\/festivalclunydanse.com\/?page_id=3551","og_site_name":"Festival Cluny Danse","article_publisher":"http:\/\/facebook.com\/legrandjete.celle","article_modified_time":"2026-03-16T15:07:03+00:00","og_image":[{"width":1080,"height":1080,"url":"https:\/\/festivalclunydanse.com\/wp-content\/uploads\/2026\/03\/TDD.png","type":"image\/png"}],"twitter_card":"summary_large_image","twitter_misc":{"Dur\u00e9e de lecture est.":"2 minutes"},"schema":{"@context":"https:\/\/schema.org","@graph":[{"@type":"WebPage","@id":"https:\/\/festivalclunydanse.com\/?page_id=3551","url":"https:\/\/festivalclunydanse.com\/?page_id=3551","name":"Jusqu'\u00e0 ce que la peur nous quitte - Cie Nahlo - Festival Cluny Danse","isPartOf":{"@id":"https:\/\/festivalclunydanse.com\/#website"},"primaryImageOfPage":{"@id":"https:\/\/festivalclunydanse.com\/?page_id=3551#primaryimage"},"image":{"@id":"https:\/\/festivalclunydanse.com\/?page_id=3551#primaryimage"},"thumbnailUrl":"https:\/\/festivalclunydanse.com\/wp-content\/uploads\/2026\/03\/TDD-1024x1024.png","datePublished":"2026-03-16T14:10:23+00:00","dateModified":"2026-03-16T15:07:03+00:00","breadcrumb":{"@id":"https:\/\/festivalclunydanse.com\/?page_id=3551#breadcrumb"},"inLanguage":"fr-BE","potentialAction":[{"@type":"ReadAction","target":["https:\/\/festivalclunydanse.com\/?page_id=3551"]}]},{"@type":"ImageObject","inLanguage":"fr-BE","@id":"https:\/\/festivalclunydanse.com\/?page_id=3551#primaryimage","url":"https:\/\/festivalclunydanse.com\/wp-content\/uploads\/2026\/03\/TDD.png","contentUrl":"https:\/\/festivalclunydanse.com\/wp-content\/uploads\/2026\/03\/TDD.png","width":1080,"height":1080},{"@type":"BreadcrumbList","@id":"https:\/\/festivalclunydanse.com\/?page_id=3551#breadcrumb","itemListElement":[{"@type":"ListItem","position":1,"name":"Home","item":"https:\/\/festivalclunydanse.com\/"},{"@type":"ListItem","position":2,"name":"Jusqu&rsquo;\u00e0 ce que la peur nous quitte &#8211; Cie Nahlo"}]},{"@type":"WebSite","@id":"https:\/\/festivalclunydanse.com\/#website","url":"https:\/\/festivalclunydanse.com\/","name":"Festival Cluny Danse","description":"Organisateur : Compagnie Le grand jet\u00e9 ! ","potentialAction":[{"@type":"SearchAction","target":{"@type":"EntryPoint","urlTemplate":"https:\/\/festivalclunydanse.com\/?s={search_term_string}"},"query-input":{"@type":"PropertyValueSpecification","valueRequired":true,"valueName":"search_term_string"}}],"inLanguage":"fr-BE"}]}},"_links":{"self":[{"href":"https:\/\/festivalclunydanse.com\/index.php?rest_route=\/wp\/v2\/pages\/3551","targetHints":{"allow":["GET"]}}],"collection":[{"href":"https:\/\/festivalclunydanse.com\/index.php?rest_route=\/wp\/v2\/pages"}],"about":[{"href":"https:\/\/festivalclunydanse.com\/index.php?rest_route=\/wp\/v2\/types\/page"}],"author":[{"embeddable":true,"href":"https:\/\/festivalclunydanse.com\/index.php?rest_route=\/wp\/v2\/users\/1"}],"replies":[{"embeddable":true,"href":"https:\/\/festivalclunydanse.com\/index.php?rest_route=%2Fwp%2Fv2%2Fcomments&post=3551"}],"version-history":[{"count":8,"href":"https:\/\/festivalclunydanse.com\/index.php?rest_route=\/wp\/v2\/pages\/3551\/revisions"}],"predecessor-version":[{"id":3819,"href":"https:\/\/festivalclunydanse.com\/index.php?rest_route=\/wp\/v2\/pages\/3551\/revisions\/3819"}],"wp:attachment":[{"href":"https:\/\/festivalclunydanse.com\/index.php?rest_route=%2Fwp%2Fv2%2Fmedia&parent=3551"}],"curies":[{"name":"wp","href":"https:\/\/api.w.org\/{rel}","templated":true}]}}