{"id":3549,"date":"2026-03-16T15:06:27","date_gmt":"2026-03-16T14:06:27","guid":{"rendered":"https:\/\/festivalclunydanse.com\/?page_id=3549"},"modified":"2026-03-16T16:00:47","modified_gmt":"2026-03-16T15:00:47","slug":"potomitan-cie-skanda","status":"publish","type":"page","link":"https:\/\/festivalclunydanse.com\/?page_id=3549","title":{"rendered":"Potomitan &#8211; Cie Skanda"},"content":{"rendered":"\n<div class=\"wp-block-columns is-layout-flex wp-container-core-columns-is-layout-9d6595d7 wp-block-columns-is-layout-flex\">\n<div class=\"wp-block-column is-layout-flow wp-block-column-is-layout-flow\" style=\"flex-basis:70px\"><\/div>\n\n\n\n<div class=\"wp-block-column is-layout-flow wp-block-column-is-layout-flow\">\n<figure class=\"wp-block-embed is-type-video is-provider-youtube wp-block-embed-youtube wp-embed-aspect-16-9 wp-has-aspect-ratio\"><div class=\"wp-block-embed__wrapper\">\n<iframe title=\"POTOMITAN teaser officiel Cie SKANDA\" width=\"720\" height=\"405\" src=\"https:\/\/www.youtube.com\/embed\/HxKr5RbouFo?feature=oembed\" frameborder=\"0\" allow=\"accelerometer; autoplay; clipboard-write; encrypted-media; gyroscope; picture-in-picture; web-share\" referrerpolicy=\"strict-origin-when-cross-origin\" allowfullscreen><\/iframe>\n<\/div><\/figure>\n<\/div>\n\n\n\n<div class=\"wp-block-column is-layout-flow wp-block-column-is-layout-flow\" style=\"flex-basis:70px\"><\/div>\n<\/div>\n\n\n<p><span style=\"color: #000000;\"><strong>Vendredi 15 mai 2026<\/strong><\/span><br \/><span style=\"color: #000000;\"><strong>Heure de jeu<\/strong> : 21h00<\/span><br \/><span style=\"color: #000000;\"><strong>Lieu<\/strong> : Parc Abbatial<\/span><br \/><span style=\"color: #000000;\"><strong>Dur\u00e9e<\/strong> : 50 minutes<\/span><br \/><span style=\"color: #000000;\">Tout public\u00a0<\/span><\/p>\n<p><span style=\"color: #000000;\"><strong>POTOMITAN : <\/strong>mot venu des Antilles, incarne la figure essentielle des femmes-pilier, ces pr\u00e9sences silencieuses qui portent le monde et leurs familles. \u00c0 travers elles, se r\u00e9v\u00e8lent la force, la dignit\u00e9 et la r\u00e9silience des g\u00e9n\u00e9rations qui tissent nos m\u00e9moires. Dans un trio chor\u00e9graphique o\u00f9 se m\u00ealent intensit\u00e9, fragilit\u00e9 et puissance du lien, la pi\u00e8ce d\u00e9ploie un hommage vibrant aux h\u00e9ritages culturels et familiaux de la chor\u00e9graphe.<\/span><br \/><span style=\"color: #000000;\">Entre ombre et lumi\u00e8re,\u00a0<i>Potomitan<\/i>\u00a0questionne les r\u00f4les transmis, ces cha\u00eenes invisibles qui fa\u00e7onnent nos corps et nos destins. Elle invite \u00e0 leur transformation, \u00e0 une m\u00e9tamorphose vers une libert\u00e9 assum\u00e9e et lumineuse.<\/span><br \/><span style=\"color: #000000;\">La danse devient alors un langage vivant, une travers\u00e9e sensible et po\u00e9tique soutenue par une musique originale, percussive,\u00a0\u00e9lectronique et acoustique . Par le souffle, la chute, le soutien et l\u2019\u00e9lan, les interpr\u00e8tes explorent la m\u00e9moire du corps, ce lieu de transmission et de renaissance.\u00a0<i>Potomitan<\/i>\u00a0c\u00e9l\u00e8bre ainsi les chemins d\u2019\u00e9mancipation et l\u2019infinie puissance du f\u00e9minin.\u00a0\u00a0<\/span><\/p>\n<p><span style=\"color: #000000;\"><strong>Chor\u00e9graphe et interpr\u00e8te<\/strong> : Jade Lada\u00a0<\/span><br \/><span style=\"color: #000000;\"><strong>Interpr\u00e8te<\/strong> : Chlo\u00e9 Moynet\u00a0<\/span><br \/><span style=\"color: #000000;\"><strong>Interpr\u00e8te<\/strong> : Laura Morin\u00a0<\/span><br \/><span style=\"color: #000000;\"><strong>R\u00e9gisseuse lumi\u00e8re<\/strong> : Flora Gautier\u00a0<\/span><br \/><span style=\"color: #000000;\"><strong>Production &amp; Diffusion<\/strong> : Lucie Mariotto\u00a0<\/span><\/p>\n<p><span style=\"color: #000000;\"><b>Coproductions et soutiens<\/b>\u00a0:\u00a0<br \/>CCN Le Phare Le Havre Jade Lada<\/span><br \/><span style=\"color: #000000;\">Ville de Nantes<br \/>D\u00e9partement Loire Atlantique<br \/>Cour et Jardin Vertou<br \/>Th\u00e9\u00e2tre de Suresnes Jean Vilar<br \/>Festival Suresnes Cit\u00e9 danse<br \/>Institut Fran\u00e7ais du S\u00e9n\u00e9gal<br \/>La Villa St Louis Ndar<br \/>CND Pantin<i><\/i><\/span><\/p>\n<p><span style=\"color: #000000;\">Partage, transmission, rencontre et accessibilit\u00e9 sont les mots qui r\u00e9sonnent au sein de la <a href=\"https:\/\/cie-skanda.fr\">compagnie Skanda<\/a>. Ils sont les piliers de cette compagnie cr\u00e9\u00e9e en 2017 \u00e0 Nantes par la chor\u00e9graphe Jade Lada. N\u00e9e du d\u00e9sir de cr\u00e9er un espace d\u2019exp\u00e9rimentation et de recherche chor\u00e9graphique, la compagnie s\u2019ancre dans une danse m\u00e9tiss\u00e9e, \u00e0 l\u2019image de la fondatrice \u2013 entre Guadeloupe, Inde et France hexagonale. Elle m\u00eale danse contemporaine, \u00e9nergies hip hop, et h\u00e9ritages multiples dans une \u00e9criture physique, hybride et incarn\u00e9e.\u00a0<\/span><\/p>\n<p><span style=\"color: #000000;\">La compagnie SKANDA, est artiste-associ\u00e9e au Phare dans le cadre du dispositif du Minist\u00e8re de la Culture.<\/span><\/p>","protected":false},"excerpt":{"rendered":"<p>Vendredi 15 mai 2026Heure de jeu : 21h00Lieu : Parc AbbatialDur\u00e9e : 50 minutesTout public\u00a0 POTOMITAN : mot venu des Antilles, incarne la figure essentielle des femmes-pilier, ces pr\u00e9sences silencieuses qui portent le monde et leurs familles. \u00c0 travers elles,<\/p>\n","protected":false},"author":1,"featured_media":0,"parent":0,"menu_order":0,"comment_status":"closed","ping_status":"closed","template":"","meta":{"_exactmetrics_skip_tracking":false,"_exactmetrics_sitenote_active":false,"_exactmetrics_sitenote_note":"","_exactmetrics_sitenote_category":0,"footnotes":""},"class_list":["post-3549","page","type-page","status-publish","hentry"],"yoast_head":"<!-- This site is optimized with the Yoast SEO plugin v27.3 - https:\/\/yoast.com\/product\/yoast-seo-wordpress\/ -->\n<title>Potomitan - Cie Skanda - Festival Cluny Danse<\/title>\n<meta name=\"robots\" content=\"index, follow, max-snippet:-1, max-image-preview:large, max-video-preview:-1\" \/>\n<link rel=\"canonical\" href=\"https:\/\/festivalclunydanse.com\/?page_id=3549\" \/>\n<meta property=\"og:locale\" content=\"fr_FR\" \/>\n<meta property=\"og:type\" content=\"article\" \/>\n<meta property=\"og:title\" content=\"Potomitan - Cie Skanda - Festival Cluny Danse\" \/>\n<meta property=\"og:description\" content=\"Vendredi 15 mai 2026Heure de jeu : 21h00Lieu : Parc AbbatialDur\u00e9e : 50 minutesTout public\u00a0 POTOMITAN : mot venu des Antilles, incarne la figure essentielle des femmes-pilier, ces pr\u00e9sences silencieuses qui portent le monde et leurs familles. \u00c0 travers elles,\" \/>\n<meta property=\"og:url\" content=\"https:\/\/festivalclunydanse.com\/?page_id=3549\" \/>\n<meta property=\"og:site_name\" content=\"Festival Cluny Danse\" \/>\n<meta property=\"article:publisher\" content=\"http:\/\/facebook.com\/legrandjete.celle\" \/>\n<meta property=\"article:modified_time\" content=\"2026-03-16T15:00:47+00:00\" \/>\n<meta name=\"twitter:card\" content=\"summary_large_image\" \/>\n<meta name=\"twitter:label1\" content=\"Dur\u00e9e de lecture est.\" \/>\n\t<meta name=\"twitter:data1\" content=\"2 minutes\" \/>\n<script type=\"application\/ld+json\" class=\"yoast-schema-graph\">{\"@context\":\"https:\\\/\\\/schema.org\",\"@graph\":[{\"@type\":\"WebPage\",\"@id\":\"https:\\\/\\\/festivalclunydanse.com\\\/?page_id=3549\",\"url\":\"https:\\\/\\\/festivalclunydanse.com\\\/?page_id=3549\",\"name\":\"Potomitan - Cie Skanda - Festival Cluny Danse\",\"isPartOf\":{\"@id\":\"https:\\\/\\\/festivalclunydanse.com\\\/#website\"},\"datePublished\":\"2026-03-16T14:06:27+00:00\",\"dateModified\":\"2026-03-16T15:00:47+00:00\",\"breadcrumb\":{\"@id\":\"https:\\\/\\\/festivalclunydanse.com\\\/?page_id=3549#breadcrumb\"},\"inLanguage\":\"fr-BE\",\"potentialAction\":[{\"@type\":\"ReadAction\",\"target\":[\"https:\\\/\\\/festivalclunydanse.com\\\/?page_id=3549\"]}]},{\"@type\":\"BreadcrumbList\",\"@id\":\"https:\\\/\\\/festivalclunydanse.com\\\/?page_id=3549#breadcrumb\",\"itemListElement\":[{\"@type\":\"ListItem\",\"position\":1,\"name\":\"Home\",\"item\":\"https:\\\/\\\/festivalclunydanse.com\\\/\"},{\"@type\":\"ListItem\",\"position\":2,\"name\":\"Potomitan &#8211; Cie Skanda\"}]},{\"@type\":\"WebSite\",\"@id\":\"https:\\\/\\\/festivalclunydanse.com\\\/#website\",\"url\":\"https:\\\/\\\/festivalclunydanse.com\\\/\",\"name\":\"Festival Cluny Danse\",\"description\":\"Organisateur : Compagnie Le grand jet\u00e9 ! \",\"potentialAction\":[{\"@type\":\"SearchAction\",\"target\":{\"@type\":\"EntryPoint\",\"urlTemplate\":\"https:\\\/\\\/festivalclunydanse.com\\\/?s={search_term_string}\"},\"query-input\":{\"@type\":\"PropertyValueSpecification\",\"valueRequired\":true,\"valueName\":\"search_term_string\"}}],\"inLanguage\":\"fr-BE\"}]}<\/script>\n<!-- \/ Yoast SEO plugin. -->","yoast_head_json":{"title":"Potomitan - Cie Skanda - Festival Cluny Danse","robots":{"index":"index","follow":"follow","max-snippet":"max-snippet:-1","max-image-preview":"max-image-preview:large","max-video-preview":"max-video-preview:-1"},"canonical":"https:\/\/festivalclunydanse.com\/?page_id=3549","og_locale":"fr_FR","og_type":"article","og_title":"Potomitan - Cie Skanda - Festival Cluny Danse","og_description":"Vendredi 15 mai 2026Heure de jeu : 21h00Lieu : Parc AbbatialDur\u00e9e : 50 minutesTout public\u00a0 POTOMITAN : mot venu des Antilles, incarne la figure essentielle des femmes-pilier, ces pr\u00e9sences silencieuses qui portent le monde et leurs familles. \u00c0 travers elles,","og_url":"https:\/\/festivalclunydanse.com\/?page_id=3549","og_site_name":"Festival Cluny Danse","article_publisher":"http:\/\/facebook.com\/legrandjete.celle","article_modified_time":"2026-03-16T15:00:47+00:00","twitter_card":"summary_large_image","twitter_misc":{"Dur\u00e9e de lecture est.":"2 minutes"},"schema":{"@context":"https:\/\/schema.org","@graph":[{"@type":"WebPage","@id":"https:\/\/festivalclunydanse.com\/?page_id=3549","url":"https:\/\/festivalclunydanse.com\/?page_id=3549","name":"Potomitan - Cie Skanda - Festival Cluny Danse","isPartOf":{"@id":"https:\/\/festivalclunydanse.com\/#website"},"datePublished":"2026-03-16T14:06:27+00:00","dateModified":"2026-03-16T15:00:47+00:00","breadcrumb":{"@id":"https:\/\/festivalclunydanse.com\/?page_id=3549#breadcrumb"},"inLanguage":"fr-BE","potentialAction":[{"@type":"ReadAction","target":["https:\/\/festivalclunydanse.com\/?page_id=3549"]}]},{"@type":"BreadcrumbList","@id":"https:\/\/festivalclunydanse.com\/?page_id=3549#breadcrumb","itemListElement":[{"@type":"ListItem","position":1,"name":"Home","item":"https:\/\/festivalclunydanse.com\/"},{"@type":"ListItem","position":2,"name":"Potomitan &#8211; Cie Skanda"}]},{"@type":"WebSite","@id":"https:\/\/festivalclunydanse.com\/#website","url":"https:\/\/festivalclunydanse.com\/","name":"Festival Cluny Danse","description":"Organisateur : Compagnie Le grand jet\u00e9 ! ","potentialAction":[{"@type":"SearchAction","target":{"@type":"EntryPoint","urlTemplate":"https:\/\/festivalclunydanse.com\/?s={search_term_string}"},"query-input":{"@type":"PropertyValueSpecification","valueRequired":true,"valueName":"search_term_string"}}],"inLanguage":"fr-BE"}]}},"_links":{"self":[{"href":"https:\/\/festivalclunydanse.com\/index.php?rest_route=\/wp\/v2\/pages\/3549","targetHints":{"allow":["GET"]}}],"collection":[{"href":"https:\/\/festivalclunydanse.com\/index.php?rest_route=\/wp\/v2\/pages"}],"about":[{"href":"https:\/\/festivalclunydanse.com\/index.php?rest_route=\/wp\/v2\/types\/page"}],"author":[{"embeddable":true,"href":"https:\/\/festivalclunydanse.com\/index.php?rest_route=\/wp\/v2\/users\/1"}],"replies":[{"embeddable":true,"href":"https:\/\/festivalclunydanse.com\/index.php?rest_route=%2Fwp%2Fv2%2Fcomments&post=3549"}],"version-history":[{"count":7,"href":"https:\/\/festivalclunydanse.com\/index.php?rest_route=\/wp\/v2\/pages\/3549\/revisions"}],"predecessor-version":[{"id":3817,"href":"https:\/\/festivalclunydanse.com\/index.php?rest_route=\/wp\/v2\/pages\/3549\/revisions\/3817"}],"wp:attachment":[{"href":"https:\/\/festivalclunydanse.com\/index.php?rest_route=%2Fwp%2Fv2%2Fmedia&parent=3549"}],"curies":[{"name":"wp","href":"https:\/\/api.w.org\/{rel}","templated":true}]}}