{"id":3546,"date":"2026-03-16T15:07:59","date_gmt":"2026-03-16T14:07:59","guid":{"rendered":"https:\/\/festivalclunydanse.com\/?page_id=3546"},"modified":"2026-03-16T15:59:57","modified_gmt":"2026-03-16T14:59:57","slug":"oh-mother-oh-brother-a-fichu-turning","status":"publish","type":"page","link":"https:\/\/festivalclunydanse.com\/?page_id=3546","title":{"rendered":"Oh Mother, Oh Brother &#8211; A Fichu Turning"},"content":{"rendered":"\n<div class=\"wp-block-columns is-layout-flex wp-container-core-columns-is-layout-9d6595d7 wp-block-columns-is-layout-flex\">\n<div class=\"wp-block-column is-layout-flow wp-block-column-is-layout-flow\" style=\"flex-basis:70px\"><\/div>\n\n\n\n<div class=\"wp-block-column is-layout-flow wp-block-column-is-layout-flow\">\n<figure class=\"wp-block-video\"><video height=\"360\" style=\"aspect-ratio: 640 \/ 360;\" width=\"640\" controls src=\"https:\/\/festivalclunydanse.com\/wp-content\/uploads\/2026\/02\/Cai-Glover-Oh-mother-oh-brother.mp4\"><\/video><\/figure>\n<\/div>\n\n\n\n<div class=\"wp-block-column is-layout-flow wp-block-column-is-layout-flow\" style=\"flex-basis:70px\"><\/div>\n<\/div>\n\n\n<p><span style=\"color: #000000;\"><strong>Vendredi 15 mai 2026<\/strong><\/span><br \/><span style=\"color: #000000;\"><strong>Heure de jeu<\/strong> : 20h00<\/span><br \/><span style=\"color: #000000;\"><strong>Lieu<\/strong> : Parc Abbatial\u00a0<\/span><br \/><span style=\"color: #000000;\"><strong>Dur\u00e9e<\/strong> : 30 minutes\u00a0<\/span><br \/><span style=\"color: #000000;\">Tout public\u00a0<\/span><\/p>\n<p><span style=\"color: #000000;\">Cai Glover, un artiste sourd du mouvement, met en sc\u00e8ne une chor\u00e9graphie saisissant les complexit\u00e9s des relations familiales, r\u00e9fl\u00e9chissant sur un \u00eatre qui lui fait miroir, son fr\u00e8re jumeau, et sur la volont\u00e9 d&rsquo;une m\u00e8re, dans \u00ab \u202fOh Mother, Oh Brother \u00bb.<\/span><br \/><span style=\"color: #000000;\">&#8211; Antoine Quesnel<\/span><\/p>\n<p><span style=\"color: #000000;\"><strong>Production : <\/strong>A Fichu Turning<\/span><\/p>\n<p><a href=\"https:\/\/www.afichuturning.com\/about-1\">A Fichu Turning<\/a> est une entit\u00e9 artistique bas\u00e9e sur la danse. La compagnie utilise la Langue des signes et le corps dansant \u00e0 la recherche d&rsquo;une expression incarn\u00e9e de la po\u00e9sie \u00e0 travers la transposition du langage en mouvement. Des mondes de sens situ\u00e9s au-del\u00e0 de la barri\u00e8re du sens des mots. Entendre diff\u00e9remment est devenu un moteur de cr\u00e9ation pour Cai Glover \u00a0en tant que danseur, interpr\u00e8te et chor\u00e9graphe &#8211; il cherche \u00e0 donner une visibilit\u00e9 \u00e0 l&rsquo;art d&rsquo;\u00eatre malentendant, qu&rsquo;il a lui-m\u00eame essay\u00e9 d&rsquo;\u00e9viter dans un d\u00e9sir d&rsquo;int\u00e9gration.\u00a0<\/p>\n<p><span style=\"color: #000000;\">Des ateliers de sensibilisation \u00e0 la culture sourde et \u00e0 la langue des signes sont organis\u00e9s le vendredi 15 mai 2026, en partenariat avec Christine Thomas &#8211; association Sourds Avenir et Maxime Herdoin, art-th\u00e9rapeute. Le d\u00e9tail des \u00e9v\u00e8nements est \u00e0 retrouver <em>ici<\/em>. \u00a0<\/span><\/p>\n\n\n<p><\/p>\n","protected":false},"excerpt":{"rendered":"<p>Vendredi 15 mai 2026Heure de jeu : 20h00Lieu : Parc Abbatial\u00a0Dur\u00e9e : 30 minutes\u00a0Tout public\u00a0 Cai Glover, un artiste sourd du mouvement, met en sc\u00e8ne une chor\u00e9graphie saisissant les complexit\u00e9s des relations familiales, r\u00e9fl\u00e9chissant sur un \u00eatre qui lui fait<\/p>\n","protected":false},"author":1,"featured_media":0,"parent":0,"menu_order":0,"comment_status":"closed","ping_status":"closed","template":"","meta":{"_exactmetrics_skip_tracking":false,"_exactmetrics_sitenote_active":false,"_exactmetrics_sitenote_note":"","_exactmetrics_sitenote_category":0,"footnotes":""},"class_list":["post-3546","page","type-page","status-publish","hentry"],"yoast_head":"<!-- This site is optimized with the Yoast SEO plugin v27.3 - https:\/\/yoast.com\/product\/yoast-seo-wordpress\/ -->\n<title>Oh Mother, Oh Brother - A Fichu Turning - Festival Cluny Danse<\/title>\n<meta name=\"robots\" content=\"index, follow, max-snippet:-1, max-image-preview:large, max-video-preview:-1\" \/>\n<link rel=\"canonical\" href=\"https:\/\/festivalclunydanse.com\/?page_id=3546\" \/>\n<meta property=\"og:locale\" content=\"fr_FR\" \/>\n<meta property=\"og:type\" content=\"article\" \/>\n<meta property=\"og:title\" content=\"Oh Mother, Oh Brother - A Fichu Turning - Festival Cluny Danse\" \/>\n<meta property=\"og:description\" content=\"Vendredi 15 mai 2026Heure de jeu : 20h00Lieu : Parc Abbatial\u00a0Dur\u00e9e : 30 minutes\u00a0Tout public\u00a0 Cai Glover, un artiste sourd du mouvement, met en sc\u00e8ne une chor\u00e9graphie saisissant les complexit\u00e9s des relations familiales, r\u00e9fl\u00e9chissant sur un \u00eatre qui lui fait\" \/>\n<meta property=\"og:url\" content=\"https:\/\/festivalclunydanse.com\/?page_id=3546\" \/>\n<meta property=\"og:site_name\" content=\"Festival Cluny Danse\" \/>\n<meta property=\"article:publisher\" content=\"http:\/\/facebook.com\/legrandjete.celle\" \/>\n<meta property=\"article:modified_time\" content=\"2026-03-16T14:59:57+00:00\" \/>\n<meta name=\"twitter:card\" content=\"summary_large_image\" \/>\n<meta name=\"twitter:label1\" content=\"Dur\u00e9e de lecture est.\" \/>\n\t<meta name=\"twitter:data1\" content=\"1 minute\" \/>\n<script type=\"application\/ld+json\" class=\"yoast-schema-graph\">{\"@context\":\"https:\\\/\\\/schema.org\",\"@graph\":[{\"@type\":\"WebPage\",\"@id\":\"https:\\\/\\\/festivalclunydanse.com\\\/?page_id=3546\",\"url\":\"https:\\\/\\\/festivalclunydanse.com\\\/?page_id=3546\",\"name\":\"Oh Mother, Oh Brother - A Fichu Turning - Festival Cluny Danse\",\"isPartOf\":{\"@id\":\"https:\\\/\\\/festivalclunydanse.com\\\/#website\"},\"datePublished\":\"2026-03-16T14:07:59+00:00\",\"dateModified\":\"2026-03-16T14:59:57+00:00\",\"breadcrumb\":{\"@id\":\"https:\\\/\\\/festivalclunydanse.com\\\/?page_id=3546#breadcrumb\"},\"inLanguage\":\"fr-BE\",\"potentialAction\":[{\"@type\":\"ReadAction\",\"target\":[\"https:\\\/\\\/festivalclunydanse.com\\\/?page_id=3546\"]}]},{\"@type\":\"BreadcrumbList\",\"@id\":\"https:\\\/\\\/festivalclunydanse.com\\\/?page_id=3546#breadcrumb\",\"itemListElement\":[{\"@type\":\"ListItem\",\"position\":1,\"name\":\"Home\",\"item\":\"https:\\\/\\\/festivalclunydanse.com\\\/\"},{\"@type\":\"ListItem\",\"position\":2,\"name\":\"Oh Mother, Oh Brother &#8211; A Fichu Turning\"}]},{\"@type\":\"WebSite\",\"@id\":\"https:\\\/\\\/festivalclunydanse.com\\\/#website\",\"url\":\"https:\\\/\\\/festivalclunydanse.com\\\/\",\"name\":\"Festival Cluny Danse\",\"description\":\"Organisateur : Compagnie Le grand jet\u00e9 ! \",\"potentialAction\":[{\"@type\":\"SearchAction\",\"target\":{\"@type\":\"EntryPoint\",\"urlTemplate\":\"https:\\\/\\\/festivalclunydanse.com\\\/?s={search_term_string}\"},\"query-input\":{\"@type\":\"PropertyValueSpecification\",\"valueRequired\":true,\"valueName\":\"search_term_string\"}}],\"inLanguage\":\"fr-BE\"}]}<\/script>\n<!-- \/ Yoast SEO plugin. -->","yoast_head_json":{"title":"Oh Mother, Oh Brother - A Fichu Turning - Festival Cluny Danse","robots":{"index":"index","follow":"follow","max-snippet":"max-snippet:-1","max-image-preview":"max-image-preview:large","max-video-preview":"max-video-preview:-1"},"canonical":"https:\/\/festivalclunydanse.com\/?page_id=3546","og_locale":"fr_FR","og_type":"article","og_title":"Oh Mother, Oh Brother - A Fichu Turning - Festival Cluny Danse","og_description":"Vendredi 15 mai 2026Heure de jeu : 20h00Lieu : Parc Abbatial\u00a0Dur\u00e9e : 30 minutes\u00a0Tout public\u00a0 Cai Glover, un artiste sourd du mouvement, met en sc\u00e8ne une chor\u00e9graphie saisissant les complexit\u00e9s des relations familiales, r\u00e9fl\u00e9chissant sur un \u00eatre qui lui fait","og_url":"https:\/\/festivalclunydanse.com\/?page_id=3546","og_site_name":"Festival Cluny Danse","article_publisher":"http:\/\/facebook.com\/legrandjete.celle","article_modified_time":"2026-03-16T14:59:57+00:00","twitter_card":"summary_large_image","twitter_misc":{"Dur\u00e9e de lecture est.":"1 minute"},"schema":{"@context":"https:\/\/schema.org","@graph":[{"@type":"WebPage","@id":"https:\/\/festivalclunydanse.com\/?page_id=3546","url":"https:\/\/festivalclunydanse.com\/?page_id=3546","name":"Oh Mother, Oh Brother - A Fichu Turning - Festival Cluny Danse","isPartOf":{"@id":"https:\/\/festivalclunydanse.com\/#website"},"datePublished":"2026-03-16T14:07:59+00:00","dateModified":"2026-03-16T14:59:57+00:00","breadcrumb":{"@id":"https:\/\/festivalclunydanse.com\/?page_id=3546#breadcrumb"},"inLanguage":"fr-BE","potentialAction":[{"@type":"ReadAction","target":["https:\/\/festivalclunydanse.com\/?page_id=3546"]}]},{"@type":"BreadcrumbList","@id":"https:\/\/festivalclunydanse.com\/?page_id=3546#breadcrumb","itemListElement":[{"@type":"ListItem","position":1,"name":"Home","item":"https:\/\/festivalclunydanse.com\/"},{"@type":"ListItem","position":2,"name":"Oh Mother, Oh Brother &#8211; A Fichu Turning"}]},{"@type":"WebSite","@id":"https:\/\/festivalclunydanse.com\/#website","url":"https:\/\/festivalclunydanse.com\/","name":"Festival Cluny Danse","description":"Organisateur : Compagnie Le grand jet\u00e9 ! ","potentialAction":[{"@type":"SearchAction","target":{"@type":"EntryPoint","urlTemplate":"https:\/\/festivalclunydanse.com\/?s={search_term_string}"},"query-input":{"@type":"PropertyValueSpecification","valueRequired":true,"valueName":"search_term_string"}}],"inLanguage":"fr-BE"}]}},"_links":{"self":[{"href":"https:\/\/festivalclunydanse.com\/index.php?rest_route=\/wp\/v2\/pages\/3546","targetHints":{"allow":["GET"]}}],"collection":[{"href":"https:\/\/festivalclunydanse.com\/index.php?rest_route=\/wp\/v2\/pages"}],"about":[{"href":"https:\/\/festivalclunydanse.com\/index.php?rest_route=\/wp\/v2\/types\/page"}],"author":[{"embeddable":true,"href":"https:\/\/festivalclunydanse.com\/index.php?rest_route=\/wp\/v2\/users\/1"}],"replies":[{"embeddable":true,"href":"https:\/\/festivalclunydanse.com\/index.php?rest_route=%2Fwp%2Fv2%2Fcomments&post=3546"}],"version-history":[{"count":7,"href":"https:\/\/festivalclunydanse.com\/index.php?rest_route=\/wp\/v2\/pages\/3546\/revisions"}],"predecessor-version":[{"id":3818,"href":"https:\/\/festivalclunydanse.com\/index.php?rest_route=\/wp\/v2\/pages\/3546\/revisions\/3818"}],"wp:attachment":[{"href":"https:\/\/festivalclunydanse.com\/index.php?rest_route=%2Fwp%2Fv2%2Fmedia&parent=3546"}],"curies":[{"name":"wp","href":"https:\/\/api.w.org\/{rel}","templated":true}]}}