{"id":3542,"date":"2026-03-16T14:54:13","date_gmt":"2026-03-16T13:54:13","guid":{"rendered":"https:\/\/festivalclunydanse.com\/?page_id=3542"},"modified":"2026-03-17T17:46:11","modified_gmt":"2026-03-17T16:46:11","slug":"eddy-cie-point-bart","status":"publish","type":"page","link":"https:\/\/festivalclunydanse.com\/?page_id=3542","title":{"rendered":"Eddy &#8211; Cie Point Bart"},"content":{"rendered":"\n<div class=\"wp-block-columns is-layout-flex wp-container-core-columns-is-layout-9d6595d7 wp-block-columns-is-layout-flex\">\n<div class=\"wp-block-column is-layout-flow wp-block-column-is-layout-flow\" style=\"flex-basis:70px\"><\/div>\n\n\n\n<div class=\"wp-block-column is-layout-flow wp-block-column-is-layout-flow\">\n<figure class=\"wp-block-video\"><video height=\"360\" style=\"aspect-ratio: 640 \/ 360;\" width=\"640\" controls src=\"https:\/\/festivalclunydanse.com\/wp-content\/uploads\/2026\/02\/Eddy-Cie-.Bart-Clementine-Bart-Pionnat-dans-la-rue-2021.mp4\"><\/video><\/figure>\n<\/div>\n\n\n\n<div class=\"wp-block-column is-layout-flow wp-block-column-is-layout-flow\" style=\"flex-basis:70px\"><\/div>\n<\/div>\n\n\n<p><span style=\"color: #000000;\"><strong>Vendredi 15 mai 2026<\/strong><\/span><br \/><span style=\"color: #000000;\"><strong>Heure de jeu<\/strong> : 19h00<\/span><br \/><span style=\"color: #000000;\"><strong>Lieu<\/strong> : Cour du Mus\u00e9e, Cluny<\/span><br \/><span style=\"color: #000000;\"><strong>Dur\u00e9e<\/strong> : 30 minutes\u00a0<\/span><br \/><span style=\"color: #000000;\">Tout public\u00a0<\/span><\/p>\n<p><em><span style=\"color: #000000;\">Inscription obligatoire et gratuite <a href=\"https:\/\/my.weezevent.com\/eddy-cie-point-bart?_gl=1*14579gj*_gcl_au*MTY3OTYxNDQ4Mi4xNzcwOTA1MTU5LjI2ODIxOTU4Ny4xNzczNzYzMDExLjE3NzM3NjMwMTI.*_ga*OTU0MjE4MTQ1LjE3NzA5MDUxNTk.*_ga_39H9VBFX7G*czE3NzM3NjA4MzQkbzE1JGcxJHQxNzczNzY1OTQwJGo1MyRsMCRoNTY0NjU3NjQ.\"><span style=\"text-decoration: underline;\">ici<\/span><\/a> &#8211; nombre de places limit\u00e9es<\/span><\/em>\u00a0<\/p>\n<p><span style=\"color: #000000;\">Eddy est un solo construit a\u0300 partir de te\u0301moignages recueillis entre 2017 et 2021 aupre\u0300s de personnes vivant a\u0300 la rue en France. A travers un langage physique brut et engage\u0301 , la pie\u0300ce interroge la dignite\u0301 , la marginalite\u0301 et notre capacite\u0301 d\u2019e\u0301coute. La re\u0301e\u0301criture d\u2019Eddy prolonge cette recherche au-dela\u0300 des frontie\u0300res, nourrie par un voyage a\u0300 ve\u0301lo a\u0300 travers l\u2019Europe et des re\u0301sidences internationales, confrontant le corps a\u0300 de nouveaux contextes sociaux. Le plateau devient un espace de rencontre, ou\u0300 l\u2019intime devient politique.\u00a0<\/span><\/p>\n<p><span style=\"color: #000000;\"><strong>Co-productions et partenaires : <\/strong><span class=\"a_GcMg font-feature-liga-off font-feature-clig-off font-feature-calt-off text-decoration-none text-strikethrough-none\">European Festivals Fund for Emerging Artists &#8211; EFFEA ; Zant Festival ; Teatri Riflessi\u00a0<\/span><\/span><\/p>\n<p><span style=\"color: #000000;\">La <a href=\"https:\/\/www.compagniepointbart.fr\">Compagnie Point Bart<\/a> est fond\u00e9e en 2024 par la danseuse et chor\u00e9graphe Cl\u00e9mentine Bart. Elle imagine et cr\u00e9e des spectacles chor\u00e9graphiques ancr\u00e9s dans le r\u00e9el. Cl\u00e9mentine con\u00e7oit ses projets hors des sentiers battus, en ext\u00e9rieur, dans des lieux atypiques. Elle cr\u00e9e en marchant, en roulant, en avan\u00e7ant. Plus de 3000 km \u00e0 v\u00e9lo \u00e0 travers l\u2019Europe ont nourri sa d\u00e9marche artistique : explorer les limites du corps, \u00e9couter les territoires, recueillir les r\u00e9cits. Le travail de la compagnie interroge les fronti\u00e8res physiques et mentales du corps.<\/span><\/p>\n\n\n<div class=\"wp-block-group is-layout-grid wp-container-core-group-is-layout-9649a0d9 wp-block-group-is-layout-grid\">\n<figure class=\"wp-block-image size-large\"><img decoding=\"async\" width=\"1024\" height=\"486\" src=\"https:\/\/festivalclunydanse.com\/wp-content\/uploads\/2026\/03\/Capture-decran-2026-03-02-a-12.17.19-1024x486.png\" alt=\"\" class=\"wp-image-3602\" srcset=\"https:\/\/festivalclunydanse.com\/wp-content\/uploads\/2026\/03\/Capture-decran-2026-03-02-a-12.17.19-1024x486.png 1024w, https:\/\/festivalclunydanse.com\/wp-content\/uploads\/2026\/03\/Capture-decran-2026-03-02-a-12.17.19-300x142.png 300w, https:\/\/festivalclunydanse.com\/wp-content\/uploads\/2026\/03\/Capture-decran-2026-03-02-a-12.17.19-768x365.png 768w, https:\/\/festivalclunydanse.com\/wp-content\/uploads\/2026\/03\/Capture-decran-2026-03-02-a-12.17.19-1536x729.png 1536w, https:\/\/festivalclunydanse.com\/wp-content\/uploads\/2026\/03\/Capture-decran-2026-03-02-a-12.17.19-2048x972.png 2048w\" sizes=\"(max-width: 1024px) 100vw, 1024px\" \/><\/figure>\n<\/div>\n\n\n\n<div class=\"wp-block-group is-layout-grid wp-container-core-group-is-layout-9649a0d9 wp-block-group-is-layout-grid\">\n<figure class=\"wp-block-image size-large wp-container-content-69bc4bdf\"><img decoding=\"async\" width=\"1008\" height=\"1024\" src=\"https:\/\/festivalclunydanse.com\/wp-content\/uploads\/2026\/03\/LOGO-EFFEAEU-1008x1024.jpg\" alt=\"\" class=\"wp-image-3603\"\/><\/figure>\n<\/div>\n\n\n\n<div class=\"wp-block-group is-layout-grid wp-container-core-group-is-layout-9649a0d9 wp-block-group-is-layout-grid\">\n<figure class=\"wp-block-image size-large\"><img decoding=\"async\" width=\"1024\" height=\"213\" src=\"https:\/\/festivalclunydanse.com\/wp-content\/uploads\/2026\/03\/Capture-decran-2026-03-02-a-12.17.41-1-1024x213.png\" alt=\"\" class=\"wp-image-3604\" srcset=\"https:\/\/festivalclunydanse.com\/wp-content\/uploads\/2026\/03\/Capture-decran-2026-03-02-a-12.17.41-1-1024x213.png 1024w, https:\/\/festivalclunydanse.com\/wp-content\/uploads\/2026\/03\/Capture-decran-2026-03-02-a-12.17.41-1-300x62.png 300w, https:\/\/festivalclunydanse.com\/wp-content\/uploads\/2026\/03\/Capture-decran-2026-03-02-a-12.17.41-1-768x160.png 768w, https:\/\/festivalclunydanse.com\/wp-content\/uploads\/2026\/03\/Capture-decran-2026-03-02-a-12.17.41-1-1536x319.png 1536w, https:\/\/festivalclunydanse.com\/wp-content\/uploads\/2026\/03\/Capture-decran-2026-03-02-a-12.17.41-1-2048x426.png 2048w\" sizes=\"(max-width: 1024px) 100vw, 1024px\" \/><\/figure>\n\n\n\n<p><\/p>\n<\/div>\n","protected":false},"excerpt":{"rendered":"<p>Vendredi 15 mai 2026Heure de jeu : 19h00Lieu : Cour du Mus\u00e9e, ClunyDur\u00e9e : 30 minutes\u00a0Tout public\u00a0 Inscription obligatoire et gratuite ici &#8211; nombre de places limit\u00e9es\u00a0 Eddy est un solo construit a\u0300 partir de te\u0301moignages recueillis entre 2017 et<\/p>\n","protected":false},"author":1,"featured_media":0,"parent":0,"menu_order":0,"comment_status":"closed","ping_status":"closed","template":"","meta":{"_exactmetrics_skip_tracking":false,"_exactmetrics_sitenote_active":false,"_exactmetrics_sitenote_note":"","_exactmetrics_sitenote_category":0,"footnotes":""},"class_list":["post-3542","page","type-page","status-publish","hentry"],"yoast_head":"<!-- This site is optimized with the Yoast SEO plugin v27.3 - https:\/\/yoast.com\/product\/yoast-seo-wordpress\/ -->\n<title>Eddy - Cie Point Bart - Festival Cluny Danse<\/title>\n<meta name=\"robots\" content=\"index, follow, max-snippet:-1, max-image-preview:large, max-video-preview:-1\" \/>\n<link rel=\"canonical\" href=\"https:\/\/festivalclunydanse.com\/?page_id=3542\" \/>\n<meta property=\"og:locale\" content=\"fr_FR\" \/>\n<meta property=\"og:type\" content=\"article\" \/>\n<meta property=\"og:title\" content=\"Eddy - Cie Point Bart - Festival Cluny Danse\" \/>\n<meta property=\"og:description\" content=\"Vendredi 15 mai 2026Heure de jeu : 19h00Lieu : Cour du Mus\u00e9e, ClunyDur\u00e9e : 30 minutes\u00a0Tout public\u00a0 Inscription obligatoire et gratuite ici &#8211; nombre de places limit\u00e9es\u00a0 Eddy est un solo construit a\u0300 partir de te\u0301moignages recueillis entre 2017 et\" \/>\n<meta property=\"og:url\" content=\"https:\/\/festivalclunydanse.com\/?page_id=3542\" \/>\n<meta property=\"og:site_name\" content=\"Festival Cluny Danse\" \/>\n<meta property=\"article:publisher\" content=\"http:\/\/facebook.com\/legrandjete.celle\" \/>\n<meta property=\"article:modified_time\" content=\"2026-03-17T16:46:11+00:00\" \/>\n<meta property=\"og:image\" content=\"https:\/\/festivalclunydanse.com\/wp-content\/uploads\/2026\/03\/Capture-decran-2026-03-02-a-12.17.19.png\" \/>\n\t<meta property=\"og:image:width\" content=\"2458\" \/>\n\t<meta property=\"og:image:height\" content=\"1167\" \/>\n\t<meta property=\"og:image:type\" content=\"image\/png\" \/>\n<meta name=\"twitter:card\" content=\"summary_large_image\" \/>\n<meta name=\"twitter:label1\" content=\"Dur\u00e9e de lecture est.\" \/>\n\t<meta name=\"twitter:data1\" content=\"2 minutes\" \/>\n<script type=\"application\/ld+json\" class=\"yoast-schema-graph\">{\"@context\":\"https:\\\/\\\/schema.org\",\"@graph\":[{\"@type\":\"WebPage\",\"@id\":\"https:\\\/\\\/festivalclunydanse.com\\\/?page_id=3542\",\"url\":\"https:\\\/\\\/festivalclunydanse.com\\\/?page_id=3542\",\"name\":\"Eddy - Cie Point Bart - Festival Cluny Danse\",\"isPartOf\":{\"@id\":\"https:\\\/\\\/festivalclunydanse.com\\\/#website\"},\"primaryImageOfPage\":{\"@id\":\"https:\\\/\\\/festivalclunydanse.com\\\/?page_id=3542#primaryimage\"},\"image\":{\"@id\":\"https:\\\/\\\/festivalclunydanse.com\\\/?page_id=3542#primaryimage\"},\"thumbnailUrl\":\"https:\\\/\\\/festivalclunydanse.com\\\/wp-content\\\/uploads\\\/2026\\\/03\\\/Capture-decran-2026-03-02-a-12.17.19-1024x486.png\",\"datePublished\":\"2026-03-16T13:54:13+00:00\",\"dateModified\":\"2026-03-17T16:46:11+00:00\",\"breadcrumb\":{\"@id\":\"https:\\\/\\\/festivalclunydanse.com\\\/?page_id=3542#breadcrumb\"},\"inLanguage\":\"fr-BE\",\"potentialAction\":[{\"@type\":\"ReadAction\",\"target\":[\"https:\\\/\\\/festivalclunydanse.com\\\/?page_id=3542\"]}]},{\"@type\":\"ImageObject\",\"inLanguage\":\"fr-BE\",\"@id\":\"https:\\\/\\\/festivalclunydanse.com\\\/?page_id=3542#primaryimage\",\"url\":\"https:\\\/\\\/festivalclunydanse.com\\\/wp-content\\\/uploads\\\/2026\\\/03\\\/Capture-decran-2026-03-02-a-12.17.19.png\",\"contentUrl\":\"https:\\\/\\\/festivalclunydanse.com\\\/wp-content\\\/uploads\\\/2026\\\/03\\\/Capture-decran-2026-03-02-a-12.17.19.png\",\"width\":2458,\"height\":1167},{\"@type\":\"BreadcrumbList\",\"@id\":\"https:\\\/\\\/festivalclunydanse.com\\\/?page_id=3542#breadcrumb\",\"itemListElement\":[{\"@type\":\"ListItem\",\"position\":1,\"name\":\"Home\",\"item\":\"https:\\\/\\\/festivalclunydanse.com\\\/\"},{\"@type\":\"ListItem\",\"position\":2,\"name\":\"Eddy &#8211; Cie Point Bart\"}]},{\"@type\":\"WebSite\",\"@id\":\"https:\\\/\\\/festivalclunydanse.com\\\/#website\",\"url\":\"https:\\\/\\\/festivalclunydanse.com\\\/\",\"name\":\"Festival Cluny Danse\",\"description\":\"Organisateur : Compagnie Le grand jet\u00e9 ! \",\"potentialAction\":[{\"@type\":\"SearchAction\",\"target\":{\"@type\":\"EntryPoint\",\"urlTemplate\":\"https:\\\/\\\/festivalclunydanse.com\\\/?s={search_term_string}\"},\"query-input\":{\"@type\":\"PropertyValueSpecification\",\"valueRequired\":true,\"valueName\":\"search_term_string\"}}],\"inLanguage\":\"fr-BE\"}]}<\/script>\n<!-- \/ Yoast SEO plugin. -->","yoast_head_json":{"title":"Eddy - Cie Point Bart - Festival Cluny Danse","robots":{"index":"index","follow":"follow","max-snippet":"max-snippet:-1","max-image-preview":"max-image-preview:large","max-video-preview":"max-video-preview:-1"},"canonical":"https:\/\/festivalclunydanse.com\/?page_id=3542","og_locale":"fr_FR","og_type":"article","og_title":"Eddy - Cie Point Bart - Festival Cluny Danse","og_description":"Vendredi 15 mai 2026Heure de jeu : 19h00Lieu : Cour du Mus\u00e9e, ClunyDur\u00e9e : 30 minutes\u00a0Tout public\u00a0 Inscription obligatoire et gratuite ici &#8211; nombre de places limit\u00e9es\u00a0 Eddy est un solo construit a\u0300 partir de te\u0301moignages recueillis entre 2017 et","og_url":"https:\/\/festivalclunydanse.com\/?page_id=3542","og_site_name":"Festival Cluny Danse","article_publisher":"http:\/\/facebook.com\/legrandjete.celle","article_modified_time":"2026-03-17T16:46:11+00:00","og_image":[{"width":2458,"height":1167,"url":"https:\/\/festivalclunydanse.com\/wp-content\/uploads\/2026\/03\/Capture-decran-2026-03-02-a-12.17.19.png","type":"image\/png"}],"twitter_card":"summary_large_image","twitter_misc":{"Dur\u00e9e de lecture est.":"2 minutes"},"schema":{"@context":"https:\/\/schema.org","@graph":[{"@type":"WebPage","@id":"https:\/\/festivalclunydanse.com\/?page_id=3542","url":"https:\/\/festivalclunydanse.com\/?page_id=3542","name":"Eddy - Cie Point Bart - Festival Cluny Danse","isPartOf":{"@id":"https:\/\/festivalclunydanse.com\/#website"},"primaryImageOfPage":{"@id":"https:\/\/festivalclunydanse.com\/?page_id=3542#primaryimage"},"image":{"@id":"https:\/\/festivalclunydanse.com\/?page_id=3542#primaryimage"},"thumbnailUrl":"https:\/\/festivalclunydanse.com\/wp-content\/uploads\/2026\/03\/Capture-decran-2026-03-02-a-12.17.19-1024x486.png","datePublished":"2026-03-16T13:54:13+00:00","dateModified":"2026-03-17T16:46:11+00:00","breadcrumb":{"@id":"https:\/\/festivalclunydanse.com\/?page_id=3542#breadcrumb"},"inLanguage":"fr-BE","potentialAction":[{"@type":"ReadAction","target":["https:\/\/festivalclunydanse.com\/?page_id=3542"]}]},{"@type":"ImageObject","inLanguage":"fr-BE","@id":"https:\/\/festivalclunydanse.com\/?page_id=3542#primaryimage","url":"https:\/\/festivalclunydanse.com\/wp-content\/uploads\/2026\/03\/Capture-decran-2026-03-02-a-12.17.19.png","contentUrl":"https:\/\/festivalclunydanse.com\/wp-content\/uploads\/2026\/03\/Capture-decran-2026-03-02-a-12.17.19.png","width":2458,"height":1167},{"@type":"BreadcrumbList","@id":"https:\/\/festivalclunydanse.com\/?page_id=3542#breadcrumb","itemListElement":[{"@type":"ListItem","position":1,"name":"Home","item":"https:\/\/festivalclunydanse.com\/"},{"@type":"ListItem","position":2,"name":"Eddy &#8211; Cie Point Bart"}]},{"@type":"WebSite","@id":"https:\/\/festivalclunydanse.com\/#website","url":"https:\/\/festivalclunydanse.com\/","name":"Festival Cluny Danse","description":"Organisateur : Compagnie Le grand jet\u00e9 ! ","potentialAction":[{"@type":"SearchAction","target":{"@type":"EntryPoint","urlTemplate":"https:\/\/festivalclunydanse.com\/?s={search_term_string}"},"query-input":{"@type":"PropertyValueSpecification","valueRequired":true,"valueName":"search_term_string"}}],"inLanguage":"fr-BE"}]}},"_links":{"self":[{"href":"https:\/\/festivalclunydanse.com\/index.php?rest_route=\/wp\/v2\/pages\/3542","targetHints":{"allow":["GET"]}}],"collection":[{"href":"https:\/\/festivalclunydanse.com\/index.php?rest_route=\/wp\/v2\/pages"}],"about":[{"href":"https:\/\/festivalclunydanse.com\/index.php?rest_route=\/wp\/v2\/types\/page"}],"author":[{"embeddable":true,"href":"https:\/\/festivalclunydanse.com\/index.php?rest_route=\/wp\/v2\/users\/1"}],"replies":[{"embeddable":true,"href":"https:\/\/festivalclunydanse.com\/index.php?rest_route=%2Fwp%2Fv2%2Fcomments&post=3542"}],"version-history":[{"count":8,"href":"https:\/\/festivalclunydanse.com\/index.php?rest_route=\/wp\/v2\/pages\/3542\/revisions"}],"predecessor-version":[{"id":3864,"href":"https:\/\/festivalclunydanse.com\/index.php?rest_route=\/wp\/v2\/pages\/3542\/revisions\/3864"}],"wp:attachment":[{"href":"https:\/\/festivalclunydanse.com\/index.php?rest_route=%2Fwp%2Fv2%2Fmedia&parent=3542"}],"curies":[{"name":"wp","href":"https:\/\/api.w.org\/{rel}","templated":true}]}}