{"id":3539,"date":"2026-03-16T15:24:49","date_gmt":"2026-03-16T14:24:49","guid":{"rendered":"https:\/\/festivalclunydanse.com\/?page_id=3539"},"modified":"2026-03-16T15:57:37","modified_gmt":"2026-03-16T14:57:37","slug":"el-botiniere-cie-al-badil","status":"publish","type":"page","link":"https:\/\/festivalclunydanse.com\/?page_id=3539","title":{"rendered":"El Botini\u00e8re &#8211; Cie Al Badil"},"content":{"rendered":"\n<div class=\"wp-block-columns is-layout-flex wp-container-core-columns-is-layout-9d6595d7 wp-block-columns-is-layout-flex\">\n<div class=\"wp-block-column is-layout-flow wp-block-column-is-layout-flow\" style=\"flex-basis:70px\"><\/div>\n\n\n\n<div class=\"wp-block-column is-layout-flow wp-block-column-is-layout-flow\">\n<figure class=\"wp-block-video\"><video height=\"1080\" style=\"aspect-ratio: 1920 \/ 1080;\" width=\"1920\" controls src=\"https:\/\/festivalclunydanse.com\/wp-content\/uploads\/2026\/02\/el_botiniEre_-_teaser_v1-1080p.mp4\"><\/video><\/figure>\n<\/div>\n\n\n\n<div class=\"wp-block-column is-layout-flow wp-block-column-is-layout-flow\" style=\"flex-basis:70px\"><\/div>\n<\/div>\n\n\n<p><span style=\"color: #000000;\"><strong>Jeudi 14 mai 2026<\/strong><\/span><br \/><span style=\"color: #000000;\"><strong>Heure de jeu<\/strong> : 19H30<\/span><br \/><span style=\"color: #000000;\"><strong>Lieu<\/strong> : \u00c0 l&rsquo;Abbaye de Cluny<\/span><br \/><span style=\"color: #000000;\"><strong>Dur\u00e9e<\/strong> : 30 minutes\u00a0<\/span><br \/><span style=\"color: #000000;\">Tout public\u00a0<\/span><\/p>\n<p class=\"p1\"><span style=\"color: #000000;\">Alors que commencent \u00e0 s&rsquo;afficher les premi\u00e8res lueurs de l&rsquo;aube, les derni\u00e8res ampoules jaunes de la boutonni\u00e8re s&rsquo;\u00e9teignent une \u00e0 une comme les <span class=\"s1\">derniers t\u00e9moins <\/span>d&rsquo;une \u00e9ni\u00e8me histoire de nuit &#8230; Derniers rires forc\u00e9s, der<span class=\"s2\">niers jurons, derni\u00e8res <\/span>accolades&#8230; Des pas \u00e9m\u00e9ch\u00e9s trainent une ivresse <span class=\"s1\">portant le go\u00fbt de l&rsquo;oubli et bas <\/span>ventre pleins, l&rsquo;esprit creux, les traits tir\u00e9s, les yeux vides. Six ombres se s\u00e9parent dans les <span class=\"s1\">ruelles d\u00e9sertes, sen<\/span>tant l&rsquo;urine et les d\u00e9bris&#8230; Un rideau tombe, un autre se l\u00e8ve sur <span class=\"s2\">leur vie.<\/span>.. Dans le miroir de leur r\u00e9alit\u00e9 sordide que voient-ils ?<\/span><\/p>\n<p><span style=\"color: #000000;\">En partenariat avec l&rsquo;Abbaye de Cluny<\/span>\u00a0<\/p>\n<p class=\"p1\"><span style=\"color: #000000;\"><b>Conception et mise en sc\u00e8ne : <\/b><span class=\"s1\">Selim Ben Safia<\/span><\/span><\/p>\n<p class=\"p2\"><span style=\"color: #000000;\"><span class=\"s2\"><b>Chor\u00e9graphie <\/b><\/span><span class=\"s3\">: <\/span>Selim Ben Safia et Marwen Errouine<\/span><\/p>\n<p class=\"p3\"><span style=\"color: #000000;\"><b>Coproduction <\/b><span class=\"s3\">:<\/span><\/span><\/p>\n<p class=\"p4\"><span style=\"color: #000000;\">CCN DE NANTES &#8211; France<\/span><br \/><span style=\"color: #000000;\">CCN DE BELFORT- France<\/span><br \/><span style=\"color: #000000;\">TH\u00c9\u00c2TRE HECTOR CHARLAND &#8211; Qu\u00e9bec<\/span><br \/><span style=\"color: #000000;\">Culture Ressources \/ El Mawred &#8211; Liban<\/span><\/p>\n<p class=\"p3\"><span style=\"color: #000000;\"><b>Soutien <\/b><span class=\"s3\">:<br \/><\/span>El Hamra Th\u00e9\u00e2tre de tous les arts \u2013 Tunisie<\/span><br \/><span style=\"color: #000000;\">L\u2019astragale ; Cie Zutano Bazar &#8211; France<\/span><\/p>\n<p><span style=\"color: #000000;\">Chor\u00e9graphe et danseur franco-tunisien, Selim Ben Safia est form\u00e9 \u00e0 la danse hip hop au <strong>Sybel Ballet Th\u00e9\u00e2tre<\/strong>de Tunis. Il int\u00e8gre ensuite le <strong>Centre M\u00e9diterran\u00e9en de Danse Contemporaine<\/strong> et entame sa collaboration avec le chor\u00e9graphe Imed Jemaa. C\u2019est l\u00e0 que nait son attirance pour la chor\u00e9graphie contemporaine. En 2017 Selim cr\u00e9e l\u2019association \u00ab\u00a0<a href=\"https:\/\/al-badil.net\"><strong>Al Badil \u2013 l\u2019alternative Culturelle<\/strong><\/a> \u00bb ; une association qui aspire \u00e0 d\u00e9mocratiser la culture et d\u2019en faire un facteur de d\u00e9veloppement \u00e9conomique.\u00a0<\/span><\/p>\n\n\n<div class=\"wp-block-group is-layout-grid wp-container-core-group-is-layout-9649a0d9 wp-block-group-is-layout-grid\">\n<figure class=\"wp-block-image size-full\"><img decoding=\"async\" width=\"886\" height=\"236\" src=\"https:\/\/festivalclunydanse.com\/wp-content\/uploads\/2023\/04\/logo_2lignes_Blanc_oct2012.jpg\" alt=\"\" class=\"wp-image-2331\" srcset=\"https:\/\/festivalclunydanse.com\/wp-content\/uploads\/2023\/04\/logo_2lignes_Blanc_oct2012.jpg 886w, https:\/\/festivalclunydanse.com\/wp-content\/uploads\/2023\/04\/logo_2lignes_Blanc_oct2012-300x80.jpg 300w, https:\/\/festivalclunydanse.com\/wp-content\/uploads\/2023\/04\/logo_2lignes_Blanc_oct2012-768x205.jpg 768w\" sizes=\"(max-width: 886px) 100vw, 886px\" \/><\/figure>\n<\/div>\n\n\n\n<p><\/p>\n","protected":false},"excerpt":{"rendered":"<p>Jeudi 14 mai 2026Heure de jeu : 19H30Lieu : \u00c0 l&rsquo;Abbaye de ClunyDur\u00e9e : 30 minutes\u00a0Tout public\u00a0 Alors que commencent \u00e0 s&rsquo;afficher les premi\u00e8res lueurs de l&rsquo;aube, les derni\u00e8res ampoules jaunes de la boutonni\u00e8re s&rsquo;\u00e9teignent une \u00e0 une comme les<\/p>\n","protected":false},"author":1,"featured_media":0,"parent":0,"menu_order":0,"comment_status":"closed","ping_status":"closed","template":"","meta":{"_exactmetrics_skip_tracking":false,"_exactmetrics_sitenote_active":false,"_exactmetrics_sitenote_note":"","_exactmetrics_sitenote_category":0,"footnotes":""},"class_list":["post-3539","page","type-page","status-publish","hentry"],"yoast_head":"<!-- This site is optimized with the Yoast SEO plugin v27.3 - https:\/\/yoast.com\/product\/yoast-seo-wordpress\/ -->\n<title>El Botini\u00e8re - Cie Al Badil - Festival Cluny Danse<\/title>\n<meta name=\"robots\" content=\"index, follow, max-snippet:-1, max-image-preview:large, max-video-preview:-1\" \/>\n<link rel=\"canonical\" href=\"https:\/\/festivalclunydanse.com\/?page_id=3539\" \/>\n<meta property=\"og:locale\" content=\"fr_FR\" \/>\n<meta property=\"og:type\" content=\"article\" \/>\n<meta property=\"og:title\" content=\"El Botini\u00e8re - Cie Al Badil - Festival Cluny Danse\" \/>\n<meta property=\"og:description\" content=\"Jeudi 14 mai 2026Heure de jeu : 19H30Lieu : \u00c0 l&rsquo;Abbaye de ClunyDur\u00e9e : 30 minutes\u00a0Tout public\u00a0 Alors que commencent \u00e0 s&rsquo;afficher les premi\u00e8res lueurs de l&rsquo;aube, les derni\u00e8res ampoules jaunes de la boutonni\u00e8re s&rsquo;\u00e9teignent une \u00e0 une comme les\" \/>\n<meta property=\"og:url\" content=\"https:\/\/festivalclunydanse.com\/?page_id=3539\" \/>\n<meta property=\"og:site_name\" content=\"Festival Cluny Danse\" \/>\n<meta property=\"article:publisher\" content=\"http:\/\/facebook.com\/legrandjete.celle\" \/>\n<meta property=\"article:modified_time\" content=\"2026-03-16T14:57:37+00:00\" \/>\n<meta property=\"og:image\" content=\"https:\/\/festivalclunydanse.com\/wp-content\/uploads\/2023\/04\/logo_2lignes_Blanc_oct2012.jpg\" \/>\n\t<meta property=\"og:image:width\" content=\"886\" \/>\n\t<meta property=\"og:image:height\" content=\"236\" \/>\n\t<meta property=\"og:image:type\" content=\"image\/jpeg\" \/>\n<meta name=\"twitter:card\" content=\"summary_large_image\" \/>\n<meta name=\"twitter:label1\" content=\"Dur\u00e9e de lecture est.\" \/>\n\t<meta name=\"twitter:data1\" content=\"2 minutes\" \/>\n<script type=\"application\/ld+json\" class=\"yoast-schema-graph\">{\"@context\":\"https:\\\/\\\/schema.org\",\"@graph\":[{\"@type\":\"WebPage\",\"@id\":\"https:\\\/\\\/festivalclunydanse.com\\\/?page_id=3539\",\"url\":\"https:\\\/\\\/festivalclunydanse.com\\\/?page_id=3539\",\"name\":\"El Botini\u00e8re - Cie Al Badil - Festival Cluny Danse\",\"isPartOf\":{\"@id\":\"https:\\\/\\\/festivalclunydanse.com\\\/#website\"},\"primaryImageOfPage\":{\"@id\":\"https:\\\/\\\/festivalclunydanse.com\\\/?page_id=3539#primaryimage\"},\"image\":{\"@id\":\"https:\\\/\\\/festivalclunydanse.com\\\/?page_id=3539#primaryimage\"},\"thumbnailUrl\":\"https:\\\/\\\/festivalclunydanse.com\\\/wp-content\\\/uploads\\\/2023\\\/04\\\/logo_2lignes_Blanc_oct2012.jpg\",\"datePublished\":\"2026-03-16T14:24:49+00:00\",\"dateModified\":\"2026-03-16T14:57:37+00:00\",\"breadcrumb\":{\"@id\":\"https:\\\/\\\/festivalclunydanse.com\\\/?page_id=3539#breadcrumb\"},\"inLanguage\":\"fr-BE\",\"potentialAction\":[{\"@type\":\"ReadAction\",\"target\":[\"https:\\\/\\\/festivalclunydanse.com\\\/?page_id=3539\"]}]},{\"@type\":\"ImageObject\",\"inLanguage\":\"fr-BE\",\"@id\":\"https:\\\/\\\/festivalclunydanse.com\\\/?page_id=3539#primaryimage\",\"url\":\"https:\\\/\\\/festivalclunydanse.com\\\/wp-content\\\/uploads\\\/2023\\\/04\\\/logo_2lignes_Blanc_oct2012.jpg\",\"contentUrl\":\"https:\\\/\\\/festivalclunydanse.com\\\/wp-content\\\/uploads\\\/2023\\\/04\\\/logo_2lignes_Blanc_oct2012.jpg\",\"width\":886,\"height\":236},{\"@type\":\"BreadcrumbList\",\"@id\":\"https:\\\/\\\/festivalclunydanse.com\\\/?page_id=3539#breadcrumb\",\"itemListElement\":[{\"@type\":\"ListItem\",\"position\":1,\"name\":\"Home\",\"item\":\"https:\\\/\\\/festivalclunydanse.com\\\/\"},{\"@type\":\"ListItem\",\"position\":2,\"name\":\"El Botini\u00e8re &#8211; Cie Al Badil\"}]},{\"@type\":\"WebSite\",\"@id\":\"https:\\\/\\\/festivalclunydanse.com\\\/#website\",\"url\":\"https:\\\/\\\/festivalclunydanse.com\\\/\",\"name\":\"Festival Cluny Danse\",\"description\":\"Organisateur : Compagnie Le grand jet\u00e9 ! \",\"potentialAction\":[{\"@type\":\"SearchAction\",\"target\":{\"@type\":\"EntryPoint\",\"urlTemplate\":\"https:\\\/\\\/festivalclunydanse.com\\\/?s={search_term_string}\"},\"query-input\":{\"@type\":\"PropertyValueSpecification\",\"valueRequired\":true,\"valueName\":\"search_term_string\"}}],\"inLanguage\":\"fr-BE\"}]}<\/script>\n<!-- \/ Yoast SEO plugin. -->","yoast_head_json":{"title":"El Botini\u00e8re - Cie Al Badil - Festival Cluny Danse","robots":{"index":"index","follow":"follow","max-snippet":"max-snippet:-1","max-image-preview":"max-image-preview:large","max-video-preview":"max-video-preview:-1"},"canonical":"https:\/\/festivalclunydanse.com\/?page_id=3539","og_locale":"fr_FR","og_type":"article","og_title":"El Botini\u00e8re - Cie Al Badil - Festival Cluny Danse","og_description":"Jeudi 14 mai 2026Heure de jeu : 19H30Lieu : \u00c0 l&rsquo;Abbaye de ClunyDur\u00e9e : 30 minutes\u00a0Tout public\u00a0 Alors que commencent \u00e0 s&rsquo;afficher les premi\u00e8res lueurs de l&rsquo;aube, les derni\u00e8res ampoules jaunes de la boutonni\u00e8re s&rsquo;\u00e9teignent une \u00e0 une comme les","og_url":"https:\/\/festivalclunydanse.com\/?page_id=3539","og_site_name":"Festival Cluny Danse","article_publisher":"http:\/\/facebook.com\/legrandjete.celle","article_modified_time":"2026-03-16T14:57:37+00:00","og_image":[{"width":886,"height":236,"url":"https:\/\/festivalclunydanse.com\/wp-content\/uploads\/2023\/04\/logo_2lignes_Blanc_oct2012.jpg","type":"image\/jpeg"}],"twitter_card":"summary_large_image","twitter_misc":{"Dur\u00e9e de lecture est.":"2 minutes"},"schema":{"@context":"https:\/\/schema.org","@graph":[{"@type":"WebPage","@id":"https:\/\/festivalclunydanse.com\/?page_id=3539","url":"https:\/\/festivalclunydanse.com\/?page_id=3539","name":"El Botini\u00e8re - Cie Al Badil - Festival Cluny Danse","isPartOf":{"@id":"https:\/\/festivalclunydanse.com\/#website"},"primaryImageOfPage":{"@id":"https:\/\/festivalclunydanse.com\/?page_id=3539#primaryimage"},"image":{"@id":"https:\/\/festivalclunydanse.com\/?page_id=3539#primaryimage"},"thumbnailUrl":"https:\/\/festivalclunydanse.com\/wp-content\/uploads\/2023\/04\/logo_2lignes_Blanc_oct2012.jpg","datePublished":"2026-03-16T14:24:49+00:00","dateModified":"2026-03-16T14:57:37+00:00","breadcrumb":{"@id":"https:\/\/festivalclunydanse.com\/?page_id=3539#breadcrumb"},"inLanguage":"fr-BE","potentialAction":[{"@type":"ReadAction","target":["https:\/\/festivalclunydanse.com\/?page_id=3539"]}]},{"@type":"ImageObject","inLanguage":"fr-BE","@id":"https:\/\/festivalclunydanse.com\/?page_id=3539#primaryimage","url":"https:\/\/festivalclunydanse.com\/wp-content\/uploads\/2023\/04\/logo_2lignes_Blanc_oct2012.jpg","contentUrl":"https:\/\/festivalclunydanse.com\/wp-content\/uploads\/2023\/04\/logo_2lignes_Blanc_oct2012.jpg","width":886,"height":236},{"@type":"BreadcrumbList","@id":"https:\/\/festivalclunydanse.com\/?page_id=3539#breadcrumb","itemListElement":[{"@type":"ListItem","position":1,"name":"Home","item":"https:\/\/festivalclunydanse.com\/"},{"@type":"ListItem","position":2,"name":"El Botini\u00e8re &#8211; Cie Al Badil"}]},{"@type":"WebSite","@id":"https:\/\/festivalclunydanse.com\/#website","url":"https:\/\/festivalclunydanse.com\/","name":"Festival Cluny Danse","description":"Organisateur : Compagnie Le grand jet\u00e9 ! ","potentialAction":[{"@type":"SearchAction","target":{"@type":"EntryPoint","urlTemplate":"https:\/\/festivalclunydanse.com\/?s={search_term_string}"},"query-input":{"@type":"PropertyValueSpecification","valueRequired":true,"valueName":"search_term_string"}}],"inLanguage":"fr-BE"}]}},"_links":{"self":[{"href":"https:\/\/festivalclunydanse.com\/index.php?rest_route=\/wp\/v2\/pages\/3539","targetHints":{"allow":["GET"]}}],"collection":[{"href":"https:\/\/festivalclunydanse.com\/index.php?rest_route=\/wp\/v2\/pages"}],"about":[{"href":"https:\/\/festivalclunydanse.com\/index.php?rest_route=\/wp\/v2\/types\/page"}],"author":[{"embeddable":true,"href":"https:\/\/festivalclunydanse.com\/index.php?rest_route=\/wp\/v2\/users\/1"}],"replies":[{"embeddable":true,"href":"https:\/\/festivalclunydanse.com\/index.php?rest_route=%2Fwp%2Fv2%2Fcomments&post=3539"}],"version-history":[{"count":6,"href":"https:\/\/festivalclunydanse.com\/index.php?rest_route=\/wp\/v2\/pages\/3539\/revisions"}],"predecessor-version":[{"id":3824,"href":"https:\/\/festivalclunydanse.com\/index.php?rest_route=\/wp\/v2\/pages\/3539\/revisions\/3824"}],"wp:attachment":[{"href":"https:\/\/festivalclunydanse.com\/index.php?rest_route=%2Fwp%2Fv2%2Fmedia&parent=3539"}],"curies":[{"name":"wp","href":"https:\/\/api.w.org\/{rel}","templated":true}]}}