{"id":3536,"date":"2026-03-16T14:50:39","date_gmt":"2026-03-16T13:50:39","guid":{"rendered":"https:\/\/festivalclunydanse.com\/?page_id=3536"},"modified":"2026-03-16T15:56:31","modified_gmt":"2026-03-16T14:56:31","slug":"novices-cie-kifdance","status":"publish","type":"page","link":"https:\/\/festivalclunydanse.com\/?page_id=3536","title":{"rendered":"Novices &#8211; Cie Kif&rsquo;Dance"},"content":{"rendered":"\n<div class=\"wp-block-columns is-layout-flex wp-container-core-columns-is-layout-9d6595d7 wp-block-columns-is-layout-flex\">\n<div class=\"wp-block-column is-layout-flow wp-block-column-is-layout-flow\" style=\"flex-basis:70px\"><\/div>\n\n\n\n<div class=\"wp-block-column is-layout-flow wp-block-column-is-layout-flow\">\n<figure class=\"wp-block-video\"><video height=\"360\" style=\"aspect-ratio: 640 \/ 360;\" width=\"640\" controls src=\"https:\/\/festivalclunydanse.com\/wp-content\/uploads\/2026\/02\/Teaser-Novices-Trajectoires-mutable-2025.mp4\"><\/video><\/figure>\n<\/div>\n\n\n\n<div class=\"wp-block-column is-layout-flow wp-block-column-is-layout-flow\" style=\"flex-basis:70px\"><\/div>\n<\/div>\n\n\n<p><strong><span style=\"color: #000000;\">Jeudi 14 mai 2026<\/span><\/strong><br \/><span style=\"color: #000000;\"><strong>Heure de jeu<\/strong> : 18h00<\/span><br \/><span style=\"color: #000000;\"><strong>Lieu<\/strong> : Place de l&rsquo;Abbaye\u00a0<\/span><br \/><span style=\"color: #000000;\"><strong>Dur\u00e9e<\/strong> : 25 minutes<\/span><br \/><span style=\"color: #000000;\">Tout public\u00a0<\/span><\/p>\n<p class=\"p1\"><span style=\"color: #000000;\">Vivre ensemble est un enjeu crucial de nos soci\u00e9t\u00e9s de plus en plus multiculturelles. Les relations interculturelles, qui impliquent la confrontation avec l\u2019Autre, sont souvent parsem\u00e9es d\u2019obstacles. Qu\u2019est-ce qui rend la rencontre avec cet Autre si difficile, voire parfois impossible ? Comment faire soci\u00e9t\u00e9, alors qu\u2019on cherche nos tesselles dans la mosa\u00efque. Novice est une exp\u00e9rience virtuelle qui repr\u00e9sente un voyage dans le temps et dans un espace virtuel sans forme sp\u00e9cifique. Interpr\u00e9t\u00e9e par deux danseurs, cette \u0153uvre met en sc\u00e8ne des corps transformables qui \u00e9voluent sur le plateau. Dans une proximit\u00e9 avec le public, les danseurs \u00e9voluent dans un mouvement continu de transformation m\u00e9tamorphosable, s\u2019appuyant sur des \u00e9l\u00e9ments de suspension et des mouvements circulaires.<\/span><\/p>\n<p class=\"p1\"><span style=\"color: #000000;\"><strong>Distribution :<br \/><\/strong><\/span><span style=\"color: #000000;\">Chor\u00e9graphie et interpr\u00e9tation : Meriem Bouajaja et Mohamed Chniti<br \/><\/span><span style=\"color: #000000;\">Musique : Charlie Kapagolet <br \/><\/span><span style=\"color: #000000;\">Cr\u00e9ation lumi\u00e8re : Manon Bongeot<br \/><\/span><span style=\"color: #000000;\"><strong>Production : <\/strong><\/span><span style=\"color: #000000;\">Cie Kif&rsquo;Dance \u2013 Meriem Bouajaja et Mohamed Chniti<br \/><\/span><span style=\"color: #000000;\"><strong>Co-productions<\/strong> :<br \/><\/span><span style=\"color: #000000;\">Minist\u00e8re des Affaires Culturelles &#8211; Tunisie<br \/><\/span><span style=\"color: #000000;\">Le Ballet de l\u2019Opera de Tunis<br \/><\/span><span style=\"color: #000000;\">VIADANSE-Centre chor\u00e9graphique national de Bourgogne-Franche-Comt\u00e9 \u00e0 Belfort<br \/><\/span><span style=\"color: #000000;\"><strong>En partenariat avec<\/strong> :<br \/><\/span><span style=\"color: #000000;\">Minist\u00e8re des Affaires Culturelles de Tunis, Tunisie<br \/><\/span><span style=\"color: #000000;\">Compagnie Anamn\u00e8sse, Suisse<br \/><\/span><span style=\"color: #000000;\">Cit\u00e9 de la Culture de Tunis<br \/><\/span><span style=\"color: #000000;\">Centre Chor\u00e9graphique National de Tunis<br \/><\/span><\/p>\n<p><span style=\"color: #000000;\">Meriem Bouajaja et Mohamed Chniti, deux interpr\u00e8tes et jeunes chor\u00e9graphes tunisiens de la <a href=\"https:\/\/www.kifdance.fr\">Compagnie Kif&rsquo;Dance<\/a>, ont \u00e9tabli leur r\u00e9sidence en France depuis 2016. Au fil des ann\u00e9es, leur complicit\u00e9 artistique s\u2019est \u00e9panouie, donnant naissance \u00e0 leur premi\u00e8re co-cr\u00e9ation, Ghafla (2015). <br \/>Depuis 2019, Meriem et Mohamed ont \u00e9galement \u00e9t\u00e9 interpr\u00e8tes et collaborateurs artistiques au Centre Chor\u00e9graphique National de Bourgogne-Franche-Comt\u00e9 \u00e0 Belfort, \u00e9largissant ainsi leur palette artistique en tant que interpr\u00e8tes, chor\u00e9graphes et p\u00e9dagogues. Leur parcours est jalonn\u00e9 de rencontres enrichissantes avec des artistes pluridisciplinaires \u00e0 travers des projets, des festivals, des d\u00e9bats et des collaborations avec des institutions publiques.\u00a0<\/span><\/p>\n\n\n<p><\/p>\n","protected":false},"excerpt":{"rendered":"<p>Jeudi 14 mai 2026Heure de jeu : 18h00Lieu : Place de l&rsquo;Abbaye\u00a0Dur\u00e9e : 25 minutesTout public\u00a0 Vivre ensemble est un enjeu crucial de nos soci\u00e9t\u00e9s de plus en plus multiculturelles. Les relations interculturelles, qui impliquent la confrontation avec l\u2019Autre, sont<\/p>\n","protected":false},"author":1,"featured_media":0,"parent":0,"menu_order":0,"comment_status":"closed","ping_status":"closed","template":"","meta":{"_exactmetrics_skip_tracking":false,"_exactmetrics_sitenote_active":false,"_exactmetrics_sitenote_note":"","_exactmetrics_sitenote_category":0,"footnotes":""},"class_list":["post-3536","page","type-page","status-publish","hentry"],"yoast_head":"<!-- This site is optimized with the Yoast SEO plugin v27.3 - https:\/\/yoast.com\/product\/yoast-seo-wordpress\/ -->\n<title>Novices - Cie Kif&#039;Dance - Festival Cluny Danse<\/title>\n<meta name=\"robots\" content=\"index, follow, max-snippet:-1, max-image-preview:large, max-video-preview:-1\" \/>\n<link rel=\"canonical\" href=\"https:\/\/festivalclunydanse.com\/?page_id=3536\" \/>\n<meta property=\"og:locale\" content=\"fr_FR\" \/>\n<meta property=\"og:type\" content=\"article\" \/>\n<meta property=\"og:title\" content=\"Novices - Cie Kif&#039;Dance - Festival Cluny Danse\" \/>\n<meta property=\"og:description\" content=\"Jeudi 14 mai 2026Heure de jeu : 18h00Lieu : Place de l&rsquo;Abbaye\u00a0Dur\u00e9e : 25 minutesTout public\u00a0 Vivre ensemble est un enjeu crucial de nos soci\u00e9t\u00e9s de plus en plus multiculturelles. Les relations interculturelles, qui impliquent la confrontation avec l\u2019Autre, sont\" \/>\n<meta property=\"og:url\" content=\"https:\/\/festivalclunydanse.com\/?page_id=3536\" \/>\n<meta property=\"og:site_name\" content=\"Festival Cluny Danse\" \/>\n<meta property=\"article:publisher\" content=\"http:\/\/facebook.com\/legrandjete.celle\" \/>\n<meta property=\"article:modified_time\" content=\"2026-03-16T14:56:31+00:00\" \/>\n<meta name=\"twitter:card\" content=\"summary_large_image\" \/>\n<meta name=\"twitter:label1\" content=\"Dur\u00e9e de lecture est.\" \/>\n\t<meta name=\"twitter:data1\" content=\"2 minutes\" \/>\n<script type=\"application\/ld+json\" class=\"yoast-schema-graph\">{\"@context\":\"https:\\\/\\\/schema.org\",\"@graph\":[{\"@type\":\"WebPage\",\"@id\":\"https:\\\/\\\/festivalclunydanse.com\\\/?page_id=3536\",\"url\":\"https:\\\/\\\/festivalclunydanse.com\\\/?page_id=3536\",\"name\":\"Novices - Cie Kif'Dance - Festival Cluny Danse\",\"isPartOf\":{\"@id\":\"https:\\\/\\\/festivalclunydanse.com\\\/#website\"},\"datePublished\":\"2026-03-16T13:50:39+00:00\",\"dateModified\":\"2026-03-16T14:56:31+00:00\",\"breadcrumb\":{\"@id\":\"https:\\\/\\\/festivalclunydanse.com\\\/?page_id=3536#breadcrumb\"},\"inLanguage\":\"fr-BE\",\"potentialAction\":[{\"@type\":\"ReadAction\",\"target\":[\"https:\\\/\\\/festivalclunydanse.com\\\/?page_id=3536\"]}]},{\"@type\":\"BreadcrumbList\",\"@id\":\"https:\\\/\\\/festivalclunydanse.com\\\/?page_id=3536#breadcrumb\",\"itemListElement\":[{\"@type\":\"ListItem\",\"position\":1,\"name\":\"Home\",\"item\":\"https:\\\/\\\/festivalclunydanse.com\\\/\"},{\"@type\":\"ListItem\",\"position\":2,\"name\":\"Novices &#8211; Cie Kif&rsquo;Dance\"}]},{\"@type\":\"WebSite\",\"@id\":\"https:\\\/\\\/festivalclunydanse.com\\\/#website\",\"url\":\"https:\\\/\\\/festivalclunydanse.com\\\/\",\"name\":\"Festival Cluny Danse\",\"description\":\"Organisateur : Compagnie Le grand jet\u00e9 ! \",\"potentialAction\":[{\"@type\":\"SearchAction\",\"target\":{\"@type\":\"EntryPoint\",\"urlTemplate\":\"https:\\\/\\\/festivalclunydanse.com\\\/?s={search_term_string}\"},\"query-input\":{\"@type\":\"PropertyValueSpecification\",\"valueRequired\":true,\"valueName\":\"search_term_string\"}}],\"inLanguage\":\"fr-BE\"}]}<\/script>\n<!-- \/ Yoast SEO plugin. -->","yoast_head_json":{"title":"Novices - Cie Kif'Dance - Festival Cluny Danse","robots":{"index":"index","follow":"follow","max-snippet":"max-snippet:-1","max-image-preview":"max-image-preview:large","max-video-preview":"max-video-preview:-1"},"canonical":"https:\/\/festivalclunydanse.com\/?page_id=3536","og_locale":"fr_FR","og_type":"article","og_title":"Novices - Cie Kif'Dance - Festival Cluny Danse","og_description":"Jeudi 14 mai 2026Heure de jeu : 18h00Lieu : Place de l&rsquo;Abbaye\u00a0Dur\u00e9e : 25 minutesTout public\u00a0 Vivre ensemble est un enjeu crucial de nos soci\u00e9t\u00e9s de plus en plus multiculturelles. Les relations interculturelles, qui impliquent la confrontation avec l\u2019Autre, sont","og_url":"https:\/\/festivalclunydanse.com\/?page_id=3536","og_site_name":"Festival Cluny Danse","article_publisher":"http:\/\/facebook.com\/legrandjete.celle","article_modified_time":"2026-03-16T14:56:31+00:00","twitter_card":"summary_large_image","twitter_misc":{"Dur\u00e9e de lecture est.":"2 minutes"},"schema":{"@context":"https:\/\/schema.org","@graph":[{"@type":"WebPage","@id":"https:\/\/festivalclunydanse.com\/?page_id=3536","url":"https:\/\/festivalclunydanse.com\/?page_id=3536","name":"Novices - Cie Kif'Dance - Festival Cluny Danse","isPartOf":{"@id":"https:\/\/festivalclunydanse.com\/#website"},"datePublished":"2026-03-16T13:50:39+00:00","dateModified":"2026-03-16T14:56:31+00:00","breadcrumb":{"@id":"https:\/\/festivalclunydanse.com\/?page_id=3536#breadcrumb"},"inLanguage":"fr-BE","potentialAction":[{"@type":"ReadAction","target":["https:\/\/festivalclunydanse.com\/?page_id=3536"]}]},{"@type":"BreadcrumbList","@id":"https:\/\/festivalclunydanse.com\/?page_id=3536#breadcrumb","itemListElement":[{"@type":"ListItem","position":1,"name":"Home","item":"https:\/\/festivalclunydanse.com\/"},{"@type":"ListItem","position":2,"name":"Novices &#8211; Cie Kif&rsquo;Dance"}]},{"@type":"WebSite","@id":"https:\/\/festivalclunydanse.com\/#website","url":"https:\/\/festivalclunydanse.com\/","name":"Festival Cluny Danse","description":"Organisateur : Compagnie Le grand jet\u00e9 ! ","potentialAction":[{"@type":"SearchAction","target":{"@type":"EntryPoint","urlTemplate":"https:\/\/festivalclunydanse.com\/?s={search_term_string}"},"query-input":{"@type":"PropertyValueSpecification","valueRequired":true,"valueName":"search_term_string"}}],"inLanguage":"fr-BE"}]}},"_links":{"self":[{"href":"https:\/\/festivalclunydanse.com\/index.php?rest_route=\/wp\/v2\/pages\/3536","targetHints":{"allow":["GET"]}}],"collection":[{"href":"https:\/\/festivalclunydanse.com\/index.php?rest_route=\/wp\/v2\/pages"}],"about":[{"href":"https:\/\/festivalclunydanse.com\/index.php?rest_route=\/wp\/v2\/types\/page"}],"author":[{"embeddable":true,"href":"https:\/\/festivalclunydanse.com\/index.php?rest_route=\/wp\/v2\/users\/1"}],"replies":[{"embeddable":true,"href":"https:\/\/festivalclunydanse.com\/index.php?rest_route=%2Fwp%2Fv2%2Fcomments&post=3536"}],"version-history":[{"count":4,"href":"https:\/\/festivalclunydanse.com\/index.php?rest_route=\/wp\/v2\/pages\/3536\/revisions"}],"predecessor-version":[{"id":3706,"href":"https:\/\/festivalclunydanse.com\/index.php?rest_route=\/wp\/v2\/pages\/3536\/revisions\/3706"}],"wp:attachment":[{"href":"https:\/\/festivalclunydanse.com\/index.php?rest_route=%2Fwp%2Fv2%2Fmedia&parent=3536"}],"curies":[{"name":"wp","href":"https:\/\/api.w.org\/{rel}","templated":true}]}}