{"id":3319,"date":"2026-02-09T11:45:40","date_gmt":"2026-02-09T10:45:40","guid":{"rendered":"https:\/\/festivalclunydanse.com\/?page_id=3319"},"modified":"2026-02-09T11:52:01","modified_gmt":"2026-02-09T10:52:01","slug":"edition-2025","status":"publish","type":"page","link":"https:\/\/festivalclunydanse.com\/?page_id=3319","title":{"rendered":"\u00c9dition 2025"},"content":{"rendered":"\n<p><strong>Programmation \u2013 13e \u00e9dition Festival Cluny Danse<\/strong><\/p>\n\n\n\n<p><strong><a href=\"https:\/\/festivalclunydanse.com\/wp-content\/uploads\/2026\/02\/ClunyDanse_Programme_2025.pdf\">Programme complet et d\u00e9taill\u00e9 <\/a><a href=\"https:\/\/festivalclunydanse.com\/wp-content\/uploads\/2026\/02\/ClunyDanse_Programme_2025.pdf\" target=\"_blank\" rel=\"noreferrer noopener\">ICI<\/a><\/strong><a href=\"https:\/\/festivalclunydanse.com\/wp-content\/uploads\/2023\/05\/ClunyDanse_Programme_OK1.pdf\" target=\"_blank\" rel=\"noreferrer noopener\"><\/a><br><a href=\"https:\/\/festivalclunydanse.com\/wp-content\/uploads\/2026\/02\/Bilan-2025-FESTIVAL-CLUNY-DANSE.pdf\">&#8211; Bilan de l&rsquo;\u00e9dition 2025 &#8211;<\/a><br><a href=\"https:\/\/festivalclunydanse.com\/wp-content\/uploads\/2025\/05\/REVUE-DE-PRESSE-CLUNY-DANSE-2025.pdf\">&#8211; Revue de presse 2025 &#8211;<\/a><br><br><\/p>\n\n\n\n<figure class=\"wp-block-gallery has-nested-images columns-default is-cropped wp-block-gallery-1 is-layout-flex wp-block-gallery-is-layout-flex\">\n<figure class=\"wp-block-image size-full\"><a href=\"https:\/\/festivalclunydanse.com\/wp-content\/uploads\/2026\/02\/09-juin-2-1.jpg\"><img decoding=\"async\" width=\"1024\" height=\"678\" data-id=\"3323\" src=\"https:\/\/festivalclunydanse.com\/wp-content\/uploads\/2026\/02\/09-juin-2-1.jpg\" alt=\"\" class=\"wp-image-3323\" srcset=\"https:\/\/festivalclunydanse.com\/wp-content\/uploads\/2026\/02\/09-juin-2-1.jpg 1024w, https:\/\/festivalclunydanse.com\/wp-content\/uploads\/2026\/02\/09-juin-2-1-300x199.jpg 300w, https:\/\/festivalclunydanse.com\/wp-content\/uploads\/2026\/02\/09-juin-2-1-768x509.jpg 768w\" sizes=\"(max-width: 1024px) 100vw, 1024px\" \/><\/a><figcaption class=\"wp-element-caption\">Cie l&rsquo;Inesth\u00e9tique, <em>Man\u00e8ge<\/em><\/figcaption><\/figure>\n\n\n\n<figure class=\"wp-block-image size-full\"><img decoding=\"async\" width=\"1024\" height=\"684\" data-id=\"3324\" src=\"https:\/\/festivalclunydanse.com\/wp-content\/uploads\/2026\/02\/16-dihya-gerard-173.jpg\" alt=\"\" class=\"wp-image-3324\" srcset=\"https:\/\/festivalclunydanse.com\/wp-content\/uploads\/2026\/02\/16-dihya-gerard-173.jpg 1024w, https:\/\/festivalclunydanse.com\/wp-content\/uploads\/2026\/02\/16-dihya-gerard-173-300x200.jpg 300w, https:\/\/festivalclunydanse.com\/wp-content\/uploads\/2026\/02\/16-dihya-gerard-173-768x513.jpg 768w\" sizes=\"(max-width: 1024px) 100vw, 1024px\" \/><figcaption class=\"wp-element-caption\">AdVance Cie , <em>Dihya<\/em><\/figcaption><\/figure>\n\n\n\n<figure class=\"wp-block-image size-full\"><a href=\"https:\/\/festivalclunydanse.com\/wp-content\/uploads\/2026\/02\/16-juin.jpg\"><img decoding=\"async\" width=\"1024\" height=\"683\" data-id=\"3326\" src=\"https:\/\/festivalclunydanse.com\/wp-content\/uploads\/2026\/02\/16-juin.jpg\" alt=\"\" class=\"wp-image-3326\" srcset=\"https:\/\/festivalclunydanse.com\/wp-content\/uploads\/2026\/02\/16-juin.jpg 1024w, https:\/\/festivalclunydanse.com\/wp-content\/uploads\/2026\/02\/16-juin-300x200.jpg 300w, https:\/\/festivalclunydanse.com\/wp-content\/uploads\/2026\/02\/16-juin-768x512.jpg 768w\" sizes=\"(max-width: 1024px) 100vw, 1024px\" \/><\/a><figcaption class=\"wp-element-caption\">Cie Sauf le dimanche, <em>Assembl\u00e9e<\/em><\/figcaption><\/figure>\n\n\n\n<figure class=\"wp-block-image size-full\"><a href=\"https:\/\/festivalclunydanse.com\/wp-content\/uploads\/2026\/02\/17.wo-man-proBruno-1-1.jpg\"><img decoding=\"async\" width=\"1024\" height=\"580\" data-id=\"3328\" src=\"https:\/\/festivalclunydanse.com\/wp-content\/uploads\/2026\/02\/17.wo-man-proBruno-1-1.jpg\" alt=\"\" class=\"wp-image-3328\" srcset=\"https:\/\/festivalclunydanse.com\/wp-content\/uploads\/2026\/02\/17.wo-man-proBruno-1-1.jpg 1024w, https:\/\/festivalclunydanse.com\/wp-content\/uploads\/2026\/02\/17.wo-man-proBruno-1-1-300x170.jpg 300w, https:\/\/festivalclunydanse.com\/wp-content\/uploads\/2026\/02\/17.wo-man-proBruno-1-1-768x435.jpg 768w\" sizes=\"(max-width: 1024px) 100vw, 1024px\" \/><\/a><figcaption class=\"wp-element-caption\">Amala Dianor,<em> Wo-Man<\/em><\/figcaption><\/figure>\n\n\n\n<figure class=\"wp-block-image size-full\"><a href=\"https:\/\/festivalclunydanse.com\/wp-content\/uploads\/2026\/02\/23-juin.jpg\"><img decoding=\"async\" width=\"1024\" height=\"682\" data-id=\"3329\" src=\"https:\/\/festivalclunydanse.com\/wp-content\/uploads\/2026\/02\/23-juin.jpg\" alt=\"\" class=\"wp-image-3329\" srcset=\"https:\/\/festivalclunydanse.com\/wp-content\/uploads\/2026\/02\/23-juin.jpg 1024w, https:\/\/festivalclunydanse.com\/wp-content\/uploads\/2026\/02\/23-juin-300x200.jpg 300w, https:\/\/festivalclunydanse.com\/wp-content\/uploads\/2026\/02\/23-juin-768x512.jpg 768w\" sizes=\"(max-width: 1024px) 100vw, 1024px\" \/><\/a><figcaption class=\"wp-element-caption\">Collectif NaKaMa, <em>Ex-Change<\/em><\/figcaption><\/figure>\n\n\n\n<figure class=\"wp-block-image size-full\"><a href=\"https:\/\/festivalclunydanse.com\/wp-content\/uploads\/2026\/02\/07-juil-2-scaled.jpg\"><img decoding=\"async\" width=\"2560\" height=\"1707\" data-id=\"3331\" src=\"https:\/\/festivalclunydanse.com\/wp-content\/uploads\/2026\/02\/07-juil-2-scaled.jpg\" alt=\"\" class=\"wp-image-3331\" srcset=\"https:\/\/festivalclunydanse.com\/wp-content\/uploads\/2026\/02\/07-juil-2-scaled.jpg 2560w, https:\/\/festivalclunydanse.com\/wp-content\/uploads\/2026\/02\/07-juil-2-300x200.jpg 300w, https:\/\/festivalclunydanse.com\/wp-content\/uploads\/2026\/02\/07-juil-2-1024x683.jpg 1024w, https:\/\/festivalclunydanse.com\/wp-content\/uploads\/2026\/02\/07-juil-2-768x512.jpg 768w, https:\/\/festivalclunydanse.com\/wp-content\/uploads\/2026\/02\/07-juil-2-1536x1024.jpg 1536w, https:\/\/festivalclunydanse.com\/wp-content\/uploads\/2026\/02\/07-juil-2-2048x1365.jpg 2048w\" sizes=\"(max-width: 2560px) 100vw, 2560px\" \/><\/a><figcaption class=\"wp-element-caption\">Cie Daruma, <em>Yes, we fight<\/em><\/figcaption><\/figure>\n\n\n\n<figure class=\"wp-block-image size-full\"><a href=\"https:\/\/festivalclunydanse.com\/wp-content\/uploads\/2026\/02\/17-fievre-gerard-169.jpg\"><img decoding=\"async\" width=\"1024\" height=\"1024\" data-id=\"3333\" src=\"https:\/\/festivalclunydanse.com\/wp-content\/uploads\/2026\/02\/17-fievre-gerard-169.jpg\" alt=\"\" class=\"wp-image-3333\" srcset=\"https:\/\/festivalclunydanse.com\/wp-content\/uploads\/2026\/02\/17-fievre-gerard-169.jpg 1024w, https:\/\/festivalclunydanse.com\/wp-content\/uploads\/2026\/02\/17-fievre-gerard-169-300x300.jpg 300w, https:\/\/festivalclunydanse.com\/wp-content\/uploads\/2026\/02\/17-fievre-gerard-169-150x150.jpg 150w, https:\/\/festivalclunydanse.com\/wp-content\/uploads\/2026\/02\/17-fievre-gerard-169-768x768.jpg 768w, https:\/\/festivalclunydanse.com\/wp-content\/uploads\/2026\/02\/17-fievre-gerard-169-230x230.jpg 230w, https:\/\/festivalclunydanse.com\/wp-content\/uploads\/2026\/02\/17-fievre-gerard-169-365x365.jpg 365w\" sizes=\"(max-width: 1024px) 100vw, 1024px\" \/><\/a><figcaption class=\"wp-element-caption\">Cie .Bart, <em>Fi\u00e8vre<\/em><\/figcaption><\/figure>\n\n\n\n<figure class=\"wp-block-image size-full\"><a href=\"https:\/\/festivalclunydanse.com\/wp-content\/uploads\/2026\/02\/21-juil-2.jpg\"><img decoding=\"async\" width=\"1024\" height=\"683\" data-id=\"3339\" src=\"https:\/\/festivalclunydanse.com\/wp-content\/uploads\/2026\/02\/21-juil-2.jpg\" alt=\"\" class=\"wp-image-3339\" srcset=\"https:\/\/festivalclunydanse.com\/wp-content\/uploads\/2026\/02\/21-juil-2.jpg 1024w, https:\/\/festivalclunydanse.com\/wp-content\/uploads\/2026\/02\/21-juil-2-300x200.jpg 300w, https:\/\/festivalclunydanse.com\/wp-content\/uploads\/2026\/02\/21-juil-2-768x512.jpg 768w\" sizes=\"(max-width: 1024px) 100vw, 1024px\" \/><\/a><figcaption class=\"wp-element-caption\">Viadanse, <em>Zak Rythmic<\/em><\/figcaption><\/figure>\n\n\n\n<figure class=\"wp-block-image size-full\"><a href=\"https:\/\/festivalclunydanse.com\/wp-content\/uploads\/2026\/02\/18-relief-gerard-2.jpg\"><img decoding=\"async\" width=\"1024\" height=\"684\" data-id=\"3336\" src=\"https:\/\/festivalclunydanse.com\/wp-content\/uploads\/2026\/02\/18-relief-gerard-2.jpg\" alt=\"\" class=\"wp-image-3336\" srcset=\"https:\/\/festivalclunydanse.com\/wp-content\/uploads\/2026\/02\/18-relief-gerard-2.jpg 1024w, https:\/\/festivalclunydanse.com\/wp-content\/uploads\/2026\/02\/18-relief-gerard-2-300x200.jpg 300w, https:\/\/festivalclunydanse.com\/wp-content\/uploads\/2026\/02\/18-relief-gerard-2-768x513.jpg 768w\" sizes=\"(max-width: 1024px) 100vw, 1024px\" \/><\/a><figcaption class=\"wp-element-caption\">Cie En Lacets, <em>RELIEF<\/em><\/figcaption><\/figure>\n\n\n\n<figure class=\"wp-block-image size-full\"><a href=\"https:\/\/festivalclunydanse.com\/wp-content\/uploads\/2026\/02\/16_juin-2.jpg\"><img decoding=\"async\" width=\"684\" height=\"1024\" data-id=\"3340\" src=\"https:\/\/festivalclunydanse.com\/wp-content\/uploads\/2026\/02\/16_juin-2.jpg\" alt=\"\" class=\"wp-image-3340\" srcset=\"https:\/\/festivalclunydanse.com\/wp-content\/uploads\/2026\/02\/16_juin-2.jpg 684w, https:\/\/festivalclunydanse.com\/wp-content\/uploads\/2026\/02\/16_juin-2-200x300.jpg 200w\" sizes=\"(max-width: 684px) 100vw, 684px\" \/><\/a><figcaption class=\"wp-element-caption\">Cie Hors Surface, <em>Le Poids des Nuages<\/em><\/figcaption><\/figure>\n\n\n\n<figure class=\"wp-block-image size-full\"><a href=\"https:\/\/festivalclunydanse.com\/wp-content\/uploads\/2026\/02\/17-Flashmob-Gilbert-6.jpg\"><img decoding=\"async\" width=\"683\" height=\"1024\" data-id=\"3341\" src=\"https:\/\/festivalclunydanse.com\/wp-content\/uploads\/2026\/02\/17-Flashmob-Gilbert-6.jpg\" alt=\"\" class=\"wp-image-3341\" srcset=\"https:\/\/festivalclunydanse.com\/wp-content\/uploads\/2026\/02\/17-Flashmob-Gilbert-6.jpg 683w, https:\/\/festivalclunydanse.com\/wp-content\/uploads\/2026\/02\/17-Flashmob-Gilbert-6-200x300.jpg 200w\" sizes=\"(max-width: 683px) 100vw, 683px\" \/><\/a><figcaption class=\"wp-element-caption\">Flashmob (Cie .Bart)<\/figcaption><\/figure>\n\n\n\n<figure class=\"wp-block-image size-full\"><a href=\"https:\/\/festivalclunydanse.com\/wp-content\/uploads\/2026\/02\/15-19h00-gerard-36.jpg\"><img decoding=\"async\" width=\"684\" height=\"1024\" data-id=\"3342\" src=\"https:\/\/festivalclunydanse.com\/wp-content\/uploads\/2026\/02\/15-19h00-gerard-36.jpg\" alt=\"\" class=\"wp-image-3342\" srcset=\"https:\/\/festivalclunydanse.com\/wp-content\/uploads\/2026\/02\/15-19h00-gerard-36.jpg 684w, https:\/\/festivalclunydanse.com\/wp-content\/uploads\/2026\/02\/15-19h00-gerard-36-200x300.jpg 200w\" sizes=\"(max-width: 684px) 100vw, 684px\" \/><\/a><figcaption class=\"wp-element-caption\">Cie l&rsquo;Inesth\u00e9tique, <em>Ph\u00e9nom\u00e8nes<\/em><\/figcaption><\/figure>\n<\/figure>\n\n\n\n<p><\/p>\n","protected":false},"excerpt":{"rendered":"<p>Programmation \u2013 13e \u00e9dition Festival Cluny Danse Programme complet et d\u00e9taill\u00e9 ICI&#8211; Bilan de l&rsquo;\u00e9dition 2025 &#8211;&#8211; Revue de presse 2025 &#8211;<\/p>\n","protected":false},"author":1,"featured_media":0,"parent":0,"menu_order":0,"comment_status":"closed","ping_status":"closed","template":"","meta":{"_exactmetrics_skip_tracking":false,"_exactmetrics_sitenote_active":false,"_exactmetrics_sitenote_note":"","_exactmetrics_sitenote_category":0,"footnotes":""},"class_list":["post-3319","page","type-page","status-publish","hentry"],"yoast_head":"<!-- This site is optimized with the Yoast SEO plugin v27.5 - https:\/\/yoast.com\/product\/yoast-seo-wordpress\/ -->\n<title>\u00c9dition 2025 - Festival Cluny Danse<\/title>\n<meta name=\"robots\" content=\"index, follow, max-snippet:-1, max-image-preview:large, max-video-preview:-1\" \/>\n<link rel=\"canonical\" href=\"https:\/\/festivalclunydanse.com\/?page_id=3319\" \/>\n<meta property=\"og:locale\" content=\"fr_FR\" \/>\n<meta property=\"og:type\" content=\"article\" \/>\n<meta property=\"og:title\" content=\"\u00c9dition 2025 - Festival Cluny Danse\" \/>\n<meta property=\"og:description\" content=\"Programmation \u2013 13e \u00e9dition Festival Cluny Danse Programme complet et d\u00e9taill\u00e9 ICI&#8211; Bilan de l&rsquo;\u00e9dition 2025 &#8211;&#8211; Revue de presse 2025 &#8211;\" \/>\n<meta property=\"og:url\" content=\"https:\/\/festivalclunydanse.com\/?page_id=3319\" \/>\n<meta property=\"og:site_name\" content=\"Festival Cluny Danse\" \/>\n<meta property=\"article:publisher\" content=\"http:\/\/facebook.com\/legrandjete.celle\" \/>\n<meta property=\"article:modified_time\" content=\"2026-02-09T10:52:01+00:00\" \/>\n<meta property=\"og:image\" content=\"https:\/\/festivalclunydanse.com\/wp-content\/uploads\/2026\/02\/09-juin-2-1.jpg\" \/>\n<meta name=\"twitter:card\" content=\"summary_large_image\" \/>\n<meta name=\"twitter:label1\" content=\"Dur\u00e9e de lecture est.\" \/>\n\t<meta name=\"twitter:data1\" content=\"3 minutes\" \/>\n<script type=\"application\/ld+json\" class=\"yoast-schema-graph\">{\"@context\":\"https:\\\/\\\/schema.org\",\"@graph\":[{\"@type\":\"WebPage\",\"@id\":\"https:\\\/\\\/festivalclunydanse.com\\\/?page_id=3319\",\"url\":\"https:\\\/\\\/festivalclunydanse.com\\\/?page_id=3319\",\"name\":\"\u00c9dition 2025 - Festival Cluny Danse\",\"isPartOf\":{\"@id\":\"https:\\\/\\\/festivalclunydanse.com\\\/#website\"},\"primaryImageOfPage\":{\"@id\":\"https:\\\/\\\/festivalclunydanse.com\\\/?page_id=3319#primaryimage\"},\"image\":{\"@id\":\"https:\\\/\\\/festivalclunydanse.com\\\/?page_id=3319#primaryimage\"},\"thumbnailUrl\":\"https:\\\/\\\/festivalclunydanse.com\\\/wp-content\\\/uploads\\\/2026\\\/02\\\/09-juin-2-1.jpg\",\"datePublished\":\"2026-02-09T10:45:40+00:00\",\"dateModified\":\"2026-02-09T10:52:01+00:00\",\"breadcrumb\":{\"@id\":\"https:\\\/\\\/festivalclunydanse.com\\\/?page_id=3319#breadcrumb\"},\"inLanguage\":\"fr-BE\",\"potentialAction\":[{\"@type\":\"ReadAction\",\"target\":[\"https:\\\/\\\/festivalclunydanse.com\\\/?page_id=3319\"]}]},{\"@type\":\"ImageObject\",\"inLanguage\":\"fr-BE\",\"@id\":\"https:\\\/\\\/festivalclunydanse.com\\\/?page_id=3319#primaryimage\",\"url\":\"https:\\\/\\\/festivalclunydanse.com\\\/wp-content\\\/uploads\\\/2026\\\/02\\\/09-juin-2-1.jpg\",\"contentUrl\":\"https:\\\/\\\/festivalclunydanse.com\\\/wp-content\\\/uploads\\\/2026\\\/02\\\/09-juin-2-1.jpg\"},{\"@type\":\"BreadcrumbList\",\"@id\":\"https:\\\/\\\/festivalclunydanse.com\\\/?page_id=3319#breadcrumb\",\"itemListElement\":[{\"@type\":\"ListItem\",\"position\":1,\"name\":\"Home\",\"item\":\"https:\\\/\\\/festivalclunydanse.com\\\/\"},{\"@type\":\"ListItem\",\"position\":2,\"name\":\"\u00c9dition 2025\"}]},{\"@type\":\"WebSite\",\"@id\":\"https:\\\/\\\/festivalclunydanse.com\\\/#website\",\"url\":\"https:\\\/\\\/festivalclunydanse.com\\\/\",\"name\":\"Festival Cluny Danse\",\"description\":\"Organisateur : Compagnie Le grand jet\u00e9 ! \",\"potentialAction\":[{\"@type\":\"SearchAction\",\"target\":{\"@type\":\"EntryPoint\",\"urlTemplate\":\"https:\\\/\\\/festivalclunydanse.com\\\/?s={search_term_string}\"},\"query-input\":{\"@type\":\"PropertyValueSpecification\",\"valueRequired\":true,\"valueName\":\"search_term_string\"}}],\"inLanguage\":\"fr-BE\"}]}<\/script>\n<!-- \/ Yoast SEO plugin. -->","yoast_head_json":{"title":"\u00c9dition 2025 - Festival Cluny Danse","robots":{"index":"index","follow":"follow","max-snippet":"max-snippet:-1","max-image-preview":"max-image-preview:large","max-video-preview":"max-video-preview:-1"},"canonical":"https:\/\/festivalclunydanse.com\/?page_id=3319","og_locale":"fr_FR","og_type":"article","og_title":"\u00c9dition 2025 - Festival Cluny Danse","og_description":"Programmation \u2013 13e \u00e9dition Festival Cluny Danse Programme complet et d\u00e9taill\u00e9 ICI&#8211; Bilan de l&rsquo;\u00e9dition 2025 &#8211;&#8211; Revue de presse 2025 &#8211;","og_url":"https:\/\/festivalclunydanse.com\/?page_id=3319","og_site_name":"Festival Cluny Danse","article_publisher":"http:\/\/facebook.com\/legrandjete.celle","article_modified_time":"2026-02-09T10:52:01+00:00","og_image":[{"url":"https:\/\/festivalclunydanse.com\/wp-content\/uploads\/2026\/02\/09-juin-2-1.jpg","type":"","width":"","height":""}],"twitter_card":"summary_large_image","twitter_misc":{"Dur\u00e9e de lecture est.":"3 minutes"},"schema":{"@context":"https:\/\/schema.org","@graph":[{"@type":"WebPage","@id":"https:\/\/festivalclunydanse.com\/?page_id=3319","url":"https:\/\/festivalclunydanse.com\/?page_id=3319","name":"\u00c9dition 2025 - Festival Cluny Danse","isPartOf":{"@id":"https:\/\/festivalclunydanse.com\/#website"},"primaryImageOfPage":{"@id":"https:\/\/festivalclunydanse.com\/?page_id=3319#primaryimage"},"image":{"@id":"https:\/\/festivalclunydanse.com\/?page_id=3319#primaryimage"},"thumbnailUrl":"https:\/\/festivalclunydanse.com\/wp-content\/uploads\/2026\/02\/09-juin-2-1.jpg","datePublished":"2026-02-09T10:45:40+00:00","dateModified":"2026-02-09T10:52:01+00:00","breadcrumb":{"@id":"https:\/\/festivalclunydanse.com\/?page_id=3319#breadcrumb"},"inLanguage":"fr-BE","potentialAction":[{"@type":"ReadAction","target":["https:\/\/festivalclunydanse.com\/?page_id=3319"]}]},{"@type":"ImageObject","inLanguage":"fr-BE","@id":"https:\/\/festivalclunydanse.com\/?page_id=3319#primaryimage","url":"https:\/\/festivalclunydanse.com\/wp-content\/uploads\/2026\/02\/09-juin-2-1.jpg","contentUrl":"https:\/\/festivalclunydanse.com\/wp-content\/uploads\/2026\/02\/09-juin-2-1.jpg"},{"@type":"BreadcrumbList","@id":"https:\/\/festivalclunydanse.com\/?page_id=3319#breadcrumb","itemListElement":[{"@type":"ListItem","position":1,"name":"Home","item":"https:\/\/festivalclunydanse.com\/"},{"@type":"ListItem","position":2,"name":"\u00c9dition 2025"}]},{"@type":"WebSite","@id":"https:\/\/festivalclunydanse.com\/#website","url":"https:\/\/festivalclunydanse.com\/","name":"Festival Cluny Danse","description":"Organisateur : Compagnie Le grand jet\u00e9 ! ","potentialAction":[{"@type":"SearchAction","target":{"@type":"EntryPoint","urlTemplate":"https:\/\/festivalclunydanse.com\/?s={search_term_string}"},"query-input":{"@type":"PropertyValueSpecification","valueRequired":true,"valueName":"search_term_string"}}],"inLanguage":"fr-BE"}]}},"_links":{"self":[{"href":"https:\/\/festivalclunydanse.com\/index.php?rest_route=\/wp\/v2\/pages\/3319","targetHints":{"allow":["GET"]}}],"collection":[{"href":"https:\/\/festivalclunydanse.com\/index.php?rest_route=\/wp\/v2\/pages"}],"about":[{"href":"https:\/\/festivalclunydanse.com\/index.php?rest_route=\/wp\/v2\/types\/page"}],"author":[{"embeddable":true,"href":"https:\/\/festivalclunydanse.com\/index.php?rest_route=\/wp\/v2\/users\/1"}],"replies":[{"embeddable":true,"href":"https:\/\/festivalclunydanse.com\/index.php?rest_route=%2Fwp%2Fv2%2Fcomments&post=3319"}],"version-history":[{"count":5,"href":"https:\/\/festivalclunydanse.com\/index.php?rest_route=\/wp\/v2\/pages\/3319\/revisions"}],"predecessor-version":[{"id":3349,"href":"https:\/\/festivalclunydanse.com\/index.php?rest_route=\/wp\/v2\/pages\/3319\/revisions\/3349"}],"wp:attachment":[{"href":"https:\/\/festivalclunydanse.com\/index.php?rest_route=%2Fwp%2Fv2%2Fmedia&parent=3319"}],"curies":[{"name":"wp","href":"https:\/\/api.w.org\/{rel}","templated":true}]}}