{"id":3021,"date":"2025-01-21T15:45:13","date_gmt":"2025-01-21T14:45:13","guid":{"rendered":"https:\/\/festivalclunydanse.com\/?page_id=3021"},"modified":"2026-04-15T16:59:24","modified_gmt":"2026-04-15T14:59:24","slug":"le-festival-cluny-danse-revient-pour-sa-14e-edition","status":"publish","type":"page","link":"https:\/\/festivalclunydanse.com\/","title":{"rendered":"Cluny Danse : votre programme pour le weekend de l&rsquo;Ascension 2026 !"},"content":{"rendered":"<h6>D\u00e9couvrez le teaser de la 14e \u00e9dition : \u00a0 \u00a0<\/h6>\n\n\n<div class=\"wp-block-columns is-layout-flex wp-container-core-columns-is-layout-9d6595d7 wp-block-columns-is-layout-flex\">\n<div class=\"wp-block-column is-layout-flow wp-block-column-is-layout-flow\" style=\"flex-basis:70px\"><\/div>\n\n\n\n<div class=\"wp-block-column is-layout-flow wp-block-column-is-layout-flow\">\n<figure class=\"wp-block-video\"><video height=\"1080\" style=\"aspect-ratio: 1920 \/ 1080;\" width=\"1920\" controls poster=\"https:\/\/festivalclunydanse.com\/wp-content\/uploads\/2026\/02\/Miniature-youtube.png\" src=\"https:\/\/festivalclunydanse.com\/wp-content\/uploads\/2026\/02\/Teaser_youtube-2.mp4\"><\/video><\/figure>\n<\/div>\n\n\n\n<div class=\"wp-block-column is-layout-flow wp-block-column-is-layout-flow\" style=\"flex-basis:70px\"><\/div>\n<\/div>\n\n\n<h5><span style=\"color: #000000;\">Nous vous attendons avec impatience du mardi 12 au dimanche 17 mai 2026 !\u00a0<br \/><\/span><\/h5>\n\n\n<p>Le festival met en lumi\u00e8re le talent de compagnies de danse aux esth\u00e9tiques vari\u00e9es et \u00e9blouissantes dans les belles rues de la ville de Cluny. En plus des spectacles professionnels, d\u00e9couvrez les talents locaux : danseurs et danseuses amateur\u00b7ices des conservatoires, \u00e9coles et associations de la r\u00e9gion, qui se produiront sur sc\u00e8ne avant les performances des artistes confirm\u00e9s. Et ce n\u2019est pas tout : si l\u2019envie de danser vous prend, participez \u00e0 nos ateliers gratuits et accessibles \u00e0 tous\u00b7tes, pour partager un moment de danse, joie et convivialit\u00e9 !<\/p>\n\n\n\n<figure class=\"wp-block-image size-full\"><img decoding=\"async\" width=\"1024\" height=\"235\" src=\"https:\/\/festivalclunydanse.com\/wp-content\/uploads\/2026\/02\/16-divers-gerard-1.jpg\" alt=\"\" class=\"wp-image-3351\" srcset=\"https:\/\/festivalclunydanse.com\/wp-content\/uploads\/2026\/02\/16-divers-gerard-1.jpg 1024w, https:\/\/festivalclunydanse.com\/wp-content\/uploads\/2026\/02\/16-divers-gerard-1-300x69.jpg 300w, https:\/\/festivalclunydanse.com\/wp-content\/uploads\/2026\/02\/16-divers-gerard-1-768x176.jpg 768w\" sizes=\"(max-width: 1024px) 100vw, 1024px\" \/><\/figure>\n\n\n\n<p><strong>La Ville de Cluny vous souhaite la bienvenue <\/strong><\/p>\n\n\n\n<p>Le Festival Cluny Danse est une v\u00e9ritable c\u00e9l\u00e9bration de l\u2018expression artistique sous toutes ses formes. Des spectacles plein d\u2019\u00e9nergie, de puissance, o\u00f9 chaque mouvement est une intention, chaque geste une d\u00e9claration. Des artistes, qu&rsquo;ils soient professionnels, amateurs, danseurs ou circassiens, se rassemblent dans notre cit\u00e9 mill\u00e9naire pour partager avec nous leur vision du monde \u00e0 travers leur corps.<\/p>\n\n\n\n<p><em>Marie Fauvet, maire de Cluny et Jean-Fran\u00e7ois P\u00e9zard, adjoint \u00e0 la culture<\/em><\/p>\n\n\n<h6>Apprenez la chor\u00e9graphie de la flashmob de l&rsquo;\u00e9dition 2026 et venez danser avec nous pendant le festival\u00a0<\/h6>\n\n\n<div class=\"wp-block-columns is-layout-flex wp-container-core-columns-is-layout-9d6595d7 wp-block-columns-is-layout-flex\">\n<div class=\"wp-block-column is-layout-flow wp-block-column-is-layout-flow\" style=\"flex-basis:70px\"><\/div>\n\n\n\n<div class=\"wp-block-column is-layout-flow wp-block-column-is-layout-flow\">\n<figure class=\"wp-block-embed is-type-video is-provider-youtube wp-block-embed-youtube wp-embed-aspect-16-9 wp-has-aspect-ratio\"><div class=\"wp-block-embed__wrapper\">\n<iframe title=\"Flashmob Cluny Danse 2026 - Sylvain Ri\u00e9jou\" width=\"720\" height=\"405\" src=\"https:\/\/www.youtube.com\/embed\/eVL6Iadb8kw?feature=oembed\" frameborder=\"0\" allow=\"accelerometer; autoplay; clipboard-write; encrypted-media; gyroscope; picture-in-picture; web-share\" referrerpolicy=\"strict-origin-when-cross-origin\" allowfullscreen><\/iframe>\n<\/div><\/figure>\n<\/div>\n\n\n\n<div class=\"wp-block-column is-layout-flow wp-block-column-is-layout-flow\" style=\"flex-basis:70px\"><\/div>\n<\/div>\n\n\n\n<p>Cette ann\u00e9e, participez \u00e0 la flashmob du festival que vous pouvez apprendre chez vous gr\u00e2ce \u00e0 cette vid\u00e9o ! Venez danser avec nous le samedi 16 mai \u00e0 12H15, place du commerce.<\/p>\n\n\n\n<p>Vous voulez \u00eatre aussi classe que Sylvain Ri\u00e9jou ? Achetez votre tee-shirt \u00e0 la boutique du festival.<\/p>\n\n\n\n<p><strong>R\u00e9p\u00e9tition<\/strong> : 9 rue des Tanneries, \u00e0 11H30 &#8211; en pr\u00e9sence du chor\u00e9graphe <br><strong>Chor\u00e9graphie<\/strong> : Sylvain Ri\u00e9jou <br><strong>Musique<\/strong> : R\u00e9siste, France Gall <\/p>\n","protected":false},"excerpt":{"rendered":"<p>D\u00e9couvrez le teaser de la 14e \u00e9dition : \u00a0 \u00a0 Nous vous attendons avec impatience du mardi 12 au dimanche 17 mai 2026 !\u00a0 Le festival met en lumi\u00e8re le talent de compagnies de danse aux esth\u00e9tiques vari\u00e9es et \u00e9blouissantes<\/p>\n","protected":false},"author":1,"featured_media":0,"parent":0,"menu_order":0,"comment_status":"closed","ping_status":"closed","template":"","meta":{"_exactmetrics_skip_tracking":false,"_exactmetrics_sitenote_active":false,"_exactmetrics_sitenote_note":"","_exactmetrics_sitenote_category":0,"footnotes":""},"class_list":["post-3021","page","type-page","status-publish","hentry"],"yoast_head":"<!-- This site is optimized with the Yoast SEO plugin v27.5 - https:\/\/yoast.com\/product\/yoast-seo-wordpress\/ -->\n<title>Cluny Danse : votre programme pour le weekend de l&#039;Ascension 2026 ! - Festival Cluny Danse<\/title>\n<meta name=\"description\" content=\"Le festival Cluny Danse vous accueille pour une 14e \u00e9dition pleine de vie, de convivialit\u00e9 et de nouveaux talents \u00e0 d\u00e9couvrir !\" \/>\n<meta name=\"robots\" content=\"index, follow, max-snippet:-1, max-image-preview:large, max-video-preview:-1\" \/>\n<link rel=\"canonical\" href=\"https:\/\/festivalclunydanse.com\/\" \/>\n<meta property=\"og:locale\" content=\"fr_FR\" \/>\n<meta property=\"og:type\" content=\"article\" \/>\n<meta property=\"og:title\" content=\"Cluny Danse : votre programme pour le weekend de l&#039;Ascension 2026 ! - Festival Cluny Danse\" \/>\n<meta property=\"og:description\" content=\"Le festival Cluny Danse vous accueille pour une 14e \u00e9dition pleine de vie, de convivialit\u00e9 et de nouveaux talents \u00e0 d\u00e9couvrir !\" \/>\n<meta property=\"og:url\" content=\"https:\/\/festivalclunydanse.com\/\" \/>\n<meta property=\"og:site_name\" content=\"Festival Cluny Danse\" \/>\n<meta property=\"article:publisher\" content=\"http:\/\/facebook.com\/legrandjete.celle\" \/>\n<meta property=\"article:modified_time\" content=\"2026-04-15T14:59:24+00:00\" \/>\n<meta property=\"og:image\" content=\"https:\/\/festivalclunydanse.com\/wp-content\/uploads\/2026\/02\/16-divers-gerard-1.jpg\" \/>\n\t<meta property=\"og:image:width\" content=\"1024\" \/>\n\t<meta property=\"og:image:height\" content=\"235\" \/>\n\t<meta property=\"og:image:type\" content=\"image\/jpeg\" \/>\n<meta name=\"twitter:card\" content=\"summary_large_image\" \/>\n<meta name=\"twitter:label1\" content=\"Dur\u00e9e de lecture est.\" \/>\n\t<meta name=\"twitter:data1\" content=\"2 minutes\" \/>\n<script type=\"application\/ld+json\" class=\"yoast-schema-graph\">{\"@context\":\"https:\\\/\\\/schema.org\",\"@graph\":[{\"@type\":\"WebPage\",\"@id\":\"https:\\\/\\\/festivalclunydanse.com\\\/\",\"url\":\"https:\\\/\\\/festivalclunydanse.com\\\/\",\"name\":\"Cluny Danse : votre programme pour le weekend de l'Ascension 2026 ! - Festival Cluny Danse\",\"isPartOf\":{\"@id\":\"https:\\\/\\\/festivalclunydanse.com\\\/#website\"},\"primaryImageOfPage\":{\"@id\":\"https:\\\/\\\/festivalclunydanse.com\\\/#primaryimage\"},\"image\":{\"@id\":\"https:\\\/\\\/festivalclunydanse.com\\\/#primaryimage\"},\"thumbnailUrl\":\"https:\\\/\\\/festivalclunydanse.com\\\/wp-content\\\/uploads\\\/2026\\\/02\\\/16-divers-gerard-1.jpg\",\"datePublished\":\"2025-01-21T14:45:13+00:00\",\"dateModified\":\"2026-04-15T14:59:24+00:00\",\"description\":\"Le festival Cluny Danse vous accueille pour une 14e \u00e9dition pleine de vie, de convivialit\u00e9 et de nouveaux talents \u00e0 d\u00e9couvrir !\",\"breadcrumb\":{\"@id\":\"https:\\\/\\\/festivalclunydanse.com\\\/#breadcrumb\"},\"inLanguage\":\"fr-BE\",\"potentialAction\":[{\"@type\":\"ReadAction\",\"target\":[\"https:\\\/\\\/festivalclunydanse.com\\\/\"]}]},{\"@type\":\"ImageObject\",\"inLanguage\":\"fr-BE\",\"@id\":\"https:\\\/\\\/festivalclunydanse.com\\\/#primaryimage\",\"url\":\"https:\\\/\\\/festivalclunydanse.com\\\/wp-content\\\/uploads\\\/2026\\\/02\\\/16-divers-gerard-1.jpg\",\"contentUrl\":\"https:\\\/\\\/festivalclunydanse.com\\\/wp-content\\\/uploads\\\/2026\\\/02\\\/16-divers-gerard-1.jpg\",\"width\":1024,\"height\":235},{\"@type\":\"BreadcrumbList\",\"@id\":\"https:\\\/\\\/festivalclunydanse.com\\\/#breadcrumb\",\"itemListElement\":[{\"@type\":\"ListItem\",\"position\":1,\"name\":\"Home\",\"item\":\"https:\\\/\\\/festivalclunydanse.com\\\/\"},{\"@type\":\"ListItem\",\"position\":2,\"name\":\"Cluny Danse : votre programme pour le weekend de l&rsquo;Ascension 2026 !\"}]},{\"@type\":\"WebSite\",\"@id\":\"https:\\\/\\\/festivalclunydanse.com\\\/#website\",\"url\":\"https:\\\/\\\/festivalclunydanse.com\\\/\",\"name\":\"Festival Cluny Danse\",\"description\":\"Organisateur : Compagnie Le grand jet\u00e9 ! \",\"potentialAction\":[{\"@type\":\"SearchAction\",\"target\":{\"@type\":\"EntryPoint\",\"urlTemplate\":\"https:\\\/\\\/festivalclunydanse.com\\\/?s={search_term_string}\"},\"query-input\":{\"@type\":\"PropertyValueSpecification\",\"valueRequired\":true,\"valueName\":\"search_term_string\"}}],\"inLanguage\":\"fr-BE\"}]}<\/script>\n<!-- \/ Yoast SEO plugin. -->","yoast_head_json":{"title":"Cluny Danse : votre programme pour le weekend de l'Ascension 2026 ! - Festival Cluny Danse","description":"Le festival Cluny Danse vous accueille pour une 14e \u00e9dition pleine de vie, de convivialit\u00e9 et de nouveaux talents \u00e0 d\u00e9couvrir !","robots":{"index":"index","follow":"follow","max-snippet":"max-snippet:-1","max-image-preview":"max-image-preview:large","max-video-preview":"max-video-preview:-1"},"canonical":"https:\/\/festivalclunydanse.com\/","og_locale":"fr_FR","og_type":"article","og_title":"Cluny Danse : votre programme pour le weekend de l'Ascension 2026 ! - Festival Cluny Danse","og_description":"Le festival Cluny Danse vous accueille pour une 14e \u00e9dition pleine de vie, de convivialit\u00e9 et de nouveaux talents \u00e0 d\u00e9couvrir !","og_url":"https:\/\/festivalclunydanse.com\/","og_site_name":"Festival Cluny Danse","article_publisher":"http:\/\/facebook.com\/legrandjete.celle","article_modified_time":"2026-04-15T14:59:24+00:00","og_image":[{"width":1024,"height":235,"url":"https:\/\/festivalclunydanse.com\/wp-content\/uploads\/2026\/02\/16-divers-gerard-1.jpg","type":"image\/jpeg"}],"twitter_card":"summary_large_image","twitter_misc":{"Dur\u00e9e de lecture est.":"2 minutes"},"schema":{"@context":"https:\/\/schema.org","@graph":[{"@type":"WebPage","@id":"https:\/\/festivalclunydanse.com\/","url":"https:\/\/festivalclunydanse.com\/","name":"Cluny Danse : votre programme pour le weekend de l'Ascension 2026 ! - Festival Cluny Danse","isPartOf":{"@id":"https:\/\/festivalclunydanse.com\/#website"},"primaryImageOfPage":{"@id":"https:\/\/festivalclunydanse.com\/#primaryimage"},"image":{"@id":"https:\/\/festivalclunydanse.com\/#primaryimage"},"thumbnailUrl":"https:\/\/festivalclunydanse.com\/wp-content\/uploads\/2026\/02\/16-divers-gerard-1.jpg","datePublished":"2025-01-21T14:45:13+00:00","dateModified":"2026-04-15T14:59:24+00:00","description":"Le festival Cluny Danse vous accueille pour une 14e \u00e9dition pleine de vie, de convivialit\u00e9 et de nouveaux talents \u00e0 d\u00e9couvrir !","breadcrumb":{"@id":"https:\/\/festivalclunydanse.com\/#breadcrumb"},"inLanguage":"fr-BE","potentialAction":[{"@type":"ReadAction","target":["https:\/\/festivalclunydanse.com\/"]}]},{"@type":"ImageObject","inLanguage":"fr-BE","@id":"https:\/\/festivalclunydanse.com\/#primaryimage","url":"https:\/\/festivalclunydanse.com\/wp-content\/uploads\/2026\/02\/16-divers-gerard-1.jpg","contentUrl":"https:\/\/festivalclunydanse.com\/wp-content\/uploads\/2026\/02\/16-divers-gerard-1.jpg","width":1024,"height":235},{"@type":"BreadcrumbList","@id":"https:\/\/festivalclunydanse.com\/#breadcrumb","itemListElement":[{"@type":"ListItem","position":1,"name":"Home","item":"https:\/\/festivalclunydanse.com\/"},{"@type":"ListItem","position":2,"name":"Cluny Danse : votre programme pour le weekend de l&rsquo;Ascension 2026 !"}]},{"@type":"WebSite","@id":"https:\/\/festivalclunydanse.com\/#website","url":"https:\/\/festivalclunydanse.com\/","name":"Festival Cluny Danse","description":"Organisateur : Compagnie Le grand jet\u00e9 ! ","potentialAction":[{"@type":"SearchAction","target":{"@type":"EntryPoint","urlTemplate":"https:\/\/festivalclunydanse.com\/?s={search_term_string}"},"query-input":{"@type":"PropertyValueSpecification","valueRequired":true,"valueName":"search_term_string"}}],"inLanguage":"fr-BE"}]}},"_links":{"self":[{"href":"https:\/\/festivalclunydanse.com\/index.php?rest_route=\/wp\/v2\/pages\/3021","targetHints":{"allow":["GET"]}}],"collection":[{"href":"https:\/\/festivalclunydanse.com\/index.php?rest_route=\/wp\/v2\/pages"}],"about":[{"href":"https:\/\/festivalclunydanse.com\/index.php?rest_route=\/wp\/v2\/types\/page"}],"author":[{"embeddable":true,"href":"https:\/\/festivalclunydanse.com\/index.php?rest_route=\/wp\/v2\/users\/1"}],"replies":[{"embeddable":true,"href":"https:\/\/festivalclunydanse.com\/index.php?rest_route=%2Fwp%2Fv2%2Fcomments&post=3021"}],"version-history":[{"count":41,"href":"https:\/\/festivalclunydanse.com\/index.php?rest_route=\/wp\/v2\/pages\/3021\/revisions"}],"predecessor-version":[{"id":3941,"href":"https:\/\/festivalclunydanse.com\/index.php?rest_route=\/wp\/v2\/pages\/3021\/revisions\/3941"}],"wp:attachment":[{"href":"https:\/\/festivalclunydanse.com\/index.php?rest_route=%2Fwp%2Fv2%2Fmedia&parent=3021"}],"curies":[{"name":"wp","href":"https:\/\/api.w.org\/{rel}","templated":true}]}}