{"id":1663,"date":"2022-11-10T14:13:54","date_gmt":"2022-11-10T13:13:54","guid":{"rendered":"https:\/\/festivalclunydanse.com\/?page_id=1663"},"modified":"2022-11-25T10:22:39","modified_gmt":"2022-11-25T09:22:39","slug":"edition-2022","status":"publish","type":"page","link":"https:\/\/festivalclunydanse.com\/?page_id=1663","title":{"rendered":"\u00c9dition 2022"},"content":{"rendered":"\n<p><strong>Programmation \u2013 10\u00e8me \u00e9dition Festival Cluny Danse<\/strong><\/p>\n\n\n\n<p>Cie Bakhus &#8211; Micka\u00ebl Six\/Sami Lovati-Tapie, <em>Seul <\/em>| CCN Viandanse &#8211; H\u00e9la Fattoumi\/Eric Lamoureux, <em>Ex-pose(s)<\/em> | B-Side Company, <em>Femme au volant<\/em> | Cie Fernweh et Collectif La m\u00e9andre &#8211; Jane Fournier\/ C\u00e9dric Froin, <em>Bien parado<\/em> | Ballet Preljocaj,&nbsp; <em>G.U.I.D.<\/em> | Cie La Migration &#8211; Marion Even\/Quentin Claude, <em>Lieux-Dits<\/em> | Cie Pic la poule &#8211; Barbara Blanchet\/Laurent Falgui\u00e9ras, <em>Mon cher Samuel on a peut-\u00eatre trouv\u00e9 le titre<\/em> | Cie Olivier Dubois, <em>Pour sortir au jour<\/em> | Cie Au Del\u00e0 Du Bleu &#8211; Jean Camille Goimard, <em>L\u00e9vitation <\/em>| Cie M\u00e9M\u00e9 BaNjO\/Lionel Hoche <em>Agglobodies <\/em>| Cie Le grand jet\u00e9! &#8211; Fr\u00e9d\u00e9ric Cell\u00e9, <em>R\u00e9pliques<\/em> | Cie Le grand jet\u00e9! &#8211; Fr\u00e9d\u00e9ric Cell\u00e9, <em>In extremis<\/em> | Betty Tchomanga, <em>Mascarade<\/em> | Th\u00e9\u00e2tre du Centaure &#8211; Manolo, <em>Surgissement <\/em>| Cie Burnout &#8211; Jann Gallois, <em>Compact <\/em>| Cie Propos &#8211; Denis Plassard, <em>Bal chor\u00e9graphi\u00e9<\/em><\/p>\n\n\n\n<p><a href=\"https:\/\/fr.calameo.com\/read\/00705722111f5c3bd035d\" rel=\"nofollow\">Programme complet et d\u00e9taill\u00e9<\/a><\/p>\n\n\n\n<p><a href=\"https:\/\/festivalclunydanse.com\/wp-content\/uploads\/2022\/11\/Bilan-Cluny-Danse-2022.pdf\">Bilan \u00e9dition 2022 &#8211; cliquez ici !<\/a><\/p>\n\n\n\n<div class=\"wp-block-columns is-layout-flex wp-container-core-columns-is-layout-9d6595d7 wp-block-columns-is-layout-flex\">\n<div class=\"wp-block-column is-layout-flow wp-block-column-is-layout-flow\" style=\"flex-basis:100%\">\n<figure class=\"wp-block-gallery has-nested-images columns-default is-cropped wp-block-gallery-1 is-layout-flex wp-block-gallery-is-layout-flex\">\n<figure class=\"wp-block-image size-large\"><img decoding=\"async\" width=\"1024\" height=\"1024\" data-id=\"1646\" src=\"https:\/\/festivalclunydanse.com\/wp-content\/uploads\/2022\/06\/Bien_Parado-5_WEB.jpg\" alt=\"\" class=\"wp-image-1646\" srcset=\"https:\/\/festivalclunydanse.com\/wp-content\/uploads\/2022\/06\/Bien_Parado-5_WEB.jpg 1024w, https:\/\/festivalclunydanse.com\/wp-content\/uploads\/2022\/06\/Bien_Parado-5_WEB-300x300.jpg 300w, https:\/\/festivalclunydanse.com\/wp-content\/uploads\/2022\/06\/Bien_Parado-5_WEB-150x150.jpg 150w, https:\/\/festivalclunydanse.com\/wp-content\/uploads\/2022\/06\/Bien_Parado-5_WEB-768x768.jpg 768w, https:\/\/festivalclunydanse.com\/wp-content\/uploads\/2022\/06\/Bien_Parado-5_WEB-230x230.jpg 230w, https:\/\/festivalclunydanse.com\/wp-content\/uploads\/2022\/06\/Bien_Parado-5_WEB-365x365.jpg 365w\" sizes=\"(max-width: 1024px) 100vw, 1024px\" \/><figcaption>Cr\u00e9dit photo : photoclubcluny<\/figcaption><\/figure>\n\n\n\n<figure class=\"wp-block-image size-large\"><img decoding=\"async\" width=\"1024\" height=\"1024\" data-id=\"1647\" src=\"https:\/\/festivalclunydanse.com\/wp-content\/uploads\/2022\/06\/Ex-pose-3_WEB.jpg\" alt=\"\" class=\"wp-image-1647\" srcset=\"https:\/\/festivalclunydanse.com\/wp-content\/uploads\/2022\/06\/Ex-pose-3_WEB.jpg 1024w, https:\/\/festivalclunydanse.com\/wp-content\/uploads\/2022\/06\/Ex-pose-3_WEB-300x300.jpg 300w, https:\/\/festivalclunydanse.com\/wp-content\/uploads\/2022\/06\/Ex-pose-3_WEB-150x150.jpg 150w, https:\/\/festivalclunydanse.com\/wp-content\/uploads\/2022\/06\/Ex-pose-3_WEB-768x768.jpg 768w, https:\/\/festivalclunydanse.com\/wp-content\/uploads\/2022\/06\/Ex-pose-3_WEB-230x230.jpg 230w, https:\/\/festivalclunydanse.com\/wp-content\/uploads\/2022\/06\/Ex-pose-3_WEB-365x365.jpg 365w\" sizes=\"(max-width: 1024px) 100vw, 1024px\" \/><figcaption>Cr\u00e9dit photo : photoclubcluny<\/figcaption><\/figure>\n\n\n\n<figure class=\"wp-block-image size-large\"><img decoding=\"async\" width=\"1024\" height=\"1024\" data-id=\"1650\" src=\"https:\/\/festivalclunydanse.com\/wp-content\/uploads\/2022\/06\/Lieu_dits-5_WEB.jpg\" alt=\"\" class=\"wp-image-1650\" srcset=\"https:\/\/festivalclunydanse.com\/wp-content\/uploads\/2022\/06\/Lieu_dits-5_WEB.jpg 1024w, https:\/\/festivalclunydanse.com\/wp-content\/uploads\/2022\/06\/Lieu_dits-5_WEB-300x300.jpg 300w, https:\/\/festivalclunydanse.com\/wp-content\/uploads\/2022\/06\/Lieu_dits-5_WEB-150x150.jpg 150w, https:\/\/festivalclunydanse.com\/wp-content\/uploads\/2022\/06\/Lieu_dits-5_WEB-768x768.jpg 768w, https:\/\/festivalclunydanse.com\/wp-content\/uploads\/2022\/06\/Lieu_dits-5_WEB-230x230.jpg 230w, https:\/\/festivalclunydanse.com\/wp-content\/uploads\/2022\/06\/Lieu_dits-5_WEB-365x365.jpg 365w\" sizes=\"(max-width: 1024px) 100vw, 1024px\" \/><figcaption>Cr\u00e9dit photo : photoclubcluny<\/figcaption><\/figure>\n<\/figure>\n<\/div>\n<\/div>\n\n\n\n<figure class=\"wp-block-gallery has-nested-images columns-default is-cropped wp-block-gallery-2 is-layout-flex wp-block-gallery-is-layout-flex\">\n<figure class=\"wp-block-image size-large\"><img decoding=\"async\" width=\"2560\" height=\"2560\" data-id=\"1709\" src=\"https:\/\/festivalclunydanse.com\/wp-content\/uploads\/2022\/11\/Repliques-14-13-scaled.jpg\" alt=\"\" class=\"wp-image-1709\" srcset=\"https:\/\/festivalclunydanse.com\/wp-content\/uploads\/2022\/11\/Repliques-14-13-scaled.jpg 2560w, https:\/\/festivalclunydanse.com\/wp-content\/uploads\/2022\/11\/Repliques-14-13-300x300.jpg 300w, https:\/\/festivalclunydanse.com\/wp-content\/uploads\/2022\/11\/Repliques-14-13-1024x1024.jpg 1024w, https:\/\/festivalclunydanse.com\/wp-content\/uploads\/2022\/11\/Repliques-14-13-150x150.jpg 150w, https:\/\/festivalclunydanse.com\/wp-content\/uploads\/2022\/11\/Repliques-14-13-768x768.jpg 768w, https:\/\/festivalclunydanse.com\/wp-content\/uploads\/2022\/11\/Repliques-14-13-1536x1536.jpg 1536w, https:\/\/festivalclunydanse.com\/wp-content\/uploads\/2022\/11\/Repliques-14-13-2048x2048.jpg 2048w, https:\/\/festivalclunydanse.com\/wp-content\/uploads\/2022\/11\/Repliques-14-13-230x230.jpg 230w, https:\/\/festivalclunydanse.com\/wp-content\/uploads\/2022\/11\/Repliques-14-13-365x365.jpg 365w\" sizes=\"(max-width: 2560px) 100vw, 2560px\" \/><\/figure>\n\n\n\n<figure class=\"wp-block-image size-large\"><img decoding=\"async\" width=\"1024\" height=\"1024\" data-id=\"1651\" src=\"https:\/\/festivalclunydanse.com\/wp-content\/uploads\/2022\/06\/Surgissement-28_WEB.jpg\" alt=\"\" class=\"wp-image-1651\" srcset=\"https:\/\/festivalclunydanse.com\/wp-content\/uploads\/2022\/06\/Surgissement-28_WEB.jpg 1024w, https:\/\/festivalclunydanse.com\/wp-content\/uploads\/2022\/06\/Surgissement-28_WEB-300x300.jpg 300w, https:\/\/festivalclunydanse.com\/wp-content\/uploads\/2022\/06\/Surgissement-28_WEB-150x150.jpg 150w, https:\/\/festivalclunydanse.com\/wp-content\/uploads\/2022\/06\/Surgissement-28_WEB-768x768.jpg 768w, https:\/\/festivalclunydanse.com\/wp-content\/uploads\/2022\/06\/Surgissement-28_WEB-230x230.jpg 230w, https:\/\/festivalclunydanse.com\/wp-content\/uploads\/2022\/06\/Surgissement-28_WEB-365x365.jpg 365w\" sizes=\"(max-width: 1024px) 100vw, 1024px\" \/><\/figure>\n\n\n\n<figure class=\"wp-block-image size-large\"><img decoding=\"async\" width=\"2560\" height=\"1707\" data-id=\"1711\" src=\"https:\/\/festivalclunydanse.com\/wp-content\/uploads\/2022\/11\/MG_0581-1-scaled.jpg\" alt=\"\" class=\"wp-image-1711\" srcset=\"https:\/\/festivalclunydanse.com\/wp-content\/uploads\/2022\/11\/MG_0581-1-scaled.jpg 2560w, https:\/\/festivalclunydanse.com\/wp-content\/uploads\/2022\/11\/MG_0581-1-300x200.jpg 300w, https:\/\/festivalclunydanse.com\/wp-content\/uploads\/2022\/11\/MG_0581-1-1024x683.jpg 1024w, https:\/\/festivalclunydanse.com\/wp-content\/uploads\/2022\/11\/MG_0581-1-768x512.jpg 768w, https:\/\/festivalclunydanse.com\/wp-content\/uploads\/2022\/11\/MG_0581-1-1536x1024.jpg 1536w, https:\/\/festivalclunydanse.com\/wp-content\/uploads\/2022\/11\/MG_0581-1-2048x1365.jpg 2048w\" sizes=\"(max-width: 2560px) 100vw, 2560px\" \/><\/figure>\n<\/figure>\n\n\n\n<figure class=\"wp-block-embed is-type-video is-provider-youtube wp-block-embed-youtube wp-embed-aspect-16-9 wp-has-aspect-ratio\"><div class=\"wp-block-embed__wrapper\">\n<iframe title=\"FLASHMOB 2022\" width=\"720\" height=\"405\" src=\"https:\/\/www.youtube.com\/embed\/uMzg7Az4oxU?feature=oembed\" frameborder=\"0\" allow=\"accelerometer; autoplay; clipboard-write; encrypted-media; gyroscope; picture-in-picture\" allowfullscreen><\/iframe>\n<\/div><\/figure>\n\n\n\n<figure class=\"wp-block-gallery has-nested-images columns-default is-cropped wp-block-gallery-3 is-layout-flex wp-block-gallery-is-layout-flex\"><\/figure>\n","protected":false},"excerpt":{"rendered":"<p>Programmation \u2013 10\u00e8me \u00e9dition Festival Cluny Danse Cie Bakhus &#8211; Micka\u00ebl Six\/Sami Lovati-Tapie, Seul | CCN Viandanse &#8211; H\u00e9la Fattoumi\/Eric Lamoureux, Ex-pose(s) | B-Side Company, Femme au volant | Cie Fernweh et Collectif La m\u00e9andre &#8211; Jane Fournier\/ C\u00e9dric Froin,<\/p>\n","protected":false},"author":1,"featured_media":0,"parent":0,"menu_order":0,"comment_status":"closed","ping_status":"closed","template":"","meta":{"_exactmetrics_skip_tracking":false,"_exactmetrics_sitenote_active":false,"_exactmetrics_sitenote_note":"","_exactmetrics_sitenote_category":0,"footnotes":""},"class_list":["post-1663","page","type-page","status-publish","hentry"],"yoast_head":"<!-- This site is optimized with the Yoast SEO plugin v27.5 - https:\/\/yoast.com\/product\/yoast-seo-wordpress\/ -->\n<title>\u00c9dition 2022 - Festival Cluny Danse<\/title>\n<meta name=\"robots\" content=\"index, follow, max-snippet:-1, max-image-preview:large, max-video-preview:-1\" \/>\n<link rel=\"canonical\" href=\"https:\/\/festivalclunydanse.com\/?page_id=1663\" \/>\n<meta property=\"og:locale\" content=\"fr_FR\" \/>\n<meta property=\"og:type\" content=\"article\" \/>\n<meta property=\"og:title\" content=\"\u00c9dition 2022 - Festival Cluny Danse\" \/>\n<meta property=\"og:description\" content=\"Programmation \u2013 10\u00e8me \u00e9dition Festival Cluny Danse Cie Bakhus &#8211; Micka\u00ebl Six\/Sami Lovati-Tapie, Seul | CCN Viandanse &#8211; H\u00e9la Fattoumi\/Eric Lamoureux, Ex-pose(s) | B-Side Company, Femme au volant | Cie Fernweh et Collectif La m\u00e9andre &#8211; Jane Fournier\/ C\u00e9dric Froin,\" \/>\n<meta property=\"og:url\" content=\"https:\/\/festivalclunydanse.com\/?page_id=1663\" \/>\n<meta property=\"og:site_name\" content=\"Festival Cluny Danse\" \/>\n<meta property=\"article:publisher\" content=\"http:\/\/facebook.com\/legrandjete.celle\" \/>\n<meta property=\"article:modified_time\" content=\"2022-11-25T09:22:39+00:00\" \/>\n<meta property=\"og:image\" content=\"https:\/\/festivalclunydanse.com\/wp-content\/uploads\/2022\/06\/Bien_Parado-5_WEB.jpg\" \/>\n<meta name=\"twitter:card\" content=\"summary_large_image\" \/>\n<meta name=\"twitter:label1\" content=\"Dur\u00e9e de lecture est.\" \/>\n\t<meta name=\"twitter:data1\" content=\"2 minutes\" \/>\n<script type=\"application\/ld+json\" class=\"yoast-schema-graph\">{\"@context\":\"https:\\\/\\\/schema.org\",\"@graph\":[{\"@type\":\"WebPage\",\"@id\":\"https:\\\/\\\/festivalclunydanse.com\\\/?page_id=1663\",\"url\":\"https:\\\/\\\/festivalclunydanse.com\\\/?page_id=1663\",\"name\":\"\u00c9dition 2022 - Festival Cluny Danse\",\"isPartOf\":{\"@id\":\"https:\\\/\\\/festivalclunydanse.com\\\/#website\"},\"primaryImageOfPage\":{\"@id\":\"https:\\\/\\\/festivalclunydanse.com\\\/?page_id=1663#primaryimage\"},\"image\":{\"@id\":\"https:\\\/\\\/festivalclunydanse.com\\\/?page_id=1663#primaryimage\"},\"thumbnailUrl\":\"https:\\\/\\\/festivalclunydanse.com\\\/wp-content\\\/uploads\\\/2022\\\/06\\\/Bien_Parado-5_WEB.jpg\",\"datePublished\":\"2022-11-10T13:13:54+00:00\",\"dateModified\":\"2022-11-25T09:22:39+00:00\",\"breadcrumb\":{\"@id\":\"https:\\\/\\\/festivalclunydanse.com\\\/?page_id=1663#breadcrumb\"},\"inLanguage\":\"fr-BE\",\"potentialAction\":[{\"@type\":\"ReadAction\",\"target\":[\"https:\\\/\\\/festivalclunydanse.com\\\/?page_id=1663\"]}]},{\"@type\":\"ImageObject\",\"inLanguage\":\"fr-BE\",\"@id\":\"https:\\\/\\\/festivalclunydanse.com\\\/?page_id=1663#primaryimage\",\"url\":\"https:\\\/\\\/festivalclunydanse.com\\\/wp-content\\\/uploads\\\/2022\\\/06\\\/Bien_Parado-5_WEB.jpg\",\"contentUrl\":\"https:\\\/\\\/festivalclunydanse.com\\\/wp-content\\\/uploads\\\/2022\\\/06\\\/Bien_Parado-5_WEB.jpg\",\"width\":1024,\"height\":1024},{\"@type\":\"BreadcrumbList\",\"@id\":\"https:\\\/\\\/festivalclunydanse.com\\\/?page_id=1663#breadcrumb\",\"itemListElement\":[{\"@type\":\"ListItem\",\"position\":1,\"name\":\"Home\",\"item\":\"https:\\\/\\\/festivalclunydanse.com\\\/\"},{\"@type\":\"ListItem\",\"position\":2,\"name\":\"\u00c9dition 2022\"}]},{\"@type\":\"WebSite\",\"@id\":\"https:\\\/\\\/festivalclunydanse.com\\\/#website\",\"url\":\"https:\\\/\\\/festivalclunydanse.com\\\/\",\"name\":\"Festival Cluny Danse\",\"description\":\"Organisateur : Compagnie Le grand jet\u00e9 ! \",\"potentialAction\":[{\"@type\":\"SearchAction\",\"target\":{\"@type\":\"EntryPoint\",\"urlTemplate\":\"https:\\\/\\\/festivalclunydanse.com\\\/?s={search_term_string}\"},\"query-input\":{\"@type\":\"PropertyValueSpecification\",\"valueRequired\":true,\"valueName\":\"search_term_string\"}}],\"inLanguage\":\"fr-BE\"}]}<\/script>\n<!-- \/ Yoast SEO plugin. -->","yoast_head_json":{"title":"\u00c9dition 2022 - Festival Cluny Danse","robots":{"index":"index","follow":"follow","max-snippet":"max-snippet:-1","max-image-preview":"max-image-preview:large","max-video-preview":"max-video-preview:-1"},"canonical":"https:\/\/festivalclunydanse.com\/?page_id=1663","og_locale":"fr_FR","og_type":"article","og_title":"\u00c9dition 2022 - Festival Cluny Danse","og_description":"Programmation \u2013 10\u00e8me \u00e9dition Festival Cluny Danse Cie Bakhus &#8211; Micka\u00ebl Six\/Sami Lovati-Tapie, Seul | CCN Viandanse &#8211; H\u00e9la Fattoumi\/Eric Lamoureux, Ex-pose(s) | B-Side Company, Femme au volant | Cie Fernweh et Collectif La m\u00e9andre &#8211; Jane Fournier\/ C\u00e9dric Froin,","og_url":"https:\/\/festivalclunydanse.com\/?page_id=1663","og_site_name":"Festival Cluny Danse","article_publisher":"http:\/\/facebook.com\/legrandjete.celle","article_modified_time":"2022-11-25T09:22:39+00:00","og_image":[{"url":"https:\/\/festivalclunydanse.com\/wp-content\/uploads\/2022\/06\/Bien_Parado-5_WEB.jpg","type":"","width":"","height":""}],"twitter_card":"summary_large_image","twitter_misc":{"Dur\u00e9e de lecture est.":"2 minutes"},"schema":{"@context":"https:\/\/schema.org","@graph":[{"@type":"WebPage","@id":"https:\/\/festivalclunydanse.com\/?page_id=1663","url":"https:\/\/festivalclunydanse.com\/?page_id=1663","name":"\u00c9dition 2022 - Festival Cluny Danse","isPartOf":{"@id":"https:\/\/festivalclunydanse.com\/#website"},"primaryImageOfPage":{"@id":"https:\/\/festivalclunydanse.com\/?page_id=1663#primaryimage"},"image":{"@id":"https:\/\/festivalclunydanse.com\/?page_id=1663#primaryimage"},"thumbnailUrl":"https:\/\/festivalclunydanse.com\/wp-content\/uploads\/2022\/06\/Bien_Parado-5_WEB.jpg","datePublished":"2022-11-10T13:13:54+00:00","dateModified":"2022-11-25T09:22:39+00:00","breadcrumb":{"@id":"https:\/\/festivalclunydanse.com\/?page_id=1663#breadcrumb"},"inLanguage":"fr-BE","potentialAction":[{"@type":"ReadAction","target":["https:\/\/festivalclunydanse.com\/?page_id=1663"]}]},{"@type":"ImageObject","inLanguage":"fr-BE","@id":"https:\/\/festivalclunydanse.com\/?page_id=1663#primaryimage","url":"https:\/\/festivalclunydanse.com\/wp-content\/uploads\/2022\/06\/Bien_Parado-5_WEB.jpg","contentUrl":"https:\/\/festivalclunydanse.com\/wp-content\/uploads\/2022\/06\/Bien_Parado-5_WEB.jpg","width":1024,"height":1024},{"@type":"BreadcrumbList","@id":"https:\/\/festivalclunydanse.com\/?page_id=1663#breadcrumb","itemListElement":[{"@type":"ListItem","position":1,"name":"Home","item":"https:\/\/festivalclunydanse.com\/"},{"@type":"ListItem","position":2,"name":"\u00c9dition 2022"}]},{"@type":"WebSite","@id":"https:\/\/festivalclunydanse.com\/#website","url":"https:\/\/festivalclunydanse.com\/","name":"Festival Cluny Danse","description":"Organisateur : Compagnie Le grand jet\u00e9 ! ","potentialAction":[{"@type":"SearchAction","target":{"@type":"EntryPoint","urlTemplate":"https:\/\/festivalclunydanse.com\/?s={search_term_string}"},"query-input":{"@type":"PropertyValueSpecification","valueRequired":true,"valueName":"search_term_string"}}],"inLanguage":"fr-BE"}]}},"_links":{"self":[{"href":"https:\/\/festivalclunydanse.com\/index.php?rest_route=\/wp\/v2\/pages\/1663","targetHints":{"allow":["GET"]}}],"collection":[{"href":"https:\/\/festivalclunydanse.com\/index.php?rest_route=\/wp\/v2\/pages"}],"about":[{"href":"https:\/\/festivalclunydanse.com\/index.php?rest_route=\/wp\/v2\/types\/page"}],"author":[{"embeddable":true,"href":"https:\/\/festivalclunydanse.com\/index.php?rest_route=\/wp\/v2\/users\/1"}],"replies":[{"embeddable":true,"href":"https:\/\/festivalclunydanse.com\/index.php?rest_route=%2Fwp%2Fv2%2Fcomments&post=1663"}],"version-history":[{"count":9,"href":"https:\/\/festivalclunydanse.com\/index.php?rest_route=\/wp\/v2\/pages\/1663\/revisions"}],"predecessor-version":[{"id":1745,"href":"https:\/\/festivalclunydanse.com\/index.php?rest_route=\/wp\/v2\/pages\/1663\/revisions\/1745"}],"wp:attachment":[{"href":"https:\/\/festivalclunydanse.com\/index.php?rest_route=%2Fwp%2Fv2%2Fmedia&parent=1663"}],"curies":[{"name":"wp","href":"https:\/\/api.w.org\/{rel}","templated":true}]}}