{"id":14,"date":"2017-01-04T16:28:00","date_gmt":"2017-01-04T15:28:00","guid":{"rendered":"http:\/\/festivalclunydanse.com\/?page_id=14"},"modified":"2026-04-15T17:02:09","modified_gmt":"2026-04-15T15:02:09","slug":"infos-pratiques","status":"publish","type":"page","link":"https:\/\/festivalclunydanse.com\/?page_id=14","title":{"rendered":"Infos pratiques"},"content":{"rendered":"<h1><strong>R\u00e9server une place<\/strong><\/h1>\n<p><span style=\"color: #000000;\">Tous les spectacles sont en acc\u00e8s libre sauf exception dont l&rsquo;acc\u00e8s n\u00e9cessite une inscription pr\u00e9alable ci-dessous :\u00a0<\/span><\/p>\n<p><span style=\"color: #000000;\"><b>Vendredi 15 mai \u00e0 19h <\/b><strong>\/\/<em>Eddy<\/em>, Cie Point Bart &#8211; Cour du Mus\u00e9e &#8211;<\/strong><\/span> <span style=\"color: #ff0000;\">spectacle sur r\u00e9servation obligatoire<\/span> <strong><span style=\"color: #000000;\">en<\/span><\/strong> <a href=\"https:\/\/my.weezevent.com\/eddy-cie-point-bart?_gl=1*ztca1o*_gcl_au*MTY3OTYxNDQ4Mi4xNzcwOTA1MTU5LjE4NjI3ODI4MDkuMTc3NDM1NzUxOS4xNzc0MzU3NTE4*_ga*OTU0MjE4MTQ1LjE3NzA5MDUxNTk.*_ga_39H9VBFX7G*czE3NzQ5NDk4NjEkbzMwJGcxJHQxNzc0OTUxNTczJGo2MCRsMCRoMjcxMzk1NzEz\"><span style=\"color: #0000ff;\">CLIQUANT ICI<\/span><\/a>\u00a0<\/p>\n<p><span style=\"color: #ff0000;\">ATTENTION<\/span> : <span style=\"color: #000000;\"><strong>Les masterclass<\/strong> et le <strong>stage de danse propos\u00e9 par Ramz Siam<\/strong> sont payants (10\u20ac), vous pouvez vous inscrire en cliquant directement sur les vignettes de la <a href=\"https:\/\/festivalclunydanse.com\/?page_id=3317\">page d&rsquo;accueil<\/a>\u00a0<\/span><\/p>\n<p><span style=\"color: #000000;\">Les stages sont sur inscription mais restent gratuits &#8211; inscription possible en cliquant sur les vignettes de la <a href=\"https:\/\/festivalclunydanse.com\/?page_id=3317\">page d&rsquo;accueil<\/a>\u00a0<\/span><\/p>\n<h1><strong>Le prix libre : comment, pourquoi ?<br \/><\/strong><\/h1>\n<p><span style=\"color: #000000;\">Depuis 2023, tous les spectacles du festival sont \u00e0 prix libre, sauf les ateliers de pratique artistique comme la flashmob et la m\u00e9gabarre qui demeurent gratuits.<\/span>\u00a0<span style=\"color: #ff0000;\"><strong>Lors de chaque repr\u00e9sentation, des b\u00e9n\u00e9voles passeront au c\u0153ur du public avec un chapeau et il vous appartiendra de participer ou pas \u00e0 ce don libre et non obligatoire<\/strong>.<\/span> <span style=\"color: #000000;\">Cette d\u00e9marche a pour objectif unique de nous aider \u00e0 \u00e9quilibrer notre budget en ces ann\u00e9es complexes et ne constitue pas un moyen de payer les artistes qui sont r\u00e9mun\u00e9r\u00e9s sous contrat.<\/span> <a href=\"https:\/\/my.weezevent.com\/festival-cluny-danse?_gl=1*15hya0k*_gcl_au*ODA2NDg0NjcxLjE3MDcxMjY0Mzc.*_ga*MjE5NTQzODM3LjE3MDcxMjY0Mzg.*_ga_39H9VBFX7G*MTcwNzQwNzE1Ny44LjEuMTcwNzQwNzE2MC41Ny4wLjA.\"><strong>Si vous souhaitez soutenir le festival par un don libre, vous pouvez le faire via CETTE PLATEFORME.<\/strong><\/a><\/p>\n<h1><strong><strong>Accessibilit\u00e9 <br \/><\/strong><\/strong><\/h1>\n<p><span style=\"color: #000000;\">Il nous tient \u00e0 c\u0153ur de pouvoir accueillir chaque personne du mieux que nous pouvons. C&rsquo;est pourquoi tout nos spectacles sont accessibles aux personnes \u00e0 mobilit\u00e9s r\u00e9duites et aux personnes en situations de handicaps. Cette ann\u00e9e, le festival met \u00e0 disposition des gilets vibrants sur toute la dur\u00e9e de notre \u00e9v\u00e8nement que vous pouvez demander directement au <strong>point info<\/strong> du festival, situ\u00e9 au Parc Abbatial.\u00a0<\/span><\/p>\n<p><span style=\"color: #000000;\"> Si vous avez des questions, vous pouvez \u00e9galement nous joindre par mail : <strong>coordination@festivalclunydanse.com\u00a0<\/strong><\/span><\/p>\n<h1><strong>Manger et dormir<br \/><\/strong><\/h1>\n<p><strong><a href=\"https:\/\/www.cluny-tourisme.com\/?lang=fr\">Retrouvez ici<\/a> <\/strong>la carte interactive des h\u00e9bergements et de l&rsquo;offre de restauration du Clunisois et r\u00e9pertori\u00e9e par l\u2019office du tourisme. Retrouvez \u00e9galement de nombreuses autres solutions d&rsquo;h\u00e9bergements dans le secteur en vous rendant sur <a href=\"https:\/\/www.gites-de-france.com\/fr\"><strong>G\u00eetes de France<\/strong><\/a>.<\/p>\n<h1><strong>Comment venir \u00e0 Cluny ?<br \/><\/strong><\/h1>\n\n\n<div class=\"wp-block-columns is-layout-flex wp-container-core-columns-is-layout-9d6595d7 wp-block-columns-is-layout-flex\">\n<div class=\"wp-block-column is-layout-flow wp-block-column-is-layout-flow\" style=\"flex-basis:100%\">\n<div class=\"wp-block-group\"><div class=\"wp-block-group__inner-container is-layout-flow wp-block-group-is-layout-flow\">\n<div class=\"wp-block-columns is-layout-flex wp-container-core-columns-is-layout-9d6595d7 wp-block-columns-is-layout-flex\">\n<div class=\"wp-block-column is-layout-flow wp-block-column-is-layout-flow\" style=\"flex-basis:100%\">\n<figure class=\"wp-block-gallery has-nested-images columns-4 is-cropped wp-block-gallery-1 is-layout-flex wp-block-gallery-is-layout-flex\">\n<figure class=\"wp-block-image size-large\"><a href=\"https:\/\/festivalclunydanse.com\/wp-content\/uploads\/2023\/02\/transports_page-0003.jpg\"><img decoding=\"async\" width=\"724\" height=\"1024\" data-id=\"2170\" src=\"https:\/\/festivalclunydanse.com\/wp-content\/uploads\/2023\/02\/transports_page-0003-724x1024.jpg\" alt=\"\" class=\"wp-image-2170\" srcset=\"https:\/\/festivalclunydanse.com\/wp-content\/uploads\/2023\/02\/transports_page-0003-724x1024.jpg 724w, https:\/\/festivalclunydanse.com\/wp-content\/uploads\/2023\/02\/transports_page-0003-212x300.jpg 212w, https:\/\/festivalclunydanse.com\/wp-content\/uploads\/2023\/02\/transports_page-0003-768x1086.jpg 768w, https:\/\/festivalclunydanse.com\/wp-content\/uploads\/2023\/02\/transports_page-0003-1086x1536.jpg 1086w, https:\/\/festivalclunydanse.com\/wp-content\/uploads\/2023\/02\/transports_page-0003.jpg 1241w\" sizes=\"(max-width: 724px) 100vw, 724px\" \/><\/a><\/figure>\n\n\n\n<figure class=\"wp-block-image size-large\"><a href=\"https:\/\/festivalclunydanse.com\/wp-content\/uploads\/2023\/02\/transports_page-0004.jpg\"><img decoding=\"async\" width=\"724\" height=\"1024\" data-id=\"2171\" src=\"https:\/\/festivalclunydanse.com\/wp-content\/uploads\/2023\/02\/transports_page-0004-724x1024.jpg\" alt=\"\" class=\"wp-image-2171\" srcset=\"https:\/\/festivalclunydanse.com\/wp-content\/uploads\/2023\/02\/transports_page-0004-724x1024.jpg 724w, https:\/\/festivalclunydanse.com\/wp-content\/uploads\/2023\/02\/transports_page-0004-212x300.jpg 212w, https:\/\/festivalclunydanse.com\/wp-content\/uploads\/2023\/02\/transports_page-0004-768x1086.jpg 768w, https:\/\/festivalclunydanse.com\/wp-content\/uploads\/2023\/02\/transports_page-0004-1086x1536.jpg 1086w, https:\/\/festivalclunydanse.com\/wp-content\/uploads\/2023\/02\/transports_page-0004.jpg 1241w\" sizes=\"(max-width: 724px) 100vw, 724px\" \/><\/a><\/figure>\n\n\n\n<figure class=\"wp-block-image size-large\"><a href=\"https:\/\/festivalclunydanse.com\/wp-content\/uploads\/2023\/02\/transports_page-0005.jpg\"><img decoding=\"async\" width=\"724\" height=\"1024\" data-id=\"2172\" src=\"https:\/\/festivalclunydanse.com\/wp-content\/uploads\/2023\/02\/transports_page-0005-724x1024.jpg\" alt=\"\" class=\"wp-image-2172\" srcset=\"https:\/\/festivalclunydanse.com\/wp-content\/uploads\/2023\/02\/transports_page-0005-724x1024.jpg 724w, https:\/\/festivalclunydanse.com\/wp-content\/uploads\/2023\/02\/transports_page-0005-212x300.jpg 212w, https:\/\/festivalclunydanse.com\/wp-content\/uploads\/2023\/02\/transports_page-0005-768x1086.jpg 768w, https:\/\/festivalclunydanse.com\/wp-content\/uploads\/2023\/02\/transports_page-0005-1086x1536.jpg 1086w, https:\/\/festivalclunydanse.com\/wp-content\/uploads\/2023\/02\/transports_page-0005.jpg 1241w\" sizes=\"(max-width: 724px) 100vw, 724px\" \/><\/a><\/figure>\n\n\n\n<figure class=\"wp-block-image size-large\"><a href=\"https:\/\/festivalclunydanse.com\/wp-content\/uploads\/2023\/02\/transports_page-0006.jpg\"><img decoding=\"async\" width=\"724\" height=\"1024\" data-id=\"2173\" src=\"https:\/\/festivalclunydanse.com\/wp-content\/uploads\/2023\/02\/transports_page-0006-724x1024.jpg\" alt=\"\" class=\"wp-image-2173\" srcset=\"https:\/\/festivalclunydanse.com\/wp-content\/uploads\/2023\/02\/transports_page-0006-724x1024.jpg 724w, https:\/\/festivalclunydanse.com\/wp-content\/uploads\/2023\/02\/transports_page-0006-212x300.jpg 212w, https:\/\/festivalclunydanse.com\/wp-content\/uploads\/2023\/02\/transports_page-0006-768x1086.jpg 768w, https:\/\/festivalclunydanse.com\/wp-content\/uploads\/2023\/02\/transports_page-0006-1086x1536.jpg 1086w, https:\/\/festivalclunydanse.com\/wp-content\/uploads\/2023\/02\/transports_page-0006.jpg 1241w\" sizes=\"(max-width: 724px) 100vw, 724px\" \/><\/a><\/figure>\n<\/figure>\n<\/div>\n<\/div>\n<\/div><\/div>\n<\/div>\n<\/div>\n\n\n\n<div class=\"wp-block-columns is-layout-flex wp-container-core-columns-is-layout-9d6595d7 wp-block-columns-is-layout-flex\">\n<div class=\"wp-block-column is-layout-flow wp-block-column-is-layout-flow\" style=\"flex-basis:100%\">\n<h1><strong>DEVENIR B\u00c9N\u00c9VOLE ?\u00a0<\/strong><\/h1>\n<p><span style=\"color: #000000;\">Pour \u00eatre b\u00e9n\u00e9vole sur le festival, vous pouvez remplir un formulaire d&rsquo;inscription en <a href=\"https:\/\/docs.google.com\/forms\/d\/e\/1FAIpQLSd3haucb-w7Mt30blLrgGwXCJDABPhGVTyTiNd7NNB9RBspGg\/viewform?usp=share_link&amp;ouid=102712372063285526310\"><span style=\"color: #0000ff;\"><strong>CLIQUANT ICI<\/strong><\/span><\/a><\/span><\/p>\n<\/div>\n<\/div>\n","protected":false},"excerpt":{"rendered":"<p>R\u00e9server une place Tous les spectacles sont en acc\u00e8s libre sauf exception dont l&rsquo;acc\u00e8s n\u00e9cessite une inscription pr\u00e9alable ci-dessous :\u00a0 Vendredi 15 mai \u00e0 19h \/\/Eddy, Cie Point Bart &#8211; Cour du Mus\u00e9e &#8211; spectacle sur r\u00e9servation obligatoire en CLIQUANT<\/p>\n","protected":false},"author":1,"featured_media":0,"parent":0,"menu_order":0,"comment_status":"closed","ping_status":"closed","template":"","meta":{"_exactmetrics_skip_tracking":false,"_exactmetrics_sitenote_active":false,"_exactmetrics_sitenote_note":"","_exactmetrics_sitenote_category":0,"footnotes":""},"class_list":["post-14","page","type-page","status-publish","hentry"],"yoast_head":"<!-- This site is optimized with the Yoast SEO plugin v27.5 - https:\/\/yoast.com\/product\/yoast-seo-wordpress\/ -->\n<title>Infos pratiques : venir, se loger - Festival Cluny Danse<\/title>\n<meta name=\"description\" content=\"Toutes les informations n\u00e9cessaires pour venir au Festival Cluny Danse - r\u00e9server des places, se loger, les trajets...\" \/>\n<meta name=\"robots\" content=\"index, follow, max-snippet:-1, max-image-preview:large, max-video-preview:-1\" \/>\n<link rel=\"canonical\" href=\"https:\/\/festivalclunydanse.com\/?page_id=14\" \/>\n<meta property=\"og:locale\" content=\"fr_FR\" \/>\n<meta property=\"og:type\" content=\"article\" \/>\n<meta property=\"og:title\" content=\"Infos pratiques : venir, se loger - Festival Cluny Danse\" \/>\n<meta property=\"og:description\" content=\"Toutes les informations n\u00e9cessaires pour venir au Festival Cluny Danse - r\u00e9server des places, se loger, les trajets...\" \/>\n<meta property=\"og:url\" content=\"https:\/\/festivalclunydanse.com\/?page_id=14\" \/>\n<meta property=\"og:site_name\" content=\"Festival Cluny Danse\" \/>\n<meta property=\"article:publisher\" content=\"http:\/\/facebook.com\/legrandjete.celle\" \/>\n<meta property=\"article:modified_time\" content=\"2026-04-15T15:02:09+00:00\" \/>\n<meta property=\"og:image\" content=\"https:\/\/festivalclunydanse.com\/wp-content\/uploads\/2023\/02\/transports_page-0003.jpg\" \/>\n\t<meta property=\"og:image:width\" content=\"1241\" \/>\n\t<meta property=\"og:image:height\" content=\"1755\" \/>\n\t<meta property=\"og:image:type\" content=\"image\/jpeg\" \/>\n<meta name=\"twitter:card\" content=\"summary_large_image\" \/>\n<meta name=\"twitter:label1\" content=\"Dur\u00e9e de lecture est.\" \/>\n\t<meta name=\"twitter:data1\" content=\"3 minutes\" \/>\n<script type=\"application\/ld+json\" class=\"yoast-schema-graph\">{\"@context\":\"https:\\\/\\\/schema.org\",\"@graph\":[{\"@type\":\"WebPage\",\"@id\":\"https:\\\/\\\/festivalclunydanse.com\\\/?page_id=14\",\"url\":\"https:\\\/\\\/festivalclunydanse.com\\\/?page_id=14\",\"name\":\"Infos pratiques : venir, se loger - Festival Cluny Danse\",\"isPartOf\":{\"@id\":\"https:\\\/\\\/festivalclunydanse.com\\\/#website\"},\"primaryImageOfPage\":{\"@id\":\"https:\\\/\\\/festivalclunydanse.com\\\/?page_id=14#primaryimage\"},\"image\":{\"@id\":\"https:\\\/\\\/festivalclunydanse.com\\\/?page_id=14#primaryimage\"},\"thumbnailUrl\":\"https:\\\/\\\/festivalclunydanse.com\\\/wp-content\\\/uploads\\\/2023\\\/02\\\/transports_page-0003-724x1024.jpg\",\"datePublished\":\"2017-01-04T15:28:00+00:00\",\"dateModified\":\"2026-04-15T15:02:09+00:00\",\"description\":\"Toutes les informations n\u00e9cessaires pour venir au Festival Cluny Danse - r\u00e9server des places, se loger, les trajets...\",\"breadcrumb\":{\"@id\":\"https:\\\/\\\/festivalclunydanse.com\\\/?page_id=14#breadcrumb\"},\"inLanguage\":\"fr-BE\",\"potentialAction\":[{\"@type\":\"ReadAction\",\"target\":[\"https:\\\/\\\/festivalclunydanse.com\\\/?page_id=14\"]}]},{\"@type\":\"ImageObject\",\"inLanguage\":\"fr-BE\",\"@id\":\"https:\\\/\\\/festivalclunydanse.com\\\/?page_id=14#primaryimage\",\"url\":\"https:\\\/\\\/festivalclunydanse.com\\\/wp-content\\\/uploads\\\/2023\\\/02\\\/transports_page-0003.jpg\",\"contentUrl\":\"https:\\\/\\\/festivalclunydanse.com\\\/wp-content\\\/uploads\\\/2023\\\/02\\\/transports_page-0003.jpg\",\"width\":1241,\"height\":1755},{\"@type\":\"BreadcrumbList\",\"@id\":\"https:\\\/\\\/festivalclunydanse.com\\\/?page_id=14#breadcrumb\",\"itemListElement\":[{\"@type\":\"ListItem\",\"position\":1,\"name\":\"Home\",\"item\":\"https:\\\/\\\/festivalclunydanse.com\\\/\"},{\"@type\":\"ListItem\",\"position\":2,\"name\":\"Infos pratiques\"}]},{\"@type\":\"WebSite\",\"@id\":\"https:\\\/\\\/festivalclunydanse.com\\\/#website\",\"url\":\"https:\\\/\\\/festivalclunydanse.com\\\/\",\"name\":\"Festival Cluny Danse\",\"description\":\"Organisateur : Compagnie Le grand jet\u00e9 ! \",\"potentialAction\":[{\"@type\":\"SearchAction\",\"target\":{\"@type\":\"EntryPoint\",\"urlTemplate\":\"https:\\\/\\\/festivalclunydanse.com\\\/?s={search_term_string}\"},\"query-input\":{\"@type\":\"PropertyValueSpecification\",\"valueRequired\":true,\"valueName\":\"search_term_string\"}}],\"inLanguage\":\"fr-BE\"}]}<\/script>\n<!-- \/ Yoast SEO plugin. -->","yoast_head_json":{"title":"Infos pratiques : venir, se loger - Festival Cluny Danse","description":"Toutes les informations n\u00e9cessaires pour venir au Festival Cluny Danse - r\u00e9server des places, se loger, les trajets...","robots":{"index":"index","follow":"follow","max-snippet":"max-snippet:-1","max-image-preview":"max-image-preview:large","max-video-preview":"max-video-preview:-1"},"canonical":"https:\/\/festivalclunydanse.com\/?page_id=14","og_locale":"fr_FR","og_type":"article","og_title":"Infos pratiques : venir, se loger - Festival Cluny Danse","og_description":"Toutes les informations n\u00e9cessaires pour venir au Festival Cluny Danse - r\u00e9server des places, se loger, les trajets...","og_url":"https:\/\/festivalclunydanse.com\/?page_id=14","og_site_name":"Festival Cluny Danse","article_publisher":"http:\/\/facebook.com\/legrandjete.celle","article_modified_time":"2026-04-15T15:02:09+00:00","og_image":[{"width":1241,"height":1755,"url":"https:\/\/festivalclunydanse.com\/wp-content\/uploads\/2023\/02\/transports_page-0003.jpg","type":"image\/jpeg"}],"twitter_card":"summary_large_image","twitter_misc":{"Dur\u00e9e de lecture est.":"3 minutes"},"schema":{"@context":"https:\/\/schema.org","@graph":[{"@type":"WebPage","@id":"https:\/\/festivalclunydanse.com\/?page_id=14","url":"https:\/\/festivalclunydanse.com\/?page_id=14","name":"Infos pratiques : venir, se loger - Festival Cluny Danse","isPartOf":{"@id":"https:\/\/festivalclunydanse.com\/#website"},"primaryImageOfPage":{"@id":"https:\/\/festivalclunydanse.com\/?page_id=14#primaryimage"},"image":{"@id":"https:\/\/festivalclunydanse.com\/?page_id=14#primaryimage"},"thumbnailUrl":"https:\/\/festivalclunydanse.com\/wp-content\/uploads\/2023\/02\/transports_page-0003-724x1024.jpg","datePublished":"2017-01-04T15:28:00+00:00","dateModified":"2026-04-15T15:02:09+00:00","description":"Toutes les informations n\u00e9cessaires pour venir au Festival Cluny Danse - r\u00e9server des places, se loger, les trajets...","breadcrumb":{"@id":"https:\/\/festivalclunydanse.com\/?page_id=14#breadcrumb"},"inLanguage":"fr-BE","potentialAction":[{"@type":"ReadAction","target":["https:\/\/festivalclunydanse.com\/?page_id=14"]}]},{"@type":"ImageObject","inLanguage":"fr-BE","@id":"https:\/\/festivalclunydanse.com\/?page_id=14#primaryimage","url":"https:\/\/festivalclunydanse.com\/wp-content\/uploads\/2023\/02\/transports_page-0003.jpg","contentUrl":"https:\/\/festivalclunydanse.com\/wp-content\/uploads\/2023\/02\/transports_page-0003.jpg","width":1241,"height":1755},{"@type":"BreadcrumbList","@id":"https:\/\/festivalclunydanse.com\/?page_id=14#breadcrumb","itemListElement":[{"@type":"ListItem","position":1,"name":"Home","item":"https:\/\/festivalclunydanse.com\/"},{"@type":"ListItem","position":2,"name":"Infos pratiques"}]},{"@type":"WebSite","@id":"https:\/\/festivalclunydanse.com\/#website","url":"https:\/\/festivalclunydanse.com\/","name":"Festival Cluny Danse","description":"Organisateur : Compagnie Le grand jet\u00e9 ! ","potentialAction":[{"@type":"SearchAction","target":{"@type":"EntryPoint","urlTemplate":"https:\/\/festivalclunydanse.com\/?s={search_term_string}"},"query-input":{"@type":"PropertyValueSpecification","valueRequired":true,"valueName":"search_term_string"}}],"inLanguage":"fr-BE"}]}},"_links":{"self":[{"href":"https:\/\/festivalclunydanse.com\/index.php?rest_route=\/wp\/v2\/pages\/14","targetHints":{"allow":["GET"]}}],"collection":[{"href":"https:\/\/festivalclunydanse.com\/index.php?rest_route=\/wp\/v2\/pages"}],"about":[{"href":"https:\/\/festivalclunydanse.com\/index.php?rest_route=\/wp\/v2\/types\/page"}],"author":[{"embeddable":true,"href":"https:\/\/festivalclunydanse.com\/index.php?rest_route=\/wp\/v2\/users\/1"}],"replies":[{"embeddable":true,"href":"https:\/\/festivalclunydanse.com\/index.php?rest_route=%2Fwp%2Fv2%2Fcomments&post=14"}],"version-history":[{"count":111,"href":"https:\/\/festivalclunydanse.com\/index.php?rest_route=\/wp\/v2\/pages\/14\/revisions"}],"predecessor-version":[{"id":3943,"href":"https:\/\/festivalclunydanse.com\/index.php?rest_route=\/wp\/v2\/pages\/14\/revisions\/3943"}],"wp:attachment":[{"href":"https:\/\/festivalclunydanse.com\/index.php?rest_route=%2Fwp%2Fv2%2Fmedia&parent=14"}],"curies":[{"name":"wp","href":"https:\/\/api.w.org\/{rel}","templated":true}]}}