{"id":12,"date":"2017-01-04T16:27:26","date_gmt":"2017-01-04T15:27:26","guid":{"rendered":"http:\/\/festivalclunydanse.com\/?page_id=12"},"modified":"2026-02-10T13:49:19","modified_gmt":"2026-02-10T12:49:19","slug":"lequipe","status":"publish","type":"page","link":"https:\/\/festivalclunydanse.com\/?page_id=12","title":{"rendered":"L&rsquo;\u00e9quipe du festival Cluny Danse"},"content":{"rendered":"<p><strong>Annick Boisset<\/strong> | Co-directrice artistique &#8211; contact@festivalclunydanse.com<\/p>\n<p><strong>Fr\u00e9d\u00e9ric Cell\u00e9<\/strong> | Co-directeur artistique \u00a0&#8211; contact@festivalclunydanse.com<\/p>\n<p><strong>M\u00e9lanie Gelin <\/strong>| Coordinatrice &#8211; coordination@festivalclunydanse.com<\/p>\n<p><strong>Maxime Lamur <\/strong>| R\u00e9gisseur g\u00e9n\u00e9ral<\/p>\n<p><strong>Chlo\u00e9 Gilier<\/strong> | Assistante de coordination<\/p>\n<p><strong>Elisa Gourlier<\/strong> | Aide logistique<\/p>\n<p><strong>Juliette Rambaud<\/strong> | Aide logistique<\/p>\n<p><strong>Amr Naiem<\/strong> | Charg\u00e9 de coop\u00e9ration internationale<\/p>\n<p><strong>J\u00e9r\u00e9my Borgeot <\/strong>| R\u00e9gisseur son<\/p>\n<p><strong>Th\u00e9o Rabuel <\/strong>| Technicien son<\/p>\n<p><strong>Alban Guillemot <\/strong>| R\u00e9gisseur son<\/p>\n<p><strong>Guillaume Rogalski <\/strong>| R\u00e9gisseur lumi\u00e8re<\/p>\n<p>Avec la complicit\u00e9 de <strong>Solange Cell\u00e9-Cheloudiakoff et Pauline Maluski<\/strong><\/p>\n<p><strong>Et tous les b\u00e9n\u00e9voles<\/strong> sans qui le festival ne pourrait pas exister !<\/p>\n\n\n<figure class=\"wp-block-gallery has-nested-images columns-default is-cropped wp-block-gallery-1 is-layout-flex wp-block-gallery-is-layout-flex\">\n<figure class=\"wp-block-image size-large\"><img decoding=\"async\" width=\"2560\" height=\"1439\" data-id=\"1710\" src=\"https:\/\/festivalclunydanse.com\/wp-content\/uploads\/2022\/11\/Staff-Public-3-scaled.jpg\" alt=\"\" class=\"wp-image-1710\" srcset=\"https:\/\/festivalclunydanse.com\/wp-content\/uploads\/2022\/11\/Staff-Public-3-scaled.jpg 2560w, https:\/\/festivalclunydanse.com\/wp-content\/uploads\/2022\/11\/Staff-Public-3-300x169.jpg 300w, https:\/\/festivalclunydanse.com\/wp-content\/uploads\/2022\/11\/Staff-Public-3-1024x576.jpg 1024w, https:\/\/festivalclunydanse.com\/wp-content\/uploads\/2022\/11\/Staff-Public-3-768x432.jpg 768w, https:\/\/festivalclunydanse.com\/wp-content\/uploads\/2022\/11\/Staff-Public-3-1536x864.jpg 1536w, https:\/\/festivalclunydanse.com\/wp-content\/uploads\/2022\/11\/Staff-Public-3-2048x1151.jpg 2048w\" sizes=\"(max-width: 2560px) 100vw, 2560px\" \/><\/figure>\n\n\n\n<figure class=\"wp-block-image size-large\"><img decoding=\"async\" width=\"1024\" height=\"683\" data-id=\"3003\" src=\"https:\/\/festivalclunydanse.com\/wp-content\/uploads\/2024\/07\/IMG_8838-1024x683.jpg\" alt=\"\" class=\"wp-image-3003\" srcset=\"https:\/\/festivalclunydanse.com\/wp-content\/uploads\/2024\/07\/IMG_8838-1024x683.jpg 1024w, https:\/\/festivalclunydanse.com\/wp-content\/uploads\/2024\/07\/IMG_8838-300x200.jpg 300w, https:\/\/festivalclunydanse.com\/wp-content\/uploads\/2024\/07\/IMG_8838-768x512.jpg 768w, https:\/\/festivalclunydanse.com\/wp-content\/uploads\/2024\/07\/IMG_8838-1536x1024.jpg 1536w, https:\/\/festivalclunydanse.com\/wp-content\/uploads\/2024\/07\/IMG_8838-2048x1365.jpg 2048w\" sizes=\"(max-width: 1024px) 100vw, 1024px\" \/><\/figure>\n<\/figure>\n\n\n\n<div class=\"wp-block-columns is-layout-flex wp-container-core-columns-is-layout-9d6595d7 wp-block-columns-is-layout-flex\">\n<div class=\"wp-block-column is-layout-flow wp-block-column-is-layout-flow\">\n<figure class=\"wp-block-image size-full is-resized\"><img decoding=\"async\" width=\"1024\" height=\"627\" src=\"https:\/\/festivalclunydanse.com\/wp-content\/uploads\/2026\/01\/31-juil.jpg\" alt=\"\" class=\"wp-image-3303\" style=\"width:1100px;height:auto\" srcset=\"https:\/\/festivalclunydanse.com\/wp-content\/uploads\/2026\/01\/31-juil.jpg 1024w, https:\/\/festivalclunydanse.com\/wp-content\/uploads\/2026\/01\/31-juil-300x184.jpg 300w, https:\/\/festivalclunydanse.com\/wp-content\/uploads\/2026\/01\/31-juil-768x470.jpg 768w\" sizes=\"(max-width: 1024px) 100vw, 1024px\" \/><\/figure>\n<\/div>\n<\/div>\n","protected":false},"excerpt":{"rendered":"<p>Annick Boisset | Co-directrice artistique &#8211; contact@festivalclunydanse.com Fr\u00e9d\u00e9ric Cell\u00e9 | Co-directeur artistique \u00a0&#8211; contact@festivalclunydanse.com M\u00e9lanie Gelin | Coordinatrice &#8211; coordination@festivalclunydanse.com Maxime Lamur | R\u00e9gisseur g\u00e9n\u00e9ral Chlo\u00e9 Gilier | Assistante de coordination Elisa Gourlier | Aide logistique Juliette Rambaud | Aide<\/p>\n","protected":false},"author":1,"featured_media":0,"parent":0,"menu_order":0,"comment_status":"closed","ping_status":"closed","template":"","meta":{"_exactmetrics_skip_tracking":false,"_exactmetrics_sitenote_active":false,"_exactmetrics_sitenote_note":"","_exactmetrics_sitenote_category":0,"footnotes":""},"class_list":["post-12","page","type-page","status-publish","hentry"],"yoast_head":"<!-- This site is optimized with the Yoast SEO plugin v27.5 - https:\/\/yoast.com\/product\/yoast-seo-wordpress\/ -->\n<title>L&#039;\u00e9quipe du festival Cluny Danse - Festival Cluny Danse<\/title>\n<meta name=\"description\" content=\"L&#039;\u00e9quipe du Festival Cluny Danse - Directeurs et programmateurs : Annick Boisset, Fr\u00e9d\u00e9ric Cell\u00e9, Cl\u00e9mence Trinque, b\u00e9n\u00e9voles...\" \/>\n<meta name=\"robots\" content=\"index, follow, max-snippet:-1, max-image-preview:large, max-video-preview:-1\" \/>\n<link rel=\"canonical\" href=\"https:\/\/festivalclunydanse.com\/?page_id=12\" \/>\n<meta property=\"og:locale\" content=\"fr_FR\" \/>\n<meta property=\"og:type\" content=\"article\" \/>\n<meta property=\"og:title\" content=\"L&#039;\u00e9quipe du festival Cluny Danse - Festival Cluny Danse\" \/>\n<meta property=\"og:description\" content=\"L&#039;\u00e9quipe du Festival Cluny Danse - Directeurs et programmateurs : Annick Boisset, Fr\u00e9d\u00e9ric Cell\u00e9, Cl\u00e9mence Trinque, b\u00e9n\u00e9voles...\" \/>\n<meta property=\"og:url\" content=\"https:\/\/festivalclunydanse.com\/?page_id=12\" \/>\n<meta property=\"og:site_name\" content=\"Festival Cluny Danse\" \/>\n<meta property=\"article:publisher\" content=\"http:\/\/facebook.com\/legrandjete.celle\" \/>\n<meta property=\"article:modified_time\" content=\"2026-02-10T12:49:19+00:00\" \/>\n<meta property=\"og:image\" content=\"https:\/\/festivalclunydanse.com\/wp-content\/uploads\/2022\/11\/Staff-Public-3-scaled.jpg\" \/>\n\t<meta property=\"og:image:width\" content=\"2560\" \/>\n\t<meta property=\"og:image:height\" content=\"1439\" \/>\n\t<meta property=\"og:image:type\" content=\"image\/jpeg\" \/>\n<meta name=\"twitter:card\" content=\"summary_large_image\" \/>\n<meta name=\"twitter:label1\" content=\"Dur\u00e9e de lecture est.\" \/>\n\t<meta name=\"twitter:data1\" content=\"2 minutes\" \/>\n<script type=\"application\/ld+json\" class=\"yoast-schema-graph\">{\"@context\":\"https:\\\/\\\/schema.org\",\"@graph\":[{\"@type\":\"WebPage\",\"@id\":\"https:\\\/\\\/festivalclunydanse.com\\\/?page_id=12\",\"url\":\"https:\\\/\\\/festivalclunydanse.com\\\/?page_id=12\",\"name\":\"L'\u00e9quipe du festival Cluny Danse - Festival Cluny Danse\",\"isPartOf\":{\"@id\":\"https:\\\/\\\/festivalclunydanse.com\\\/#website\"},\"primaryImageOfPage\":{\"@id\":\"https:\\\/\\\/festivalclunydanse.com\\\/?page_id=12#primaryimage\"},\"image\":{\"@id\":\"https:\\\/\\\/festivalclunydanse.com\\\/?page_id=12#primaryimage\"},\"thumbnailUrl\":\"https:\\\/\\\/festivalclunydanse.com\\\/wp-content\\\/uploads\\\/2022\\\/11\\\/Staff-Public-3-scaled.jpg\",\"datePublished\":\"2017-01-04T15:27:26+00:00\",\"dateModified\":\"2026-02-10T12:49:19+00:00\",\"description\":\"L'\u00e9quipe du Festival Cluny Danse - Directeurs et programmateurs : Annick Boisset, Fr\u00e9d\u00e9ric Cell\u00e9, Cl\u00e9mence Trinque, b\u00e9n\u00e9voles...\",\"breadcrumb\":{\"@id\":\"https:\\\/\\\/festivalclunydanse.com\\\/?page_id=12#breadcrumb\"},\"inLanguage\":\"fr-BE\",\"potentialAction\":[{\"@type\":\"ReadAction\",\"target\":[\"https:\\\/\\\/festivalclunydanse.com\\\/?page_id=12\"]}]},{\"@type\":\"ImageObject\",\"inLanguage\":\"fr-BE\",\"@id\":\"https:\\\/\\\/festivalclunydanse.com\\\/?page_id=12#primaryimage\",\"url\":\"https:\\\/\\\/festivalclunydanse.com\\\/wp-content\\\/uploads\\\/2022\\\/11\\\/Staff-Public-3-scaled.jpg\",\"contentUrl\":\"https:\\\/\\\/festivalclunydanse.com\\\/wp-content\\\/uploads\\\/2022\\\/11\\\/Staff-Public-3-scaled.jpg\",\"width\":2560,\"height\":1439},{\"@type\":\"BreadcrumbList\",\"@id\":\"https:\\\/\\\/festivalclunydanse.com\\\/?page_id=12#breadcrumb\",\"itemListElement\":[{\"@type\":\"ListItem\",\"position\":1,\"name\":\"Home\",\"item\":\"https:\\\/\\\/festivalclunydanse.com\\\/\"},{\"@type\":\"ListItem\",\"position\":2,\"name\":\"L&rsquo;\u00e9quipe du festival Cluny Danse\"}]},{\"@type\":\"WebSite\",\"@id\":\"https:\\\/\\\/festivalclunydanse.com\\\/#website\",\"url\":\"https:\\\/\\\/festivalclunydanse.com\\\/\",\"name\":\"Festival Cluny Danse\",\"description\":\"Organisateur : Compagnie Le grand jet\u00e9 ! \",\"potentialAction\":[{\"@type\":\"SearchAction\",\"target\":{\"@type\":\"EntryPoint\",\"urlTemplate\":\"https:\\\/\\\/festivalclunydanse.com\\\/?s={search_term_string}\"},\"query-input\":{\"@type\":\"PropertyValueSpecification\",\"valueRequired\":true,\"valueName\":\"search_term_string\"}}],\"inLanguage\":\"fr-BE\"}]}<\/script>\n<!-- \/ Yoast SEO plugin. -->","yoast_head_json":{"title":"L'\u00e9quipe du festival Cluny Danse - Festival Cluny Danse","description":"L'\u00e9quipe du Festival Cluny Danse - Directeurs et programmateurs : Annick Boisset, Fr\u00e9d\u00e9ric Cell\u00e9, Cl\u00e9mence Trinque, b\u00e9n\u00e9voles...","robots":{"index":"index","follow":"follow","max-snippet":"max-snippet:-1","max-image-preview":"max-image-preview:large","max-video-preview":"max-video-preview:-1"},"canonical":"https:\/\/festivalclunydanse.com\/?page_id=12","og_locale":"fr_FR","og_type":"article","og_title":"L'\u00e9quipe du festival Cluny Danse - Festival Cluny Danse","og_description":"L'\u00e9quipe du Festival Cluny Danse - Directeurs et programmateurs : Annick Boisset, Fr\u00e9d\u00e9ric Cell\u00e9, Cl\u00e9mence Trinque, b\u00e9n\u00e9voles...","og_url":"https:\/\/festivalclunydanse.com\/?page_id=12","og_site_name":"Festival Cluny Danse","article_publisher":"http:\/\/facebook.com\/legrandjete.celle","article_modified_time":"2026-02-10T12:49:19+00:00","og_image":[{"width":2560,"height":1439,"url":"https:\/\/festivalclunydanse.com\/wp-content\/uploads\/2022\/11\/Staff-Public-3-scaled.jpg","type":"image\/jpeg"}],"twitter_card":"summary_large_image","twitter_misc":{"Dur\u00e9e de lecture est.":"2 minutes"},"schema":{"@context":"https:\/\/schema.org","@graph":[{"@type":"WebPage","@id":"https:\/\/festivalclunydanse.com\/?page_id=12","url":"https:\/\/festivalclunydanse.com\/?page_id=12","name":"L'\u00e9quipe du festival Cluny Danse - Festival Cluny Danse","isPartOf":{"@id":"https:\/\/festivalclunydanse.com\/#website"},"primaryImageOfPage":{"@id":"https:\/\/festivalclunydanse.com\/?page_id=12#primaryimage"},"image":{"@id":"https:\/\/festivalclunydanse.com\/?page_id=12#primaryimage"},"thumbnailUrl":"https:\/\/festivalclunydanse.com\/wp-content\/uploads\/2022\/11\/Staff-Public-3-scaled.jpg","datePublished":"2017-01-04T15:27:26+00:00","dateModified":"2026-02-10T12:49:19+00:00","description":"L'\u00e9quipe du Festival Cluny Danse - Directeurs et programmateurs : Annick Boisset, Fr\u00e9d\u00e9ric Cell\u00e9, Cl\u00e9mence Trinque, b\u00e9n\u00e9voles...","breadcrumb":{"@id":"https:\/\/festivalclunydanse.com\/?page_id=12#breadcrumb"},"inLanguage":"fr-BE","potentialAction":[{"@type":"ReadAction","target":["https:\/\/festivalclunydanse.com\/?page_id=12"]}]},{"@type":"ImageObject","inLanguage":"fr-BE","@id":"https:\/\/festivalclunydanse.com\/?page_id=12#primaryimage","url":"https:\/\/festivalclunydanse.com\/wp-content\/uploads\/2022\/11\/Staff-Public-3-scaled.jpg","contentUrl":"https:\/\/festivalclunydanse.com\/wp-content\/uploads\/2022\/11\/Staff-Public-3-scaled.jpg","width":2560,"height":1439},{"@type":"BreadcrumbList","@id":"https:\/\/festivalclunydanse.com\/?page_id=12#breadcrumb","itemListElement":[{"@type":"ListItem","position":1,"name":"Home","item":"https:\/\/festivalclunydanse.com\/"},{"@type":"ListItem","position":2,"name":"L&rsquo;\u00e9quipe du festival Cluny Danse"}]},{"@type":"WebSite","@id":"https:\/\/festivalclunydanse.com\/#website","url":"https:\/\/festivalclunydanse.com\/","name":"Festival Cluny Danse","description":"Organisateur : Compagnie Le grand jet\u00e9 ! ","potentialAction":[{"@type":"SearchAction","target":{"@type":"EntryPoint","urlTemplate":"https:\/\/festivalclunydanse.com\/?s={search_term_string}"},"query-input":{"@type":"PropertyValueSpecification","valueRequired":true,"valueName":"search_term_string"}}],"inLanguage":"fr-BE"}]}},"_links":{"self":[{"href":"https:\/\/festivalclunydanse.com\/index.php?rest_route=\/wp\/v2\/pages\/12","targetHints":{"allow":["GET"]}}],"collection":[{"href":"https:\/\/festivalclunydanse.com\/index.php?rest_route=\/wp\/v2\/pages"}],"about":[{"href":"https:\/\/festivalclunydanse.com\/index.php?rest_route=\/wp\/v2\/types\/page"}],"author":[{"embeddable":true,"href":"https:\/\/festivalclunydanse.com\/index.php?rest_route=\/wp\/v2\/users\/1"}],"replies":[{"embeddable":true,"href":"https:\/\/festivalclunydanse.com\/index.php?rest_route=%2Fwp%2Fv2%2Fcomments&post=12"}],"version-history":[{"count":56,"href":"https:\/\/festivalclunydanse.com\/index.php?rest_route=\/wp\/v2\/pages\/12\/revisions"}],"predecessor-version":[{"id":3366,"href":"https:\/\/festivalclunydanse.com\/index.php?rest_route=\/wp\/v2\/pages\/12\/revisions\/3366"}],"wp:attachment":[{"href":"https:\/\/festivalclunydanse.com\/index.php?rest_route=%2Fwp%2Fv2%2Fmedia&parent=12"}],"curies":[{"name":"wp","href":"https:\/\/api.w.org\/{rel}","templated":true}]}}