{"id":1126,"date":"2021-05-26T15:06:17","date_gmt":"2021-05-26T13:06:17","guid":{"rendered":"http:\/\/festivalclunydanse.com\/?page_id=1126"},"modified":"2021-05-26T15:06:18","modified_gmt":"2021-05-26T13:06:18","slug":"ecoresponsabilite","status":"publish","type":"page","link":"https:\/\/festivalclunydanse.com\/?page_id=1126","title":{"rendered":"Ecoresponsabilit\u00e9"},"content":{"rendered":"\n<p>Parce qu\u2019il devient urgent d\u2019agir, parce que le d\u00e9bat autour de l\u2019environnement s\u2019invite partout, parce que le secteur du spectacle vivant doit \u00e9galement s\u2019emparer de cette probl\u00e9matique, nous recherchons et appliquons des solutions concr\u00e8tes sur notre festival. Notre volont\u00e9 est de permettre une coh\u00e9rence entre les discours et les actes.<\/p>\n\n\n\n<p>Le Festival Cluny Danse adopte une d\u00e9marche \u00e9coresponsable afin que son activit\u00e9 puisse se conjuguer avec la protection de l\u2019environnement. Les pr\u00e9occupations personnelles de l\u2019\u00e9quipe se retrouvent dans leurs pratiques professionnelles.<\/p>\n\n\n\n<p>Nous pensons que la culture artistique se doit de questionner son rapport \u00e0 l\u2019environnement et que les valeurs \u00e9coresponsables doivent trouver en l\u2019art un \u00e9cho coh\u00e9rent. Le Festival Cluny Danse est alors en constante \u00e9volution dans cette d\u00e9marche tant les possibilit\u00e9s d\u2019am\u00e9lioration sont exponentielles.<\/p>\n\n\n\n<p>Voici les actions que nous avons mises en place et habitudes adopt\u00e9es&nbsp;:<\/p>\n\n\n\n<ul class=\"wp-block-list\"><li>Pour les transports\u00a0:<ul><li>Privil\u00e9gier le train ou v\u00e9hicule \u00e0 l\u2019avion<\/li><li>Regroupement des trajets et des navettes pour les \u00e9quipes artistiques accueillies<\/li><\/ul><\/li><li>Pour la technique et la sc\u00e9nographie\u00a0:<ul><li>Attention port\u00e9e aux choix des mat\u00e9riaux de sc\u00e9nographies<\/li><li>R\u00e9utilisation et\/ou recyclage des anciens d\u00e9cors de spectacle<\/li><li>Mutualisation du mat\u00e9riel technique<\/li><li>Utilisation d\u2019un v\u00e9lo \u00e9lectrique \u00e0 remorque pour le transport de petit mat\u00e9riel<\/li><\/ul><\/li><li>Pour la communication\u00a0:<ul><li>Utilisation de typographies \u00e9coresponsable pour les documents destin\u00e9es \u00e0 l\u2019impression et abandon des aplats de couleur<\/li><li>Utilisation raisonn\u00e9e des impressions papier<\/li><li>Limitation de l\u2019envoi de mails avec pi\u00e8ce jointe<\/li><li>Nettoyage r\u00e9gulier des boites mails<\/li><li>Tendre vers l\u2019\u00e9co-conception de nos sites internet<\/li><li>Privil\u00e9gier le papier recyclable et les encres v\u00e9g\u00e9tales<\/li><li>Remplacement des badges et tickets par un tampon sur la main<\/li><\/ul><\/li><li>Pour la consommation\u00a0:<ul><li>Encourager l\u2019utilisation de gourdes et par la suite proposer des gourdes consign\u00e9es aux compagnies et au public avec des points d\u2019eau pour les remplir<\/li><li>Priorisation des circuits courts et appel \u00e0 des producteurs\/traiteurs locaux<\/li><li>Consommation d\u2019aliments de saison<\/li><li>Tri s\u00e9lectif des d\u00e9chets et mise en place d\u2019un compost<\/li><\/ul><\/li><\/ul>\n\n\n\n<p>Nous sommes signataire de la Charte Not\u2019Pom port\u00e9 par un groupement de compagnies de Bourgogne Franche-Comt\u00e9.<\/p>\n","protected":false},"excerpt":{"rendered":"<p>Parce qu\u2019il devient urgent d\u2019agir, parce que le d\u00e9bat autour de l\u2019environnement s\u2019invite partout, parce que le secteur du spectacle vivant doit \u00e9galement s\u2019emparer de cette probl\u00e9matique, nous recherchons et appliquons des solutions concr\u00e8tes sur notre festival. Notre volont\u00e9 est<\/p>\n","protected":false},"author":1,"featured_media":0,"parent":0,"menu_order":0,"comment_status":"closed","ping_status":"closed","template":"","meta":{"_exactmetrics_skip_tracking":false,"_exactmetrics_sitenote_active":false,"_exactmetrics_sitenote_note":"","_exactmetrics_sitenote_category":0,"footnotes":""},"class_list":["post-1126","page","type-page","status-publish","hentry"],"yoast_head":"<!-- This site is optimized with the Yoast SEO plugin v27.5 - https:\/\/yoast.com\/product\/yoast-seo-wordpress\/ -->\n<title>Ecoresponsabilit\u00e9 - Festival Cluny Danse<\/title>\n<meta name=\"robots\" content=\"index, follow, max-snippet:-1, max-image-preview:large, max-video-preview:-1\" \/>\n<link rel=\"canonical\" href=\"https:\/\/festivalclunydanse.com\/?page_id=1126\" \/>\n<meta property=\"og:locale\" content=\"fr_FR\" \/>\n<meta property=\"og:type\" content=\"article\" \/>\n<meta property=\"og:title\" content=\"Ecoresponsabilit\u00e9 - Festival Cluny Danse\" \/>\n<meta property=\"og:description\" content=\"Parce qu\u2019il devient urgent d\u2019agir, parce que le d\u00e9bat autour de l\u2019environnement s\u2019invite partout, parce que le secteur du spectacle vivant doit \u00e9galement s\u2019emparer de cette probl\u00e9matique, nous recherchons et appliquons des solutions concr\u00e8tes sur notre festival. Notre volont\u00e9 est\" \/>\n<meta property=\"og:url\" content=\"https:\/\/festivalclunydanse.com\/?page_id=1126\" \/>\n<meta property=\"og:site_name\" content=\"Festival Cluny Danse\" \/>\n<meta property=\"article:publisher\" content=\"http:\/\/facebook.com\/legrandjete.celle\" \/>\n<meta property=\"article:modified_time\" content=\"2021-05-26T13:06:18+00:00\" \/>\n<meta name=\"twitter:card\" content=\"summary_large_image\" \/>\n<meta name=\"twitter:label1\" content=\"Dur\u00e9e de lecture est.\" \/>\n\t<meta name=\"twitter:data1\" content=\"2 minutes\" \/>\n<script type=\"application\/ld+json\" class=\"yoast-schema-graph\">{\"@context\":\"https:\\\/\\\/schema.org\",\"@graph\":[{\"@type\":\"WebPage\",\"@id\":\"https:\\\/\\\/festivalclunydanse.com\\\/?page_id=1126\",\"url\":\"https:\\\/\\\/festivalclunydanse.com\\\/?page_id=1126\",\"name\":\"Ecoresponsabilit\u00e9 - Festival Cluny Danse\",\"isPartOf\":{\"@id\":\"https:\\\/\\\/festivalclunydanse.com\\\/#website\"},\"datePublished\":\"2021-05-26T13:06:17+00:00\",\"dateModified\":\"2021-05-26T13:06:18+00:00\",\"breadcrumb\":{\"@id\":\"https:\\\/\\\/festivalclunydanse.com\\\/?page_id=1126#breadcrumb\"},\"inLanguage\":\"fr-BE\",\"potentialAction\":[{\"@type\":\"ReadAction\",\"target\":[\"https:\\\/\\\/festivalclunydanse.com\\\/?page_id=1126\"]}]},{\"@type\":\"BreadcrumbList\",\"@id\":\"https:\\\/\\\/festivalclunydanse.com\\\/?page_id=1126#breadcrumb\",\"itemListElement\":[{\"@type\":\"ListItem\",\"position\":1,\"name\":\"Home\",\"item\":\"https:\\\/\\\/festivalclunydanse.com\\\/\"},{\"@type\":\"ListItem\",\"position\":2,\"name\":\"Ecoresponsabilit\u00e9\"}]},{\"@type\":\"WebSite\",\"@id\":\"https:\\\/\\\/festivalclunydanse.com\\\/#website\",\"url\":\"https:\\\/\\\/festivalclunydanse.com\\\/\",\"name\":\"Festival Cluny Danse\",\"description\":\"Organisateur : Compagnie Le grand jet\u00e9 ! \",\"potentialAction\":[{\"@type\":\"SearchAction\",\"target\":{\"@type\":\"EntryPoint\",\"urlTemplate\":\"https:\\\/\\\/festivalclunydanse.com\\\/?s={search_term_string}\"},\"query-input\":{\"@type\":\"PropertyValueSpecification\",\"valueRequired\":true,\"valueName\":\"search_term_string\"}}],\"inLanguage\":\"fr-BE\"}]}<\/script>\n<!-- \/ Yoast SEO plugin. -->","yoast_head_json":{"title":"Ecoresponsabilit\u00e9 - Festival Cluny Danse","robots":{"index":"index","follow":"follow","max-snippet":"max-snippet:-1","max-image-preview":"max-image-preview:large","max-video-preview":"max-video-preview:-1"},"canonical":"https:\/\/festivalclunydanse.com\/?page_id=1126","og_locale":"fr_FR","og_type":"article","og_title":"Ecoresponsabilit\u00e9 - Festival Cluny Danse","og_description":"Parce qu\u2019il devient urgent d\u2019agir, parce que le d\u00e9bat autour de l\u2019environnement s\u2019invite partout, parce que le secteur du spectacle vivant doit \u00e9galement s\u2019emparer de cette probl\u00e9matique, nous recherchons et appliquons des solutions concr\u00e8tes sur notre festival. Notre volont\u00e9 est","og_url":"https:\/\/festivalclunydanse.com\/?page_id=1126","og_site_name":"Festival Cluny Danse","article_publisher":"http:\/\/facebook.com\/legrandjete.celle","article_modified_time":"2021-05-26T13:06:18+00:00","twitter_card":"summary_large_image","twitter_misc":{"Dur\u00e9e de lecture est.":"2 minutes"},"schema":{"@context":"https:\/\/schema.org","@graph":[{"@type":"WebPage","@id":"https:\/\/festivalclunydanse.com\/?page_id=1126","url":"https:\/\/festivalclunydanse.com\/?page_id=1126","name":"Ecoresponsabilit\u00e9 - Festival Cluny Danse","isPartOf":{"@id":"https:\/\/festivalclunydanse.com\/#website"},"datePublished":"2021-05-26T13:06:17+00:00","dateModified":"2021-05-26T13:06:18+00:00","breadcrumb":{"@id":"https:\/\/festivalclunydanse.com\/?page_id=1126#breadcrumb"},"inLanguage":"fr-BE","potentialAction":[{"@type":"ReadAction","target":["https:\/\/festivalclunydanse.com\/?page_id=1126"]}]},{"@type":"BreadcrumbList","@id":"https:\/\/festivalclunydanse.com\/?page_id=1126#breadcrumb","itemListElement":[{"@type":"ListItem","position":1,"name":"Home","item":"https:\/\/festivalclunydanse.com\/"},{"@type":"ListItem","position":2,"name":"Ecoresponsabilit\u00e9"}]},{"@type":"WebSite","@id":"https:\/\/festivalclunydanse.com\/#website","url":"https:\/\/festivalclunydanse.com\/","name":"Festival Cluny Danse","description":"Organisateur : Compagnie Le grand jet\u00e9 ! ","potentialAction":[{"@type":"SearchAction","target":{"@type":"EntryPoint","urlTemplate":"https:\/\/festivalclunydanse.com\/?s={search_term_string}"},"query-input":{"@type":"PropertyValueSpecification","valueRequired":true,"valueName":"search_term_string"}}],"inLanguage":"fr-BE"}]}},"_links":{"self":[{"href":"https:\/\/festivalclunydanse.com\/index.php?rest_route=\/wp\/v2\/pages\/1126","targetHints":{"allow":["GET"]}}],"collection":[{"href":"https:\/\/festivalclunydanse.com\/index.php?rest_route=\/wp\/v2\/pages"}],"about":[{"href":"https:\/\/festivalclunydanse.com\/index.php?rest_route=\/wp\/v2\/types\/page"}],"author":[{"embeddable":true,"href":"https:\/\/festivalclunydanse.com\/index.php?rest_route=\/wp\/v2\/users\/1"}],"replies":[{"embeddable":true,"href":"https:\/\/festivalclunydanse.com\/index.php?rest_route=%2Fwp%2Fv2%2Fcomments&post=1126"}],"version-history":[{"count":1,"href":"https:\/\/festivalclunydanse.com\/index.php?rest_route=\/wp\/v2\/pages\/1126\/revisions"}],"predecessor-version":[{"id":1127,"href":"https:\/\/festivalclunydanse.com\/index.php?rest_route=\/wp\/v2\/pages\/1126\/revisions\/1127"}],"wp:attachment":[{"href":"https:\/\/festivalclunydanse.com\/index.php?rest_route=%2Fwp%2Fv2%2Fmedia&parent=1126"}],"curies":[{"name":"wp","href":"https:\/\/api.w.org\/{rel}","templated":true}]}}